{"id":982,"date":"2021-11-09T10:21:42","date_gmt":"2021-11-09T09:21:42","guid":{"rendered":"https:\/\/le-lodge.fr\/conseil\/?page_id=982"},"modified":"2024-01-03T15:40:09","modified_gmt":"2024-01-03T14:40:09","slug":"trouver-noms","status":"publish","type":"page","link":"https:\/\/le-lodge.fr\/conseil\/salle-reunion\/amenager\/trouver-noms\/","title":{"rendered":"Salles de r\u00e9union : quelles appellations originales leur donner ?"},"content":{"rendered":"<p><span style=\"font-size: 18pt;\">Votre soci\u00e9t\u00e9 dispose de plusieurs <strong>salles de r\u00e9union<\/strong> et vous ne vous en sortez plus pour les distinguer\u00a0? Cet article a \u00e9t\u00e9 cr\u00e9\u00e9 pour vous aider \u00e0 <strong>d\u00e9nicher le nom id\u00e9al<\/strong> de chacune d\u2019elles en fonction de vos souhaits. Vous ne savez pas <a href=\"https:\/\/le-lodge.fr\/conseil\/salle-reunion\/amenager\/\">comment am\u00e9nager vos salles de r\u00e9union<\/a> pour construire un vrai espace de bien-\u00eatre au travail ? Si cela vous int\u00e9resse n\u2019h\u00e9sitez pas \u00e0 lire nos conseils qui vous permettront de r\u00e9aliser des \u00e9v\u00e9nements professionnels \u00e0 votre image !<\/span><\/p>\n\n<div class=\"su-youtube su-u-responsive-media-yes\"><iframe loading=\"lazy\" width=\"600\" height=\"400\" src=\"https:\/\/www.youtube.com\/embed\/NTp4gE1FUBo?\" frameborder=\"0\" allowfullscreen allow=\"autoplay; encrypted-media; picture-in-picture\" title=\"\"><\/iframe><\/div>\n<h2>Pourquoi attribuer un nom \u00e0 votre salle de r\u00e9union\u00a0?<\/h2>\n<p>Vous vous demandez peut-\u00eatre pourquoi attribuer des noms \u00e0 vos salles de r\u00e9union\u00a0? Il existe plusieurs raisons mais les plus \u00e9videntes sont de permettre \u00e0 vos collaborateurs et aux personnes externes de <strong>se rep\u00e9rer facilement<\/strong> et d\u2019\u00eatre capable d\u2019identifier chacune d\u2019elles. Si vous disposez de plusieurs salles de r\u00e9union au sein de votre enseigne et qu\u2019aucune d\u2019entre elles ne porte de nom, il est encore temps d\u2019y rem\u00e9dier en choisissant des d\u00e9nominations qui permettront de <strong>les identifier facilement<\/strong> et d\u2019<strong>insuffler une nouvelle dynamique<\/strong>. Vous n\u2019\u00eates pas inspir\u00e9 ? Pas de panique, d\u00e9couvrez nos diff\u00e9rents conseils pour trouver les noms parfaits qui correspondront \u00e0 votre entreprise et qui pourront accueillir comme il se doit vos \u00e9quipes et vos clients.<\/p>\n<h2>Impliquer vos collaborateurs<\/h2>\n<p>Votre premi\u00e8re mission avant de partir \u00e0 la qu\u00eate du nom parfait sera de vous<strong> rapprocher de vos collaborateurs<\/strong>. Vous pourrez mettre en place une r\u00e9union, un jeu ou encore une bo\u00eete \u00e0 id\u00e9es \u00e0 disposition pour qu\u2019ils puissent participer et <strong>apporter leur pierre \u00e0 l\u2019\u00e9difice<\/strong>. Ainsi, un vote pourra \u00e9galement se faire pour<strong> s\u00e9lectionner les meilleurs noms<\/strong> et cr\u00e9er un v\u00e9ritable sentiment d\u2019appartenance \u00e0 la soci\u00e9t\u00e9 qui se ressentira lors des prochaines r\u00e9unions dans ces salles.<\/p>\n<p><img loading=\"lazy\" decoding=\"async\" class=\"size-full wp-image-993 aligncenter\" src=\"https:\/\/le-lodge.fr\/conseil\/wp-content\/uploads\/2021\/10\/impliquer-collaborateurs.jpg\" alt=\"Lodge - impliquer les collaborateurs pour le nom des salles\" width=\"700\" height=\"466\"><\/p>\n<h2>Quel nom choisir\u00a0?<\/h2>\n<p>Vous \u00eates \u00e0 l\u2019\u00e9tape du choix, <strong>quel nom sera parfait pour telle salle<\/strong> ? Un exercice pas toujours \u00e9vident qui mettra peut-\u00eatre votre r\u00e9flexion ainsi que votre cr\u00e9ativit\u00e9 \u00e0 rude \u00e9preuve. En g\u00e9n\u00e9ral, le nom des salles de r\u00e9union est<strong> li\u00e9 \u00e0 un d\u00e9tail<\/strong> qui se trouve dans celle-ci (la couleur d\u2019une porte, d\u2019un mur, sa taille etc.), cependant ce n\u2019est pas forc\u00e9ment identifiable pour des personnes qui ne sont jamais venues et peut-\u00eatre avez-vous envie de sortir du cadre classique en donnant des noms plus originaux \u00e0 vos pi\u00e8ces ? <strong>Pourquoi ne pas chercher au-del\u00e0<\/strong> ? D\u00e9couvrez ci-dessous nos id\u00e9es pour vous aider \u00e0 d\u00e9nicher les noms de vos salles.<\/p>\n<h2>En fonction de la taille ou de l\u2019emplacement<\/h2>\n<p>Vous n\u2019\u00eates pas forc\u00e9ment inspir\u00e9\u00a0? Vous disposez d\u2019un timing tr\u00e8s court pour choisir des noms\u00a0? Cela peut arriver, vous pourrez distinguer vos salles de r\u00e9union en fonction de <strong>leur taille<\/strong>. Des noms simples mais qui restent tout de m\u00eame efficaces comme <strong>\u00ab\u00a0la grande salle\u00a0\u00bb<\/strong> ou <strong>\u00ab\u00a0la petite salle\u00a0\u00bb<\/strong>. Si les salles n\u2019ont pas une grande diff\u00e9rence de taille vous pourrez aussi les distinguer de par <strong>leur emplacement<\/strong>, <strong>\u00ab la salle du bas \u00bb<\/strong>, <strong>\u00ab la salle du haut \u00bb<\/strong> etc. Certes, les noms ne sont pas tr\u00e8s originaux cependant l\u2019information est claire et permet de s\u2019y rendre facilement.<\/p>\n<p><img loading=\"lazy\" decoding=\"async\" class=\"size-full wp-image-992 aligncenter\" src=\"https:\/\/le-lodge.fr\/conseil\/wp-content\/uploads\/2021\/10\/petite-salle.jpg\" alt=\"Lodge - importance des tailles des salles de r\u00e9union\" width=\"700\" height=\"467\"><\/p>\n<h2>En fonction de votre secteur d\u2019activit\u00e9<\/h2>\n<p>Vous \u00eates une industrie sp\u00e9cialis\u00e9e dans un domaine sp\u00e9cifique\u00a0? Pourquoi ne pas leur attribuer <strong>une appellation en lien avec votre secteur d\u2019activit\u00e9\u00a0<\/strong>? Vous \u00eates une industrie qui produit des briques de structures et chacune d\u2019entre elles \u00e0 une signature sp\u00e9cifique ? N\u2019h\u00e9sitez pas \u00e0 les utiliser pour vos salles et ainsi <strong>mettre en avant vos cr\u00e9ations<\/strong>. Toutes les id\u00e9es sont int\u00e9ressantes alors n\u2019h\u00e9sitez pas \u00e0 chercher des noms en rapport avec votre m\u00e9tier pour <strong>impliquer vos collaborateurs<\/strong> et renforcer votre image d\u2019entreprise.<\/p>\n<h2>Attribuer des noms de couleurs<\/h2>\n<p>Et si vous optiez pour<strong> une couleur<\/strong> ? Vous ne savez peut-\u00eatre pas que chacune d\u2019elles <strong>incarne une \u00e9motion sp\u00e9cifique<\/strong> et peut vous aider \u00e0 vous concentrer lors de points importants. Vous pourrez ainsi leur attribuer des noms de couleurs tels que <strong>\u00ab la salle orange \u00bb<\/strong> pour faire <strong>appel \u00e0 la cr\u00e9ativit\u00e9<\/strong> ou<strong> \u00ab la salle verte \u00bb<\/strong> pour<strong> un bureau consacr\u00e9 au bien-\u00eatre<\/strong>. Pour plus de visibilit\u00e9 vous pourrez peindre les portes des salles ainsi qu\u2019un mur avec cette couleur pour qu\u2019elles puissent pr\u00e9senter tout leur potentiel.<\/p>\n<h2>Attribuer des noms de pays<\/h2>\n<p>Vous souhaitez vous distinguer et trouver des noms plus originaux sans lien direct avec votre enseigne ? C\u2019est tout \u00e0 fait possible, il existe une multitude de possibilit\u00e9s et nous allons tenter de vous \u00e9clairer avec nos diff\u00e9rentes s\u00e9lections. Pour lancer une nouvelle dynamique et inspirer vos \u00e9quipes, vous pourrez chercher <strong>des noms plus d\u00e9paysants li\u00e9s au voyage<\/strong>. Vous disposez de cinq salles de r\u00e9union et ne savez pas comment les nommer\u00a0? Prenez une carte du monde et choisissez 5 pays qui pourront porter les futures appellations de vos espaces de travail. Une v\u00e9ritable invitation au voyage, <strong>imaginez-vous venir \u00e0 8h pour faire un point au Br\u00e9sil\u00a0<\/strong>?<\/p>\n<h2>Attribuer des noms de personnes c\u00e9l\u00e8bres<\/h2>\n<p>Les noms de pays ne vous inspirent pas\u00a0? Vous pourrez plut\u00f4t choisir <strong>des noms de personnes c\u00e9l\u00e8bres<\/strong> (militant, acteur, \u00e9crivain etc.) qui vous inspirent pour<strong> insuffler une vision dynamique \u00e0 chaque salle<\/strong>. Les c\u00e9l\u00e9brit\u00e9s peuvent apporter une nouvelle \u00e9nergie \u00e0 vos \u00e9quipes ainsi qu\u2019aux pi\u00e8ces en question pour rendre vos projets plus vivants et efficaces. Vous imaginez-vous d\u00e9velopper de nouvelles id\u00e9es pour votre entreprise dans la salle portant le nom de Simone Veil ?<\/p>\n<h2>Laissez place \u00e0 votre originalit\u00e9<\/h2>\n<p>Aucune de nos propositions ne vous inspire vraiment ou ne correspond \u00e0 vos id\u00e9es\u00a0? N\u2019h\u00e9sitez pas \u00e0 <strong>\u00eatre original<\/strong>, \u00e0 d\u00e9nicher vos propres noms <strong>en fonction de vos id\u00e9ologies<\/strong>. Vous avez une passion sp\u00e9cifique qui peut \u00eatre partag\u00e9e par vos collaborateurs ? Une passion pour l\u2019art, la musique ou encore le sport ? Vous trouverez parmi toutes vos r\u00e9flexions les d\u00e9nominations parfaites pour vos espaces de travail, un nom original pour un espace atypique.<\/p>\n<p style=\"text-align: center; font-size: 18pt;\"><b>Vous souhaitez louer une salle de r\u00e9union adapt\u00e9e \u00e0 vos besoins ? Contactez le Lodge, votre centre d\u2019affaires \u00e0 Strasbourg !<\/b><\/p>\n<p style=\"text-align: center;\">Location de salles de r\u00e9union et bureaux avec ou sans domiciliation et espaces de r\u00e9ception.<\/p>\n<p style=\"text-align: center;\"><div class=\"su-button-center\"><span data-atc=\"aHR0cHM6Ly93d3cubGUtbG9kZ2UuZnIvY29udGFjdGV6LW5vdXMv\" class=\"su-button su-button-style-flat atc pop\" style=\" cursor: pointer; color:#FFFFFF;background-color:#FF503D;border-color:;0px;\" target=\"_blank\" rel=\"noopener noreferrer\">\r\n\t\r\n\t\r\n\t<span style=\";padding:8px 26px;font-size:20px;line-height:30px;border-color:;border-radius:0px;-moz-border-radius:0px;-webkit-border-radius:0px;text-shadow:none;-moz-text-shadow:none;-webkit-text-shadow:none;background-color: #FF503D; color:#FFFFFF !important\"> <i class=\"sui sui-pencil-square-o\" style=\"\" aria-label=\"\"><\/i>Envoyer ma demande <\/span>\r\n\r\n<\/span><\/div>\n<p>\u00a0<\/p>\n<p><img loading=\"lazy\" decoding=\"async\" class=\"size-full wp-image-991 aligncenter\" src=\"https:\/\/le-lodge.fr\/conseil\/wp-content\/uploads\/2021\/10\/salle-bien-e%CC%82tre.jpg\" alt=\"Lodge - Une salle de r\u00e9union adapt\u00e9e au bien \u00eatre des collaborateurs\" width=\"700\" height=\"467\"><\/p>\n<h2><span style=\"color: #FF503D;\">L\u2019essentiel \u00e0 retenir <\/span><\/h2>\n<div class=\"su-list\" style=\"margin-left:10px\">\n<ol>\n<li><i class=\"sui sui-star\" style=\"color:#FF503D\"><\/i> Nous esp\u00e9rons que cet article a pu vous aiguiller dans le choix du nom de vos salles de r\u00e9union.<\/li>\n<li><i class=\"sui sui-star\" style=\"color:#FF503D\"><\/i> Votre objectif sera de trouver <strong>des d\u00e9nominations<\/strong> qui pourront \u00eatre <strong>facilement identifiables<\/strong> et qui offriront <strong>des espaces de bien-\u00eatre<\/strong> pour travailler de mani\u00e8re productive. Comment faire ?<\/li>\n<li><i class=\"sui sui-star\" style=\"color:#FF503D\"><\/i> <strong>Impliquez au maximum vos coll\u00e8gues<\/strong> pour qu\u2019ils se sentent investis et que ce soit un v\u00e9ritable plaisir de cr\u00e9er de nouvelles strat\u00e9gies dans ces lieux.<\/li>\n<li><i class=\"sui sui-star\" style=\"color:#FF503D\"><\/i> N\u2019oubliez pas que le nom ne suffira pas \u00e0 faire la diff\u00e9rence, votre salle devra \u00eatre \u00e9quip\u00e9e d\u2019un mat\u00e9riel adapt\u00e9 (paperboard, \u00e9cran, d\u00e9coration attrayante, tableaux etc.) pour que vous puissiez travailler efficacement.<\/li>\n<\/ol>\n<\/div>\n<\/p><p>Et vous, pour quels noms avez-vous opt\u00e9 ?<\/p>\n<div class=\"su-spacer\" style=\"height:100px\"><\/div><br>\n<div class=\"su-heading su-heading-style-line-orange su-heading-align-center\" id=\"\" style=\"font-size:16px;margin-bottom:0px\"><div class=\"su-heading-inner\">\n<h5><span class=\"su-highlight\" style=\"background:#FF503D;color:#ffffff\">&nbsp;<span style=\"font-weight: 400;\">Ces articles devraient aussi vous int\u00e9resser<\/span>&nbsp;<\/span><\/h5>\n<\/div><\/div><br>\n<div class=\"su-spacer\" style=\"height:50px\"><\/div><br>\n<ul class=\"cs-samelevel-posts\">\n\t\t\t<li><a href=\"https:\/\/le-lodge.fr\/conseil\/salle-reunion\/amenager\/choix-chaises\/\"> Salle de r\u00e9union : quels fauteuils privil\u00e9gier pour le bien-\u00eatre des participants ?<\/a><\/li>\n\t\t\t<li><a href=\"https:\/\/le-lodge.fr\/conseil\/salle-reunion\/amenager\/equipements\/\"> Salle de r\u00e9union : les \u00e9quipements indispensables \u00e0 vous procurer !<\/a><\/li>\n\t\t\t<li><a href=\"https:\/\/le-lodge.fr\/conseil\/salle-reunion\/amenager\/couleur\/\"> Salle de r\u00e9union : Quels coloris privil\u00e9gier ?<\/a><\/li>\n\t\t\t<li><a href=\"https:\/\/le-lodge.fr\/conseil\/salle-reunion\/amenager\/surface-minimum\/\"> Surface d'une salle de r\u00e9union : comment la d\u00e9terminer ?<\/a><\/li>\n\t\t\t<li><a href=\"https:\/\/le-lodge.fr\/conseil\/salle-reunion\/amenager\/insonorisation\/\"> Conseils et astuces pour insonoriser efficacement une salle de r\u00e9union<\/a><\/li>\n\t\t\t<li><a href=\"https:\/\/le-lodge.fr\/conseil\/salle-reunion\/amenager\/ecran\/\"> \u00c9cran de salle de r\u00e9union : les crit\u00e8res \u00e0 prendre en compte pour choisir le bon !<\/a><\/li>\n\t\t\t<li><a href=\"https:\/\/le-lodge.fr\/conseil\/salle-reunion\/amenager\/choisir-mobilier\/\"> Nos conseils pour bien choisir son mobilier afin d\u2019am\u00e9nager une salle de r\u00e9union<\/a><\/li>\n\t<\/ul>\n\n\n","protected":false},"excerpt":{"rendered":"<p>Votre soci\u00e9t\u00e9 dispose de plusieurs salles de r\u00e9union et vous ne vous en sortez plus pour les distinguer\u00a0? Cet article a \u00e9t\u00e9 cr\u00e9\u00e9 pour vous aider \u00e0 d\u00e9nicher le nom id\u00e9al de chacune d\u2019elles en fonction de vos souhaits. Vous ne savez pas comment am\u00e9nager vos salles de r\u00e9union pour construire un vrai espace de [&hellip;]<\/p>\n","protected":false},"author":3,"featured_media":990,"parent":926,"menu_order":4,"comment_status":"closed","ping_status":"closed","template":"","meta":{"_seopress_robots_primary_cat":"","_seopress_titles_title":"Quels noms donner \u00e0 ses salles de r\u00e9union ?","_seopress_titles_desc":"Trouver une salle peut \u00eatre compliqu\u00e9 lorsque l&#039;on est dans une grande entreprise. C&#039;est pourquoi, il est important de les nommer. D\u00e9couvrez nos conseils !","_seopress_robots_index":"","footnotes":""},"_links":{"self":[{"href":"https:\/\/le-lodge.fr\/conseil\/wp-json\/wp\/v2\/pages\/982"}],"collection":[{"href":"https:\/\/le-lodge.fr\/conseil\/wp-json\/wp\/v2\/pages"}],"about":[{"href":"https:\/\/le-lodge.fr\/conseil\/wp-json\/wp\/v2\/types\/page"}],"author":[{"embeddable":true,"href":"https:\/\/le-lodge.fr\/conseil\/wp-json\/wp\/v2\/users\/3"}],"replies":[{"embeddable":true,"href":"https:\/\/le-lodge.fr\/conseil\/wp-json\/wp\/v2\/comments?post=982"}],"version-history":[{"count":12,"href":"https:\/\/le-lodge.fr\/conseil\/wp-json\/wp\/v2\/pages\/982\/revisions"}],"predecessor-version":[{"id":3300,"href":"https:\/\/le-lodge.fr\/conseil\/wp-json\/wp\/v2\/pages\/982\/revisions\/3300"}],"up":[{"embeddable":true,"href":"https:\/\/le-lodge.fr\/conseil\/wp-json\/wp\/v2\/pages\/926"}],"wp:featuredmedia":[{"embeddable":true,"href":"https:\/\/le-lodge.fr\/conseil\/wp-json\/wp\/v2\/media\/990"}],"wp:attachment":[{"href":"https:\/\/le-lodge.fr\/conseil\/wp-json\/wp\/v2\/media?parent=982"}],"curies":[{"name":"wp","href":"https:\/\/api.w.org\/{rel}","templated":true}]}}