{"id":972,"date":"2021-11-09T10:19:13","date_gmt":"2021-11-09T09:19:13","guid":{"rendered":"https:\/\/le-lodge.fr\/conseil\/?page_id=972"},"modified":"2022-03-18T11:36:58","modified_gmt":"2022-03-18T10:36:58","slug":"surface-minimum","status":"publish","type":"page","link":"https:\/\/le-lodge.fr\/conseil\/salle-reunion\/amenager\/surface-minimum\/","title":{"rendered":"Surface d&rsquo;une salle de r\u00e9union : comment la d\u00e9terminer ?"},"content":{"rendered":"<p><span style=\"font-size: 18pt;\">Vous souhaitez cr\u00e9er une <strong>salle de r\u00e9union<\/strong> mais ne savez pas quelle taille celle-ci doit avoir ? D\u00e9couvrez dans cet article nos conseils pour r\u00e9aliser ou trouver l\u2019espace de travail <strong>en fonction de vos besoins<\/strong>. Vous ne savez pas <a href=\"https:\/\/le-lodge.fr\/conseil\/salle-reunion\/amenager\/\">comment vous pourrez am\u00e9nager votre salle de r\u00e9union<\/a> ? Si cela vous int\u00e9resse n\u2019h\u00e9sitez pas \u00e0 lire nos conseils ! Vous \u00eates sur le point de passer le cap de cr\u00e9er une nouvelle salle de r\u00e9union dans votre \u00e9tablissement o\u00f9 vous souhaitez louer l\u2019une d\u2019entre elles mais vous ne savez pas si celle-ci peut vous <strong>accueillir dans les r\u00e8gles<\/strong> ? Il n\u2019est pas \u00e9vident de d\u00e9terminer<strong> la surface id\u00e9ale et adapt\u00e9e<\/strong> pour accueillir vos rendez-vous professionnels, c\u2019est pourquoi nous sommes l\u00e0 pour vous aider \u00e0 trouver votre <strong>espace de travail<\/strong> correspondant \u00e0 vos besoins. Il est important que vous puissiez vous y sentir \u00e0 l\u2019aise, que vous ayez de l\u2019espace pour circuler et que le lieu soit adapt\u00e9 au nombre de personnes que vous allez accueillir. D\u00e9couvrez ci-dessous les \u00e9l\u00e9ments qui sont \u00e0 prendre en compte pour qu\u2019une salle de r\u00e9union puisse <strong>recevoir tous vos collaborateurs en toute s\u00e9r\u00e9nit\u00e9<\/strong>.<\/span><\/p>\n\n<div class=\"su-youtube su-u-responsive-media-yes\"><iframe loading=\"lazy\" width=\"600\" height=\"400\" src=\"https:\/\/www.youtube.com\/embed\/7vtp_cToGGs?\" frameborder=\"0\" allowfullscreen allow=\"autoplay; encrypted-media; picture-in-picture\" title=\"\"><\/iframe><\/div>\n<h2>Vous devez prendre en compte le bien-\u00eatre des salari\u00e9s ainsi que les aspects r\u00e9glementaires<\/h2>\n<p>Vous cherchez une salle qui peut accueillir vos collaborateurs ou vos clients\u00a0? Pour cela il vous faut d\u00e9finir le <strong>nombre exact de participants<\/strong> en amont et ainsi<strong> trouver la salle qui pourra vous recevoir<\/strong>. En fonction du nombre de personnes la salle sera plus ou moins grande, cependant vous devez savoir que celle-ci doit disposer obligatoirement de <strong>3m2<\/strong> <strong>par personne minimum<\/strong>. Pourquoi ? Cela permet \u00e0 chaque personne de circuler et de travailler sans difficult\u00e9 en gardant son espace personnel.<\/p>\n<h2>Vous devez choisir votre salle en fonction de vos objectifs<\/h2>\n<p>Vous souhaitez faire des r\u00e9unions occasionnelles avec tous vos collaborateurs ou recevoir quelques fois certains clients VIP ? Vous \u00eates sur le point de r\u00e9aliser un s\u00e9minaire, une r\u00e9union mensuelle, un \u00e9v\u00e9nement professionnel sp\u00e9cifique ou une rencontre avec un nouveau client ? <strong>En fonction de la situation, la salle et sa configuration \u00e9volueront<\/strong>. Vous souhaitez louer une salle en U, en format classe ou encore th\u00e9\u00e2tre ? En fonction de votre choix les capacit\u00e9s d\u2019accueil changeront. Pour cela, vous devez d\u2019abord prendre en consid\u00e9ration <strong>vos besoins<\/strong> et lorsqu\u2019ils seront d\u00e9finis vous lancer dans la qu\u00eate de votre salle de r\u00e9union id\u00e9ale. Si vous avez de la difficult\u00e9 \u00e0 savoir ce que vous souhaitez comme espace, retrouvez-vous avec vos collaborateurs pour <strong>faire un brainstorming<\/strong> et \u00e9changer sur l\u2019image de l\u2019entreprise.<\/p>\n<p><img loading=\"lazy\" decoding=\"async\" class=\"size-full wp-image-979 aligncenter\" src=\"https:\/\/le-lodge.fr\/conseil\/wp-content\/uploads\/2021\/10\/travail-collaboratif.jpg\" alt=\"Lodge - brainstorming dans une salle de r\u00e9union \" width=\"700\" height=\"368\"><\/p>\n<p>Cette solution vous permettra de <strong>d\u00e9finir l\u2019espace de travail correspondant \u00e0 vos attentes et vos valeurs<\/strong>.<\/p>\n<h2>D\u00e9couvrez les salles de r\u00e9union du Lodge<\/h2>\n<p>Vous ne nous connaissez peut-\u00eatre pas encore ? L\u2019espace <strong>Le Lodge<\/strong> situ\u00e9 \u00e0 Strasbourg dispose de <strong>salles de r\u00e9union et de bureaux<\/strong> pour accueillir des professionnels et leur permettre de travailler dans de bonnes conditions dans<strong> un espace agr\u00e9able et \u00e9quip\u00e9 d\u2019outils de qualit\u00e9<\/strong>. Il vous offre \u00e9galement un espace de d\u00e9tente ainsi qu\u2019une grande terrasse pour prendre l\u2019air lors de vos pauses, <strong>un lieu id\u00e9al<\/strong> o\u00f9 vous pourrez travailler ainsi que vous ressourcer. C\u2019est \u00e9galement un lieu de travail parfait pour d\u00e9nicher de nouvelles id\u00e9es et strat\u00e9gies pour votre entreprise. N\u2019h\u00e9sitez pas \u00e0 nous contacter si vous avez des questions, nous serons ravis de vous aider !<\/p>\n<p style=\"text-align: center; font-size: 18pt;\"><b>Vous souhaitez louer une salle de r\u00e9union adapt\u00e9e \u00e0 vos besoins ? Contactez le Lodge, votre centre d\u2019affaires \u00e0 Strasbourg !<\/b><\/p>\n<p style=\"text-align: center;\">Location de salles de r\u00e9union et bureaux avec ou sans domiciliation et espaces de r\u00e9ception.<\/p>\n<p style=\"text-align: center;\"><div class=\"su-button-center\"><span data-atc=\"aHR0cHM6Ly93d3cubGUtbG9kZ2UuZnIvY29udGFjdGV6LW5vdXMv\" class=\"su-button su-button-style-flat atc pop\" style=\" cursor: pointer; color:#FFFFFF;background-color:#FF503D;border-color:;0px;\" target=\"_blank\" rel=\"noopener noreferrer\">\r\n\t\r\n\t\r\n\t<span style=\";padding:8px 26px;font-size:20px;line-height:30px;border-color:;border-radius:0px;-moz-border-radius:0px;-webkit-border-radius:0px;text-shadow:none;-moz-text-shadow:none;-webkit-text-shadow:none;background-color: #FF503D; color:#FFFFFF !important\"> <i class=\"sui sui-pencil-square-o\" style=\"\" aria-label=\"\"><\/i>Envoyer ma demande <\/span>\r\n\r\n<\/span><\/div>\n<p>\u00a0<\/p>\n<p><img loading=\"lazy\" decoding=\"async\" class=\"size-full wp-image-978 aligncenter\" src=\"https:\/\/le-lodge.fr\/conseil\/wp-content\/uploads\/2021\/10\/salle-surface.jpg\" alt=\"Lodge - salle de r\u00e9union avec une surface r\u00e9glement\u00e9e\" width=\"700\" height=\"386\"><\/p>\n<h2><span style=\"color: #FF503D;\">L\u2019essentiel \u00e0 retenir<\/span><\/h2>\n<div class=\"su-list\" style=\"margin-left:10px\">\n<ol>\n<li><i class=\"sui sui-star\" style=\"color:#FF503D\"><\/i> Vous devrez toujours avoir en t\u00eate votre objectif principal\u00a0: <strong>le bien-\u00eatre au travail<\/strong>.<\/li>\n<li><i class=\"sui sui-star\" style=\"color:#FF503D\"><\/i> En effet, la salle choisie doit offrir de l\u2019espace et du confort \u00e0 chaque participant pour qu\u2019il puisse travailler en toute s\u00e9r\u00e9nit\u00e9.<\/li>\n<li><i class=\"sui sui-star\" style=\"color:#FF503D\"><\/i> <strong>La surface de la salle d\u00e9pendra du nombre de personnes que vous souhaitez accueillir dans la pi\u00e8ce<\/strong>. Plus vous serez nombreux, plus l\u2019espace devra \u00eatre grand pour que chacun puisse profiter d&rsquo;une place ad\u00e9quate correspondant \u00e0 ses besoins.<\/li>\n<\/ol>\n<\/div>\n<\/p><div class=\"su-spacer\" style=\"height:100px\"><\/div><br>\n<div class=\"su-heading su-heading-style-line-blue su-heading-align-center\" id=\"\" style=\"font-size:16px;margin-bottom:0px\"><div class=\"su-heading-inner\">\n<h5><span class=\"su-highlight\" style=\"background:#FF503D;color:#ffffff\">&nbsp;<span style=\"font-weight: 400;\">Ces articles devraient aussi vous int\u00e9resser<\/span>&nbsp;<\/span><\/h5>\n<\/div><\/div><br>\n<div class=\"su-spacer\" style=\"height:50px\"><\/div><br>\n<ul class=\"cs-samelevel-posts\">\n\t\t\t<li><a href=\"https:\/\/le-lodge.fr\/conseil\/salle-reunion\/amenager\/choix-chaises\/\"> Salle de r\u00e9union : quels fauteuils privil\u00e9gier pour le bien-\u00eatre des participants ?<\/a><\/li>\n\t\t\t<li><a href=\"https:\/\/le-lodge.fr\/conseil\/salle-reunion\/amenager\/equipements\/\"> Salle de r\u00e9union : les \u00e9quipements indispensables \u00e0 vous procurer !<\/a><\/li>\n\t\t\t<li><a href=\"https:\/\/le-lodge.fr\/conseil\/salle-reunion\/amenager\/couleur\/\"> Salle de r\u00e9union : Quels coloris privil\u00e9gier ?<\/a><\/li>\n\t\t\t<li><a href=\"https:\/\/le-lodge.fr\/conseil\/salle-reunion\/amenager\/trouver-noms\/\"> Salles de r\u00e9union : quelles appellations originales leur donner ?<\/a><\/li>\n\t\t\t<li><a href=\"https:\/\/le-lodge.fr\/conseil\/salle-reunion\/amenager\/insonorisation\/\"> Conseils et astuces pour insonoriser efficacement une salle de r\u00e9union<\/a><\/li>\n\t\t\t<li><a href=\"https:\/\/le-lodge.fr\/conseil\/salle-reunion\/amenager\/ecran\/\"> \u00c9cran de salle de r\u00e9union : les crit\u00e8res \u00e0 prendre en compte pour choisir le bon !<\/a><\/li>\n\t\t\t<li><a href=\"https:\/\/le-lodge.fr\/conseil\/salle-reunion\/amenager\/choisir-mobilier\/\"> Nos conseils pour bien choisir son mobilier afin d\u2019am\u00e9nager une salle de r\u00e9union<\/a><\/li>\n\t<\/ul>\n\n\n","protected":false},"excerpt":{"rendered":"<p>Vous souhaitez cr\u00e9er une salle de r\u00e9union mais ne savez pas quelle taille celle-ci doit avoir ? D\u00e9couvrez dans cet article nos conseils pour r\u00e9aliser ou trouver l\u2019espace de travail en fonction de vos besoins. Vous ne savez pas comment vous pourrez am\u00e9nager votre salle de r\u00e9union ? Si cela vous int\u00e9resse n\u2019h\u00e9sitez pas \u00e0 [&hellip;]<\/p>\n","protected":false},"author":3,"featured_media":973,"parent":926,"menu_order":3,"comment_status":"closed","ping_status":"closed","template":"","meta":{"_seopress_robots_primary_cat":"","_seopress_titles_title":"Quelle est la surface minimum d&#039;une salle de r\u00e9union ?","_seopress_titles_desc":"Vous souhaitez cr\u00e9er une salle de r\u00e9union mais ne savez pas quelle taille celle-ci doit avoir ? La r\u00e9ponse \u00e0 toutes vos questions dans cet article !","_seopress_robots_index":"","footnotes":""},"_links":{"self":[{"href":"https:\/\/le-lodge.fr\/conseil\/wp-json\/wp\/v2\/pages\/972"}],"collection":[{"href":"https:\/\/le-lodge.fr\/conseil\/wp-json\/wp\/v2\/pages"}],"about":[{"href":"https:\/\/le-lodge.fr\/conseil\/wp-json\/wp\/v2\/types\/page"}],"author":[{"embeddable":true,"href":"https:\/\/le-lodge.fr\/conseil\/wp-json\/wp\/v2\/users\/3"}],"replies":[{"embeddable":true,"href":"https:\/\/le-lodge.fr\/conseil\/wp-json\/wp\/v2\/comments?post=972"}],"version-history":[{"count":10,"href":"https:\/\/le-lodge.fr\/conseil\/wp-json\/wp\/v2\/pages\/972\/revisions"}],"predecessor-version":[{"id":1057,"href":"https:\/\/le-lodge.fr\/conseil\/wp-json\/wp\/v2\/pages\/972\/revisions\/1057"}],"up":[{"embeddable":true,"href":"https:\/\/le-lodge.fr\/conseil\/wp-json\/wp\/v2\/pages\/926"}],"wp:featuredmedia":[{"embeddable":true,"href":"https:\/\/le-lodge.fr\/conseil\/wp-json\/wp\/v2\/media\/973"}],"wp:attachment":[{"href":"https:\/\/le-lodge.fr\/conseil\/wp-json\/wp\/v2\/media?parent=972"}],"curies":[{"name":"wp","href":"https:\/\/api.w.org\/{rel}","templated":true}]}}