{"id":945,"date":"2021-11-09T10:17:37","date_gmt":"2021-11-09T09:17:37","guid":{"rendered":"https:\/\/le-lodge.fr\/conseil\/?page_id=945"},"modified":"2022-03-18T11:35:50","modified_gmt":"2022-03-18T10:35:50","slug":"couleur","status":"publish","type":"page","link":"https:\/\/le-lodge.fr\/conseil\/salle-reunion\/amenager\/couleur\/","title":{"rendered":"Salle de r\u00e9union : Quels coloris privil\u00e9gier ?"},"content":{"rendered":"<p><span style=\"font-size: 18pt;\">Vous \u00eates sur le point de cr\u00e9er votre propre salle de r\u00e9union ou de la restaurer ? D\u00e9couvrez <strong>les couleurs b\u00e9n\u00e9fiques<\/strong> pour disposer d\u2019<strong>un espace agr\u00e9able et efficient<\/strong>. Vous ne savez pas comment <a href=\"https:\/\/le-lodge.fr\/conseil\/salle-reunion\/amenager\/\">am\u00e9nager votre salle de r\u00e9union<\/a>\u00a0? Nous avons r\u00e9alis\u00e9 un article \u00e0 ce sujet pour r\u00e9pondre \u00e0 vos questions, d\u00e9couvrez\u00a0nos conseils !<\/span><\/p>\n\n<div class=\"su-youtube su-u-responsive-media-yes\"><iframe loading=\"lazy\" width=\"600\" height=\"400\" src=\"https:\/\/www.youtube.com\/embed\/WXzMhyeXLPo?\" frameborder=\"0\" allowfullscreen allow=\"autoplay; encrypted-media; picture-in-picture\" title=\"\"><\/iframe><\/div>\n<h2>Les couleurs ont une signification au travail<\/h2>\n<p><strong>Les couleurs<\/strong> jouent un<strong> r\u00f4le important dans votre travail<\/strong> sans que vous vous en rendiez compte, votre humeur et votre motivation peuvent \u00eatre influenc\u00e9es par la pi\u00e8ce dans laquelle vous \u00e9tudiez (am\u00e9nagement, couleur, d\u00e9coration etc.). Il y a des couleurs \u00e0 \u00e9viter et \u00e0 privil\u00e9gier pour vous <strong>cr\u00e9er un bel espace de travail<\/strong>. Il existe des couleurs qui peuvent \u00eatre oppressantes dans un bureau ou qui peuvent rendre l\u2019atmosph\u00e8re de la pi\u00e8ce m\u00e9lancolique voire monotone. Les couleurs influencent donc naturellement votre travail,<strong> dans une salle sombre vous n\u2019aurez pas envie d\u2019\u00eatre productif<\/strong> ni dans un espace avec une luminosit\u00e9 trop importante et non naturelle.<br>\n\u00c0 premi\u00e8re vue, vous vous direz sans doute que la couleur n\u2019a pas d\u2019impact sur la pi\u00e8ce, que ce qui compte vraiment c\u2019est l\u2019am\u00e9nagement. Nous comprenons cette remarque cependant laissez-nous vous montrer \u00e0 quel point il est important de <strong>favoriser certains coloris<\/strong> pour vous y sentir bien et surtout <strong>gagner en productivit\u00e9<\/strong> car c\u2019est \u00e0 \u00e7a que sert une salle de r\u00e9union.<\/p>\n<h2>Les significations des diff\u00e9rentes couleurs<\/h2>\n<p>Comme nous avons pu l\u2019\u00e9voquer au-dessus les couleurs ont un v\u00e9ritable sens, elles peuvent <strong>traduire un \u00e9tat d\u2019esprit, un message, une ambiance et repr\u00e9sentent des \u00e9motions<\/strong> (s\u00e9r\u00e9nit\u00e9, efficacit\u00e9, productivit\u00e9 etc.) Il existe des teintes en fonction de vos envies et vos souhaits. Vous souhaitez travailler dans une atmosph\u00e8re apaisante ou augmenter votre cr\u00e9ativit\u00e9 ? D\u00e9couvrez les significations des couleurs pour <strong>cr\u00e9er vos espaces de travail<\/strong>.<br>\n<div class=\"su-list\" style=\"margin-left:10px\">\n<ul>\n<li><i class=\"sui sui-minus\" style=\"color:#FF503D\"><\/i> <strong>Couleurs froides ou pastels (vert, violet, bleu)<\/strong> : celles-ci sont <strong>associ\u00e9es \u00e0 la s\u00e9r\u00e9nit\u00e9<\/strong> et vous apporteront le calme n\u00e9cessaire pour pouvoir vous concentrer. Vous r\u00e9alisez des r\u00e9unions importantes tous les mois et avez besoin de rester focus ? Rien de mieux qu\u2019un mur peint avec des nuances de bleu pour garder le rythme et \u00eatre cr\u00e9atif.<\/li>\n<li><i class=\"sui sui-minus\" style=\"color:#FF503D\"><\/i> <strong>Couleurs chaudes ( magenta, jaune, rouge)<\/strong> : ces couleurs sont stimulantes et permettent d\u2019<strong>augmenter votre cr\u00e9ativit\u00e9<\/strong> ainsi que votre productivit\u00e9. Ce sont des coloris essentiellement vifs qui vous insuffleront l\u2019envie d\u2019aller de l\u2019avant, de vous challenger.<\/li>\n<li><i class=\"sui sui-minus\" style=\"color:#FF503D\"><\/i> <strong>Le bleu<\/strong> : cette couleur dans une salle <strong>appelle \u00e0 la concentration<\/strong>, elle serait id\u00e9ale dans une salle de r\u00e9union notamment lors de moments d\u2019\u00e9changes et de r\u00e9flexion. Le bleu vous stimulera et vous donnera envie de vous d\u00e9passer.<\/li>\n<li><i class=\"sui sui-minus\" style=\"color:#FF503D\"><\/i> <strong>Le rouge<\/strong> : \u00e0 utiliser avec parcimonie, il <strong>repr\u00e9sente le dynamisme<\/strong> et apporte une touche de vivacit\u00e9 dans la pi\u00e8ce et laissera ainsi votre esprit cr\u00e9atif s\u2019exprimer.<\/li>\n<\/ul>\n<\/div><br>\n<img loading=\"lazy\" decoding=\"async\" class=\"size-full wp-image-967 aligncenter\" src=\"https:\/\/le-lodge.fr\/conseil\/wp-content\/uploads\/2021\/10\/salle-rouge-1.jpg\" alt=\"Salle de r\u00e9union couleur rouge \" width=\"700\" height=\"467\"><br>\n<div class=\"su-list\" style=\"margin-left:10px\">\n<ul>\n<li><i class=\"sui sui-minus\" style=\"color:#FF503D\"><\/i> <strong>Le vert<\/strong> : la couleur apaisante par excellence vous permettra de<strong> construire un espace de bien-\u00eatre<\/strong> pour que vos collaborateurs puissent travailler sans encombre.<\/li>\n<\/ul>\n<\/div><br>\nGr\u00e2ce \u00e0 ces teintes gagnez en efficacit\u00e9 lors de vos \u00e9v\u00e9nements importants ! Votre avis nous int\u00e9resse, quelle couleur vous correspond ?<\/p>\n<h2>Elles permettent de d\u00e9limiter des espaces<\/h2>\n<p><strong>La couleur<\/strong> a plusieurs qualit\u00e9s comme nous avons d\u00e9j\u00e0 pu le voir pr\u00e9c\u00e9demment. Celle-ci permet \u00e9galement de jouer un r\u00f4le important dans votre pi\u00e8ce, elle <strong>d\u00e9limite les espaces<\/strong>. Certaines teintes peuvent faire para\u00eetre votre espace plus grand, en ajoutant un mur color\u00e9 la pi\u00e8ce peut para\u00eetre plus grande visuellement lorsque vous y entrez. Vous pourrez jouer sur cet atout pour cr\u00e9er une pi\u00e8ce harmonieuse \u00e0 l\u2019image de votre enseigne.<\/p>\n<h2>Elles cr\u00e9ent un environnement sain<\/h2>\n<p>Maintenant que vous connaissez les significations de certaines couleurs vous pouvez cr\u00e9er votre <strong>espace de travail<\/strong> selon vos besoins sans difficult\u00e9. Vous souhaitez quelle ambiance pour travailler ? Plut\u00f4t relaxante ou \u00e9nergique ? Il n\u2019y a plus qu\u2019\u00e0 sauter le pas. Ainsi, vous pourrez cr\u00e9er un environnement o\u00f9 vos clients et collaborateurs se sentiront \u00e0 l\u2019aise en leur offrant <strong>un espace porteur de nouvelles id\u00e9es<\/strong> et source de projets novateurs. La performance sera pr\u00e9sente si vous choisissez des couleurs qui invitent \u00e0 r\u00e9fl\u00e9chir et se d\u00e9passer.<\/p>\n<p><img loading=\"lazy\" decoding=\"async\" class=\"size-full wp-image-965 aligncenter\" src=\"https:\/\/le-lodge.fr\/conseil\/wp-content\/uploads\/2021\/10\/salle-bleu.jpg\" alt=\"Salle de r\u00e9union couleur bleu \" width=\"700\" height=\"467\"><\/p>\n<h2>Elles repr\u00e9sentent votre culture d\u2019entreprise<\/h2>\n<p>Pour finir, <strong>le choix d\u2019une couleur<\/strong> dans un espace de travail collaboratif est forc\u00e9ment porteur de sens. Cette salle pourra accueillir vos collaborateurs mais \u00e9galement vos clients ainsi rien ne doit \u00eatre laiss\u00e9 au hasard. L\u2019espace cr\u00e9\u00e9 sera directement <strong>associ\u00e9 \u00e0 votre image<\/strong>, vous devrez y penser et pr\u00e9senter un lieu accueillant et agr\u00e9able qui favorise la collaboration.<\/p>\n<h2>Les couleurs oui mais attention<\/h2>\n<p>Cet article a pour but de vous donner des conseils sur les couleurs \u00e0 choisir et vous \u00e9viter certains pi\u00e8ges. Il est important d\u2019avoir une pi\u00e8ce vivante et color\u00e9e cependant il ne faudra pas en abuser et en mettre plusieurs \u00e0 tout prix. Pensez \u00e0 <strong>associer des couleurs compl\u00e9mentaires<\/strong> si vous souhaitez avoir plusieurs teintes dans une pi\u00e8ce et n\u2019oubliez pas le mobilier, celui-ci devra aussi s\u2019harmoniser avec les murs de la salle.<\/p>\n<p style=\"text-align: center; font-size: 18pt;\"><b>Vous souhaitez louer une salle de r\u00e9union adapt\u00e9e \u00e0 vos besoins ? Contactez le Lodge, votre centre d\u2019affaires \u00e0 Strasbourg !<\/b><\/p>\n<p style=\"text-align: center;\">Location de salles de r\u00e9union et bureaux avec ou sans domiciliation et espaces de r\u00e9ception.<\/p>\n<p style=\"text-align: center;\"><div class=\"su-button-center\"><span data-atc=\"aHR0cHM6Ly93d3cubGUtbG9kZ2UuZnIvY29udGFjdGV6LW5vdXMv\" class=\"su-button su-button-style-flat atc pop\" style=\" cursor: pointer; color:#FFFFFF;background-color:#FF503D;border-color:;0px;\" target=\"_blank\" rel=\"noopener noreferrer\">\r\n\t\r\n\t\r\n\t<span style=\";padding:8px 26px;font-size:20px;line-height:30px;border-color:;border-radius:0px;-moz-border-radius:0px;-webkit-border-radius:0px;text-shadow:none;-moz-text-shadow:none;-webkit-text-shadow:none;background-color: #FF503D; color:#FFFFFF !important\"> <i class=\"sui sui-pencil-square-o\" style=\"\" aria-label=\"\"><\/i>Envoyer ma demande <\/span>\r\n\r\n<\/span><\/div>\n<h2><span style=\"color: #FF503D;\">L\u2019essentiel \u00e0 retenir<\/span><\/h2>\n<div class=\"su-list\" style=\"margin-left:10px\">\n<ol>\n<li><i class=\"sui sui-star\" style=\"color:#FF503D\"><\/i> Vous venez de d\u00e9couvrir nos conseils pour obtenir <strong>une salle de r\u00e9union agr\u00e9able<\/strong>, vous savez d\u00e9sormais que <strong>le choix des couleurs<\/strong> <strong>est important<\/strong> et qu\u2019il apportera <strong>une ambiance sp\u00e9cifique \u00e0 la pi\u00e8ce<\/strong>.<\/li>\n<li><i class=\"sui sui-star\" style=\"color:#FF503D\"><\/i>  Vous souhaitez augmenter votre cr\u00e9ativit\u00e9 et travailler sereinement ? Prenez le temps de r\u00e9fl\u00e9chir \u00e0 la couleur qui correspondra parfaitement \u00e0 vos besoins.<\/li>\n<\/ol>\n<\/div>\n<\/p><div class=\"su-spacer\" style=\"height:100px\"><\/div><br>\n<div class=\"su-heading su-heading-style-line-blue su-heading-align-center\" id=\"\" style=\"font-size:16px;margin-bottom:0px\"><div class=\"su-heading-inner\">\n<h5><span class=\"su-highlight\" style=\"background:#FF503D;color:#ffffff\">&nbsp;<span style=\"font-weight: 400;\">Ces articles devraient aussi vous int\u00e9resser<\/span>&nbsp;<\/span><\/h5>\n<\/div><\/div><br>\n<div class=\"su-spacer\" style=\"height:50px\"><\/div><br>\n<ul class=\"cs-samelevel-posts\">\n\t\t\t<li><a href=\"https:\/\/le-lodge.fr\/conseil\/salle-reunion\/amenager\/choix-chaises\/\"> Salle de r\u00e9union : quels fauteuils privil\u00e9gier pour le bien-\u00eatre des participants ?<\/a><\/li>\n\t\t\t<li><a href=\"https:\/\/le-lodge.fr\/conseil\/salle-reunion\/amenager\/equipements\/\"> Salle de r\u00e9union : les \u00e9quipements indispensables \u00e0 vous procurer !<\/a><\/li>\n\t\t\t<li><a href=\"https:\/\/le-lodge.fr\/conseil\/salle-reunion\/amenager\/surface-minimum\/\"> Surface d'une salle de r\u00e9union : comment la d\u00e9terminer ?<\/a><\/li>\n\t\t\t<li><a href=\"https:\/\/le-lodge.fr\/conseil\/salle-reunion\/amenager\/trouver-noms\/\"> Salles de r\u00e9union : quelles appellations originales leur donner ?<\/a><\/li>\n\t\t\t<li><a href=\"https:\/\/le-lodge.fr\/conseil\/salle-reunion\/amenager\/insonorisation\/\"> Conseils et astuces pour insonoriser efficacement une salle de r\u00e9union<\/a><\/li>\n\t\t\t<li><a href=\"https:\/\/le-lodge.fr\/conseil\/salle-reunion\/amenager\/ecran\/\"> \u00c9cran de salle de r\u00e9union : les crit\u00e8res \u00e0 prendre en compte pour choisir le bon !<\/a><\/li>\n\t\t\t<li><a href=\"https:\/\/le-lodge.fr\/conseil\/salle-reunion\/amenager\/choisir-mobilier\/\"> Nos conseils pour bien choisir son mobilier afin d\u2019am\u00e9nager une salle de r\u00e9union<\/a><\/li>\n\t<\/ul>\n\n\n","protected":false},"excerpt":{"rendered":"<p>Vous \u00eates sur le point de cr\u00e9er votre propre salle de r\u00e9union ou de la restaurer ? D\u00e9couvrez les couleurs b\u00e9n\u00e9fiques pour disposer d\u2019un espace agr\u00e9able et efficient. Vous ne savez pas comment am\u00e9nager votre salle de r\u00e9union\u00a0? Nous avons r\u00e9alis\u00e9 un article \u00e0 ce sujet pour r\u00e9pondre \u00e0 vos questions, d\u00e9couvrez\u00a0nos conseils ! Les [&hellip;]<\/p>\n","protected":false},"author":3,"featured_media":964,"parent":926,"menu_order":2,"comment_status":"closed","ping_status":"closed","template":"","meta":{"_seopress_robots_primary_cat":"","_seopress_titles_title":"Quelle couleur faut-il mettre dans une salle de r\u00e9union ?","_seopress_titles_desc":"Les couleurs sont essentielles pour augmenter la productivit\u00e9 ou la cr\u00e9ativit\u00e9 de vos employ\u00e9s et chacune d\u00e9tient sa sp\u00e9cificit\u00e9. Venez les d\u00e9couvrir. ","_seopress_robots_index":"","footnotes":""},"_links":{"self":[{"href":"https:\/\/le-lodge.fr\/conseil\/wp-json\/wp\/v2\/pages\/945"}],"collection":[{"href":"https:\/\/le-lodge.fr\/conseil\/wp-json\/wp\/v2\/pages"}],"about":[{"href":"https:\/\/le-lodge.fr\/conseil\/wp-json\/wp\/v2\/types\/page"}],"author":[{"embeddable":true,"href":"https:\/\/le-lodge.fr\/conseil\/wp-json\/wp\/v2\/users\/3"}],"replies":[{"embeddable":true,"href":"https:\/\/le-lodge.fr\/conseil\/wp-json\/wp\/v2\/comments?post=945"}],"version-history":[{"count":13,"href":"https:\/\/le-lodge.fr\/conseil\/wp-json\/wp\/v2\/pages\/945\/revisions"}],"predecessor-version":[{"id":1734,"href":"https:\/\/le-lodge.fr\/conseil\/wp-json\/wp\/v2\/pages\/945\/revisions\/1734"}],"up":[{"embeddable":true,"href":"https:\/\/le-lodge.fr\/conseil\/wp-json\/wp\/v2\/pages\/926"}],"wp:featuredmedia":[{"embeddable":true,"href":"https:\/\/le-lodge.fr\/conseil\/wp-json\/wp\/v2\/media\/964"}],"wp:attachment":[{"href":"https:\/\/le-lodge.fr\/conseil\/wp-json\/wp\/v2\/media?parent=945"}],"curies":[{"name":"wp","href":"https:\/\/api.w.org\/{rel}","templated":true}]}}