{"id":926,"date":"2021-10-28T10:35:15","date_gmt":"2021-10-28T08:35:15","guid":{"rendered":"https:\/\/le-lodge.fr\/conseil\/?page_id=926"},"modified":"2023-02-01T10:01:59","modified_gmt":"2023-02-01T09:01:59","slug":"amenager","status":"publish","type":"page","link":"https:\/\/le-lodge.fr\/conseil\/salle-reunion\/amenager\/","title":{"rendered":"Salle de r\u00e9union : le guide complet pour bien l\u2019organiser"},"content":{"rendered":"<p><span style=\"font-size: 18pt;\">Vous souhaitez obtenir des conseils pour bien <strong>am\u00e9nager vos salles de r\u00e9union<\/strong> ? D\u00e9couvrez nos astuces ci-dessous pour <strong>cr\u00e9er des espaces agr\u00e9ables, confortables et modulables<\/strong> qui augmenteront votre productivit\u00e9. Vous souhaitez conna\u00eetre tous les secrets d\u2019<a href=\"https:\/\/le-lodge.fr\/conseil\/salle-reunion\/\">une bonne salle de r\u00e9union<\/a> ? D\u00e9couvrez notre article vous pr\u00e9sentant tous les crit\u00e8res n\u00e9cessaires pour r\u00e9aliser une r\u00e9union efficace dans un espace promouvant la cr\u00e9ativit\u00e9 et <strong>la collaboration d\u2019id\u00e9es<\/strong>. Il n\u2019est pas forc\u00e9ment \u00e9vident d\u2019am\u00e9nager une salle de r\u00e9union c\u2019est pourquoi nous sommes l\u00e0 pour vous guider et vous permettre de r\u00e9aliser des rencontres dans des espaces adapt\u00e9s \u00e0 vos besoins. Pour bien am\u00e9nager votre salle, il vous faudra r\u00e9pondre \u00e0 plusieurs questions en amont pour <strong>d\u00e9finir les objectifs<\/strong> de votre espace.<\/span><\/p>\n\n<div class=\"su-youtube su-u-responsive-media-yes\"><iframe loading=\"lazy\" width=\"600\" height=\"400\" src=\"https:\/\/www.youtube.com\/embed\/rPU6_Qyj6Cs?\" frameborder=\"0\" allowfullscreen allow=\"autoplay; encrypted-media; picture-in-picture\" title=\"\"><\/iframe><\/div>\n<h2>Pourquoi souhaitez-vous une salle de r\u00e9union\u00a0? D\u00e9finissez vos besoins<\/h2>\n<p>Dans un premier temps, il vous faut <strong>d\u00e9finir vos besoins et identifier vos objectifs<\/strong>. Avant de penser \u00e0 la salle id\u00e9ale vous devez vous concentrer sur le format de r\u00e9union que vous avez envie de mettre en place. Vous voulez cr\u00e9er un nouvel espace pour r\u00e9aliser des r\u00e9unions formelles, faire des conf\u00e9rences, r\u00e9aliser un brainstorming, des formations, des rencontres avec des clients ou encore des ateliers ? <strong>Vous adapterez votre pi\u00e8ce en fonction du format s\u00e9lectionn\u00e9<\/strong>. Pour une conf\u00e9rence vous pourrez opter pour une grande salle avec une configuration de chaises en th\u00e9\u00e2tre, une estrade et des \u00e9quipements technologiques. Les mots d\u2019ordre de la salle seront : spacieuse, confortable et fonctionnelle. Si vous comptez mettre en place des ateliers pour renforcer les \u00e9changes entre vos collaborateurs vous pourrez choisir une salle plus petite avec une table centrale et des chaises tout autour, la configuration sera diff\u00e9rente car les objectifs ne sont pas les m\u00eames. \u00c0 vous d\u2019<strong>imaginer votre salle par rapport \u00e0 vos objectifs fix\u00e9s<\/strong> au pr\u00e9alable.<\/p>\n<p style=\"text-align: center; font-size: 18pt;\"><b>Vous souhaitez louer une salle de r\u00e9union adapt\u00e9e \u00e0 vos besoins ? Contactez le Lodge, votre centre d\u2019affaires \u00e0 Strasbourg !<\/b><\/p>\n<p style=\"text-align: center;\">Location de salles de r\u00e9union et bureaux avec ou sans domiciliation et espaces de r\u00e9ception.<\/p>\n<p style=\"text-align: center;\"><div class=\"su-button-center\"><span data-atc=\"aHR0cHM6Ly93d3cubGUtbG9kZ2UuZnIvY29udGFjdGV6LW5vdXMv\" class=\"su-button su-button-style-flat atc pop\" style=\" cursor: pointer; color:#FFFFFF;background-color:#FF503D;border-color:;0px;\" target=\"_blank\" rel=\"noopener noreferrer\">\r\n\t\r\n\t\r\n\t<span style=\";padding:8px 26px;font-size:20px;line-height:30px;border-color:;border-radius:0px;-moz-border-radius:0px;-webkit-border-radius:0px;text-shadow:none;-moz-text-shadow:none;-webkit-text-shadow:none;background-color: #FF503D; color:#FFFFFF !important\"> <i class=\"sui sui-pencil-square-o\" style=\"\" aria-label=\"\"><\/i>Envoyer ma demande <\/span>\r\n\r\n<\/span><\/div>\n<h2>Choisir la taille de la pi\u00e8ce en fonction du nombre de participants<\/h2>\n<p>Par la suite, vous devez d\u00e9finir <strong>votre besoin en termes d\u2019espace<\/strong>. Souhaitez-vous une salle de r\u00e9union spacieuse pouvant accueillir tous vos collaborateurs ou une salle plus petite pour faire des points r\u00e9guliers avec certains coll\u00e8gues\u00a0? Votre pi\u00e8ce doit \u00eatre <strong>adapt\u00e9e au nombre de personnes que vous allez inviter<\/strong> \u00e0 l\u2019int\u00e9rieur. Il est possible que vous n\u2019ayez pas le choix quant \u00e0 la surface de la salle, ainsi il vous faudra l\u2019adapter \u00e0 vos objectifs et l\u2019am\u00e9nager de la mani\u00e8re la plus pratique pour vous. Cependant il est n\u00e9cessaire de <strong>respecter l\u2019espace entre les personnes<\/strong> pour pouvoir travailler sans qu\u2019ils se sentent oppress\u00e9s. Vous devrez respecter une certaine distance entre les murs et le mat\u00e9riel, cela vous permettra de <strong>circuler librement<\/strong>. La dimension de la salle reste variable en fonction de l\u2019usage que vous souhaitez en faire. Vous souhaitez conna\u00eetre la <a href=\"https:\/\/le-lodge.fr\/conseil\/salle-reunion\/amenager\/surface-minimum\/\">surface minimum d\u2019une salle de r\u00e9union<\/a>\u00a0? D\u00e9couvrez notre article pour tout savoir !<\/p>\n<p><img loading=\"lazy\" decoding=\"async\" class=\"aligncenter wp-image-931 size-full\" src=\"https:\/\/le-lodge.fr\/conseil\/wp-content\/uploads\/2021\/10\/grande-salle.jpg\" alt=\"Lodge - Grande salle pour accueillir vos collaborateurs\" width=\"700\" height=\"466\"><\/p>\n<h2>Construire un espace modulable<\/h2>\n<p>Si vous avez de l\u2019espace et des id\u00e9es vous pourrez cr\u00e9er <strong>une salle de r\u00e9union modulable<\/strong> gr\u00e2ce \u00e0 des cloisons qui vous permettront de l\u2019am\u00e9nager d\u2019une mani\u00e8re ou d\u2019une autre en fonction de vos besoins. Vous pourrez par exemple <strong>scinder votre espace de travail<\/strong> en deux pour accueillir plusieurs clients ou organiser plusieurs r\u00e9unions et ainsi obtenir plus de mobilit\u00e9 gr\u00e2ce \u00e0 <strong>un agencement efficace<\/strong>.<\/p>\n<h2>Choisir un mobilier flexible sans d\u00e9laisser le confort<\/h2>\n<p>Cette \u00e9tape n\u2019est pas \u00e0 n\u00e9gliger car elle donnera le <em>\u00ab La \u00bb<\/em> \u00e0 vos collaborateurs, plus la salle sera agr\u00e9able plus les personnes souhaiteront s\u2019y r\u00e9unir \u00e0 l\u2019int\u00e9rieur. Votre objectif est d\u2019<strong>allier confort et flexibilit\u00e9<\/strong>. Vous devrez mettre en place un mobilier modulable et si possible facilement transportable pour pouvoir adapter votre pi\u00e8ce en fonction du type de r\u00e9union et du nombre de participants. Il existe des <strong>tables polyvalentes<\/strong> (l\u00e9g\u00e8res, pliantes, \u00e0 roulettes) elles seront faciles \u00e0 d\u00e9placer et pourront \u00e9galement \u00eatre accompagn\u00e9es de <strong>chaises ou fauteuils confortables<\/strong> et ainsi permettre aux participants de s\u2019y sentir bien. Vous ne savez pas <a href=\"https:\/\/le-lodge.fr\/conseil\/salle-reunion\/amenager\/choix-chaises\/\">comment choisir les chaises pour votre salle de r\u00e9union<\/a> ? Nous avons r\u00e9alis\u00e9 un article \u00e0 ce sujet pour vous aider \u00e0 trouver vos fauteuils parfaits.<\/p>\n<p>Si vous optez pour une salle flexible avec un mobilier mobile vous pourrez <strong>acqu\u00e9rir un champ de cr\u00e9ativit\u00e9 encore plus large<\/strong>. Vous pourrez am\u00e9nager l\u2019espace \u00e0 votre guise en fonction de vos rendez-vous, des souhaits et de vos sujets tout en gardant \u00e0 l\u2019esprit que celui-ci doit rester un espace de travail confortable.<\/p>\n<p>N\u2019oubliez pas d\u2019<a href=\"https:\/\/le-lodge.fr\/conseil\/salle-reunion\/amenager\/insonorisation\/\">insonoriser votre pi\u00e8ce<\/a> ! Ce sujet vous int\u00e9resse ? D\u00e9couvrez nos conseils et m\u00e9thodes pour profiter d\u2019un son optimal lors de toutes vos r\u00e9unions.<\/p>\n<p><img loading=\"lazy\" decoding=\"async\" class=\"aligncenter wp-image-932 size-full\" src=\"https:\/\/le-lodge.fr\/conseil\/wp-content\/uploads\/2021\/10\/chaises-confortables-.jpg\" alt=\"Lodge - chaises confortables pour vos r\u00e9unions \" width=\"700\" height=\"467\"><\/p>\n<h2>Un espace \u00e9quip\u00e9 pour laisser libre cours \u00e0 la cr\u00e9ativit\u00e9<\/h2>\n<p>Dans une salle de r\u00e9union, il faut <strong>des \u00e9quipements sp\u00e9cifiques<\/strong> pour pouvoir \u00e9changer, s\u2019exprimer, d\u00e9nicher de nouvelles id\u00e9es ou encore d\u00e9velopper des strat\u00e9gies diff\u00e9renciantes. Vous pourrez vous procurer des tableaux interactifs, des tableaux blancs, cr\u00e9er un mur \u00e0 post-it etc., en fonction de vos m\u00e9thodes de travail, ne vous bridez pas et <strong>laissez libre cours \u00e0 votre imagination<\/strong> pour construire votre environnement de travail cosy et confortable.<\/p>\n<p>N\u2019oubliez pas d\u2019acheter une t\u00e9l\u00e9vision ou un \u00e9cran pour r\u00e9aliser des r\u00e9unions en ligne, projeter des informations, etc. Vous souhaitez obtenir des conseils pour <a href=\"https:\/\/le-lodge.fr\/conseil\/salle-reunion\/amenager\/ecran\/\">choisir votre \u00e9cran<\/a> ? Nos experts vous indiquent tout ce qu\u2019il faut savoir dans un guide d\u00e9taill\u00e9 !<\/p>\n<p>Vous souhaitez en apprendre davantage sur les <a href=\"https:\/\/le-lodge.fr\/conseil\/salle-reunion\/amenager\/equipements\/\">\u00e9quipements n\u00e9cessaires<\/a> \u00e0 acheter pour obtenir une salle de r\u00e9union productive ? Nos experts vous indiquent le mat\u00e9riel \u00e0 ne surtout pas n\u00e9gliger dans cet espace de travail !<\/p>\n<h2>Un d\u00e9cor pour \u00eatre plus productif<\/h2>\n<p>Peut-\u00eatre ne le saviez-vous pas mais<strong> la d\u00e9coration<\/strong> joue <strong>un r\u00f4le important dans chacune de nos pi\u00e8ces<\/strong>, celle-ci permet de nous sentir bien ou non, que ce soit les couleurs ou encore les d\u00e9corations visuelles et mat\u00e9rielles, elles donnent toutes un sens \u00e0 l\u2019espace. Ainsi, il sera n\u00e9cessaire pour vous d\u2019opter pour une d\u00e9coration qui augmentera la productivit\u00e9 et la cr\u00e9ativit\u00e9. Comment faire ? Vous pourrez choisir <strong>des couleurs vives<\/strong> qui appara\u00eetront sur les murs et sur certains objets dans la salle. La teinte jaune vous fera vous sentir bien d\u00e8s votre entr\u00e9e dans la pi\u00e8ce et les couleurs orange\/rouge vous apporteront plus de vivacit\u00e9 et d\u2019\u00e9nergie. Vous disposez de l\u2019embarras du choix pour construire un d\u00e9cor qui offrira \u00e0 vos collaborateurs<strong> un sentiment de bien-\u00eatre<\/strong>. Vous ignorez <a href=\"https:\/\/le-lodge.fr\/conseil\/salle-reunion\/amenager\/couleur\/\">quelle couleur choisir pour vos salles<\/a> ? Notre article vous apportera toutes les informations \u00e0 ce sujet.<\/p>\n<p><img loading=\"lazy\" decoding=\"async\" class=\"aligncenter wp-image-933 size-full\" src=\"https:\/\/le-lodge.fr\/conseil\/wp-content\/uploads\/2021\/10\/salle-rouge.jpg\" alt=\"Lodge - salle de couleur rouge pour plus d'inspiration\" width=\"700\" height=\"525\"><\/p>\n<p>Le d\u00e9cor ne suffira pas \u00e0 construire un espace de travail collaboratif, nous vous conseillons de <strong>d\u00e9finir des noms \u00e0 vos salles<\/strong> pour que vos \u00e9quipes puissent <strong>se rep\u00e9rer facilement<\/strong> et ainsi <strong>ancrer ce lieu dans l\u2019esprit de votre enseigne<\/strong>. Vous manquez d\u2019inspiration ? D\u00e9couvrez notre article\u00a0pour d\u00e9nicher les <a href=\"https:\/\/le-lodge.fr\/conseil\/salle-reunion\/amenager\/trouver-noms\/\">noms de vos espaces de travail<\/a>.<\/p>\n<h2>D\u00e9couvrez le Lodge<\/h2>\n<p>Notre <strong>espace de coworking<\/strong> vous permet de<strong> louer une salle de r\u00e9union<\/strong> entour\u00e9e d\u2019un grand espace vous permettant de <strong>travailler dans le calme et ainsi de gagner en productivit\u00e9<\/strong>. Vous avez besoin d\u2019une petite pause ? Vous pourrez profiter de notre espace de d\u00e9tente ou de notre grande terrasse pour vous ressourcer avant de reprendre votre travail collaboratif. D\u00e9couvrez nos salles de r\u00e9union et nos bureaux professionnels adaptables \u00e0 vos diff\u00e9rents \u00e9v\u00e9nements.<\/p>\n<h2><span style=\"color: #FF503D;\">L\u2019essentiel \u00e0 retenir<\/span><\/h2>\n<div class=\"su-list\" style=\"margin-left:10px\">\n<ol>\n<li><i class=\"sui sui-star\" style=\"color:#FF503D\"><\/i> Vous ne savez pas comment <strong>am\u00e9nager votre salle de r\u00e9union<\/strong> pour qu\u2019elle corresponde \u00e0 vos besoins et que vos collaborateurs s\u2019y sentent bien\u00a0? <strong>Fixez-vous des objectifs<\/strong> et construisez ou trouvez votre salle en fonction de ceux-ci, <strong>les espaces de travail s\u2019organiseront diff\u00e9remment selon vos exigences<\/strong>.<\/li>\n<li><i class=\"sui sui-star\" style=\"color:#FF503D\"><\/i> Votre nouvel espace devra \u00eatre bien agenc\u00e9 et r\u00e9fl\u00e9chi en amont pour que vous puissiez exprimer toute votre cr\u00e9ativit\u00e9 et le potentiel de votre entreprise.<\/li>\n<\/ol>\n<\/div>\n<\/p><div class=\"su-spacer\" style=\"height:100px\"><\/div><br>\n<div class=\"su-heading su-heading-style-line-blue su-heading-align-center\" id=\"\" style=\"font-size:16px;margin-bottom:0px\"><div class=\"su-heading-inner\">\n<h5><span class=\"su-highlight\" style=\"background:#FF503D;color:#ffffff\">&nbsp;<span style=\"font-weight: 400;\">Ces articles devraient aussi vous int\u00e9resser<\/span>&nbsp;<\/span><\/h5>\n<\/div><\/div><br>\n<div class=\"su-spacer\" style=\"height:50px\"><\/div><br>\n<ul class=\"cs-samelevel-posts\">\n\t\t\t<li><a href=\"https:\/\/le-lodge.fr\/conseil\/salle-reunion\/organiser\/\"> R\u00e9union : quels sont les moyens pour la rendre profitable \u00e0 tous ?<\/a><\/li>\n\t\t\t<li><a href=\"https:\/\/le-lodge.fr\/conseil\/salle-reunion\/louer\/\"> Salle de r\u00e9union : quels sont les avantages de la location ?<\/a><\/li>\n\t<\/ul>\n\n\n","protected":false},"excerpt":{"rendered":"<p>Vous souhaitez obtenir des conseils pour bien am\u00e9nager vos salles de r\u00e9union ? D\u00e9couvrez nos astuces ci-dessous pour cr\u00e9er des espaces agr\u00e9ables, confortables et modulables qui augmenteront votre productivit\u00e9. Vous souhaitez conna\u00eetre tous les secrets d\u2019une bonne salle de r\u00e9union ? D\u00e9couvrez notre article vous pr\u00e9sentant tous les crit\u00e8res n\u00e9cessaires pour r\u00e9aliser une r\u00e9union efficace [&hellip;]<\/p>\n","protected":false},"author":3,"featured_media":959,"parent":902,"menu_order":2,"comment_status":"closed","ping_status":"closed","template":"","meta":{"_seopress_robots_primary_cat":"","_seopress_titles_title":"Comment am\u00e9nager une salle de r\u00e9union ?","_seopress_titles_desc":"Vous souhaitez r\u00e9am\u00e9nager votre salle de r\u00e9union mais ne savez pas comment vous y prendre ? On vous explique tout ! D\u00e9cor, espace, mobiliers, \u00e9quipements, etc.","_seopress_robots_index":"","footnotes":""},"_links":{"self":[{"href":"https:\/\/le-lodge.fr\/conseil\/wp-json\/wp\/v2\/pages\/926"}],"collection":[{"href":"https:\/\/le-lodge.fr\/conseil\/wp-json\/wp\/v2\/pages"}],"about":[{"href":"https:\/\/le-lodge.fr\/conseil\/wp-json\/wp\/v2\/types\/page"}],"author":[{"embeddable":true,"href":"https:\/\/le-lodge.fr\/conseil\/wp-json\/wp\/v2\/users\/3"}],"replies":[{"embeddable":true,"href":"https:\/\/le-lodge.fr\/conseil\/wp-json\/wp\/v2\/comments?post=926"}],"version-history":[{"count":16,"href":"https:\/\/le-lodge.fr\/conseil\/wp-json\/wp\/v2\/pages\/926\/revisions"}],"predecessor-version":[{"id":2622,"href":"https:\/\/le-lodge.fr\/conseil\/wp-json\/wp\/v2\/pages\/926\/revisions\/2622"}],"up":[{"embeddable":true,"href":"https:\/\/le-lodge.fr\/conseil\/wp-json\/wp\/v2\/pages\/902"}],"wp:featuredmedia":[{"embeddable":true,"href":"https:\/\/le-lodge.fr\/conseil\/wp-json\/wp\/v2\/media\/959"}],"wp:attachment":[{"href":"https:\/\/le-lodge.fr\/conseil\/wp-json\/wp\/v2\/media?parent=926"}],"curies":[{"name":"wp","href":"https:\/\/api.w.org\/{rel}","templated":true}]}}