{"id":902,"date":"2021-11-09T10:12:38","date_gmt":"2021-11-09T09:12:38","guid":{"rendered":"https:\/\/le-lodge.fr\/conseil\/?page_id=902"},"modified":"2024-03-17T16:13:25","modified_gmt":"2024-03-17T15:13:25","slug":"salle-reunion","status":"publish","type":"page","link":"https:\/\/le-lodge.fr\/conseil\/salle-reunion\/","title":{"rendered":"Le guide ultime de la salle de r\u00e9union efficace et cr\u00e9ative"},"content":{"rendered":"<p><span style=\"font-size: 18pt;\">Vous \u00eates \u00e0 la recherche d\u2019une <a href=\"https:\/\/le-lodge.fr\/offres\/types\/location-salles-reunions-espace-reception-bureaux\/\"><strong>salle de r\u00e9union<\/strong><\/a> pouvant accueillir vos collaborateurs\u00a0? Cet article a pour vocation de vous <a href=\"https:\/\/le-lodge.fr\/conseil\/\">guider<\/a> pour d\u00e9nicher <strong>votre espace de travail parfait<\/strong>. D\u00e9couvrez ci-dessous les crit\u00e8res phares d\u2019une bonne salle de r\u00e9union qui vous permettront d\u2019<strong>\u00eatre plus productif et cr\u00e9atif avec votre \u00e9quipe<\/strong>.<br>\n\u00c7a y est c\u2019est l\u2019heure de votre r\u00e9union de la semaine avec vos collaborateurs et vous souhaitez changer vos habitudes en cherchant une nouvelle salle de r\u00e9union correspondant \u00e0 vos crit\u00e8res et disposant de caract\u00e9ristiques essentielles pour travailler de mani\u00e8re productive. Ces points de rencontre sont importants et vous permettent de lancer ou relancer une dynamique, de revoir vos objectifs ainsi il est primordial pour vous d\u2019acc\u00e9der \u00e0 <strong>un<\/strong> <strong>espace adapt\u00e9<\/strong> \u00e0 vos besoins et \u00e0 ceux de votre \u00e9quipe. La premi\u00e8re \u00e9tape pour r\u00e9aliser une bonne r\u00e9union est de d\u00e9goter la salle parfaite, sur ce point nous pouvons vous aider !<\/span><\/p>\n\n<div class=\"su-youtube su-u-responsive-media-yes\"><iframe loading=\"lazy\" width=\"600\" height=\"400\" src=\"https:\/\/www.youtube.com\/embed\/UErStS08i6U?\" frameborder=\"0\" allowfullscreen allow=\"autoplay; encrypted-media; picture-in-picture\" title=\"\"><\/iframe><\/div>\n<h2>Configuration de l\u2019espace<\/h2>\n<p>Dans un premier temps, la <strong>taille de la salle<\/strong> ainsi que sa configuration sont deux points essentiels pour r\u00e9aliser une r\u00e9union productive et agr\u00e9able. Il existe plusieurs dispositions possibles en fonction de la r\u00e9union que vous souhaitez r\u00e9aliser et du nombre de participants que vous \u00eates, d\u00e9couvrez-les principales ci-dessous\u00a0:<br>\n<div class=\"su-list\" style=\"margin-left:10px\">\n<ul>\n<li><i class=\"sui sui-minus\" style=\"color:#FF503D\"><\/i> <strong>En th\u00e9\u00e2tre<\/strong>\u00a0: il n\u2019y a pas de tables, les chaises sont install\u00e9es par rang\u00e9es les unes \u00e0 c\u00f4t\u00e9 des autres. Vous pourrez choisir cette disposition si vous souhaitez pr\u00e9senter quelque chose de nouveau \u00e0 vos collaborateurs (s\u00e9minaire, lancement d\u2019un produit, team building etc.)<\/li>\n<li><i class=\"sui sui-minus\" style=\"color:#FF503D\"><\/i> <strong>En U<\/strong> : Cette disposition vous permet d\u2019accueillir des r\u00e9unions en petit comit\u00e9 et de pouvoir tout observer dans la salle sans difficult\u00e9, tous les participants peuvent se voir et \u00e9changer<\/li>\n<\/ul>\n<\/div><br>\n<img loading=\"lazy\" decoding=\"async\" class=\"aligncenter wp-image-911 size-full\" src=\"https:\/\/le-lodge.fr\/conseil\/wp-content\/uploads\/2021\/10\/salle-de-reunion-en-U.jpg\" alt=\"Lodge - Salle de r\u00e9union am\u00e9nag\u00e9e en U\" width=\"700\" height=\"466\"><br>\n<div class=\"su-list\" style=\"margin-left:10px\">\n<ul>\n<li><i class=\"sui sui-minus\" style=\"color:#FF503D\"><\/i> <strong>Assis autour de la m\u00eame table<\/strong>\u00a0: cette solution favorise l\u2019\u00e9change et la proximit\u00e9, vous pouvez gr\u00e2ce \u00e0 cette disposition interagir de mani\u00e8re fluide et efficace.<\/li>\n<\/ul>\n<\/div><br>\n\u00c0 noter que la salle ne doit \u00eatre ni trop grande ni trop petite pour que vous puissiez vous y sentir bien et ne pas \u00eatre brid\u00e9 lors de vos \u00e9changes et r\u00e9flexions, <strong>privil\u00e9giez un espace modulable<\/strong>.<\/p>\n<p style=\"text-align: center; font-size: 18pt;\"><b>Vous souhaitez louer une salle de r\u00e9union adapt\u00e9 \u00e0 vos besoins ? Contactez le Lodge, votre centre d\u2019affaires \u00e0 Strasbourg !<\/b><\/p>\n<p style=\"text-align: center;\">Location de salles de r\u00e9union et bureaux avec ou sans domiciliation et espaces de r\u00e9ception.<\/p>\n<p style=\"text-align: center;\"><div class=\"su-button-center\"><span data-atc=\"aHR0cHM6Ly9sZS1sb2RnZS5mci9jb250YWN0ZXotbm91cy8=\" class=\"su-button su-button-style-flat atc pop\" style=\" cursor: pointer; color:#FFFFFF;background-color:#FF503D;border-color:;0px;\" target=\"_blank\" rel=\"noopener noreferrer\">\r\n\t\r\n\t\r\n\t<span style=\";padding:8px 26px;font-size:20px;line-height:30px;border-color:;border-radius:0px;-moz-border-radius:0px;-webkit-border-radius:0px;text-shadow:none;-moz-text-shadow:none;-webkit-text-shadow:none;background-color: #FF503D; color:#FFFFFF !important\"> <i class=\"sui sui-pencil-square-o\" style=\"\" aria-label=\"\"><\/i>Envoyer ma demande <\/span>\r\n\r\n<\/span><\/div>\n<h2>Un mobilier adapt\u00e9<\/h2>\n<p>Avez-vous d\u00e9j\u00e0 eu envie de vous lever car votre fauteuil n\u2019\u00e9tait vraiment pas agr\u00e9able ? Nous vous comprenons et nous sommes conscients qu\u2019il est essentiel pour vous d\u2019avoir acc\u00e8s \u00e0 un <strong>mobilier de qualit\u00e9<\/strong> qui rendra votre journ\u00e9e favorable. Ainsi, dans une salle de r\u00e9union il est important d\u2019avoir<strong> acc\u00e8s \u00e0 des si\u00e8ges ou des chaises confortables<\/strong> pour que vous puissiez <strong>travailler en toute s\u00e9r\u00e9nit\u00e9<\/strong> et sans douleur dans le dos. Il vous faudra \u00e9galement une ou plusieurs tables pour avoir de l\u2019espace pour vous exprimer, partager des documents etc. Il est pr\u00e9f\u00e9rable que le mobilier soit <strong>modulable et facilement transportable<\/strong> pour que vous puissiez am\u00e9nager la pi\u00e8ce selon vos besoins. Vous ignorez comment <a href=\"https:\/\/le-lodge.fr\/conseil\/salle-reunion\/amenager\/\">am\u00e9nager votre salle de r\u00e9union<\/a> ? D\u00e9couvrez notre article qui vous rendra incollable sur le sujet.<\/p>\n<h2>Des \u00e9quipements fonctionnels<\/h2>\n<p>Ce qui fait \u00e9galement une bonne salle de r\u00e9union est sans aucun doute ses <strong>\u00e9quipements technologiques<\/strong> ou non mis \u00e0 disposition. Vous devez r\u00e9aliser un rendez-vous important avec l\u2019un de vos coll\u00e8gues ou un client et avez besoin de mat\u00e9riel pour que tout se d\u00e9roule sans encombre ? Il est indispensable de <strong>disposer d\u2019outils fonctionnels et de qualit\u00e9<\/strong>. Il n\u2019y a rien de plus emb\u00eatant qu\u2019un \u00e9quipement qui ne fonctionne pas correctement. Une bonne salle de r\u00e9union doit comporter un acc\u00e8s au wifi, des prises \u00e9lectriques \u00e0 proximit\u00e9, un \u00e9cran, un vid\u00e9oprojecteur accompagn\u00e9 de son, un micro s\u2019il y a une prise de parole mais aussi d\u2019un tableau blanc pour prendre des notes et r\u00e9aliser des brainstorming. Vous pourrez choisir la v\u00f4tre <strong>en fonction de vos besoins<\/strong> et apporter vos outils indispensables si vous le souhaitez.<\/p>\n<p><img loading=\"lazy\" decoding=\"async\" class=\"aligncenter wp-image-913 size-full\" src=\"https:\/\/le-lodge.fr\/conseil\/wp-content\/uploads\/2021\/10\/salle-e%CC%81quipe%CC%81e.jpg\" alt=\"Lodge - salle de r\u00e9union \u00e9quip\u00e9e d'outils digitaux\" width=\"700\" height=\"394\"><\/p>\n<h2>Avoir acc\u00e8s \u00e0 une lumi\u00e8re naturelle<\/h2>\n<p>Ce point pourrait vous para\u00eetre anodin cependant il est tr\u00e8s important dans votre d\u00e9marche de r\u00e9flexion. Une lumi\u00e8re non naturelle vous fatiguera plus facilement et il est bien plus agr\u00e9able de travailler dans un espace disposant de<strong> plusieurs fen\u00eatres<\/strong> pour laisser entrer <strong>la lumi\u00e8re naturelle<\/strong> sans ab\u00eemer vos yeux face \u00e0 un \u00e9clairage artificiel. \u00a0La lumi\u00e8re du jour vous permettra de cr\u00e9er un <strong>bon environnement de travail<\/strong>.<\/p>\n<h2>Disposer d\u2019un espace de d\u00e9tente<\/h2>\n<p>Il est essentiel que vos collaborateurs et vous puissiez vous d\u00e9tendre et faire des pauses surtout si votre r\u00e9union est intense. L\u2019id\u00e9al pour vous sera de trouver un espace qui vous propose un acc\u00e8s \u00e0 un <strong>lieu de d\u00e9tente<\/strong> (acc\u00e8s \u00e0 des boissons chaudes, un canap\u00e9 ou des fauteuils confortables etc.). Ce point peut faire la diff\u00e9rence et vous permettre d\u2019<strong>augmenter votre productivit\u00e9<\/strong> ! Si en plus cet espace vous offre un ext\u00e9rieur, vous pourrez prendre l\u2019air et profiter peut-\u00eatre du beau temps pour reprendre des forces et de l\u2019\u00e9nergie. Vous vous demandez encore <a href=\"https:\/\/le-lodge.fr\/conseil\/salle-reunion\/louer\/\">pourquoi louer une salle de r\u00e9union<\/a> ? D\u00e9couvrez tous les avantages dans notre nouvel article.<\/p>\n<p><img loading=\"lazy\" decoding=\"async\" class=\"aligncenter wp-image-914 size-full\" src=\"https:\/\/le-lodge.fr\/conseil\/wp-content\/uploads\/2021\/10\/espace-de%CC%81tente.jpg\" alt=\"Lodge - espace de d\u00e9tente pour vous ressourcer\" width=\"700\" height=\"394\"><\/p>\n<h2>Les salles de r\u00e9union du Lodge<\/h2>\n<p>D\u00e9couvrez notre <strong>centre de coworking<\/strong> <strong>situ\u00e9 \u00e0 Strasbourg<\/strong> qui aura \u00e0 c\u0153ur de r\u00e9pondre aux besoins de votre soci\u00e9t\u00e9 que vous soyez seul ou avec vos collaborateurs vous serez les bienvenus. Nous vous proposons <strong>600m2<\/strong> <strong>de services et de bureaux \u00e9quip\u00e9s<\/strong> et si vous souhaitez r\u00e9aliser une r\u00e9union nous pouvons vous proposer plusieurs salles toutes \u00e9quip\u00e9es en fonction de vos crit\u00e8res. De plus, vous pourrez profiter d\u2019une grande terrasse ainsi que d\u2019un espace de d\u00e9tente convivial lors de vos pauses pour vous ressourcer au sein d\u2019un cadre id\u00e9al. Vous souhaitez obtenir plus d\u2019informations ? N\u2019h\u00e9sitez pas \u00e0 nous contacter. Vous vous demandez <a href=\"https:\/\/le-lodge.fr\/conseil\/salle-reunion\/organiser\/\">comment organiser une r\u00e9union de travail efficace<\/a> ? Lisez notre article \u00e0 ce sujet pour r\u00e9aliser des rendez-vous professionnels productifs.<\/p>\n<h2><span style=\"color: #ff503d;\">L\u2019essentiel \u00e0 retenir<\/span><\/h2>\n<div class=\"su-list\" style=\"margin-left:10px\">\n<ol>\n<li><i class=\"sui sui-star\" style=\"color:#FF503D\"><\/i> Vous \u00eates \u00e0 la recherche d\u2019une <strong>salle de r\u00e9union<\/strong> qui pourra vous accueillir et vous permettre de travailler dans de bonnes conditions\u00a0? Vous d\u00e9sirez<strong> louer une salle<\/strong> pour un s\u00e9minaire, une formation ou une r\u00e9union professionnelle\u00a0?<\/li>\n<li><i class=\"sui sui-star\" style=\"color:#FF503D\"><\/i> Prenez le temps de trouver la salle id\u00e9ale <strong>correspondant \u00e0 vos besoins<\/strong> pour que vos r\u00e9unions soient productives et que vous vous sentiez \u00e0 l\u2019aise \u00e0 l\u2019int\u00e9rieur.<\/li>\n<li><i class=\"sui sui-star\" style=\"color:#FF503D\"><\/i> \u00c9tablissez avec votre \u00e9quipe<strong> vos diff\u00e9rents crit\u00e8res<\/strong> et partez \u00e0 la recherche de la salle de r\u00e9union de vos r\u00eaves.<\/li>\n<li><i class=\"sui sui-star\" style=\"color:#FF503D\"><\/i> <strong>Le Lodge<\/strong> reste \u00e0 votre \u00e9coute et esp\u00e8re vous rencontrer bient\u00f4t.<\/li>\n<\/ol>\n<\/div>\n<\/p><div class=\"su-spacer\" style=\"height:100px\"><\/div><br>\n<div class=\"su-heading su-heading-style-line-blue su-heading-align-center\" id=\"\" style=\"font-size:16px;margin-bottom:0px\"><div class=\"su-heading-inner\">\n<h5><span class=\"su-highlight\" style=\"background:#FF503D;color:#ffffff\">&nbsp;<span style=\"font-weight: 400;\">Ces articles devraient aussi vous int\u00e9resser<\/span>&nbsp;<\/span><\/h5>\n<\/div><\/div><br>\n<div class=\"su-spacer\" style=\"height:50px\"><\/div><br>\n<ul class=\"cs-samelevel-posts\">\n\t\t\t<li><a href=\"https:\/\/le-lodge.fr\/conseil\/bien-choisir-centre-affaires-entreprise\/\"> Comment bien choisir un centre d'affaires pour son entreprise ?<\/a><\/li>\n\t\t\t<li><a href=\"https:\/\/le-lodge.fr\/conseil\/choisir-bureau-ideal-travailler-efficacement\/\"> Comment choisir le bureau id\u00e9al pour travailler efficacement ?<\/a><\/li>\n\t\t\t<li><a href=\"https:\/\/le-lodge.fr\/conseil\/centres-affaires-france\/\"> Notre liste des principaux centres d'affaires en France<\/a><\/li>\n\t\t\t<li><a href=\"https:\/\/le-lodge.fr\/conseil\/conditions-travail\/\"> Conditions de travail : qu'est-ce que c'est ? Le guide ultime sur la qualit\u00e9 de vie au travail<\/a><\/li>\n\t\t\t<li><a href=\"https:\/\/le-lodge.fr\/conseil\/zone-franche-urbaine\/\"> Les avantages professionnels d'une Zone Franche Urbaine (ZFU)<\/a><\/li>\n\t\t\t<li><a href=\"https:\/\/le-lodge.fr\/conseil\/entretien-embauche\/\"> Comment bien pr\u00e9parer un entretien d\u2019embauche ?<\/a><\/li>\n\t\t\t<li><a href=\"https:\/\/le-lodge.fr\/conseil\/salle-conference\/\"> Salle de conf\u00e9rence : signification et sp\u00e9cificit\u00e9s<\/a><\/li>\n\t\t\t<li><a href=\"https:\/\/le-lodge.fr\/conseil\/creer-entreprise\/\"> Comment fonder sa bo\u00eete ou sa soci\u00e9t\u00e9 ? Le guide ultime pour tout savoir !<\/a><\/li>\n\t\t\t<li><a href=\"https:\/\/le-lodge.fr\/conseil\/open-space\/\"> Qu'est-ce qu'un Open space?<\/a><\/li>\n\t\t\t<li><a href=\"https:\/\/le-lodge.fr\/conseil\/domiciliation-entreprise\/\"> Domiciliation de soci\u00e9t\u00e9 : qu\u2019est-ce que c\u2019est ? Le guide ultime de la domiciliation des entreprises<\/a><\/li>\n\t<\/ul>\n\n\n","protected":false},"excerpt":{"rendered":"<p>Vous \u00eates \u00e0 la recherche d\u2019une salle de r\u00e9union pouvant accueillir vos collaborateurs\u00a0? Cet article a pour vocation de vous guider pour d\u00e9nicher votre espace de travail parfait. D\u00e9couvrez ci-dessous les crit\u00e8res phares d\u2019une bonne salle de r\u00e9union qui vous permettront d\u2019\u00eatre plus productif et cr\u00e9atif avec votre \u00e9quipe. \u00c7a y est c\u2019est l\u2019heure de [&hellip;]<\/p>\n","protected":false},"author":3,"featured_media":955,"parent":0,"menu_order":9,"comment_status":"closed","ping_status":"closed","template":"","meta":{"_seopress_robots_primary_cat":"","_seopress_titles_title":"Qu&#039;est-ce qu&#039;une bonne salle de r\u00e9union ?","_seopress_titles_desc":"Vous \u00eates \u00e0 la recherche d&#039;une salle de r\u00e9union\u00a0? Nous vous expliquons les 5 caract\u00e9ristiques d&#039;une bonne salle de r\u00e9union : luminosit\u00e9, \u00e9quipements, mobiliers.","_seopress_robots_index":"","footnotes":""},"_links":{"self":[{"href":"https:\/\/le-lodge.fr\/conseil\/wp-json\/wp\/v2\/pages\/902"}],"collection":[{"href":"https:\/\/le-lodge.fr\/conseil\/wp-json\/wp\/v2\/pages"}],"about":[{"href":"https:\/\/le-lodge.fr\/conseil\/wp-json\/wp\/v2\/types\/page"}],"author":[{"embeddable":true,"href":"https:\/\/le-lodge.fr\/conseil\/wp-json\/wp\/v2\/users\/3"}],"replies":[{"embeddable":true,"href":"https:\/\/le-lodge.fr\/conseil\/wp-json\/wp\/v2\/comments?post=902"}],"version-history":[{"count":12,"href":"https:\/\/le-lodge.fr\/conseil\/wp-json\/wp\/v2\/pages\/902\/revisions"}],"predecessor-version":[{"id":3484,"href":"https:\/\/le-lodge.fr\/conseil\/wp-json\/wp\/v2\/pages\/902\/revisions\/3484"}],"wp:featuredmedia":[{"embeddable":true,"href":"https:\/\/le-lodge.fr\/conseil\/wp-json\/wp\/v2\/media\/955"}],"wp:attachment":[{"href":"https:\/\/le-lodge.fr\/conseil\/wp-json\/wp\/v2\/media?parent=902"}],"curies":[{"name":"wp","href":"https:\/\/api.w.org\/{rel}","templated":true}]}}