{"id":3345,"date":"2024-01-17T10:19:21","date_gmt":"2024-01-17T09:19:21","guid":{"rendered":"https:\/\/le-lodge.fr\/conseil\/?page_id=3345"},"modified":"2024-01-17T10:37:35","modified_gmt":"2024-01-17T09:37:35","slug":"centres-affaires-france","status":"publish","type":"page","link":"https:\/\/le-lodge.fr\/conseil\/centres-affaires-france\/","title":{"rendered":"Notre liste des principaux centres d&rsquo;affaires en France"},"content":{"rendered":"<p><span style=\"font-size: 24px;\">La France est r\u00e9put\u00e9e pour \u00eatre un formidable terrain pour les entreprises, et ce gr\u00e2ce \u00e0 ses nombreux centres d\u2019affaires qui offrent des espaces de travail adapt\u00e9s aux besoins des professionnels. Dans cet article, nous vous proposons de d\u00e9couvrir une liste non exhaustive des principaux centres d\u2019affaires en France, afin que vous puissiez choisir celui qui correspond le mieux \u00e0 vos attentes et \u00e0 celles de votre entreprise.<\/span><\/p>\n\n<h2>Paris : la capitale des centres d\u2019affaires<\/h2>\n<p>Il va sans dire que Paris est <strong>l\u2019\u00e9picentre des affaires<\/strong> en France. La Ville Lumi\u00e8re abrite effectivement un grand nombre de centres d\u2019affaires prestigieux, qui mettent \u00e0 disposition des professionnels des espaces de travail modernes et tout \u00e9quip\u00e9s, ainsi qu\u2019une gamme compl\u00e8te de <strong>services et de produits<\/strong>. Voici quelques-uns des centres d\u2019affaires les plus renomm\u00e9s de Paris :<\/p>\n<div class=\"su-list\" style=\"margin-left:10px\">\n<ul>\n<li><i class=\"sui sui-minus\" style=\"color:#FF503D\"><\/i> <strong>Espace Grande Arche<\/strong> : situ\u00e9 dans le quartier de la D\u00e9fense, ce centre d&rsquo;affaires propose des bureaux modernes avec vue panoramique sur la capitale.<\/li>\n<li><i class=\"sui sui-minus\" style=\"color:#FF503D\"><\/i> <strong>Champs-\u00c9lys\u00e9es Business Center<\/strong> : comme son nom l&rsquo;indique, il se trouve directement sur la c\u00e9l\u00e8bre avenue des Champs-\u00c9lys\u00e9es ; un emplacement id\u00e9al pour les entreprises recherchant prestige et visibilit\u00e9.<\/li>\n<li><i class=\"sui sui-minus\" style=\"color:#FF503D\"><\/i> <strong>Centre d&rsquo;Affaires Regus Op\u00e9ra<\/strong> : situ\u00e9 \u00e0 deux pas de l&rsquo;Op\u00e9ra Garnier, il offre des bureaux modulables et enti\u00e8rement \u00e9quip\u00e9s, pouvant accueillir aussi bien les start-ups que les entreprises internationales.<\/li>\n<\/ul>\n<\/div>\n<\/p><p style=\"text-align: center; font-size: 18pt;\"><b>Vous souhaitez faire domicilier votre entreprise ?<br>\nContactez le Lodge, votre centre d\u2019affaires \u00e0 Strasbourg !<\/b><\/p>\n<p style=\"text-align: center;\">Domiciliation et location de salles de r\u00e9union et bureaux avec ou sans domiciliation et espaces de r\u00e9ception.<\/p>\n<p style=\"text-align: center;\"><div class=\"su-button-center\"><span data-atc=\"aHR0cHM6Ly9sZS1sb2RnZS5mci9jb250YWN0ZXotbm91cy8=\" class=\"su-button su-button-style-flat atc pop\" style=\" cursor: pointer; color:#FFFFFF;background-color:#FF503D;border-color:;0px;\" target=\"_blank\" rel=\"noopener noreferrer\">\r\n\t\r\n\t\r\n\t<span style=\";padding:8px 26px;font-size:20px;line-height:30px;border-color:;border-radius:0px;-moz-border-radius:0px;-webkit-border-radius:0px;text-shadow:none;-moz-text-shadow:none;-webkit-text-shadow:none;background-color: #FF503D; color:#FFFFFF !important\"> <i class=\"sui sui-pencil-square-o\" style=\"\" aria-label=\"\"><\/i>Envoyer ma demande <\/span>\r\n\r\n<\/span><\/div>\n<h2>Les grandes villes fran\u00e7aises : des centres d\u2019affaires florissants<\/h2>\n<p>Si Paris est ind\u00e9niablement la premi\u00e8re ville en termes de <strong>centres d\u2019affaires<\/strong>, d\u2019autres grandes agglom\u00e9rations fran\u00e7aises n\u2019en demeurent pas moins pris\u00e9es par les professionnels souhaitant disposer d\u2019un espace de travail adapt\u00e9 et d\u2019un <strong>vaste choix<\/strong> <strong>d\u2019offres<\/strong>. Voici quelques-uns des centres d\u2019affaires les plus populaires dans ces villes :<\/p>\n<h3>Lyon<\/h3>\n<div class=\"su-list\" style=\"margin-left:10px\">\n<ul>\n<li><i class=\"sui sui-minus\" style=\"color:#FF503D\"><\/i> <strong>Espace Gailleton<\/strong> : situ\u00e9 au c\u0153ur de Lyon, ce centre d&rsquo;affaires propose des bureaux \u00e9quip\u00e9s avec tous les services n\u00e9cessaires pour travailler efficacement.<\/li>\n<li><i class=\"sui sui-minus\" style=\"color:#FF503D\"><\/i> <strong>Regus Part-Dieu<\/strong> : implant\u00e9 \u00e0 proximit\u00e9 imm\u00e9diate de la gare TGV, il offre des espaces de travail design et inspirants pour les entreprises de toutes tailles.<\/li>\n<\/ul>\n<\/div>\n<\/p><h3>Marseille<\/h3>\n<div class=\"su-list\" style=\"margin-left:10px\">\n<ul>\n<li><i class=\"sui sui-minus\" style=\"color:#FF503D\"><\/i> <strong>Prado Business Center<\/strong> : situ\u00e9 sur l&rsquo;avenue du Prado, ce centre d&rsquo;affaires propose des espaces professionnels enti\u00e8rement modulables et \u00e9quip\u00e9s pour r\u00e9pondre \u00e0 la demande des entreprises locales.<\/li>\n<li><i class=\"sui sui-minus\" style=\"color:#FF503D\"><\/i> <strong>Regus Euromed Center<\/strong> : cet \u00e9tablissement pr\u00e9sente un large panel d&rsquo;espaces de travail modernes et confortables, aux portes du quartier d&rsquo;affaires Eurom\u00e9diterran\u00e9e.<\/li>\n<\/ul>\n<\/div>\n<\/p><h3>Bordeaux<\/h3>\n<div class=\"su-list\" style=\"margin-left:10px\">\n<ul>\n<li><i class=\"sui sui-minus\" style=\"color:#FF503D\"><\/i> <strong>Centre d&rsquo;Affaires SOS Bureaux Bordeaux Lac<\/strong> : situ\u00e9 aux abords du lac et de la zone d&rsquo;activit\u00e9s de Bordeaux, ce centre offre des bureaux tout \u00e9quip\u00e9s et b\u00e9n\u00e9ficiant d&rsquo;un cadre soign\u00e9 pour s\u00e9duire les professionnels.<\/li>\n<li><i class=\"sui sui-minus\" style=\"color:#FF503D\"><\/i> <strong>Regus Cit\u00e9 Mondiale<\/strong> : implant\u00e9 au c\u0153ur du quartier des Chartrons, cet \u00e9tablissement dispose d&rsquo;espaces de travail modernes et inspirants avec vue sur la Garonne et le Pont Chaban-Delmas.<\/li>\n<\/ul>\n<\/div>\n<\/p><h2>D\u2019autres centres d\u2019affaires en r\u00e9gion<\/h2>\n<p>Les centres d\u2019affaires ne sont pas l\u2019apanage des <strong>grandes villes fran\u00e7aises<\/strong>. En effet, de nombreux \u00e9tablissements offrent des solutions adapt\u00e9es aux besoins des professionnels dans des agglom\u00e9rations plus modestes.<\/p>\n<div class=\"su-list\" style=\"margin-left:10px\">\n<ul>\n<li><i class=\"sui sui-minus\" style=\"color:#FF503D\"><\/i> <strong>Nantes<\/strong> : <strong>NCI Business Center<\/strong> propose des locations de bureaux \u00e9quip\u00e9s \u00e0 proximit\u00e9 imm\u00e9diate des principaux axes routiers et du centre-ville.<\/li>\n<li><i class=\"sui sui-minus\" style=\"color:#FF503D\"><\/i> <strong>Toulouse<\/strong> : le <strong>Centre d&rsquo;Affaires Toulouse Compans<\/strong> est id\u00e9alement situ\u00e9 entre l&rsquo;a\u00e9roport et le centre-ville, et offre une large gamme de services et un parking s\u00e9curis\u00e9.<\/li>\n<li><i class=\"sui sui-minus\" style=\"color:#FF503D\"><\/i> <strong>Nice<\/strong> : le centre d&rsquo;affaires <strong>Regus Arenas<\/strong> propose des espaces de travail enti\u00e8rement \u00e9quip\u00e9s dans un environnement agr\u00e9able et lumineux, juste \u00e0 c\u00f4t\u00e9 de l&rsquo;a\u00e9roport.<\/li>\n<\/ul>\n<\/div>\n<\/p><h2>Comment choisir son centre d\u2019affaires ?<\/h2>\n<p>Face \u00e0 cette multitude de centres d\u2019affaires proposant <strong>leurs propres gammes<\/strong> de produits et d\u2019offres, il peut \u00eatre difficile de <a href=\"https:\/\/le-lodge.fr\/conseil\/bien-choisir-centre-affaires-entreprise\/\">choisir celui qui correspondra le mieux<\/a> \u00e0 votre entreprise et \u00e0 ses sp\u00e9cificit\u00e9s. Pour vous aider dans votre s\u00e9lection, voici quelques <strong>crit\u00e8res essentiels<\/strong> \u00e0 prendre en compte :<\/p>\n<div class=\"su-list\" style=\"margin-left:10px\">\n<ul>\n<li><i class=\"sui sui-minus\" style=\"color:#FF503D\"><\/i> <strong>L&#8217;emplacement<\/strong> : un centre d&rsquo;affaires id\u00e9alement situ\u00e9 vous permettra de toucher une client\u00e8le plus large et offrira une meilleure visibilit\u00e9 \u00e0 votre entreprise.<\/li>\n<li><i class=\"sui sui-minus\" style=\"color:#FF503D\"><\/i> <strong>Les \u00e9quipements<\/strong> : assurez-vous que le centre s\u00e9lectionn\u00e9 dispose des \u00e9quipements n\u00e9cessaires \u00e0 votre activit\u00e9 (connexion internet haut d\u00e9bit, bureaux \u00e9quip\u00e9s, salles de r\u00e9union&#8230;).<\/li>\n<li><i class=\"sui sui-minus\" style=\"color:#FF503D\"><\/i> <strong>Les services propos\u00e9s<\/strong> : certains centres d&rsquo;affaires offrent davantage de services que d&rsquo;autres (gestion du courrier, <a href=\"https:\/\/le-lodge.fr\/conseil\/domiciliation-entreprise\/\">domiciliation de soci\u00e9t\u00e9<\/a>, secr\u00e9tariat t\u00e9l\u00e9phonique&#8230;), prenez donc le temps de comparer les diff\u00e9rentes formules afin de choisir celle qui correspond le mieux \u00e0 vos besoins.<\/li>\n<li><i class=\"sui sui-minus\" style=\"color:#FF503D\"><\/i> <strong>Le prix<\/strong> : renseignez-vous sur la tarification des diff\u00e9rents centres d&rsquo;affaires, en demandant notamment plusieurs devis, afin de trouver celui qui vous offrira le meilleur rapport qualit\u00e9-prix.<\/li>\n<\/ul>\n<\/div>\n<\/p><h2><span style=\"color: #FF503D;\">En conclusion : les principaux centres d\u2019affaires en France<\/span><\/h2>\n<p>La France se positionne comme un terrain propice au d\u00e9veloppement des entreprises, avec une multitude de centres d\u2019affaires adapt\u00e9s aux besoins des professionnels. Paris se distingue en tant qu\u2019\u00e9picentre des affaires, abritant des centres prestigieux tels que l\u2019Espace Grande Arche, le Champs-\u00c9lys\u00e9es Business Center, et le Centre d\u2019Affaires Regus Op\u00e9ra.<\/p>\n<p>Cependant, d\u2019autres grandes villes telles que Lyon, Marseille, et Bordeaux ne sont pas en reste, offrant des espaces de travail de qualit\u00e9. M\u00eame dans des agglom\u00e9rations plus modestes comme Nantes, Toulouse et Nice, des centres d\u2019affaires comme le NCI Business Center, le Centre d\u2019Affaires Toulouse Compans, et le centre d\u2019affaires Regus Arenas fournissent des solutions adapt\u00e9es. Du c\u00f4t\u00e9 de la r\u00e9gion Grand Est, <a href=\"https:\/\/le-lodge.fr\/conseil\/centres-affaires-france\/strasbourg\/\">Strasbourg<\/a> et Colmar proposent \u00e9galement des centres d\u2019affaires int\u00e9ressants.<\/p>\n<p>Pour choisir le centre d\u2019affaires id\u00e9al, il est n\u00e9cessaire de consid\u00e9rer des crit\u00e8res tels que l\u2019emplacement strat\u00e9gique, les \u00e9quipements n\u00e9cessaires, les services propos\u00e9s, et le rapport qualit\u00e9-prix. Face \u00e0 cette diversit\u00e9, une s\u00e9lection \u00e9clair\u00e9e garantira \u00e0 chaque entreprise un environnement de travail optimal pour prosp\u00e9rer.<\/p>\n<div class=\"su-spacer\" style=\"height:100px\"><\/div>\n<div class=\"su-heading su-heading-style-line-blue su-heading-align-center\" id=\"\" style=\"font-size:16px;margin-bottom:0px\"><div class=\"su-heading-inner\">\n<h5><span class=\"su-highlight\" style=\"background:#FF503D;color:#ffffff\">&nbsp;<span style=\"font-weight: 400;\">Ces articles devraient aussi vous int\u00e9resser<\/span>&nbsp;<\/span><\/h5>\n<\/div><\/div><br>\n<div class=\"su-spacer\" style=\"height:50px\"><\/div><br>\n<ul class=\"cs-samelevel-posts\">\n\t\t\t<li><a href=\"https:\/\/le-lodge.fr\/conseil\/bien-choisir-centre-affaires-entreprise\/\"> Comment bien choisir un centre d'affaires pour son entreprise ?<\/a><\/li>\n\t\t\t<li><a href=\"https:\/\/le-lodge.fr\/conseil\/choisir-bureau-ideal-travailler-efficacement\/\"> Comment choisir le bureau id\u00e9al pour travailler efficacement ?<\/a><\/li>\n\t\t\t<li><a href=\"https:\/\/le-lodge.fr\/conseil\/conditions-travail\/\"> Conditions de travail : qu'est-ce que c'est ? Le guide ultime sur la qualit\u00e9 de vie au travail<\/a><\/li>\n\t\t\t<li><a href=\"https:\/\/le-lodge.fr\/conseil\/zone-franche-urbaine\/\"> Les avantages professionnels d'une Zone Franche Urbaine (ZFU)<\/a><\/li>\n\t\t\t<li><a href=\"https:\/\/le-lodge.fr\/conseil\/entretien-embauche\/\"> Comment bien pr\u00e9parer un entretien d\u2019embauche ?<\/a><\/li>\n\t\t\t<li><a href=\"https:\/\/le-lodge.fr\/conseil\/salle-conference\/\"> Salle de conf\u00e9rence : signification et sp\u00e9cificit\u00e9s<\/a><\/li>\n\t\t\t<li><a href=\"https:\/\/le-lodge.fr\/conseil\/creer-entreprise\/\"> Comment fonder sa bo\u00eete ou sa soci\u00e9t\u00e9 ? Le guide ultime pour tout savoir !<\/a><\/li>\n\t\t\t<li><a href=\"https:\/\/le-lodge.fr\/conseil\/open-space\/\"> Qu'est-ce qu'un Open space?<\/a><\/li>\n\t\t\t<li><a href=\"https:\/\/le-lodge.fr\/conseil\/salle-reunion\/\"> Le guide ultime de la salle de r\u00e9union efficace et cr\u00e9ative<\/a><\/li>\n\t\t\t<li><a href=\"https:\/\/le-lodge.fr\/conseil\/domiciliation-entreprise\/\"> Domiciliation de soci\u00e9t\u00e9 : qu\u2019est-ce que c\u2019est ? Le guide ultime de la domiciliation des entreprises<\/a><\/li>\n\t<\/ul>\n\n\n","protected":false},"excerpt":{"rendered":"<p>La France est r\u00e9put\u00e9e pour \u00eatre un formidable terrain pour les entreprises, et ce gr\u00e2ce \u00e0 ses nombreux centres d\u2019affaires qui offrent des espaces de travail adapt\u00e9s aux besoins des professionnels. Dans cet article, nous vous proposons de d\u00e9couvrir une liste non exhaustive des principaux centres d\u2019affaires en France, afin que vous puissiez choisir celui [&hellip;]<\/p>\n","protected":false},"author":12,"featured_media":3347,"parent":0,"menu_order":0,"comment_status":"closed","ping_status":"closed","template":"","meta":{"_seopress_robots_primary_cat":"","_seopress_titles_title":"Centres d\u2019affaires : liste des principaux en France %%sep%% %%sitetitle%%","_seopress_titles_desc":"D\u00e9couvrez les centres d&#039;affaires incontournables en France avec notre liste exhaustive, pour des espaces de travail adapt\u00e9s aux besoins de votre entreprise.","_seopress_robots_index":"","footnotes":""},"_links":{"self":[{"href":"https:\/\/le-lodge.fr\/conseil\/wp-json\/wp\/v2\/pages\/3345"}],"collection":[{"href":"https:\/\/le-lodge.fr\/conseil\/wp-json\/wp\/v2\/pages"}],"about":[{"href":"https:\/\/le-lodge.fr\/conseil\/wp-json\/wp\/v2\/types\/page"}],"author":[{"embeddable":true,"href":"https:\/\/le-lodge.fr\/conseil\/wp-json\/wp\/v2\/users\/12"}],"replies":[{"embeddable":true,"href":"https:\/\/le-lodge.fr\/conseil\/wp-json\/wp\/v2\/comments?post=3345"}],"version-history":[{"count":3,"href":"https:\/\/le-lodge.fr\/conseil\/wp-json\/wp\/v2\/pages\/3345\/revisions"}],"predecessor-version":[{"id":3354,"href":"https:\/\/le-lodge.fr\/conseil\/wp-json\/wp\/v2\/pages\/3345\/revisions\/3354"}],"wp:featuredmedia":[{"embeddable":true,"href":"https:\/\/le-lodge.fr\/conseil\/wp-json\/wp\/v2\/media\/3347"}],"wp:attachment":[{"href":"https:\/\/le-lodge.fr\/conseil\/wp-json\/wp\/v2\/media?parent=3345"}],"curies":[{"name":"wp","href":"https:\/\/api.w.org\/{rel}","templated":true}]}}