{"id":3194,"date":"2023-12-06T12:14:54","date_gmt":"2023-12-06T11:14:19","guid":{"rendered":"https:\/\/le-lodge.fr\/conseil\/?page_id=3194"},"modified":"2024-02-14T10:08:52","modified_gmt":"2024-02-14T09:08:52","slug":"obligatoires","status":"publish","type":"page","link":"https:\/\/le-lodge.fr\/conseil\/creer-entreprise\/formations\/documents\/obligatoires\/","title":{"rendered":"Quels sont les documents obligatoires pour lancer sa soci\u00e9t\u00e9 ?"},"content":{"rendered":"<p><span style=\"font-size: 18pt;\">Lorsqu\u2019on souhaite cr\u00e9er une entreprise, il est essentiel de bien se pr\u00e9parer et de rassembler une <a href=\"https:\/\/le-lodge.fr\/conseil\/creer-entreprise\/formations\/documents\/\">liste de documents n\u00e9cessaires<\/a> afin que rien ne soit laiss\u00e9 au hasard. Dans cet article, nous allons vous pr\u00e9senter les principaux documents obligatoires \u00e0 fournir lors de la cr\u00e9ation d\u2019une soci\u00e9t\u00e9.<\/span><\/p>\n\n<div class=\"su-youtube su-u-responsive-media-yes\"><iframe loading=\"lazy\" width=\"600\" height=\"400\" src=\"https:\/\/www.youtube.com\/embed\/N5D43Aqem9s?\" frameborder=\"0\" allowfullscreen allow=\"autoplay; encrypted-media; picture-in-picture\" title=\"\"><\/iframe><\/div>\n<h2>Les statuts de l\u2019entreprise<\/h2>\n<p>Premier document indispensable, les statuts de l\u2019entreprise sont le <strong>socle juridique<\/strong> de la future soci\u00e9t\u00e9. Ce document pr\u00e9cise notamment\u00a0<strong>la forme juridique <\/strong>de la soci\u00e9t\u00e9, ses objectifs, son organisation et son fonctionnement g\u00e9n\u00e9ral.<\/p>\n<h3>La r\u00e9daction des statuts<\/h3>\n<p>La r\u00e9daction des statuts doit \u00eatre r\u00e9alis\u00e9e avec soin. Il est possible de les r\u00e9diger <strong>soi-m\u00eame<\/strong> ou de faire appel \u00e0 <strong>un<\/strong> <strong>professionnel<\/strong> (avocat, expert-comptable) pour garantir leur conformit\u00e9 \u00e0 la r\u00e9glementation en vigueur. Une fois r\u00e9dig\u00e9s, ils doivent \u00eatre <strong>sign\u00e9s<\/strong> par tous les associ\u00e9s fondateurs, sans exception.<\/p>\n<h3>Les mentions obligatoires dans les statuts<\/h3>\n<div class=\"su-list\" style=\"margin-left:10px\">\n<ul>\n<li><i class=\"sui sui-minus\" style=\"color:#FF503D\"><\/i> <strong>La d\u00e9nomination sociale :<\/strong>\u00a0il s&rsquo;agit du nom sous lequel votre entreprise sera identifi\u00e9e.<\/li>\n<li><i class=\"sui sui-minus\" style=\"color:#FF503D\"><\/i> <strong>La forme juridique :<\/strong>\u00a0cela peut \u00eatre une SARL, une SAS, une SA, etc.<\/li>\n<li><i class=\"sui sui-minus\" style=\"color:#FF503D\"><\/i> <strong>Le capital social :<\/strong>\u00a0il est compos\u00e9 des apports en num\u00e9raire et\/ou en nature r\u00e9alis\u00e9s par les associ\u00e9s lors de la constitution de l&rsquo;entreprise.<\/li>\n<li><i class=\"sui sui-minus\" style=\"color:#FF503D\"><\/i> <strong>La dur\u00e9e de vie de l&rsquo;entreprise :<\/strong> elle est g\u00e9n\u00e9ralement fix\u00e9e \u00e0 99 ans, sauf dispositions contraires dans les statuts.<\/li>\n<li><i class=\"sui sui-minus\" style=\"color:#FF503D\"><\/i> <strong>Les pouvoirs des dirigeants :<\/strong>\u00a0ils doivent \u00eatre clairement d\u00e9finis et pr\u00e9cis\u00e9s dans le document.<\/li>\n<\/ul>\n<\/div>\n<\/p><p style=\"text-align: center; font-size: 18pt;\"><b>Vous r\u00eavez de lancer votre soci\u00e9t\u00e9 et \u00eates \u00e0 la recherche d\u2019un lieu id\u00e9al pour travailler ?<br>\n<\/b><b>Contactez le Lodge pour d\u00e9buter cette aventure !<\/b><\/p>\n<p style=\"text-align: center;\">Location de salles de r\u00e9union et bureaux avec ou sans domiciliation et espaces de r\u00e9ception.<\/p>\n<p style=\"text-align: center;\"><div class=\"su-button-center\"><span data-atc=\"aHR0cHM6Ly9sZS1sb2RnZS5mci9jb250YWN0ZXotbm91cy8=\" class=\"su-button su-button-style-flat atc pop\" style=\" cursor: pointer; color:#FFFFFF;background-color:#FF503D;border-color:;0px;\" target=\"_blank\" rel=\"noopener noreferrer\">\r\n\t\r\n\t\r\n\t<span style=\";padding:8px 26px;font-size:20px;line-height:30px;border-color:;border-radius:0px;-moz-border-radius:0px;-webkit-border-radius:0px;text-shadow:none;-moz-text-shadow:none;-webkit-text-shadow:none;background-color: #FF503D; color:#FFFFFF !important\"> <i class=\"sui sui-pencil-square-o\" style=\"\" aria-label=\"\"><\/i>Envoyer ma demande <\/span>\r\n\r\n<\/span><\/div>\n<h2>Le formulaire de cr\u00e9ation d\u2019entreprise<\/h2>\n<p>Aussi appel\u00e9\u00a0<strong>formulaire M0<\/strong>, ce document permet d\u2019immatriculer votre entreprise aupr\u00e8s du <strong>registre du commerce et des soci\u00e9t\u00e9s<\/strong> (RCS). Il doit \u00eatre soigneusement rempli avec toutes les informations demand\u00e9es et accompagn\u00e9 des <strong>pi\u00e8ces justificatives requises<\/strong>.<\/p>\n<h2>L\u2019attestation de d\u00e9p\u00f4t du capital social<\/h2>\n<p>Ce document prouve que le capital social <strong>mentionn\u00e9 dans les statuts<\/strong> a bien \u00e9t\u00e9 d\u00e9pos\u00e9 sur un <strong>compte bancaire sp\u00e9cifique<\/strong> ouvert au nom de l\u2019entreprise. Il est r\u00e9dig\u00e9 et sign\u00e9 par l\u2019\u00e9tablissement bancaire qui re\u00e7oit les fonds.<\/p>\n<p>\u00c0 noter que le montant du capital social <strong>peut varier<\/strong> selon le type de soci\u00e9t\u00e9 cr\u00e9\u00e9e. Par exemple, une SARL n\u00e9cessite un montant minimum de 1 euro, tandis qu\u2019une SAS doit disposer d\u2019un capital social minimum de <strong>37 000 euros<\/strong>.<\/p>\n<h2>Le justificatif d\u2019adresse du si\u00e8ge social<\/h2>\n<p>Vous devrez fournir un justificatif d\u2019adresse datant de <strong>moins de trois<\/strong> <strong>mois<\/strong> pour prouver l\u2019\u00e9tablissement du si\u00e8ge social de votre entreprise. Cela peut \u00eatre une facture d\u2019eau, d\u2019\u00e9lectricit\u00e9 ou de t\u00e9l\u00e9phone fixe <strong>au nom du repr\u00e9sentant l\u00e9gal<\/strong>, ou encore un bail commercial d\u00e9di\u00e9 \u00e0 cet usage.<\/p>\n<h2>Les pi\u00e8ces d\u2019identit\u00e9 des fondateurs<\/h2>\n<p>Les fondateurs de la soci\u00e9t\u00e9 devront chacun fournir une copie recto verso de leur pi\u00e8ce d\u2019identit\u00e9 <strong>en cours de validit\u00e9<\/strong>. Il peut s\u2019agir d\u2019une carte nationale d\u2019identit\u00e9, d\u2019un passeport ou d\u2019un titre de s\u00e9jour pour les ressortissants \u00e9trangers.<\/p>\n<h2>Le justificatif de non-condamnation<\/h2>\n<p>Le\u00a0<strong>bulletin n\u00b03 du casier judiciaire<\/strong>\u00a0doit \u00eatre fourni pour chaque dirigeant de la future soci\u00e9t\u00e9. Ce document prouve que le ou les responsables l\u00e9gaux ne sont pas sous le coup d\u2019un <strong>interdit de g\u00e9rer<\/strong> ou d\u2019une sanction en lien avec la gestion d\u2019une entreprise.<\/p>\n<h2>La publication d\u2019une annonce l\u00e9gale<\/h2>\n<p>Pour officialiser la cr\u00e9ation de votre entreprise, vous devrez publier une <strong>annonce l\u00e9gale<\/strong> dans un <strong>journal habilit\u00e9<\/strong> \u00e0 recevoir des annonces l\u00e9gales dans le d\u00e9partement o\u00f9 se situe le si\u00e8ge social de la soci\u00e9t\u00e9. Cette d\u00e9marche vise principalement \u00e0 <strong>informer les tiers<\/strong> (clients, fournisseurs, concurrents) de la naissance de l\u2019entreprise.<\/p>\n<h3>Le contenu de l\u2019annonce l\u00e9gale<\/h3>\n<p>L\u2019annonce l\u00e9gale publi\u00e9e doit contenir <strong>certaines informations<\/strong> <strong>pr\u00e9cises<\/strong>, telles que :<\/p>\n<div class=\"su-list\" style=\"margin-left:10px\">\n<ul>\n<li><i class=\"sui sui-minus\" style=\"color:#FF503D\"><\/i> La d\u00e9nomination sociale de l&rsquo;entreprise<\/li>\n<li><i class=\"sui sui-minus\" style=\"color:#FF503D\"><\/i> La forme juridique<\/li>\n<li><i class=\"sui sui-minus\" style=\"color:#FF503D\"><\/i> Le montant du capital social<\/li>\n<li><i class=\"sui sui-minus\" style=\"color:#FF503D\"><\/i> L&rsquo;adresse du si\u00e8ge social<\/li>\n<li><i class=\"sui sui-minus\" style=\"color:#FF503D\"><\/i> Les coordonn\u00e9es des dirigeants<\/li>\n<\/ul>\n<\/div>\n<\/p><h3>Les frais de parution<\/h3>\n<p>La publication d\u2019une annonce l\u00e9gale engendre <strong>des frais<\/strong> qui varient selon les d\u00e9partements et la longueur du texte. Ils sont g\u00e9n\u00e9ralement compris <strong>entre 150 et 250 euros<\/strong>.<\/p>\n<h2>L\u2019inscription au registre du commerce et des soci\u00e9t\u00e9s<\/h2>\n<p>Pour <strong>finaliser la cr\u00e9ation<\/strong> de votre soci\u00e9t\u00e9, vous devrez proc\u00e9der \u00e0 son immatriculation aupr\u00e8s du RCS comp\u00e9tent. \u00c0 cette occasion, un <strong>num\u00e9ro SIREN<\/strong> vous sera attribu\u00e9, ainsi qu\u2019un <strong>extrait K bis<\/strong>, v\u00e9ritable \u00ab\u00a0carte d\u2019identit\u00e9\u00a0\u00bb de l\u2019entreprise, qui atteste de son <strong>existence l\u00e9gale<\/strong>.<\/p>\n<p>En plus de ces documents obligatoires, vous pouvez \u00e9galement consid\u00e9rer quelques <a href=\"https:\/\/le-lodge.fr\/conseil\/creer-entreprise\/formations\/documents\/facultatifs\/\">documents facultatifs<\/a> qui vous seront d\u2019une grande aide pour lancer votre soci\u00e9t\u00e9 !<\/p>\n<h2><span style=\"color: #FF503D;\">En conclusion : les documents obligatoires pour lancer sa soci\u00e9t\u00e9<\/span><\/h2>\n<p>Le processus de cr\u00e9ation d\u2019une entreprise requiert une attention minutieuse \u00e0 la documentation n\u00e9cessaire.<\/p>\n<p>Les statuts de l\u2019entreprise, \u00e9l\u00e9ment fondateur, exigent une r\u00e9daction pr\u00e9cise, tandis que le formulaire de cr\u00e9ation d\u2019entreprise, l\u2019attestation de d\u00e9p\u00f4t du capital social, et le justificatif d\u2019adresse du si\u00e8ge social sont des \u00e9l\u00e9ments non n\u00e9gligeables \u00e0 fournir. Les pi\u00e8ces d\u2019identit\u00e9 des fondateurs et le justificatif de non-condamnation, notamment le bulletin n\u00b03 du casier judiciaire, ajoutent une couche de v\u00e9rification. La publication d\u2019une annonce l\u00e9gale, avec son contenu sp\u00e9cifique, et l\u2019inscription au registre du commerce et des soci\u00e9t\u00e9s finalisent le processus, octroyant \u00e0 l\u2019entreprise son existence l\u00e9gale.<\/p>\n<p>Chacun de ces documents joue un r\u00f4le cl\u00e9 dans la formalit\u00e9 et la l\u00e9gitimit\u00e9 de la cr\u00e9ation d\u2019une soci\u00e9t\u00e9, soulignant l\u2019importance de respecter les \u00e9tapes requises avec rigueur et pr\u00e9cision.<\/p>\n<div class=\"su-spacer\" style=\"height:100px\"><\/div><br>\n<div class=\"su-heading su-heading-style-line-blue su-heading-align-center\" id=\"\" style=\"font-size:16px;margin-bottom:0px\"><div class=\"su-heading-inner\">\n<h5><span class=\"su-highlight\" style=\"background:#FF503D;color:#ffffff\">&nbsp;<span style=\"font-weight: 400;\">Ces articles devraient aussi vous int\u00e9resser<\/span>&nbsp;<\/span><\/h5>\n<\/div><\/div><br>\n<div class=\"su-spacer\" style=\"height:50px\"><\/div><br>\n<ul class=\"cs-samelevel-posts\">\n\t\t\t<li><a href=\"https:\/\/le-lodge.fr\/conseil\/creer-entreprise\/formations\/documents\/facultatifs\/\"> Les documents facultatifs \u00e0 consid\u00e9rer pour lancer sa soci\u00e9t\u00e9<\/a><\/li>\n\t<\/ul>\n\n\n","protected":false},"excerpt":{"rendered":"<p>Lorsqu\u2019on souhaite cr\u00e9er une entreprise, il est essentiel de bien se pr\u00e9parer et de rassembler une liste de documents n\u00e9cessaires afin que rien ne soit laiss\u00e9 au hasard. Dans cet article, nous allons vous pr\u00e9senter les principaux documents obligatoires \u00e0 fournir lors de la cr\u00e9ation d\u2019une soci\u00e9t\u00e9. Les statuts de l\u2019entreprise Premier document indispensable, les [&hellip;]<\/p>\n","protected":false},"author":14,"featured_media":3195,"parent":2398,"menu_order":2,"comment_status":"closed","ping_status":"closed","template":"","meta":{"_seopress_robots_primary_cat":"","_seopress_titles_title":"Cr\u00e9ation d\u2019entreprise : les documents obligatoires %%sep%% %%sitetitle%%","_seopress_titles_desc":"D\u00e9couvrez les documents n\u00e9cessaires au lancement de votre entreprise : tout ce que vous devez savoir pour d\u00e9marrer en toute conformit\u00e9. %%post_excerpt%%","_seopress_robots_index":"","footnotes":""},"_links":{"self":[{"href":"https:\/\/le-lodge.fr\/conseil\/wp-json\/wp\/v2\/pages\/3194"}],"collection":[{"href":"https:\/\/le-lodge.fr\/conseil\/wp-json\/wp\/v2\/pages"}],"about":[{"href":"https:\/\/le-lodge.fr\/conseil\/wp-json\/wp\/v2\/types\/page"}],"author":[{"embeddable":true,"href":"https:\/\/le-lodge.fr\/conseil\/wp-json\/wp\/v2\/users\/14"}],"replies":[{"embeddable":true,"href":"https:\/\/le-lodge.fr\/conseil\/wp-json\/wp\/v2\/comments?post=3194"}],"version-history":[{"count":5,"href":"https:\/\/le-lodge.fr\/conseil\/wp-json\/wp\/v2\/pages\/3194\/revisions"}],"predecessor-version":[{"id":3525,"href":"https:\/\/le-lodge.fr\/conseil\/wp-json\/wp\/v2\/pages\/3194\/revisions\/3525"}],"up":[{"embeddable":true,"href":"https:\/\/le-lodge.fr\/conseil\/wp-json\/wp\/v2\/pages\/2398"}],"wp:featuredmedia":[{"embeddable":true,"href":"https:\/\/le-lodge.fr\/conseil\/wp-json\/wp\/v2\/media\/3195"}],"wp:attachment":[{"href":"https:\/\/le-lodge.fr\/conseil\/wp-json\/wp\/v2\/media?parent=3194"}],"curies":[{"name":"wp","href":"https:\/\/api.w.org\/{rel}","templated":true}]}}