{"id":3118,"date":"2023-10-25T08:28:09","date_gmt":"2023-10-25T06:28:09","guid":{"rendered":"https:\/\/le-lodge.fr\/conseil\/?page_id=3118"},"modified":"2024-02-14T13:03:34","modified_gmt":"2024-02-14T12:03:34","slug":"bien-choisir-centre-affaires-entreprise","status":"publish","type":"page","link":"https:\/\/le-lodge.fr\/conseil\/bien-choisir-centre-affaires-entreprise\/","title":{"rendered":"Comment bien choisir un centre d&rsquo;affaires pour son entreprise ?"},"content":{"rendered":"<p><span style=\"font-size: 24px;\">Le choix du centre d\u2019affaires id\u00e9al pour votre entreprise est une d\u00e9cision d\u00e9terminante dans le d\u00e9veloppement de celle-ci. Il est important de prendre en compte plusieurs facteurs pour garantir que l\u2019espace choisi est adapt\u00e9 \u00e0 vos besoins et vous permet de travailler dans les meilleures conditions possibles. Dans cet article, nous explorerons les aspects essentiels \u00e0 consid\u00e9rer lors de cette s\u00e9lection.<\/span><\/p>\n\n<div class=\"su-youtube su-u-responsive-media-yes\"><iframe loading=\"lazy\" width=\"600\" height=\"400\" src=\"https:\/\/www.youtube.com\/embed\/NC6p3XBUl10?\" frameborder=\"0\" allowfullscreen allow=\"autoplay; encrypted-media; picture-in-picture\" title=\"\"><\/iframe><\/div>\n<h2>La situation g\u00e9ographique et l\u2019accessibilit\u00e9<\/h2>\n<p>La localisation de votre <a href=\"https:\/\/le-lodge.fr\/conseil\/bien-choisir-centre-affaires-entreprise\/definition\/\">centre d\u2019affaires<\/a> doit \u00eatre <strong>bien r\u00e9fl\u00e9chie<\/strong> et prendre en compte plusieurs points. En effet, il est primordial de s\u2019assurer que l\u2019emplacement choisi offre un <strong>acc\u00e8s facile<\/strong> et rapide pour vos employ\u00e9s, clients et partenaires. Vous pouvez ainsi baisser la probabilit\u00e9 de perte de temps li\u00e9e aux d\u00e9placements et promouvoir un <strong>meilleur \u00e9quilibre<\/strong> entre vie professionnelle et personnelle pour vos collaborateurs.<\/p>\n<div class=\"su-list\" style=\"margin-left:10px\">\n<ul>\n<li><i class=\"sui sui-minus\" style=\"color:#FF503D\"><\/i> <strong>Proximit\u00e9 aux transports en commun et facilit\u00e9 de stationnement\u00a0: <\/strong>vos employ\u00e9s et clients doivent pouvoir se rendre ais\u00e9ment sur les lieux de travail ou de rendez-vous ;<\/li>\n<li><i class=\"sui sui-minus\" style=\"color:#FF503D\"><\/i> <strong>Bonne desserte routi\u00e8re\u00a0:<\/strong> si votre activit\u00e9 n\u00e9cessite des d\u00e9placements fr\u00e9quents, v\u00e9rifiez la proximit\u00e9 aux principales voies de communication et autoroutes ;<\/li>\n<li><i class=\"sui sui-minus\" style=\"color:#FF503D\"><\/i> <strong>Accessibilit\u00e9 aux services :<\/strong> pr\u00e9f\u00e9rez des centres situ\u00e9s \u00e0 proximit\u00e9 de commerces, restaurants ou autres prestataires susceptibles de r\u00e9pondre aux besoins de votre entreprise au quotidien.<\/li>\n<\/ul>\n<\/div>\n<\/p><p style=\"text-align: center; font-size: 18pt;\"><b>Vous souhaitez faire domicilier votre entreprise ?<br>\nContactez le Lodge, votre centre d\u2019affaires \u00e0 Strasbourg !<\/b><\/p>\n<p style=\"text-align: center;\">Domiciliation et location de salles de r\u00e9union et bureaux avec ou sans domiciliation et espaces de r\u00e9ception.<\/p>\n<p style=\"text-align: center;\"><div class=\"su-button-center\"><span data-atc=\"aHR0cHM6Ly9sZS1sb2RnZS5mci9jb250YWN0ZXotbm91cy8=\" class=\"su-button su-button-style-flat atc pop\" style=\" cursor: pointer; color:#FFFFFF;background-color:#FF503D;border-color:;0px;\" target=\"_blank\" rel=\"noopener noreferrer\">\r\n\t\r\n\t\r\n\t<span style=\";padding:8px 26px;font-size:20px;line-height:30px;border-color:;border-radius:0px;-moz-border-radius:0px;-webkit-border-radius:0px;text-shadow:none;-moz-text-shadow:none;-webkit-text-shadow:none;background-color: #FF503D; color:#FFFFFF !important\"> <i class=\"sui sui-pencil-square-o\" style=\"\" aria-label=\"\"><\/i>Envoyer ma demande <\/span>\r\n\r\n<\/span><\/div>\n<h3>Tenir compte des environs du centre d\u2019affaires<\/h3>\n<p>Il est tout aussi important de consid\u00e9rer <strong>l\u2019environnement imm\u00e9diat<\/strong> du centre. Un environnement agr\u00e9able et dot\u00e9 de zones vertes peut assurer une meilleure <strong>qualit\u00e9 de vie<\/strong> au travail, par exemple.<\/p>\n<h2>Les services propos\u00e9s par le centre d\u2019affaires<\/h2>\n<p>Un aspect essentiel \u00e0 prendre en compte lors du choix de votre <strong>centre d\u2019affaires<\/strong> sera la gamme de services qu\u2019il propose. De nos jours, il existe une multitude de prestations disponibles pour r\u00e9pondre aux <strong>besoins sp\u00e9cifiques<\/strong> de chaque entreprise. Voici une liste non exhaustive de services que vous pourriez rechercher\u00a0:<\/p>\n<div class=\"su-list\" style=\"margin-left:10px\">\n<ul>\n<li><i class=\"sui sui-minus\" style=\"color:#FF503D\"><\/i> <strong>Espaces de travail modulables :<\/strong> optez pour un espace \u00e9volutif capable de s&rsquo;adapter \u00e0 la croissance de votre entreprise ;<\/li>\n<li><i class=\"sui sui-minus\" style=\"color:#FF503D\"><\/i> <strong><a href=\"https:\/\/le-lodge.fr\/conseil\/salle-reunion\/\">Salle de r\u00e9union<\/a> \u00e9quip\u00e9e : <\/strong>v\u00e9rifiez la disponibilit\u00e9 et les tarifs de r\u00e9servation de ces espaces ;<\/li>\n<li><i class=\"sui sui-minus\" style=\"color:#FF503D\"><\/i> <strong>R\u00e9seau internet haut d\u00e9bit : <\/strong>cet \u00e9l\u00e9ment est crucial pour le bon fonctionnement des entreprises actuelles ;<\/li>\n<li><i class=\"sui sui-minus\" style=\"color:#FF503D\"><\/i> <strong>Services administratifs et supports : <\/strong>frais d&rsquo;exp\u00e9dition, impression, photocopie ou secr\u00e9tariat t\u00e9l\u00e9phonique peuvent \u00eatre des atouts ;<\/li>\n<li><i class=\"sui sui-minus\" style=\"color:#FF503D\"><\/i> <strong>Caf\u00e9t\u00e9ria et espaces d\u00e9tente :<\/strong> ces espaces favorisent les \u00e9changes entre employ\u00e9s et permettent de se ressourcer durant la journ\u00e9e.<\/li>\n<\/ul>\n<\/div>\n<\/p><h3>Comparer les co\u00fbts associ\u00e9s \u00e0 chaque centre d\u2019affaires<\/h3>\n<p>Pensez \u00e0 bien <strong>comparer les tarifs<\/strong> et conditions des diff\u00e9rents centres d\u2019affaires pour effectuer le choix le plus judicieux en termes <strong>budg\u00e9taires<\/strong>.<\/p>\n<h2>La flexibilit\u00e9 contractuelle<\/h2>\n<p>Il est n\u00e9cessaire de s\u2019adapter rapidement aux changements du march\u00e9, et il en va de m\u00eame pour votre centre d\u2019affaires. V\u00e9rifiez si les modalit\u00e9s de location sont <strong>souples<\/strong> et permettent une certaine <strong>marge de man\u0153uvre<\/strong>. Pour cela, vous pouvez rechercher :<\/p>\n<div class=\"su-list\" style=\"margin-left:10px\">\n<ul>\n<li><i class=\"sui sui-minus\" style=\"color:#FF503D\"><\/i> <strong>Des contrats de dur\u00e9e flexible :<\/strong> avec un engagement sur plusieurs mois ou \u00e0 l&rsquo;ann\u00e9e plut\u00f4t que plusieurs ann\u00e9es ;<\/li>\n<li><i class=\"sui sui-minus\" style=\"color:#FF503D\"><\/i> <strong>Possibilit\u00e9 d&rsquo;\u00e9volution\u00a0:<\/strong> \u00e9valuer la possibilit\u00e9 de modifier l&rsquo;espace lou\u00e9 (r\u00e9duction ou extension) en fonction de vos besoins ;<\/li>\n<li><i class=\"sui sui-minus\" style=\"color:#FF503D\"><\/i> <strong>Conditions de r\u00e9siliation : <\/strong>bien vous informer sur les d\u00e9lais, conditions et co\u00fbts associ\u00e9s \u00e0 une r\u00e9siliation anticip\u00e9e de contrat ;<\/li>\n<li><i class=\"sui sui-minus\" style=\"color:#FF503D\"><\/i> <strong>Flexibilit\u00e9 horaire : <\/strong>savoir si votre entreprise aura acc\u00e8s aux locaux 24h\/24 et 7j\/7 peut \u00eatre un avantage significatif.<\/li>\n<\/ul>\n<\/div>\n<\/p><h2>Int\u00e9gration au sein d\u2019un r\u00e9seau d\u2019entreprises<\/h2>\n<p>Lorsque vous int\u00e9grez un centre d\u2019affaires, il est probable de rencontrer des entreprises issues de <strong>divers secteurs<\/strong>. Profitez-en pour cr\u00e9er des synergies professionnelles. Envisagez de vous tourner vers un espace propice \u00e0 la cr\u00e9ation de partenariats ou favorisant le <strong>networking<\/strong>. Prenez \u00e9galement en compte la r\u00e9putation du centre aupr\u00e8s d\u2019autres entrepreneurs et les \u00e9ventuels t\u00e9moignages de satisfaction.<\/p>\n<h2>Visiter le centre d\u2019affaires avant de choisir<\/h2>\n<p>Il est vivement recommand\u00e9 de visiter <strong>plusieurs centres d\u2019affaires<\/strong> afin d\u2019appr\u00e9cier l\u2019environnement, les locaux et les services propos\u00e9s sur place. Cela vous permettra \u00e9galement de rencontrer la communaut\u00e9 pr\u00e9sente sur place et d\u2019\u00e9changer avec des entreprises ayant d\u00e9j\u00e0 int\u00e9gr\u00e9 le centre. N\u2019h\u00e9sitez pas \u00e0 solliciter une <strong>visite guid\u00e9e<\/strong> pour poser toutes vos questions et bien juger des \u00e9l\u00e9ments \u00e9voqu\u00e9s pr\u00e9c\u00e9demment.<\/p>\n<h2><span style=\"color: #FF503D;\">En conclusion : bien choisir son centre d\u2019affaires<\/span><\/h2>\n<p>Le choix du centre d\u2019affaires pour votre entreprise est une \u00e9tape importante dans son d\u00e9veloppement. Pour garantir le succ\u00e8s de cette d\u00e9cision, il est essentiel de prendre en compte divers facteurs.<\/p>\n<p>La situation g\u00e9ographique, l\u2019environnement imm\u00e9diat, les services propos\u00e9s, les co\u00fbts associ\u00e9s, la flexibilit\u00e9 contractuelle et l\u2019int\u00e9gration au sein d\u2019un r\u00e9seau sont des \u00e9l\u00e9ments \u00e0 consid\u00e9rer attentivement. En outre, ne sous-estimez pas l\u2019importance de visiter les centres potentiels, car cela vous permettra de prendre une d\u00e9cision \u00e9clair\u00e9e en fonction de vos besoins sp\u00e9cifiques.<\/p>\n<p>En prenant le temps de faire le choix adapt\u00e9, vous pouvez cr\u00e9er un environnement de travail propice \u00e0 la croissance et au succ\u00e8s de votre entreprise.<\/p>\n<div class=\"su-spacer\" style=\"height:100px\"><\/div>\n<div class=\"su-heading su-heading-style-line-blue su-heading-align-center\" id=\"\" style=\"font-size:16px;margin-bottom:0px\"><div class=\"su-heading-inner\">\n<h5><span class=\"su-highlight\" style=\"background:#FF503D;color:#ffffff\">&nbsp;<span style=\"font-weight: 400;\">Ces articles devraient aussi vous int\u00e9resser<\/span>&nbsp;<\/span><\/h5>\n<\/div><\/div><br>\n<div class=\"su-spacer\" style=\"height:50px\"><\/div><br>\n<ul class=\"cs-samelevel-posts\">\n\t\t\t<li><a href=\"https:\/\/le-lodge.fr\/conseil\/choisir-bureau-ideal-travailler-efficacement\/\"> Comment choisir le bureau id\u00e9al pour travailler efficacement ?<\/a><\/li>\n\t\t\t<li><a href=\"https:\/\/le-lodge.fr\/conseil\/centres-affaires-france\/\"> Notre liste des principaux centres d'affaires en France<\/a><\/li>\n\t\t\t<li><a href=\"https:\/\/le-lodge.fr\/conseil\/conditions-travail\/\"> Conditions de travail : qu'est-ce que c'est ? Le guide ultime sur la qualit\u00e9 de vie au travail<\/a><\/li>\n\t\t\t<li><a href=\"https:\/\/le-lodge.fr\/conseil\/zone-franche-urbaine\/\"> Les avantages professionnels d'une Zone Franche Urbaine (ZFU)<\/a><\/li>\n\t\t\t<li><a href=\"https:\/\/le-lodge.fr\/conseil\/entretien-embauche\/\"> Comment bien pr\u00e9parer un entretien d\u2019embauche ?<\/a><\/li>\n\t\t\t<li><a href=\"https:\/\/le-lodge.fr\/conseil\/salle-conference\/\"> Salle de conf\u00e9rence : signification et sp\u00e9cificit\u00e9s<\/a><\/li>\n\t\t\t<li><a href=\"https:\/\/le-lodge.fr\/conseil\/creer-entreprise\/\"> Comment fonder sa bo\u00eete ou sa soci\u00e9t\u00e9 ? Le guide ultime pour tout savoir !<\/a><\/li>\n\t\t\t<li><a href=\"https:\/\/le-lodge.fr\/conseil\/open-space\/\"> Qu'est-ce qu'un Open space?<\/a><\/li>\n\t\t\t<li><a href=\"https:\/\/le-lodge.fr\/conseil\/salle-reunion\/\"> Le guide ultime de la salle de r\u00e9union efficace et cr\u00e9ative<\/a><\/li>\n\t\t\t<li><a href=\"https:\/\/le-lodge.fr\/conseil\/domiciliation-entreprise\/\"> Domiciliation de soci\u00e9t\u00e9 : qu\u2019est-ce que c\u2019est ? Le guide ultime de la domiciliation des entreprises<\/a><\/li>\n\t<\/ul>\n\n\n","protected":false},"excerpt":{"rendered":"<p>Le choix du centre d\u2019affaires id\u00e9al pour votre entreprise est une d\u00e9cision d\u00e9terminante dans le d\u00e9veloppement de celle-ci. Il est important de prendre en compte plusieurs facteurs pour garantir que l\u2019espace choisi est adapt\u00e9 \u00e0 vos besoins et vous permet de travailler dans les meilleures conditions possibles. Dans cet article, nous explorerons les aspects essentiels [&hellip;]<\/p>\n","protected":false},"author":14,"featured_media":3121,"parent":0,"menu_order":0,"comment_status":"closed","ping_status":"closed","template":"","meta":{"_seopress_robots_primary_cat":"","_seopress_titles_title":"Centre d\u2019affaires : comment bien le choisir ? %%sep%% %%sitetitle%%","_seopress_titles_desc":"Faites le choix strat\u00e9gique d&#039;un centre d&#039;affaires id\u00e9al pour votre entreprise en suivant nos conseils pratiques.","_seopress_robots_index":"","footnotes":""},"_links":{"self":[{"href":"https:\/\/le-lodge.fr\/conseil\/wp-json\/wp\/v2\/pages\/3118"}],"collection":[{"href":"https:\/\/le-lodge.fr\/conseil\/wp-json\/wp\/v2\/pages"}],"about":[{"href":"https:\/\/le-lodge.fr\/conseil\/wp-json\/wp\/v2\/types\/page"}],"author":[{"embeddable":true,"href":"https:\/\/le-lodge.fr\/conseil\/wp-json\/wp\/v2\/users\/14"}],"replies":[{"embeddable":true,"href":"https:\/\/le-lodge.fr\/conseil\/wp-json\/wp\/v2\/comments?post=3118"}],"version-history":[{"count":6,"href":"https:\/\/le-lodge.fr\/conseil\/wp-json\/wp\/v2\/pages\/3118\/revisions"}],"predecessor-version":[{"id":3421,"href":"https:\/\/le-lodge.fr\/conseil\/wp-json\/wp\/v2\/pages\/3118\/revisions\/3421"}],"wp:featuredmedia":[{"embeddable":true,"href":"https:\/\/le-lodge.fr\/conseil\/wp-json\/wp\/v2\/media\/3121"}],"wp:attachment":[{"href":"https:\/\/le-lodge.fr\/conseil\/wp-json\/wp\/v2\/media?parent=3118"}],"curies":[{"name":"wp","href":"https:\/\/api.w.org\/{rel}","templated":true}]}}