{"id":3082,"date":"2023-10-17T16:33:01","date_gmt":"2023-10-17T14:33:01","guid":{"rendered":"https:\/\/le-lodge.fr\/conseil\/entretien-embauche\/entretien-dembauche-nos-conseils-pour-le-reussir-haut-la-main\/"},"modified":"2023-10-27T09:11:54","modified_gmt":"2023-10-27T07:11:54","slug":"nos-conseils-pour-reussir","status":"publish","type":"page","link":"https:\/\/le-lodge.fr\/conseil\/entretien-embauche\/nos-conseils-pour-reussir\/","title":{"rendered":"Entretien d\u2019embauche : nos conseils pour le r\u00e9ussir haut la main"},"content":{"rendered":"<p><span style=\"font-size: 18pt;\">Vous avez r\u00e9ussi \u00e0 d\u00e9crocher un entretien dans l\u2019entreprise que vous convoitez ? Cette rencontre arrive \u00e0 grands pas et vous aimeriez obtenir des conseils pour exceller lors de celle-ci ? Alors vous \u00eates au bon endroit ! Dans cet article, nous allons vous aider \u00e0 <a href=\"\/conseil\/entretien-embauche\/\">pr\u00e9parer votre entretien d\u2019embauche<\/a> pour vous d\u00e9marquer le jour j.<\/span><\/p>\n\n<div class=\"su-youtube su-u-responsive-media-yes\"><iframe loading=\"lazy\" width=\"600\" height=\"400\" src=\"https:\/\/www.youtube.com\/embed\/R1sbOewdy1U?\" frameborder=\"0\" allowfullscreen allow=\"autoplay; encrypted-media; picture-in-picture\" title=\"\"><\/iframe><\/div>\n<h2>Pr\u00e9parer son entretien d\u2019embauche en amont<\/h2>\n<p>R\u00e9ussir un entretien d\u2019embauche ne rel\u00e8ve pas seulement de votre performance sur le moment, devant le recruteur. Cela n\u00e9cessite en effet une <strong>pr\u00e9paration en amont<\/strong>, afin de vous donner toutes les cl\u00e9s en main pour triompher\u00a0!<\/p>\n<p>\u00a0<\/p>\n<p style=\"text-align: center; font-size: 18pt;\"><b>Vous souhaitez lancer votre bo\u00eete et \u00eates \u00e0 la recherche d\u2019un lieu pour travailler ?<br>\nContactez le Lodge pour d\u00e9buter cette aventure !<\/b><\/p>\n<p style=\"text-align: center;\">Location de salles de r\u00e9union et bureaux avec ou sans domiciliation et espaces de r\u00e9ception.<\/p>\n<p style=\"text-align: center;\"><div class=\"su-button-center\"><span data-atc=\"aHR0cHM6Ly9sZS1sb2RnZS5mci9jb250YWN0ZXotbm91cy8=\" class=\"su-button su-button-style-flat atc pop\" style=\" cursor: pointer; color:#FFFFFF;background-color:#FF503D;border-color:;0px;\" target=\"_blank\" rel=\"noopener noreferrer\">\r\n\t\r\n\t\r\n\t<span style=\";padding:8px 26px;font-size:20px;line-height:30px;border-color:;border-radius:0px;-moz-border-radius:0px;-webkit-border-radius:0px;text-shadow:none;-moz-text-shadow:none;-webkit-text-shadow:none;background-color: #FF503D; color:#FFFFFF !important\"> <i class=\"sui sui-pencil-square-o\" style=\"\" aria-label=\"\"><\/i>Envoyer ma demande <\/span>\r\n\r\n<\/span><\/div>\n<p>\u00a0<\/p>\n<h3>Faire des recherches sur l\u2019entreprise et le poste<\/h3>\n<p>Il est avant tout essentiel de mener des <strong>recherches approfondies<\/strong> sur l\u2019entreprise et le poste que vous visez avant un entretien d\u2019embauche, et ce pour plusieurs raisons. Cette d\u00e9marche montre pour commencer votre r\u00e9el int\u00e9r\u00eat et engagement envers l\u2019opportunit\u00e9 professionnelle, ce qui peut impressionner les recruteurs. De plus, elle permet de mieux comprendre la culture, les valeurs et les objectifs de l\u2019entreprise. Cela vous aidera ainsi \u00e0 adapter vos r\u00e9ponses et \u00e0 montrer comment vous pourriez contribuer de mani\u00e8re significative en rejoignant l\u2019\u00e9quipe. Si vous connaissez \u00e0 l\u2019avance les d\u00e9tails du poste, vous serez \u00e9galement en capacit\u00e9 de mettre en avant vos comp\u00e9tences et exp\u00e9riences pertinentes. Ainsi, vous pourrez illustrer la fa\u00e7on dont vous \u00eates le <strong>candidat id\u00e9al<\/strong> pour l\u2019entreprise et le poste en question\u00a0!<\/p>\n<h3>Pr\u00e9parer des r\u00e9ponses aux questions courantes<\/h3>\n<p>Ensuite, nous vous conseillons de pr\u00e9parer des r\u00e9ponses aux <a href=\"\/conseil\/entretien-embauche\/questions-cles\/\">questions courantes pos\u00e9es lors d\u2019un entretien d\u2019embauche<\/a>. Vous savez, cette question \u00ab\u00a0pourquoi vous et pas un autre\u00a0?\u00a0\u00bb par exemple. Cela permet en premier lieu de d\u00e9montrer une solide <strong>compr\u00e9hension de l\u2019entreprise<\/strong>, du poste et de votre propre parcours professionnel. En anticipant et en structurant vos r\u00e9ponses, vous pouvez articuler vos exp\u00e9riences de mani\u00e8re coh\u00e9rente, en mettant en avant vos qualifications ad\u00e9quates pour le poste. Cette pr\u00e9paration offre plusieurs <strong>avantages<\/strong>, \u00e0 savoir\u00a0:<\/p>\n<div class=\"su-list\" style=\"margin-left:10px\">\n<ul>\n<li><i class=\"sui sui-minus\" style=\"color:#FF503D\"><\/i> Renforcer la confiance en soi<\/li>\n<li><i class=\"sui sui-minus\" style=\"color:#FF503D\"><\/i> R\u00e9duire le stress<\/li>\n<li><i class=\"sui sui-minus\" style=\"color:#FF503D\"><\/i> Garantir que vous transmettez un message clair et positif aux potentiels employeurs<\/li>\n<\/ul>\n<\/div>\n<\/p><p>En effet, gr\u00e2ce \u00e0 cette d\u00e9marche, vous ne serez pas surpris par les questions qui vous seront pos\u00e9es et vous pourrez y r\u00e9pondre en toute s\u00e9r\u00e9nit\u00e9 sans paniquer.<\/p>\n<h3>S\u2019entra\u00eener en simulant l\u2019\u00e9change<\/h3>\n<p>S\u2019entra\u00eener en simulant un entretien d\u2019embauche est un bon moyen de favoriser la r\u00e9ussite de celui-ci. Tout d\u2019abord, cela permet de r\u00e9duire le <strong>stress<\/strong> et <strong>l\u2019anxi\u00e9t\u00e9<\/strong> li\u00e9s \u00e0 l\u2019\u00e9change en cr\u00e9ant un environnement d\u2019<strong>apprentissage<\/strong> <strong>contr\u00f4l\u00e9<\/strong>. En vous mettant dans la peau du candidat que vous allez \u00eatre, vous pouvez anticiper les questions potentielles comme mentionn\u00e9 plus t\u00f4t, affiner vos r\u00e9ponses, et perfectionner votre communication non verbale. En parall\u00e8le, la simulation permet d\u2019identifier les points faibles \u00e0 am\u00e9liorer, qu\u2019il s\u2019agisse de comp\u00e9tences de communication, de r\u00e9ponses plus convaincantes ou de la gestion du temps. Afin de mener \u00e0 bien cet entra\u00eenement, vous pouvez tout \u00e0 fait demander \u00e0 l\u2019un de vos proches de jouer le recruteur. Cela vous mettra plus \u00e0 l\u2019aise pour <strong>structurer votre propos<\/strong> et \u00eatre d\u2019attaque le jour j. Prendre un peu de votre temps pour cette simulation d\u2019entretien augmentera vos chances de r\u00e9ussite lors de l\u2019entretien r\u00e9el, car vous serez mieux pr\u00e9par\u00e9 pour faire face aux d\u00e9fis et impressionner les recruteurs.<\/p>\n<p><img loading=\"lazy\" decoding=\"async\" class=\"size-full wp-image-1639 aligncenter\" src=\"https:\/\/le-lodge.fr\/conseil\/wp-content\/uploads\/2022\/03\/creation-1.jpg\" alt=\"Deux personnes qui se serrent la main\" width=\"800\" height=\"533\" srcset=\"https:\/\/le-lodge.fr\/conseil\/wp-content\/uploads\/2022\/03\/creation-1.jpg 800w, https:\/\/le-lodge.fr\/conseil\/wp-content\/uploads\/2022\/03\/creation-1-768x512.jpg 768w, https:\/\/le-lodge.fr\/conseil\/wp-content\/uploads\/2022\/03\/creation-1-736x491.jpg 736w\" sizes=\"(max-width: 800px) 100vw, 800px\" \/><\/p>\n<h2>R\u00e9ussir son entretien sur le moment<\/h2>\n<p>Maintenant que vous vous \u00eates bien pr\u00e9par\u00e9 en amont pour votre entretien d\u2019embauche, il s\u2019agit de tout donner le jour j. Pour cela, nous vous avons r\u00e9serv\u00e9 plusieurs <strong>conseils<\/strong>.<\/p>\n<h3>Adopter une attitude professionnelle<\/h3>\n<p>On dit toujours que c\u2019est la <strong>premi\u00e8re impression<\/strong> qui compte. C\u2019est pourquoi en plus de <a href=\"\/conseil\/entretien-embauche\/valoriser-profil\/\">valoriser votre profil professionnel<\/a> pour l\u2019entretien, il est \u00e9galement n\u00e9cessaire d\u2019adopter une attitude professionnelle. Pour ce faire, il est essentiel de soigner \u00e0 la fois son <strong>comportement<\/strong> et sa <strong>tenue vestimentaire<\/strong>. En ce qui concerne le comportement, il est largement conseill\u00e9 d\u2019arriver \u00e0 l\u2019heure ou l\u00e9g\u00e8rement en avance ainsi que d\u2019afficher une attitude et un langage corporel positifs en s\u2019assurant d\u2019\u00eatre respectueux envers tous les employ\u00e9s de l\u2019entreprise. \u00c9vitez naturellement tout comportement arrogant ou d\u00e9sinvolte.<\/p>\n<p>En ce qui concerne la tenue vestimentaire, nous vous recommandons de choisir des v\u00eatements adapt\u00e9s au secteur et \u00e0 la culture de l\u2019entreprise, privil\u00e9giant des couleurs sobres et des v\u00eatements bien entretenus. Une apparence soign\u00e9e contribue \u00e0 projeter une <strong>image professionnelle<\/strong> et montre que vous avez pris le temps de vous pr\u00e9parer pour l\u2019entretien, ce qui peut influencer positivement la premi\u00e8re impression que vous laissez aux recruteurs.<\/p>\n<h3>Poser des questions pertinentes<\/h3>\n<p>Enfin, nous vous conseillons vivement de poser des <strong>questions pertinentes<\/strong> lors de votre entretien d\u2019embauche. Cela montrera au recruteur votre motivation et votre pr\u00e9paration. De plus, vous pourrez obtenir des informations primordiales pour \u00e9valuer si le poste correspond r\u00e9ellement \u00e0 vos attentes et comp\u00e9tences, tout en donnant l\u2019occasion de discuter des attentes de l\u2019entreprise. En posant des questions pertinentes, vous cr\u00e9ez \u00e9galement une <strong>interaction plus engageante<\/strong>, montrant que vous \u00eates un candidat curieux et capable de penser de mani\u00e8re critique. Interroger pertinemment le recruteur contribue \u00e0 forger une image positive de votre candidature et \u00e0 prendre la bonne d\u00e9cision par rapport \u00e0 l\u2019ad\u00e9quation entre le poste et vos objectifs professionnels.<\/p>\n<h2>Que faire apr\u00e8s l\u2019entretien ?<\/h2>\n<p>\u00c7a y est, vous avez pr\u00e9par\u00e9 votre entretien en amont puis vous avez assur\u00e9 le jour en question. F\u00e9licitations\u00a0! Cependant, \u00e7a ne s\u2019arr\u00eate pas ici puisqu\u2019il vous reste une derni\u00e8re chose \u00e0 faire <strong>apr\u00e8s<\/strong> avoir pass\u00e9 votre entretien.<\/p>\n<h3>Contacter le recruteur pour le remercier<\/h3>\n<p>Une fois l\u2019entretien pass\u00e9, il est d\u2019usage de contacter le recruteur pour le <strong>remercier<\/strong> de vous avoir accord\u00e9 cet entretien. Prendre le temps de le faire, c\u2019est d\u00e9montrer votre professionnalisme, votre courtoisie et votre int\u00e9r\u00eat sinc\u00e8re pour le poste. Cela permet de cr\u00e9er un lien positif avec <strong>l\u2019employeur potentiel<\/strong> et de rappeler votre candidature de mani\u00e8re m\u00e9morable. De plus, un message de remerciement offre une occasion suppl\u00e9mentaire de r\u00e9affirmer vos comp\u00e9tences cl\u00e9s et de r\u00e9pondre \u00e0 toute question non abord\u00e9e lors de l\u2019entretien. Au cours de ce message, n\u2019h\u00e9sitez pas \u00e0 rappeler votre <strong>motivation<\/strong> \u00e0 l\u2019\u00e9gard du poste propos\u00e9. Cette simple \u00e9tape peut faire la diff\u00e9rence en vous d\u00e9marquant des autres candidats et en renfor\u00e7ant votre image aupr\u00e8s du recruteur, ce qui peut jouer un r\u00f4le d\u00e9cisif dans le processus de s\u00e9lection.<\/p>\n<p><img loading=\"lazy\" decoding=\"async\" class=\"size-full wp-image-1635 aligncenter\" src=\"https:\/\/le-lodge.fr\/conseil\/wp-content\/uploads\/2022\/03\/idee.jpg\" alt=\"Illustration d'une ampoule pour exprimer une id\u00e9e\" width=\"800\" height=\"320\" srcset=\"https:\/\/le-lodge.fr\/conseil\/wp-content\/uploads\/2022\/03\/idee.jpg 800w, https:\/\/le-lodge.fr\/conseil\/wp-content\/uploads\/2022\/03\/idee-768x307.jpg 768w\" sizes=\"(max-width: 800px) 100vw, 800px\" \/><\/p>\n<h2><span style=\"color: #FF503D;\">En bref : comment r\u00e9ussir son entretien d\u2019embauche ?r<\/span><\/h2>\n<p>La r\u00e9ussite d\u2019un entretien d\u2019embauche repose sur une pr\u00e9paration minutieuse en amont, une attitude professionnelle le jour J et une d\u00e9marche proactive apr\u00e8s l\u2019entretien.<\/p>\n<p>La recherche approfondie sur l\u2019entreprise, la pr\u00e9paration des r\u00e9ponses aux questions courantes et la simulation de l\u2019entretien contribuent \u00e0 votre confiance et \u00e0 votre capacit\u00e9 \u00e0 impressionner les recruteurs. Une attitude professionnelle, tant en termes de comportement que de tenue vestimentaire, renforce la premi\u00e8re impression que vous laissez. De plus, poser des questions pertinentes montre votre motivation et votre pr\u00e9paration.<\/p>\n<p>Enfin, contacter le recruteur pour le remercier apr\u00e8s l\u2019entretien peut renforcer votre image et rappeler votre candidature de mani\u00e8re m\u00e9morable. En suivant ces conseils, vous maximisez vos chances de r\u00e9ussir haut la main lors de votre prochain entretien d\u2019embauche.<\/p>\n<div class=\"su-spacer\" style=\"height:100px\"><\/div><br>\n<div class=\"su-heading su-heading-style-line-blue su-heading-align-center\" id=\"\" style=\"font-size:16px;margin-bottom:0px\"><div class=\"su-heading-inner\">\n<h5><span class=\"su-highlight\" style=\"background:#FF503D;color:#ffffff\">&nbsp;<span style=\"font-weight: 400;\">Ces articles devraient aussi vous int\u00e9resser<\/span>&nbsp;<\/span><\/h5>\n<\/div><\/div><br>\n<div class=\"su-spacer\" style=\"height:50px\"><\/div><br>\n<ul class=\"cs-samelevel-posts\">\n\t\t\t<li><a href=\"https:\/\/le-lodge.fr\/conseil\/entretien-embauche\/documents\/\"> Quels documents apporter lors d\u2019un entretien d\u2019embauche ?<\/a><\/li>\n\t\t\t<li><a href=\"https:\/\/le-lodge.fr\/conseil\/entretien-embauche\/repondre-aux-questions\/\"> Comment r\u00e9pondre aux questions courantes pos\u00e9es lors d\u2019un entretien d\u2019embauche ?<\/a><\/li>\n\t\t\t<li><a href=\"https:\/\/le-lodge.fr\/conseil\/entretien-embauche\/valoriser-profil\/\"> Entretien d\u2019embauche : nos conseils pour valoriser son profil professionnel<\/a><\/li>\n\t\t\t<li><a href=\"https:\/\/le-lodge.fr\/conseil\/entretien-embauche\/qualites-indispensables\/\"> Les qualit\u00e9s indispensables pour \u00eatre attractif lors d\u2019un entretien d\u2019embauche<\/a><\/li>\n\t\t\t<li><a href=\"https:\/\/le-lodge.fr\/conseil\/entretien-embauche\/questions-cles\/\"> Les questions cl\u00e9s \u00e0 poser au recruteur lors d'un entretien d\u2019embauche<\/a><\/li>\n\t<\/ul>\n\n\n","protected":false},"excerpt":{"rendered":"<p>Vous avez r\u00e9ussi \u00e0 d\u00e9crocher un entretien dans l\u2019entreprise que vous convoitez ? Cette rencontre arrive \u00e0 grands pas et vous aimeriez obtenir des conseils pour exceller lors de celle-ci ? Alors vous \u00eates au bon endroit ! Dans cet article, nous allons vous aider \u00e0 pr\u00e9parer votre entretien d\u2019embauche pour vous d\u00e9marquer le jour [&hellip;]<\/p>\n","protected":false},"author":12,"featured_media":1836,"parent":3015,"menu_order":5,"comment_status":"closed","ping_status":"closed","template":"","meta":{"_seopress_robots_primary_cat":"","_seopress_titles_title":"Comment r\u00e9ussir son entretien d&#039;embauche ? %%sitetitle%%","_seopress_titles_desc":"R\u00e9ussissez vos entretiens avec succ\u00e8s gr\u00e2ce \u00e0 nos conseils pratiques et astuces pour une pr\u00e9sentation impeccable et des r\u00e9ponses convaincantes.","_seopress_robots_index":"","footnotes":""},"_links":{"self":[{"href":"https:\/\/le-lodge.fr\/conseil\/wp-json\/wp\/v2\/pages\/3082"}],"collection":[{"href":"https:\/\/le-lodge.fr\/conseil\/wp-json\/wp\/v2\/pages"}],"about":[{"href":"https:\/\/le-lodge.fr\/conseil\/wp-json\/wp\/v2\/types\/page"}],"author":[{"embeddable":true,"href":"https:\/\/le-lodge.fr\/conseil\/wp-json\/wp\/v2\/users\/12"}],"replies":[{"embeddable":true,"href":"https:\/\/le-lodge.fr\/conseil\/wp-json\/wp\/v2\/comments?post=3082"}],"version-history":[{"count":5,"href":"https:\/\/le-lodge.fr\/conseil\/wp-json\/wp\/v2\/pages\/3082\/revisions"}],"predecessor-version":[{"id":3132,"href":"https:\/\/le-lodge.fr\/conseil\/wp-json\/wp\/v2\/pages\/3082\/revisions\/3132"}],"up":[{"embeddable":true,"href":"https:\/\/le-lodge.fr\/conseil\/wp-json\/wp\/v2\/pages\/3015"}],"wp:featuredmedia":[{"embeddable":true,"href":"https:\/\/le-lodge.fr\/conseil\/wp-json\/wp\/v2\/media\/1836"}],"wp:attachment":[{"href":"https:\/\/le-lodge.fr\/conseil\/wp-json\/wp\/v2\/media?parent=3082"}],"curies":[{"name":"wp","href":"https:\/\/api.w.org\/{rel}","templated":true}]}}