{"id":3063,"date":"2023-10-17T15:18:37","date_gmt":"2023-10-17T13:18:37","guid":{"rendered":"https:\/\/le-lodge.fr\/conseil\/entretien-embauche\/les-qualites-indispensables-pour-etre-attractif-lors-dun-entretien-dembauche\/"},"modified":"2023-10-17T15:29:49","modified_gmt":"2023-10-17T13:29:49","slug":"qualites-indispensables","status":"publish","type":"page","link":"https:\/\/le-lodge.fr\/conseil\/entretien-embauche\/qualites-indispensables\/","title":{"rendered":"Les qualit\u00e9s indispensables pour \u00eatre attractif lors d\u2019un entretien d\u2019embauche"},"content":{"rendered":"<p><span style=\"font-size: 18pt;\">Se d\u00e9marquer sur le march\u00e9 du travail est devenu un enjeu majeur dans notre soci\u00e9t\u00e9 actuelle. Pour mettre toutes les chances de son c\u00f4t\u00e9, lors de la <a href=\"\/conseil\/entretien-embauche\/\">pr\u00e9paration d\u2019un entretien d\u2019embauche<\/a>, il est essentiel de conna\u00eetre et de d\u00e9velopper les <strong>qualit\u00e9s<\/strong> recherch\u00e9es par les <strong>recruteurs<\/strong>. Dans cet article, nous vous pr\u00e9sentons ces caract\u00e9ristiques qui feront de vous un candidat <strong>attrayant<\/strong> et augmenteront vos chances d\u2019acc\u00e9der \u00e0 l\u2019emploi de vos r\u00eaves.<\/span><\/p>\n\n<p>\u00a0<\/p>\n<h2>La rigueur : une qualit\u00e9 non-n\u00e9gociable<\/h2>\n<p>\u00catre <strong>rigoureux<\/strong> signifie que l\u2019on est capable de respecter des r\u00e8gles ou des crit\u00e8res pr\u00e9cis. Cette qualit\u00e9 est fortement appr\u00e9ci\u00e9e par les employeurs car elle permet d\u2019assurer la qualit\u00e9 des produits ou services r\u00e9alis\u00e9s au sein de l\u2019entreprise. Un collaborateur rigoureux sera ainsi capable de tenir ses d\u00e9lais, de r\u00e9diger des documents conform\u00e9ment aux normes \u00e9tablies et de <strong>travailler m\u00e9thodiquement<\/strong> pour atteindre ses objectifs.<\/p>\n<h3>L\u2019organisation et la planification comme t\u00e9moins de la rigueur<\/h3>\n<p>Un \u00e9l\u00e9ment important de la rigueur consiste \u00e0 bien s\u2019organiser et <strong>planifier son travail<\/strong>. Ceci implique d\u2019\u00e9tablir un planning r\u00e9aliste, de g\u00e9rer efficacement son temps pour jongler entre diff\u00e9rentes t\u00e2ches et projets tout en respectant les <strong>contraintes<\/strong> et priorit\u00e9s donn\u00e9es.<\/p>\n<p>\u00a0<\/p>\n<p style=\"text-align: center; font-size: 18pt;\"><b>Vous souhaitez lancer votre bo\u00eete et \u00eates \u00e0 la recherche d\u2019un lieu pour travailler ?<br>\nContactez le Lodge pour d\u00e9buter cette aventure !<\/b><\/p>\n<p style=\"text-align: center;\">Location de salles de r\u00e9union et bureaux avec ou sans domiciliation et espaces de r\u00e9ception.<\/p>\n<p style=\"text-align: center;\"><div class=\"su-button-center\"><span data-atc=\"aHR0cHM6Ly9sZS1sb2RnZS5mci9jb250YWN0ZXotbm91cy8=\" class=\"su-button su-button-style-flat atc pop\" style=\" cursor: pointer; color:#FFFFFF;background-color:#FF503D;border-color:;0px;\" target=\"_blank\" rel=\"noopener noreferrer\">\r\n\t\r\n\t\r\n\t<span style=\";padding:8px 26px;font-size:20px;line-height:30px;border-color:;border-radius:0px;-moz-border-radius:0px;-webkit-border-radius:0px;text-shadow:none;-moz-text-shadow:none;-webkit-text-shadow:none;background-color: #FF503D; color:#FFFFFF !important\"> <i class=\"sui sui-pencil-square-o\" style=\"\" aria-label=\"\"><\/i>Envoyer ma demande <\/span>\r\n\r\n<\/span><\/div>\n<p>\u00a0<\/p>\n<h2>Une aisance relationnelle pour s\u2019int\u00e9grer facilement<\/h2>\n<p>M\u00eame si un candidat d\u00e9montre des <strong>comp\u00e9tences techniques<\/strong> solides, il doit \u00e9galement avoir une bonne communication et capacit\u00e9 \u00e0 travailler en \u00e9quipe. Les recruteurs recherchent souvent des personnes sociables, qui savent se montrer \u00e0 l\u2019\u00e9coute et capables de s\u2019y <strong>int\u00e9grer facilement<\/strong>.<\/p>\n<h3>Empathie et assertivit\u00e9 pour bien communiquer<\/h3>\n<p>L\u2019empathie permet de comprendre les besoins et attentes des interlocuteurs, tandis que l\u2019assertivit\u00e9 consiste \u00e0 exprimer ses id\u00e9es ou opinions de mani\u00e8re claire et respectueuse. Ma\u00eetriser ces deux comp\u00e9tences est essentiel pour instaurer une <strong>atmosph\u00e8re de travail agr\u00e9able<\/strong> et favoriser la collaboration entre coll\u00e8gues.<\/p>\n<p><img loading=\"lazy\" decoding=\"async\" class=\"size-full wp-image-1635 aligncenter\" src=\"https:\/\/le-lodge.fr\/conseil\/wp-content\/uploads\/2022\/03\/idee.jpg\" alt=\"Illustration d'une ampoule pour exprimer une id\u00e9e\" width=\"800\" height=\"320\" srcset=\"https:\/\/le-lodge.fr\/conseil\/wp-content\/uploads\/2022\/03\/idee.jpg 800w, https:\/\/le-lodge.fr\/conseil\/wp-content\/uploads\/2022\/03\/idee-768x307.jpg 768w\" sizes=\"(max-width: 800px) 100vw, 800px\" \/><\/p>\n<h2>Autonomie : \u00eatre capable de se prendre en main<\/h2>\n<p>Les recruteurs appr\u00e9cient les candidats autonomes car ils n\u00e9cessitent moins de <strong>supervision<\/strong> et de <strong>contr\u00f4le<\/strong>. L\u2019autonomie signifie qu\u2019une personne sait g\u00e9rer son temps et prendre des d\u00e9cisions sans l\u2019intervention syst\u00e9matique de ses sup\u00e9rieurs. Bien entendu, cela ne veut pas dire que l\u2019on doit se passer totalement d\u2019aide ou de conseil, mais plut\u00f4t savoir quand et comment <strong>demander de l\u2019assistance<\/strong>.<\/p>\n<h3>G\u00e9rer ses priorit\u00e9s et r\u00e9soudre les probl\u00e8mes<\/h3>\n<p>Une personne autonome sera notamment capable de d\u00e9terminer les priorit\u00e9s dans son travail et de s\u2019y tenir, ainsi que de trouver des solutions pour <strong>r\u00e9soudre les diff\u00e9rents d\u00e9fis<\/strong> auxquels elle fera face.<\/p>\n<h2>Adaptabilit\u00e9 : s\u2019ajuster aux changements avec succ\u00e8s<\/h2>\n<p>Le monde du travail \u00e9volue constamment, et les entreprises doivent s\u2019adapter pour rester comp\u00e9titives. Les recruteurs recherchent donc des candidats capables de se montrer <strong>flexibles et r\u00e9actifs face aux changements<\/strong>. Ces derniers devront ainsi \u00eatre pr\u00eats \u00e0 apprendre de nouveaux outils, m\u00e9thodes ou processus si besoin.<\/p>\n<h3>Formation continue et cr\u00e9ativit\u00e9 pour rester comp\u00e9titif<\/h3>\n<p>Afin de d\u00e9montrer une v\u00e9ritable adaptabilit\u00e9, il est important d\u2019enrichir r\u00e9guli\u00e8rement ses connaissances et comp\u00e9tences par le biais de <strong>formations professionnelles<\/strong>. La cr\u00e9ativit\u00e9 est \u00e9galement un atout pr\u00e9cieux, puisqu\u2019elle permettra de trouver des id\u00e9es innovantes pour r\u00e9soudre diverses probl\u00e9matiques.<\/p>\n<h2>Les autres qualit\u00e9s appr\u00e9ci\u00e9es en entretien d\u2019embauche<\/h2>\n<p>Bien que <strong>moins primordiales<\/strong>, certaines qualit\u00e9s sont toujours bienvenues lorsqu\u2019un employeur cherche \u00e0 embaucher. En voici quelques-unes :<\/p>\n<div class=\"su-list\" style=\"margin-left:10px\">\n<ul>\n<li><i class=\"sui sui-minus\" style=\"color:#FF503D\"><\/i> <strong>La curiosit\u00e9<\/strong> : chercher \u00e0 comprendre et \u00e0 apprendre en permanence sera appr\u00e9ci\u00e9.<\/li>\n<li><i class=\"sui sui-minus\" style=\"color:#FF503D\"><\/i> <strong>La pers\u00e9v\u00e9rance<\/strong> : ne pas abandonner face aux obstacles rencontr\u00e9s et trouver des solutions pour les surmonter.<\/li>\n<li><i class=\"sui sui-minus\" style=\"color:#FF503D\"><\/i> <strong>L&rsquo;esprit d&rsquo;\u00e9quipe<\/strong> : participer activement au d\u00e9veloppement du groupe en soutenant ses coll\u00e8gues a un impact positif sur l&rsquo;entreprise dans son ensemble.<\/li>\n<li><i class=\"sui sui-minus\" style=\"color:#FF503D\"><\/i> <strong>La prise d&rsquo;initiative<\/strong> : proposer des id\u00e9es ou actions pour am\u00e9liorer l&rsquo;efficacit\u00e9 du travail, sans attendre qu&rsquo;on nous le demande.<\/li>\n<\/ul>\n<\/div>\n<\/p><p>\u00a0<\/p>\n<p><img loading=\"lazy\" decoding=\"async\" class=\"size-full wp-image-1639 aligncenter\" src=\"https:\/\/le-lodge.fr\/conseil\/wp-content\/uploads\/2022\/03\/creation-1.jpg\" alt=\"Deux personnes qui se serrent la main\" width=\"800\" height=\"533\" srcset=\"https:\/\/le-lodge.fr\/conseil\/wp-content\/uploads\/2022\/03\/creation-1.jpg 800w, https:\/\/le-lodge.fr\/conseil\/wp-content\/uploads\/2022\/03\/creation-1-768x512.jpg 768w, https:\/\/le-lodge.fr\/conseil\/wp-content\/uploads\/2022\/03\/creation-1-736x491.jpg 736w\" sizes=\"(max-width: 800px) 100vw, 800px\" \/><\/p>\n<p>\u00a0<\/p>\n<h2><span style=\"color: #FF503D;\">En bref : les qualit\u00e9s indispensables pour \u00eatre attractif aux yeux des recruteurs<\/span><\/h2>\n<p>Pour r\u00e9ussir lors d\u2019un entretien d\u2019embauche et se d\u00e9marquer sur le march\u00e9 du travail, il est n\u00e9cessaire de poss\u00e9der et de d\u00e9velopper un ensemble de qualit\u00e9s recherch\u00e9es par les recruteurs.<\/p>\n<p>La rigueur, l\u2019organisation, l\u2019aisance relationnelle, l\u2019empathie, l\u2019autonomie, la gestion des priorit\u00e9s, l\u2019adaptabilit\u00e9, la formation continue, et la cr\u00e9ativit\u00e9 sont autant d\u2019atouts qui feront de vous un candidat attrayant. De plus, des qualit\u00e9s telles que la curiosit\u00e9, la pers\u00e9v\u00e9rance, l\u2019esprit d\u2019\u00e9quipe, et la prise d\u2019initiative peuvent \u00e9galement contribuer \u00e0 votre succ\u00e8s professionnel.<\/p>\n<p>En cultivant ces caract\u00e9ristiques, vous maximisez vos chances d\u2019acc\u00e9der \u00e0 l\u2019emploi de vos r\u00eaves et de vous d\u00e9marquer sur le march\u00e9 du travail.<\/p>\n<div class=\"su-spacer\" style=\"height:100px\"><\/div><br>\n<div class=\"su-heading su-heading-style-line-blue su-heading-align-center\" id=\"\" style=\"font-size:16px;margin-bottom:0px\"><div class=\"su-heading-inner\">\n<h5><span class=\"su-highlight\" style=\"background:#FF503D;color:#ffffff\">&nbsp;<span style=\"font-weight: 400;\">Ces articles devraient aussi vous int\u00e9resser<\/span>&nbsp;<\/span><\/h5>\n<\/div><\/div><br>\n<div class=\"su-spacer\" style=\"height:50px\"><\/div><br>\n<ul class=\"cs-samelevel-posts\">\n\t\t\t<li><a href=\"https:\/\/le-lodge.fr\/conseil\/entretien-embauche\/documents\/\"> Quels documents apporter lors d\u2019un entretien d\u2019embauche ?<\/a><\/li>\n\t\t\t<li><a href=\"https:\/\/le-lodge.fr\/conseil\/entretien-embauche\/repondre-aux-questions\/\"> Comment r\u00e9pondre aux questions courantes pos\u00e9es lors d\u2019un entretien d\u2019embauche ?<\/a><\/li>\n\t\t\t<li><a href=\"https:\/\/le-lodge.fr\/conseil\/entretien-embauche\/valoriser-profil\/\"> Entretien d\u2019embauche : nos conseils pour valoriser son profil professionnel<\/a><\/li>\n\t\t\t<li><a href=\"https:\/\/le-lodge.fr\/conseil\/entretien-embauche\/questions-cles\/\"> Les questions cl\u00e9s \u00e0 poser au recruteur lors d'un entretien d\u2019embauche<\/a><\/li>\n\t\t\t<li><a href=\"https:\/\/le-lodge.fr\/conseil\/entretien-embauche\/nos-conseils-pour-reussir\/\"> Entretien d\u2019embauche : nos conseils pour le r\u00e9ussir haut la main<\/a><\/li>\n\t<\/ul>\n\n\n","protected":false},"excerpt":{"rendered":"<p>Se d\u00e9marquer sur le march\u00e9 du travail est devenu un enjeu majeur dans notre soci\u00e9t\u00e9 actuelle. Pour mettre toutes les chances de son c\u00f4t\u00e9, lors de la pr\u00e9paration d\u2019un entretien d\u2019embauche, il est essentiel de conna\u00eetre et de d\u00e9velopper les qualit\u00e9s recherch\u00e9es par les recruteurs. Dans cet article, nous vous pr\u00e9sentons ces caract\u00e9ristiques qui feront [&hellip;]<\/p>\n","protected":false},"author":12,"featured_media":1836,"parent":3015,"menu_order":3,"comment_status":"closed","ping_status":"closed","template":"","meta":{"_seopress_robots_primary_cat":"","_seopress_titles_title":"Les qualit\u00e9s \u00e0 avoir lors d\u2019un entretien %%sep%% %%sitetitle%%","_seopress_titles_desc":"Pour d\u00e9crocher l&#039;emploi de vos r\u00eaves, d\u00e9couvrez les qualit\u00e9s recherch\u00e9es par les recruteurs et comment les d\u00e9velopper pour vous d\u00e9marquer sur le march\u00e9 du travail.","_seopress_robots_index":"","footnotes":""},"_links":{"self":[{"href":"https:\/\/le-lodge.fr\/conseil\/wp-json\/wp\/v2\/pages\/3063"}],"collection":[{"href":"https:\/\/le-lodge.fr\/conseil\/wp-json\/wp\/v2\/pages"}],"about":[{"href":"https:\/\/le-lodge.fr\/conseil\/wp-json\/wp\/v2\/types\/page"}],"author":[{"embeddable":true,"href":"https:\/\/le-lodge.fr\/conseil\/wp-json\/wp\/v2\/users\/12"}],"replies":[{"embeddable":true,"href":"https:\/\/le-lodge.fr\/conseil\/wp-json\/wp\/v2\/comments?post=3063"}],"version-history":[{"count":5,"href":"https:\/\/le-lodge.fr\/conseil\/wp-json\/wp\/v2\/pages\/3063\/revisions"}],"predecessor-version":[{"id":3069,"href":"https:\/\/le-lodge.fr\/conseil\/wp-json\/wp\/v2\/pages\/3063\/revisions\/3069"}],"up":[{"embeddable":true,"href":"https:\/\/le-lodge.fr\/conseil\/wp-json\/wp\/v2\/pages\/3015"}],"wp:featuredmedia":[{"embeddable":true,"href":"https:\/\/le-lodge.fr\/conseil\/wp-json\/wp\/v2\/media\/1836"}],"wp:attachment":[{"href":"https:\/\/le-lodge.fr\/conseil\/wp-json\/wp\/v2\/media?parent=3063"}],"curies":[{"name":"wp","href":"https:\/\/api.w.org\/{rel}","templated":true}]}}