{"id":306,"date":"2021-04-26T09:41:15","date_gmt":"2021-04-26T07:41:15","guid":{"rendered":"https:\/\/le-lodge.fr\/conseil\/?page_id=306"},"modified":"2023-02-01T09:41:56","modified_gmt":"2023-02-01T08:41:56","slug":"coworking","status":"publish","type":"page","link":"https:\/\/le-lodge.fr\/conseil\/open-space\/coworking\/","title":{"rendered":"Coworking : qu&rsquo;est-ce que c&rsquo;est ? La d\u00e9finition du coworking"},"content":{"rendered":"<p>Le coworking\u00a0? Les immobilistes poussaient alors des cris d\u2019orfraie\u00a0: un effet de mode anglo-saxon, passager, rien de plus. C\u2019\u00e9tait fort mal anticiper la profonde mutation des standards et des codes du travail. Avec l\u2019apparition des nouveaux m\u00e9tiers du num\u00e9rique, le travail s\u2019est \u00e9mancip\u00e9, ses lignes tendent vers toujours plus de <strong>flexibilit\u00e9<\/strong> et de <strong>libert\u00e9<\/strong>. Depuis une vingtaine d\u2019ann\u00e9es, l\u2019organisation du travail est modifi\u00e9e dans ses composantes essentielles, et avec elles, la notion m\u00eame du bureau et de la s\u00e9dentarit\u00e9 professionnelle, telle l\u2019explosion de l\u2019<a href=\"https:\/\/le-lodge.fr\/conseil\/open-space\/\">open space<\/a>. Ce n\u2019est plus un mouvement marginal promis aux seuls freelances ou aux startups ; il s\u2019adresse \u00e0 toutes les strates de l\u2019activit\u00e9, de l\u2019auto-entreprenariat jusqu\u2019aux entreprises conventionnelles. <strong>Qu\u2019est-ce que le coworking\u00a0?<\/strong> Voici, notre r\u00e9ponse, voici, sa d\u00e9finition, la plus exhaustive possible. <em>Vous \u00eates pr\u00eats pour un brin de lecture collaborative\u00a0?<\/em><\/p>\n\n<p class=\"p1\"><div class=\"su-youtube su-u-responsive-media-yes\"><iframe loading=\"lazy\" width=\"600\" height=\"400\" src=\"https:\/\/www.youtube.com\/embed\/XzlLwawQp_8?\" frameborder=\"0\" allowfullscreen allow=\"autoplay; encrypted-media; picture-in-picture\" title=\"\"><\/iframe><\/div>\n<h2>Les origines du coworking<\/h2>\n<p>Vers la fin des ann\u00e9es 90, la r\u00e9volution num\u00e9rique, le web, les r\u00e9seaux sociaux ont fait \u00e9merger de nouveaux m\u00e9tiers, des pionniers qui d\u00e9frichaient les zones grises de nouvelles m\u00e9thodes de travail. Les webdesigners, les d\u00e9veloppeurs, les administrateurs syst\u00e8mes, les charg\u00e9s de marketing digital allaient r\u00e9volutionner plus profond\u00e9ment qu\u2019ils ne le pensaient les m\u00e9thodes de travail s\u00e9culaires. Le <strong><em>remote worker<\/em><\/strong> voyait le jour, ce salari\u00e9 satellite, travailleur ind\u00e9pendant, non ancr\u00e9 \u00e0 un lieu de travail officiel en entreprise. Pour pallier les d\u00e9sagr\u00e9ments de l\u2019isolement de ces nouveaux profils \u2013 aujourd\u2019hui tout le monde sait ce que le travail \u00e0 domicile, le t\u00e9l\u00e9travail, peut avoir de nocif -, des <strong>lieux collaboratifs<\/strong> ont fait surface, de mani\u00e8re inattendue et spontan\u00e9e, d\u2019abord \u00e0 Berlin d\u00e8s les ann\u00e9es 90, sous forme de prototypes dits <i>hackerspaces, <\/i>puis, bien s\u00fbr, en Californie, \u00e9tat capital de la digitalisation des m\u0153urs. San Francisco a vu \u00e9clore d\u00e8s 2005, <strong>les premiers espaces de travail commun<\/strong> qui \u00ab\u00a0cassaient\u00a0\u00bb les solitudes des digital workers. Des tiers-lieux comme <em>The Spiral Muse<\/em>, <em>The Hat Factory<\/em>\u00a0ou <em>Citizen Space<\/em> allaient devenir bien plus tard, des pr\u00e9curseurs embl\u00e9matiques des espaces de coworking. Une id\u00e9e simple, la location de bureaux \u00e0 partager dans un cadre atypique et b\u00e9n\u00e9ficiant d\u2019une connexion internet haut-d\u00e9bit. Exit les bureaux ferm\u00e9s, les bureaux individuels, les bureaux gris, les bureaux maussades. Une utopie du bon sens. Travailler ensemble pour travailler autrement.<\/p>\n<h2>L\u2019irr\u00e9m\u00e9diable ascension des espaces de coworking<\/h2>\n<p>En France, le <strong>premier espace de coworking<\/strong>, \u00ab\u00a0La Cantine\u00a0\u00bb (d\u00e9sormais Numa), a vu le jour en <strong>2008<\/strong> \u00e0 Paris. Dans le quasi m\u00eame temps, l\u2019espace partag\u00e9 \u00ab\u00a0la Boate\u00a0\u00bb, apparaissait \u00e0 Marseille. Il y avait cette ann\u00e9e-l\u00e0, un peu moins de 200 espaces de travail collaboratif. La progression de ce nouvel espace de travail allait se faire crescendo, piano pour d\u00e9buter, en 2015, 600 espaces de coworking se c\u00f4toyaient en France, <strong>600 en 2017, et pr\u00e8s de 1700 en 2019<\/strong>. Cela repr\u00e9sente plus d\u2019un million de m\u00e8tres carr\u00e9s d\u2019espaces de coworking en France. Les espaces de coworking avaient tripl\u00e9 en moins de 3 ans. Une fulgurante ascension malmen\u00e9e par l\u2019introduction en Bourse rat\u00e9e du g\u00e9ant des bureaux partag\u00e9s WeWork, puis, par la crise sanitaire.<\/p>\n<p>Mais le coworking, pour celui qui en douterait, n\u2019en est qu\u2019\u00e0 ses premiers balbutiements, <strong>2\/3 des espaces ouverts ont moins de 3 ans<\/strong>. En 2020, les espaces de coworking ne repr\u00e9sentaient que 2% des surfaces de bureaux en France, mais les projections des sp\u00e9cialistes du secteur annon\u00e7aient 15 \u00e0 20% de surfaces flexibles dans les 10 ans \u00e0 venir. Le futur du travail s\u2019\u00e9crira de toute fa\u00e7on dans les espaces de coworking. L\u2019<a href=\"https:\/\/le-lodge.fr\/conseil\/open-space\/amenager\/\">am\u00e9nagement du poste de travail<\/a> ne cessera de s\u2019am\u00e9liorer\u2026<\/p>\n<p style=\"text-align: center; font-size: 18pt;\"><b>Vous souhaitez louer un espace de coworking adapt\u00e9 \u00e0 vos besoins ? Contactez le Lodge, votre centre d\u2019affaires \u00e0 Strasbourg !<\/b><\/p>\n<p style=\"text-align: center;\">Location de salles de r\u00e9union et bureaux avec ou sans domiciliation et espaces de r\u00e9ception.<\/p>\n<p style=\"text-align: center;\"><div class=\"su-button-center\"><span data-atc=\"aHR0cHM6Ly9sZS1sb2RnZS5mci9jb250YWN0ZXotbm91cy8=\" class=\"su-button su-button-style-flat atc pop\" style=\" cursor: pointer; color:#FFFFFF;background-color:#FF503D;border-color:;0px;\" target=\"_blank\" rel=\"noopener noreferrer\">\r\n\t\r\n\t\r\n\t<span style=\";padding:8px 26px;font-size:20px;line-height:30px;border-color:;border-radius:0px;-moz-border-radius:0px;-webkit-border-radius:0px;text-shadow:none;-moz-text-shadow:none;-webkit-text-shadow:none;background-color: #FF503D; color:#FFFFFF !important\"> <i class=\"sui sui-pencil-square-o\" style=\"\" aria-label=\"\"><\/i>Envoyer ma demande <\/span>\r\n\r\n<\/span><\/div>\n<p>\u00a0<\/p>\n<p><img loading=\"lazy\" decoding=\"async\" class=\"aligncenter wp-image-319 size-full\" src=\"https:\/\/le-lodge.fr\/conseil\/wp-content\/uploads\/2021\/04\/Coworking-C.jpg\" alt=\"Un bel espace de coworking en bois sur fond noir\" width=\"1200\" height=\"574\" srcset=\"https:\/\/le-lodge.fr\/conseil\/wp-content\/uploads\/2021\/04\/Coworking-C.jpg 1200w, https:\/\/le-lodge.fr\/conseil\/wp-content\/uploads\/2021\/04\/Coworking-C-800x383.jpg 800w, https:\/\/le-lodge.fr\/conseil\/wp-content\/uploads\/2021\/04\/Coworking-C-768x367.jpg 768w\" sizes=\"(max-width: 1200px) 100vw, 1200px\" \/><\/p>\n<h2>Notre d\u00e9finition du coworking<\/h2>\n<p>Pour beaucoup de nouveaux actifs issus des g\u00e9n\u00e9rations Y et Z, le travail n\u2019est plus per\u00e7u comme subi. Ils se veulent acteurs et responsables de leur carri\u00e8re. Il n\u2019est plus question de n\u2019\u00eatre qu\u2019un simple et sombre employ\u00e9, mais un v\u00e9ritable <strong>collaborateur<\/strong>. Cette nouvelle notion de l\u2019activit\u00e9 professionnelle passe par <strong>plus de flexibilit\u00e9<\/strong>, <strong>de mobilit\u00e9<\/strong>, <strong>dans un cadre \u00e9panouissant<\/strong>. Pour r\u00e9pondre aux attentes de ces nomades id\u00e9alistes (mais sans id\u00e9al, point de vision \u00e0 long terme), le \u00ab <strong>tiers-lieu\u00a0<\/strong>\u00bb a ouvert ses portes. <a href=\"https:\/\/le-lodge.fr\/conseil\/open-space\/coworking\/avantages-inconvenients\/\">Coworking les avantages et inconv\u00e9nients<\/a> ? Il \u00e9tait devenu capital de faire avancer les \u00e9changes de bons proc\u00e9d\u00e9s et les synergies. Partager, collaborer et avancer ensemble. Mettre l\u2019\u00e9mulation et la cr\u00e9ativit\u00e9 au centre des nouveaux espaces de travail. Pas forc\u00e9ment au go\u00fbt de toutes les personnalit\u00e9s\u2026<\/p>\n<p>Qu\u2019est-ce que le coworking au sens strict ? Le co-working ? Le travail collectif, le co-travail, le travail collaboratif ? Le coworking ne r\u00e9unit pas comme un open-space des salari\u00e9s de la m\u00eame entreprise. C\u2019est un melting-pot. Les coworkers ont des activit\u00e9s diff\u00e9rentes. Les autoentrepreneurs, les cr\u00e9ateurs de start-up, les freelances, les remote workers et les \u00e9tudiants se c\u00f4toient au sein d\u2019<strong>espaces communs<\/strong> et d\u2019<strong>infrastructures<\/strong> : cadre chaleureux, cuisine, espace d\u00e9tente, espace de loisir, salles de r\u00e9union etc. Les espaces de travail partag\u00e9s b\u00e9n\u00e9ficient de mat\u00e9riel de qualit\u00e9 (imprimante, scanner, \u00e9cran etc.) et de services, comme le service de domiciliation ou le service de courrier.<strong> Le coworking est un espace de travail collaboratif entre diff\u00e9rents travailleurs d\u2019horizons \u00e9pars r\u00e9unis dans la m\u00eame envie de r\u00e9ussir.\u00a0<\/strong>Ils disposent de postes de travail qui leur <strong>co\u00fbtent bien moins qu\u2019une location de bureaux<\/strong>.<\/p>\n<p>Vous \u00eates \u00e0 la recherche d\u2019un lieu id\u00e9al pour travailler mais vous ignorez <a href=\"https:\/\/le-lodge.fr\/conseil\/open-space\/coworking\/lieux\/\">o\u00f9 trouver un espace de coworking<\/a> ? D\u00e9couvrez notre guide, qui, nous l\u2019esp\u00e9rons, vous aidera \u00e0 trouver l\u2019endroit parfait pour vos futurs projets professionnels.<\/p>\n<p>Les <a href=\"https:\/\/le-lodge.fr\/conseil\/open-space\/coworking\/prix\/\">prix des espaces de coworking<\/a> jouissent d\u2019une grande flexibilit\u00e9 et c\u2019est ce qui les rend \u00f4 combien attractifs. <strong>Si vous \u00eates un nomade en qu\u00eate de souplesse<\/strong>, vous pouvez payer des bureaux non attribu\u00e9s, \u00e0 la carte, au temps pass\u00e9 devant le poste de travail, \u00e0 l\u2019heure, \u00e0 la demi-journ\u00e9e ou \u00e0 la journ\u00e9e. La solution id\u00e9ale pour le flex office par exemple. Si, au contraire, <strong>vous \u00eates plut\u00f4t s\u00e9dentaire<\/strong> vous pouvez opter pour un forfait au mois ou \u00e0 l\u2019ann\u00e9e pour votre entreprise. Open space, bureaux ferm\u00e9s collectifs ou bureaux individuels intimistes, les espaces de coworking r\u00e9pondent \u00e0 toutes vos demandes. De la m\u00eame mani\u00e8re, les espaces de coworking vous fourniront sporadiquement ou r\u00e9guli\u00e8rement si votre entreprise en a la n\u00e9cessit\u00e9 : un espace de r\u00e9union, un espace de conf\u00e9rence, un endroit pour accueillir votre client\u00e8le. Le coworking, le cam\u00e9l\u00e9on.<\/p>\n<div class=\"su-row\"><div class=\"su-column su-column-size-2-3\"><div class=\"su-column-inner su-u-clearfix su-u-trim\">Le coworking reste avant tout un lieu d\u2019\u00e9change. En moyenne 41% de la surface attribu\u00e9e au coworking est d\u00e9di\u00e9e aux <strong>espaces communs<\/strong>.<\/div><\/div>\n<div class=\"su-column su-column-size-1-3\"><div class=\"su-column-inner su-u-clearfix su-u-trim\"><div class=\"sue-progress-pie sue-progress-pie-align-center\" style=\"width:180px;height:180px\" data-percent=\"41\" data-size=\"180\" data-pie_width=\"30\" data-pie_color=\"#b9e092\" data-fill_color=\"#259C36\"><canvas width=\"180\" height=\"180\"><\/canvas><div style=\"color:#259C36;line-height:180px;font-size:40px\"><span class=\"sue-progress-pie-before\"><\/span><span class=\"sue-progress-pie-text\">41<\/span><span class=\"sue-progress-pie-after\">%<\/span><\/div><\/div><\/div><\/div><br>\n<\/div>\n<div class=\"su-box su-box-style-default su_custom_zone\" id=\"\" style=\"border-color:#006903;border-radius:3px\"><div class=\"su-box-title\" style=\"background-color:#259C36;color:#FFFFFF;border-top-left-radius:1px;border-top-right-radius:1px\">Le saviez-vous ? \ud83e\udd14 Le corpoworking ? \ud83e\udd14<\/div><div class=\"su-box-content su-u-clearfix su-u-trim\" style=\"border-bottom-left-radius:1px;border-bottom-right-radius:1px\">Un tournant dans l\u2019offre des entreprises de coworking s\u2019est op\u00e9r\u00e9 en 2020. Les op\u00e9rateurs ne misent plus seulement sur des espaces situ\u00e9s en c\u0153ur de ville, mais sur <strong>des prestations de bureau op\u00e9r\u00e9 pour compte de tiers<\/strong>, utilisateurs ou propri\u00e9taires, qu\u2019on nomme corpoworking.<\/div><\/div>\n<\/p><p><img loading=\"lazy\" decoding=\"async\" class=\"aligncenter wp-image-318 size-full\" src=\"https:\/\/le-lodge.fr\/conseil\/wp-content\/uploads\/2021\/04\/Coworking-B.jpg\" alt=\"De jeunes entrepreneurs travaillent et \u00e9changent sur la terrasse ensoleill\u00e9e d'un espace de coworking comme celle du Lodge, centre d'affaires \u00e0 Strasbourg\" width=\"1200\" height=\"677\" srcset=\"https:\/\/le-lodge.fr\/conseil\/wp-content\/uploads\/2021\/04\/Coworking-B.jpg 1200w, https:\/\/le-lodge.fr\/conseil\/wp-content\/uploads\/2021\/04\/Coworking-B-800x451.jpg 800w, https:\/\/le-lodge.fr\/conseil\/wp-content\/uploads\/2021\/04\/Coworking-B-768x433.jpg 768w, https:\/\/le-lodge.fr\/conseil\/wp-content\/uploads\/2021\/04\/Coworking-B-540x304.jpg 540w, https:\/\/le-lodge.fr\/conseil\/wp-content\/uploads\/2021\/04\/Coworking-B-344x194.jpg 344w, https:\/\/le-lodge.fr\/conseil\/wp-content\/uploads\/2021\/04\/Coworking-B-1128x635.jpg 1128w\" sizes=\"(max-width: 1200px) 100vw, 1200px\" \/><\/p>\n<h2>Le Lodge, le cowork\u2019in Strasbourg<\/h2>\n<p>Vous vous demandez <a href=\"https:\/\/le-lodge.fr\/conseil\/open-space\/coworking\/comment-choisir\/\">comment choisir un espace de coworking<\/a> ? Le Lodge, centre d\u2019affaires convivial et chaleureux, est la r\u00e9ponse. C\u2019est un acteur bien ancr\u00e9 du coworking strasbourgeois, pionnier des bienfaits de l\u2019espace partag\u00e9. Il y a 8 ans d\u00e9j\u00e0. Il a mis naturellement en place les codes de tout bon espace de coworking qui se respecte, agen\u00e7ant autour du patio lumineux, des lieux flexibles d\u2019\u00e9mulation collective, salles de r\u00e9union modulables, terrasse am\u00e9nag\u00e9e, salle de loisir avec billard, cuisine \u00e9quip\u00e9e etc. Vous voulez un bureau confortable, un bureau individuel, une connexion ultra-rapide, un canap\u00e9 pour r\u00e9fl\u00e9chir et cogiter, une table pour faire jaillir les bonnes id\u00e9es, ou \u00e9changer, une salle de r\u00e9union pour mettre au point votre strat\u00e9gie, un bar pour discuter, un fauteuil sur la terrasse pour tirer le meilleur parti de vos aptitudes ? Le Lodge favorise <strong>la coop\u00e9ration et l\u2019\u00e9change de comp\u00e9tence<\/strong>, il est en ce sens, inscrit dans la ligne historique des meilleurs espaces de coworking. Il offre un cadre de travail et des infrastructures dignes d\u2019une grande entreprise, que les porteurs de projet, les ind\u00e9pendants, les travailleurs nomades, seuls, en leur nom, ne pourraient pas prendre en charge financi\u00e8rement. Venez g\u00e9n\u00e9rer de l\u2019enthousiasme, pour <strong>encourager au mieux votre activit\u00e9<\/strong>. <em>Plus vous partagez, plus vous recevez<\/em>.<\/p>\n<div class=\"su-row\"><div class=\"su-column su-column-size-2-3\"><div class=\"su-column-inner su-u-clearfix su-u-trim\"> Le Lodge, comme 71 % des lieux de coworking organisent r\u00e9guli\u00e8rement des\u00a0<strong>\u00e9v\u00e9nements\u00a0<\/strong>pour leur communaut\u00e9.<\/div><\/div>\n<div class=\"su-column su-column-size-1-3\"><div class=\"su-column-inner su-u-clearfix su-u-trim\"><div class=\"sue-progress-pie sue-progress-pie-align-center\" style=\"width:180px;height:180px\" data-percent=\"71\" data-size=\"180\" data-pie_width=\"30\" data-pie_color=\"#b9e092\" data-fill_color=\"#259C36\"><canvas width=\"180\" height=\"180\"><\/canvas><div style=\"color:#259C36;line-height:180px;font-size:40px\"><span class=\"sue-progress-pie-before\"><\/span><span class=\"sue-progress-pie-text\">71<\/span><span class=\"sue-progress-pie-after\">%<\/span><\/div><\/div><\/div><\/div><br>\n<\/div>\n<\/p><h2><span style=\"color: #FF503D;\">L\u2019essentiel \u00e0 retenir<\/span><\/h2>\n<p><strong>Qu\u2019est-ce que le coworking ? Quelle est la meilleure d\u00e9finition du coworking ? Tout savoir sur le coworking, le bureau partag\u00e9.\u00a0<\/strong><\/p>\n<div class=\"su-list\" style=\"margin-left:10px\">\n<ul>\n<li><i class=\"sui sui-star\" style=\"color:#FF503D\"><\/i> Les nouveaux m\u00e9tiers du digital ont fait exploser les codes traditionnels du travail.<\/li>\n<li><i class=\"sui sui-star\" style=\"color:#FF503D\"><\/i> Pour r\u00e9pondre \u00e0 la solitude, aux attentes et aux contraintes des remote workers, les premiers espaces de coworking ont vu le jour \u00e0 San Fransisco puis \u00e0 Berlin en Europe.<\/li>\n<li><i class=\"sui sui-star\" style=\"color:#FF503D\"><\/i> \u00c0 Paris, le premier \u00e9tablissement de coworking fran\u00e7ais a ouvert ses portes en 2008. La Cantine.<\/li>\n<li><i class=\"sui sui-star\" style=\"color:#FF503D\"><\/i> <strong>Le nombre d\u2019espaces de coworking est pass\u00e9 de 250 en 2014 \u00e0 1700 en 2019<\/strong>. C\u2019est une petite r\u00e9volution.<\/li>\n<li><i class=\"sui sui-star\" style=\"color:#FF503D\"><\/i> Le coworking est <strong>un espace de travail partag\u00e9<\/strong>, un espace de travail commun.<\/li>\n<li><i class=\"sui sui-star\" style=\"color:#FF503D\"><\/i> Les <strong>coworkers n\u2019ont pas le m\u00eame employeur<\/strong> et ne sont pas du m\u00eame secteur.<\/li>\n<li><i class=\"sui sui-star\" style=\"color:#FF503D\"><\/i> En moyenne, <strong>41% des espaces de coworking sont occup\u00e9s par des espaces communs,<\/strong> comme les salles de r\u00e9union, les espaces de d\u00e9tente et de loisir.<\/li>\n<li><i class=\"sui sui-star\" style=\"color:#FF503D\"><\/i> L\u2019espace de coworking est <strong>un lieu d\u2019\u00e9change collaboratif<\/strong> favorisant la cr\u00e9ativit\u00e9 et la r\u00e9ussite individuelle au sein d\u2019un collectif.<\/li>\n<li><i class=\"sui sui-star\" style=\"color:#FF503D\"><\/i> Le coworking permet de <strong>r\u00e9duire<\/strong> drastiquement <strong>les co\u00fbts<\/strong> de fonctionnement de son entreprise gr\u00e2ce notamment \u00e0 la <strong>mutualisation des espaces communs<\/strong> comme les salles de r\u00e9union, les espaces de d\u00e9tente et d&rsquo;accueil du public, de la client\u00e8le.<\/li>\n<li><i class=\"sui sui-star\" style=\"color:#FF503D\"><\/i> Les espaces de coworking ont l&rsquo;art et la mani\u00e8re de s&rsquo;adapter \u00e0 tous les profils de la nouvelle organisation de travail.<\/li>\n<li><i class=\"sui sui-star\" style=\"color:#FF503D\"><\/i> Vous \u00eates un neo nomade en qu\u00eate de la plus grande souplesse, les facturations de bureaux \u00e0 l&rsquo;heure, \u00e0 la demi-journ\u00e9e ou \u00e0 la journ\u00e9e vous conviendront parfaitement.<\/li>\n<li><i class=\"sui sui-star\" style=\"color:#FF503D\"><\/i> Vous \u00eates s\u00e9dentaires, les forfaits de bureaux fixes au mois ou \u00e0 l&rsquo;ann\u00e9e auront votre pr\u00e9f\u00e9rence.<\/li>\n<li><i class=\"sui sui-star\" style=\"color:#FF503D\"><\/i> <strong>Open space<\/strong>, <strong>bureaux<\/strong> ferm\u00e9s <strong>collectifs<\/strong> ou <strong>bureaux individuels<\/strong>, il y a forc\u00e9ment une offre pour faire d\u00e9coller votre entreprise.<\/li>\n<li><i class=\"sui sui-star\" style=\"color:#FF503D\"><\/i> Le Lodge \u00e0 Strasbourg condense toutes les qualit\u00e9s essentielles d\u2019un espace flexible de coworking dans un cadre \u00e9tonnant et chaleureux. <em>Travaillez mieux\u00a0!<\/em><\/li>\n<\/ul>\n<\/div>\n<\/p><div class=\"su-spacer\" style=\"height:100px\"><\/div><br>\n<div class=\"su-heading su-heading-style-line-orange su-heading-align-center\" id=\"\" style=\"font-size:16px;margin-bottom:0px\"><div class=\"su-heading-inner\">\n<h5><span class=\"su-highlight\" style=\"background:#FF503D;color:#ffffff\">&nbsp;<span style=\"font-weight: 400;\">Ces articles devraient aussi vous int\u00e9resser<\/span>&nbsp;<\/span><\/h5>\n<\/div><\/div><br>\n<div class=\"su-spacer\" style=\"height:50px\"><\/div><br>\n<ul class=\"cs-samelevel-posts\">\n\t\t\t<li><a href=\"https:\/\/le-lodge.fr\/conseil\/open-space\/flex-office\/\"> Flex office : qu'est-ce que c'est ? La d\u00e9finition du flex-desk, le bureau flexible d'entreprise<\/a><\/li>\n\t\t\t<li><a href=\"https:\/\/le-lodge.fr\/conseil\/open-space\/amenager\/\"> Comment am\u00e9nager son poste de travail ?<\/a><\/li>\n\t<\/ul>\n\n\n","protected":false},"excerpt":{"rendered":"<p>Le coworking\u00a0? Les immobilistes poussaient alors des cris d\u2019orfraie\u00a0: un effet de mode anglo-saxon, passager, rien de plus. C\u2019\u00e9tait fort mal anticiper la profonde mutation des standards et des codes du travail. Avec l\u2019apparition des nouveaux m\u00e9tiers du num\u00e9rique, le travail s\u2019est \u00e9mancip\u00e9, ses lignes tendent vers toujours plus de flexibilit\u00e9 et de libert\u00e9. Depuis [&hellip;]<\/p>\n","protected":false},"author":4,"featured_media":316,"parent":109,"menu_order":1,"comment_status":"closed","ping_status":"closed","template":"","meta":{"_seopress_robots_primary_cat":"","_seopress_titles_title":"Coworking : qu&#039;est-ce que c&#039;est ? La vraie d\u00e9finition du tiers lieu !  ","_seopress_titles_desc":"Le coworking vous rend curieux ? D\u00e9couvrez d\u00e8s maintenant tout ce qu&#039;il est important de savoir sur le coworking, pour travailler mieux et moins cher ! ","_seopress_robots_index":"","footnotes":""},"_links":{"self":[{"href":"https:\/\/le-lodge.fr\/conseil\/wp-json\/wp\/v2\/pages\/306"}],"collection":[{"href":"https:\/\/le-lodge.fr\/conseil\/wp-json\/wp\/v2\/pages"}],"about":[{"href":"https:\/\/le-lodge.fr\/conseil\/wp-json\/wp\/v2\/types\/page"}],"author":[{"embeddable":true,"href":"https:\/\/le-lodge.fr\/conseil\/wp-json\/wp\/v2\/users\/4"}],"replies":[{"embeddable":true,"href":"https:\/\/le-lodge.fr\/conseil\/wp-json\/wp\/v2\/comments?post=306"}],"version-history":[{"count":3,"href":"https:\/\/le-lodge.fr\/conseil\/wp-json\/wp\/v2\/pages\/306\/revisions"}],"predecessor-version":[{"id":2612,"href":"https:\/\/le-lodge.fr\/conseil\/wp-json\/wp\/v2\/pages\/306\/revisions\/2612"}],"up":[{"embeddable":true,"href":"https:\/\/le-lodge.fr\/conseil\/wp-json\/wp\/v2\/pages\/109"}],"wp:featuredmedia":[{"embeddable":true,"href":"https:\/\/le-lodge.fr\/conseil\/wp-json\/wp\/v2\/media\/316"}],"wp:attachment":[{"href":"https:\/\/le-lodge.fr\/conseil\/wp-json\/wp\/v2\/media?parent=306"}],"curies":[{"name":"wp","href":"https:\/\/api.w.org\/{rel}","templated":true}]}}