{"id":3035,"date":"2023-09-05T09:05:55","date_gmt":"2023-09-05T07:05:55","guid":{"rendered":"https:\/\/le-lodge.fr\/conseil\/?page_id=3035"},"modified":"2023-09-05T09:07:21","modified_gmt":"2023-09-05T07:07:21","slug":"beneficier","status":"publish","type":"page","link":"https:\/\/le-lodge.fr\/conseil\/domiciliation-entreprise\/bureau-virtuel\/beneficier\/","title":{"rendered":"Comment b\u00e9n\u00e9ficier d\u2019un bureau virtuel ?"},"content":{"rendered":"<p><span style=\"font-size: 18pt;\">Vous avez entendu parler de bureau virtuel et vous vous \u00eates renseign\u00e9s sur ce service. Vous savez dor\u00e9navant ce qu\u2019est un <a href=\"https:\/\/le-lodge.fr\/conseil\/domiciliation-entreprise\/bureau-virtuel\/\">bureau virtuel<\/a>, \u00e0 quoi il sert et quels sont ces avantages et inconv\u00e9nients. Vous \u00eates convaincu par les avantages que ce service peut apporter \u00e0 votre entreprise mais vous ne savez pas comment faire pour b\u00e9n\u00e9ficier d\u2019un bureau virtuel ? Pas de panique, nous vous expliquons toutes les d\u00e9marches dans ce guide.<br>\n\/span&gt;<\/span><\/p>\n\n<h2>Disposer d\u2019un bureau virtuel avec la domiciliation<\/h2>\n<p>Pour disposer d\u2019un <strong>bureau virtuel<\/strong> de nombreuses solutions existent. Une de ces solutions, consiste par passer par une soci\u00e9t\u00e9 de <strong>domiciliation<\/strong>.<\/p>\n<div class=\"sue-panel\" data-url=\"\" data-target=\"self\" style=\"background-color:#ffffff;color:#FF503D;border-radius:3px;-moz-border-radius:3px;-webkit-border-radius:3px;box-shadow:0px 1px 2px #eeeeee;-moz-box-shadow:0px 1px 2px #eeeeee;-webkit-box-shadow:0px 1px 2px #eeeeee;border:1px solid #FF503D\"><div class=\"sue-panel-content sue-content-wrap\" style=\"padding:15px;text-align:center\"><strong>Bon \u00e0 savoir\u00a0:<\/strong> La domiciliation d\u2019entreprise est une pratique simple et encadr\u00e9e par le d\u00e9cret du 5 d\u00e9cembre 1985 relatif \u00e0 la domiciliation des entreprises.<\/div><\/div>\n<p><strong>Mais dans ce cas, quelle est la proc\u00e9dure\u00a0?<\/strong><\/p>\n<p>Pour cela, en premier lieu, choisissez votre entreprise de domiciliation. De nombreux crit\u00e8res peuvent \u00eatre pris en compte pour le choix de la soci\u00e9t\u00e9 de domiciliation. Vous pouvez la choisir en fonction de son adresse car une entreprise domicili\u00e9e \u00e0 une adresse prestigieuse peut gagner en <strong>notori\u00e9t\u00e9<\/strong>. Consultez bien \u00e9galement les diff\u00e9rents services que cette entreprise propose comme un standard t\u00e9l\u00e9phonique, la gestion de votre courrier administratif ou encore la location de bureau\u00a0? Pensez aux services dont vous aurez besoin pour votre entreprise, cela peut influencer votre choix. N\u2019h\u00e9sitez pas \u00e0 consulter les diff\u00e9rents contrats propos\u00e9s par les soci\u00e9t\u00e9s sp\u00e9cialis\u00e9es dans la domiciliation d\u2019entreprise.<\/p>\n<p>Vous souhaitez faire <strong>appel \u00e0 la domiciliation aupr\u00e8s d\u2019une soci\u00e9t\u00e9 sp\u00e9cialis\u00e9e<\/strong>\u00a0? Les d\u00e9marches seront diff\u00e9rentes selon si vous \u00eates en cr\u00e9ation d\u2019entreprise ou si celle-ci existe d\u00e9j\u00e0 \u00e0 une autre adresse.<\/p>\n<p>\u00a0<\/p>\n<p style=\"text-align: center; font-size: 18pt;\"><b>Vous souhaitez utiliser un bureau virtuel ?<br>\nContactez le Lodge, votre centre d\u2019affaires \u00e0 Strasbourg !<\/b><\/p>\n<p style=\"text-align: center;\">Location de salles de r\u00e9union et bureaux avec ou sans domiciliation et espaces de r\u00e9ception.<\/p>\n<p style=\"text-align: center;\"><div class=\"su-button-center\"><span data-atc=\"aHR0cHM6Ly9sZS1sb2RnZS5mci9jb250YWN0ZXotbm91cy8=\" class=\"su-button su-button-style-flat atc pop\" style=\" cursor: pointer; color:#FFFFFF;background-color:#FF503D;border-color:;0px;\" target=\"_blank\" rel=\"noopener noreferrer\">\r\n\t\r\n\t\r\n\t<span style=\";padding:8px 26px;font-size:20px;line-height:30px;border-color:;border-radius:0px;-moz-border-radius:0px;-webkit-border-radius:0px;text-shadow:none;-moz-text-shadow:none;-webkit-text-shadow:none;background-color: #FF503D; color:#FFFFFF !important\"> <i class=\"sui sui-pencil-square-o\" style=\"\" aria-label=\"\"><\/i>Envoyer ma demande <\/span>\r\n\r\n<\/span><\/div>\n<p>\u00a0<\/p>\n<p><img loading=\"lazy\" decoding=\"async\" class=\"size-full wp-image-1319 aligncenter\" src=\"https:\/\/le-lodge.fr\/conseil\/wp-content\/uploads\/2022\/01\/recherche_fournisseurs.jpg\" alt=\"Professionnel \u00e0 la recherche du bon fournisseur\" width=\"800\" height=\"533\" srcset=\"https:\/\/le-lodge.fr\/conseil\/wp-content\/uploads\/2022\/01\/recherche_fournisseurs.jpg 800w, https:\/\/le-lodge.fr\/conseil\/wp-content\/uploads\/2022\/01\/recherche_fournisseurs-768x512.jpg 768w, https:\/\/le-lodge.fr\/conseil\/wp-content\/uploads\/2022\/01\/recherche_fournisseurs-736x491.jpg 736w\" sizes=\"(max-width: 800px) 100vw, 800px\" \/><\/p>\n<h2>Les modalit\u00e9s selon le stade de cr\u00e9ation de votre entreprise<\/h2>\n<p>Pour faire appel \u00e0 un service de bureau virtuel, 2 cas de figure peuvent se pr\u00e9senter en fonction du stade de cr\u00e9ation de votre entreprise. Tout d\u00e9pend si celle-ci est en cr\u00e9ation ou d\u00e9j\u00e0 existante.<\/p>\n<h3>L\u2019entreprise en cr\u00e9ation<\/h3>\n<p>Si vous \u00eates en cr\u00e9ation d\u2019entreprise, la <strong>proc\u00e9dure<\/strong> est <strong>simple<\/strong>.<\/p>\n<p>Choisissez en premier lieu, la soci\u00e9t\u00e9 de domiciliation par laquelle vous souhaitez passer, en fonction de ses services ou en fonction de son adresse. Puis souscrivez un contrat de domiciliation, en fonction de l\u2019offre que vous aurez choisi, aupr\u00e8s de la soci\u00e9t\u00e9 sp\u00e9cialis\u00e9e.<\/p>\n<p><strong>Le contrat est souscrit\u00a0?<\/strong> Parfait, vous pouvez ensuite indiquer l\u2019adresse de votre bureau virtuel sur les diff\u00e9rentes formalit\u00e9s administratives de votre cr\u00e9ation d\u2019entreprise.<\/p>\n<h3>L\u2019entreprise existante<\/h3>\n<p><strong>Votre entreprise est d\u00e9j\u00e0 existante\u00a0?<\/strong> Les formalit\u00e9s sont diff\u00e9rentes d\u2019une cr\u00e9ation d\u2019entreprise mais la proc\u00e9dure reste rapide.<\/p>\n<p>La premi\u00e8re \u00e9tape reste la m\u00eame que celle de la cr\u00e9ation d\u2019entreprise. Choisissez votre soci\u00e9t\u00e9 de domiciliation en fonction des besoins de votre entreprise. Une fois le contrat souscrit aupr\u00e8s de l\u2019entreprise sp\u00e9cialis\u00e9e, vous devez modifier l\u2019adresse de domiciliation actuelle de votre entreprise et transf\u00e9rer son si\u00e8ge social.<\/p>\n<div class=\"sue-panel\" data-url=\"\" data-target=\"self\" style=\"background-color:#ffffff;color:#FF503D;border-radius:3px;-moz-border-radius:3px;-webkit-border-radius:3px;box-shadow:0px 1px 2px #eeeeee;-moz-box-shadow:0px 1px 2px #eeeeee;-webkit-box-shadow:0px 1px 2px #eeeeee;border:1px solid #FF503D\"><div class=\"sue-panel-content sue-content-wrap\" style=\"padding:15px;text-align:center\">\n<p><span style=\"font-weight: 400;\"><strong>Bon \u00e0 savoir\u00a0:<\/strong> Veillez \u00e0 ce que la soci\u00e9t\u00e9 de domiciliation poss\u00e8de un agr\u00e9ment pr\u00e9fectoral et qu\u2019elle soit immatricul\u00e9e au Registre des Commerces et des Soci\u00e9t\u00e9s (RCS). <\/div><\/div><\/span><\/p>\n<p>Vous avez proc\u00e9d\u00e9 \u00e0 la <strong>modification de l\u2019adresse de votre entreprise<\/strong>\u00a0? Tr\u00e8s bien, vous devez ensuite publier l\u2019avis de modification de domiciliation dans le Journal d\u2019Annonces L\u00e9gales (JAL). Enfin vous devez d\u00e9clarer votre changement d\u2019adresse aupr\u00e8s du Centre de Formalit\u00e9 des Entreprises (CFE) comp\u00e9tent.<\/p>\n<p>Une fois toutes ces formalit\u00e9s effectu\u00e9es, l\u2019adresse de votre <strong>si\u00e8ge social sera officiellement modifi\u00e9e<\/strong>.<\/p>\n<p>En plus de ces d\u00e9marches, pour b\u00e9n\u00e9ficier du bureau virtuel, il vous faudra vous munir de plusieurs documents.<\/p>\n<h2>Les documents \u00e0 fournir<\/h2>\n<p>Vous souhaitez b\u00e9n\u00e9ficier d\u2019un bureau virtuel\u00a0? Voici la liste des documents qui vous seront demand\u00e9s pour mettre en place la proc\u00e9dure\u00a0:<\/p>\n<div class=\"su-list\" style=\"margin-left:10px\">\n<ul>\n<li><i class=\"sui sui-minus\" style=\"color:#FF503D\"><\/i> Une <strong>attestation<\/strong> de <strong>domiciliation<\/strong> (facture ou contrat de bail)\n<ul>\n<li><i class=\"sui sui-minus\" style=\"color:#FF503D\"><\/i> Un <strong>formulaire M2<\/strong> s\u2019il s\u2019agit d\u2019une personne morale<\/li>\n<li><i class=\"sui sui-minus\" style=\"color:#FF503D\"><\/i> Un <strong>formulaire P2<\/strong> s\u2019il s\u2019agit d\u2019une personne physique<\/li>\n<\/ul>\n<\/li>\n<\/ul>\n<\/div>\n<\/p><p>Votre entreprise est d\u00e9j\u00e0 existante\u00a0? Vous devez transmettre \u00e9galement\u00a0:<\/p>\n<div class=\"su-list\" style=\"margin-left:10px\">\n<ul>\n<li><i class=\"sui sui-minus\" style=\"color:#FF503D\"><\/i> Un exemplaire de <strong>l\u2019acte<\/strong> officiel de <strong>transfert<\/strong><\/li>\n<li><i class=\"sui sui-minus\" style=\"color:#FF503D\"><\/i> Une copie de l\u2019<strong>avis de modification de domiciliation<\/strong> paru dans le Journal d\u2019Annonces L\u00e9gales (JAL)<\/li>\n<li><i class=\"sui sui-minus\" style=\"color:#FF503D\"><\/i> Un exemplaire des <strong>statuts<\/strong> mis \u00e0 jour, <strong>dat\u00e9<\/strong> et <strong>certifi\u00e9<\/strong><\/li>\n<\/ul>\n<\/div>\n<\/p><p><span style=\"font-weight: 400;\"><strong>Tous vos documents sont pr\u00eats ?<\/strong> Il ne vous reste plus qu\u2019\u00e0 vous lancer !<\/span><\/p>\n<p><img loading=\"lazy\" decoding=\"async\" class=\"size-full wp-image-1317 aligncenter\" src=\"https:\/\/le-lodge.fr\/conseil\/wp-content\/uploads\/2022\/01\/services.jpg\" alt=\"professionnel qui profite des services li\u00e9s au bureau virtuel\" width=\"800\" height=\"400\" srcset=\"https:\/\/le-lodge.fr\/conseil\/wp-content\/uploads\/2022\/01\/services.jpg 800w, https:\/\/le-lodge.fr\/conseil\/wp-content\/uploads\/2022\/01\/services-768x384.jpg 768w\" sizes=\"(max-width: 800px) 100vw, 800px\" \/><\/p>\n<h2><span style=\"color: #FF503D;\">L\u2019essentiel \u00e0 retenir<\/span><\/h2>\n<p>Vous vous \u00eates d\u00e9cid\u00e9s pour utiliser un bureau virtuel pour votre soci\u00e9t\u00e9 mais vous ne savez quelles sont les proc\u00e9dures pour en b\u00e9n\u00e9ficier\u00a0? Voici un r\u00e9sum\u00e9 des \u00e9tapes \u00e0 suivre\u00a0:<\/p>\n<div class=\"su-list\" style=\"margin-left:10px\">\n<ol>\n<li><i class=\"sui sui-star\" style=\"color:#FF503D\"><\/i> Choisissez votre <strong>entreprise de domiciliation<\/strong><\/li>\n<li><i class=\"sui sui-star\" style=\"color:#FF503D\"><\/i> Souscrivez un contrat aupr\u00e8s de cette soci\u00e9t\u00e9 avec <strong>l\u2019offre qui vous convient<\/strong><\/li>\n<li><i class=\"sui sui-star\" style=\"color:#FF503D\"><\/i> Indiquez <strong>l\u2019adresse de votre domiciliation<\/strong> sur les <strong>formalit\u00e9s administratives<\/strong> si vous \u00eates en cr\u00e9ation d\u2019entreprise<\/li>\n<li><i class=\"sui sui-star\" style=\"color:#FF503D\"><\/i> Modifiez l\u2019adresse de domiciliation et transf\u00e9rez son si\u00e8ge social si votre entreprise est d\u00e9j\u00e0 existante. Puis <strong>publiez<\/strong> l\u2019avis de modification au <strong>JAL<\/strong> et <strong>d\u00e9clarez<\/strong> le changement aupr\u00e8s du <strong>CFE<\/strong>.<\/li>\n<\/ol>\n<\/div>\n<\/p><p>Enfin, pour b\u00e9n\u00e9ficier du bureau virtuel, quelques documents seront \u00e0 transmettre pour finaliser votre demande. Ces derniers seront diff\u00e9rents si vous \u00eates en cr\u00e9ation d\u2019entreprise ou si vous avez une entreprise d\u00e9j\u00e0 existante.<strong>\u00a0<\/strong><\/p>\n<div class=\"su-spacer\" style=\"height:100px\"><\/div><br>\n<div class=\"su-heading su-heading-style-line-blue su-heading-align-center\" id=\"\" style=\"font-size:16px;margin-bottom:0px\"><div class=\"su-heading-inner\">\n<h5><span class=\"su-highlight\" style=\"background:#FF503D;color:#ffffff\">&nbsp;<span style=\"font-weight: 400;\">Ces articles devraient aussi vous int\u00e9resser<\/span>&nbsp;<\/span><\/h5>\n<\/div><\/div><br>\n<div class=\"su-spacer\" style=\"height:50px\"><\/div><br>\n<ul class=\"cs-samelevel-posts\">\n\t\t\t<li><a href=\"https:\/\/le-lodge.fr\/conseil\/domiciliation-entreprise\/bureau-virtuel\/definition-fonctionnement\/\"> Le bureau virtuel : d\u00e9finition et fonctionnement.<\/a><\/li>\n\t<\/ul>\n\n\n","protected":false},"excerpt":{"rendered":"<p>Vous avez entendu parler de bureau virtuel et vous vous \u00eates renseign\u00e9s sur ce service. Vous savez dor\u00e9navant ce qu\u2019est un bureau virtuel, \u00e0 quoi il sert et quels sont ces avantages et inconv\u00e9nients. Vous \u00eates convaincu par les avantages que ce service peut apporter \u00e0 votre entreprise mais vous ne savez pas comment faire [&hellip;]<\/p>\n","protected":false},"author":12,"featured_media":1316,"parent":1294,"menu_order":0,"comment_status":"closed","ping_status":"closed","template":"","meta":{"_seopress_robots_primary_cat":"","_seopress_titles_title":"","_seopress_titles_desc":"Comment b\u00e9n\u00e9ficier d&#039;un bureau virtuel ? Notre guide \u00e9tape par \u00e9tape pour faciliter vos d\u00e9marches, que vous soyez en cr\u00e9ation d&#039;entreprise ou d\u00e9j\u00e0 \u00e9tabli. ","_seopress_robots_index":"","footnotes":""},"_links":{"self":[{"href":"https:\/\/le-lodge.fr\/conseil\/wp-json\/wp\/v2\/pages\/3035"}],"collection":[{"href":"https:\/\/le-lodge.fr\/conseil\/wp-json\/wp\/v2\/pages"}],"about":[{"href":"https:\/\/le-lodge.fr\/conseil\/wp-json\/wp\/v2\/types\/page"}],"author":[{"embeddable":true,"href":"https:\/\/le-lodge.fr\/conseil\/wp-json\/wp\/v2\/users\/12"}],"replies":[{"embeddable":true,"href":"https:\/\/le-lodge.fr\/conseil\/wp-json\/wp\/v2\/comments?post=3035"}],"version-history":[{"count":12,"href":"https:\/\/le-lodge.fr\/conseil\/wp-json\/wp\/v2\/pages\/3035\/revisions"}],"predecessor-version":[{"id":3047,"href":"https:\/\/le-lodge.fr\/conseil\/wp-json\/wp\/v2\/pages\/3035\/revisions\/3047"}],"up":[{"embeddable":true,"href":"https:\/\/le-lodge.fr\/conseil\/wp-json\/wp\/v2\/pages\/1294"}],"wp:featuredmedia":[{"embeddable":true,"href":"https:\/\/le-lodge.fr\/conseil\/wp-json\/wp\/v2\/media\/1316"}],"wp:attachment":[{"href":"https:\/\/le-lodge.fr\/conseil\/wp-json\/wp\/v2\/media?parent=3035"}],"curies":[{"name":"wp","href":"https:\/\/api.w.org\/{rel}","templated":true}]}}