{"id":3028,"date":"2023-08-28T14:54:27","date_gmt":"2023-08-28T12:54:27","guid":{"rendered":"https:\/\/le-lodge.fr\/conseil\/?page_id=3028"},"modified":"2023-08-28T14:55:10","modified_gmt":"2023-08-28T12:55:10","slug":"repondre-aux-questions","status":"publish","type":"page","link":"https:\/\/le-lodge.fr\/conseil\/entretien-embauche\/repondre-aux-questions\/","title":{"rendered":"Comment r\u00e9pondre aux questions courantes pos\u00e9es lors d\u2019un entretien d\u2019embauche ?"},"content":{"rendered":"<p><span style=\"font-size: 18pt;\">Vous avez postul\u00e9 \u00e0 des <strong>offres d\u2019emploi<\/strong> pour le <strong>travail<\/strong> de vos r\u00eaves. Vous souhaitez mettre toutes les chances de c\u00f4t\u00e9 savoir comment r\u00e9ussir votre <a href=\"https:\/\/le-lodge.fr\/conseil\/entretien-embauche\/\">entretien d\u2019embauche<\/a>. Votre <strong>profil<\/strong> a attir\u00e9 un <strong>recruteur<\/strong> et une date d\u2019entretien est fix\u00e9e. Toutefois, vous vous vous demandez quelles sont les <strong>questions pos\u00e9es<\/strong> lors d\u2019un <strong>entretien d\u2019embauche<\/strong> et surtout comment y r\u00e9pondre ? Voici quelques exemples de questions lors des entretiens, les objectifs de r\u00e9ponse et des conseils pour y r\u00e9pondre.<\/span><\/p>\n\n<h2>Le top 7 des questions pos\u00e9es lors d\u2019un entretien d\u2019embauche<\/h2>\n<h3>Parlez-moi de vous<\/h3>\n<p>Ce sera potentiellement la premi\u00e8re question que le recruteur va vous poser afin d\u2019en savoir plus sur vous. Elle lui permet de briser la glace et de pouvoir rebondir sur un d\u00e9tail que vous auriez pu dire pendant votre pr\u00e9sentation. Vous ne savez pas quoi r\u00e9pondre\u00a0? Voici <strong>quelques conseils<\/strong> pour bien structurer votre r\u00e9ponse.<\/p>\n<p>Pour commencer, parlez de votre formation et de votre <strong>parcours professionnel<\/strong>. Profitez-en pour mettre en avant les expertises et les comp\u00e9tences cl\u00e9s que vous avez acquis pour le poste. Vous pouvez \u00e9galement mentionner les raisons pour lequel cet emploi pourrait vous plaire. Le mode d\u2019ordre\u00a0: \u00eatre court et concis. Vous pouvez \u00e9galement faire appel \u00e0 la technique du storytelling pour raconter votre histoire. Elle vous permettra de raconter votre histoire de mani\u00e8re plus dynamique et int\u00e9ressante.<\/p>\n<p>Au-del\u00e0 de comprendre vos comp\u00e9tences, cette interrogation permettra \u00e0 votre recruteur de cerner <strong>votre personnalit\u00e9<\/strong> et de voir comment vous g\u00e9rer un moment de g\u00eane. Il est donc important de <strong>bien pr\u00e9parer<\/strong> cette <strong>question<\/strong> afin de ne pas perdre vos moyens et pouvoir vous <strong>d\u00e9marquer<\/strong> par rapport aux autres candidats.<\/p>\n<h3>Que savez-vous de notre entreprise ?<\/h3>\n<p>Par cette question, votre recruteur cherche \u00e0 savoir si l\u2019entreprise vous int\u00e9resse r\u00e9ellement. Il est donc n\u00e9cessaire de vous renseigner sur l\u2019entreprise avant l\u2019entretien d\u2019embauche. Renseignez-vous notamment sur\u00a0:<\/p>\n<div class=\"su-list\" style=\"margin-left:10px\">\n<ul>\n<li><i class=\"sui sui-minus\" style=\"color:#FF503D\"><\/i> Son <strong>secteur d\u2019activit\u00e9<\/strong><\/li>\n<li><i class=\"sui sui-minus\" style=\"color:#FF503D\"><\/i> Ses produits et services ou le produit phare<\/li>\n<li><i class=\"sui sui-minus\" style=\"color:#FF503D\"><\/i> Ses objectifs<\/li>\n<li><i class=\"sui sui-minus\" style=\"color:#FF503D\"><\/i> Son rayonnement national ou international<\/li>\n<li><i class=\"sui sui-minus\" style=\"color:#FF503D\"><\/i> Son chiffre d\u2019affaires<\/li>\n<li><i class=\"sui sui-minus\" style=\"color:#FF503D\"><\/i> Ses valeurs et sa <strong>culture d\u2019entreprise<\/strong><\/li>\n<li><i class=\"sui sui-minus\" style=\"color:#FF503D\"><\/i> Son actualit\u00e9<\/li>\n<\/ul>\n<\/div>\n<\/p><p>\u00a0<\/p>\n<p style=\"text-align: center; font-size: 18pt;\"><b>Vous souhaitez lancer votre bo\u00eete et \u00eates \u00e0 la recherche d\u2019un lieu pour travailler ?<br>\nContactez le Lodge pour d\u00e9buter cette aventure !<\/b><\/p>\n<p style=\"text-align: center;\">Location de salles de r\u00e9union et bureaux avec ou sans domiciliation et espaces de r\u00e9ception.<\/p>\n<p style=\"text-align: center;\"><div class=\"su-button-center\"><span data-atc=\"aHR0cHM6Ly9sZS1sb2RnZS5mci9jb250YWN0ZXotbm91cy8=\" class=\"su-button su-button-style-flat atc pop\" style=\" cursor: pointer; color:#FFFFFF;background-color:#FF503D;border-color:;0px;\" target=\"_blank\" rel=\"noopener noreferrer\">\r\n\t\r\n\t\r\n\t<span style=\";padding:8px 26px;font-size:20px;line-height:30px;border-color:;border-radius:0px;-moz-border-radius:0px;-webkit-border-radius:0px;text-shadow:none;-moz-text-shadow:none;-webkit-text-shadow:none;background-color: #FF503D; color:#FFFFFF !important\"> <i class=\"sui sui-pencil-square-o\" style=\"\" aria-label=\"\"><\/i>Envoyer ma demande <\/span>\r\n\r\n<\/span><\/div>\n<p>\u00a0<\/p>\n<p>Profitez-en pour mettre en avant les avantages de l\u2019entreprise notamment concurrentiel mais aussi de pr\u00e9senter un probl\u00e8me que vous avez pu constater, sans pour autant d\u00e9nigrer l\u2019entreprise. Si cela concerne vos comp\u00e9tences, vous pouvez \u00e9galement r\u00e9fl\u00e9chir \u00e0 une solution et proposer d\u2019en discuter avec votre future \u00e9quipe.<strong>\u00a0<\/strong><\/p>\n<h3>Quelles sont vos principales qualit\u00e9s et vos principaux d\u00e9fauts ?<\/h3>\n<p>C\u2019est une question qui est r\u00e9guli\u00e8rement pos\u00e9e en entretien d\u2019embauche. Elle permettra \u00e0 votre recruteur de d\u00e9terminer si votre personnalit\u00e9 correspond aux valeurs de l\u2019entreprise.<\/p>\n<p>Pour vous pr\u00e9munir de tout stress li\u00e9 \u00e0 cette interrogation, pr\u00e9parez \u00e0 l\u2019avance 3 \u00e0 5 points de chaque. Privil\u00e9giez \u00e9galement les <strong>soft skills<\/strong> c\u2019est-\u00e0-dire les comp\u00e9tences comportementales. Depuis quelques ann\u00e9es, les entreprises accordent une grande importance au <strong>savoir-\u00eatre<\/strong> en plus du savoir-faire.<\/p>\n<div class=\"su-box su-box-style-default su_custom_zone\" id=\"\" style=\"border-color:#cc1d0a;border-radius:3px\"><div class=\"su-box-title\" style=\"background-color:#FF503D;color:#FFFFFF;border-top-left-radius:1px;border-top-right-radius:1px\">Attention<\/div><div class=\"su-box-content su-u-clearfix su-u-trim\" style=\"border-bottom-left-radius:1px;border-bottom-right-radius:1px\">Ne donnez jamais plus de qualit\u00e9s ou de d\u00e9fauts demand\u00e9s \u00e0 la personne qui vous a pos\u00e9 la question. Votre interlocuteur ne vous a pas pr\u00e9cis\u00e9 le nombre\u00a0? Limitez-vous \u00e0 1 ou 2, au-del\u00e0 cela vous fera para\u00eetre trop s\u00fbr de vous.<\/div><\/div>\n<p>N\u2019h\u00e9sitez pas \u00e0 faire appel \u00e0 votre entourage ou vos anciens coll\u00e8gues pour \u00e9tablir cette liste. Vous n\u2019\u00eates pas convaincu par leur retour et ne savez pas quelles qualit\u00e9s et des d\u00e9fauts vous pourriez citer en fonction de votre personnalit\u00e9\u00a0? Pas de panique\u00a0! Nous vous avons concoct\u00e9 un guide qui regroupent de nombreuses qualit\u00e9s et d\u00e9fauts.<\/p>\n<p><img loading=\"lazy\" decoding=\"async\" class=\"size-full wp-image-1639 aligncenter\" src=\"https:\/\/le-lodge.fr\/conseil\/wp-content\/uploads\/2022\/03\/creation-1.jpg\" alt=\"Deux personnes qui se serrent la main\" width=\"800\" height=\"533\" srcset=\"https:\/\/le-lodge.fr\/conseil\/wp-content\/uploads\/2022\/03\/creation-1.jpg 800w, https:\/\/le-lodge.fr\/conseil\/wp-content\/uploads\/2022\/03\/creation-1-768x512.jpg 768w, https:\/\/le-lodge.fr\/conseil\/wp-content\/uploads\/2022\/03\/creation-1-736x491.jpg 736w\" sizes=\"(max-width: 800px) 100vw, 800px\" \/><\/p>\n<h3>Pourquoi \u00eates-vous le candidat id\u00e9al ?<\/h3>\n<p>Il n\u2019est jamais facile d\u2019y r\u00e9pondre surtout si vous ne connaissez pas la concurrence. Toutefois, le but est surtout de savoir si vous disposez des comp\u00e9tences et de l\u2019exp\u00e9rience n\u00e9cessaire pour le poste et si vous avez compris ce que l\u2019on attend de vous.<\/p>\n<p>Pour pr\u00e9parer <strong>une r\u00e9ponse<\/strong>, n\u2019h\u00e9sitez pas \u00e0 <strong>relire<\/strong> la description du <strong>poste<\/strong> pour faire une corr\u00e9lation avec votre CV. S\u00e9lectionnez 2 \u00e0 3 de vos meilleures comp\u00e9tences ou r\u00e9ussites afin de faire comprendre que vous \u00eates LA personne qu\u2019ils recherchent.<strong>\u00a0<\/strong><\/p>\n<h3>Quelles sont vos pr\u00e9tentions salariales ?<\/h3>\n<p>En France, parler de <strong>salaire <\/strong>est souvent consid\u00e9r\u00e9 comme un sujet tabou. Face \u00e0 cette question lors d\u2019un entretien d\u2019embauche, beaucoup de candidat ressente un grand stress. Pourtant, sa r\u00e9ponse est capitale pour obtenir le salaire que vous souhaitez ou dans le cas contraire le n\u00e9gocier.<\/p>\n<p>Proposer une fourchette de salaire plut\u00f4t qu\u2019un montant pr\u00e9cis permet de de d\u00e9montrer que vous \u00eates flexible et ouvert \u00e0 la n\u00e9gociation.\u00a0Ne visez <strong>ni trop haut<\/strong>, <strong>ni trop bas<\/strong> pour ne pas vous sur\u00e9valuer ou vous sous-\u00e9valuer. Votre salaire doit prendre en compte plusieurs facteurs\u00a0: la taille de l\u2019entreprise, sa situation g\u00e9ographique (le salaire ne sera pas le m\u00eame en r\u00e9gion parisienne qu\u2019en province), de votre formation et de votre exp\u00e9rience.<\/p>\n<p>Pensez \u00e9galement aux avantages que votre nouvelle entreprise pourrait vous offrir\u00a0telle qu\u2019une \u00e9volution professionnelle tout au long de votre carri\u00e8re ou encore une entreprise humaine dans laquelle vous vous sentirez bien au quotidien.<\/p>\n<div class=\"su-box su-box-style-default su_custom_zone\" id=\"\" style=\"border-color:#cc1d0a;border-radius:3px\"><div class=\"su-box-title\" style=\"background-color:#FF503D;color:#FFFFFF;border-top-left-radius:1px;border-top-right-radius:1px\">Bon \u00e0 savoir<\/div><div class=\"su-box-content su-u-clearfix su-u-trim\" style=\"border-bottom-left-radius:1px;border-bottom-right-radius:1px\">Votre recruteur n\u2019a pas abord\u00e9 la question du salaire\u00a0? Vous pourrez profiter des questions de fin d\u2019entretien, sur l\u2019entreprise et le <strong>poste \u00e0 pourvoir<\/strong>, pour obtenir votre r\u00e9ponse.<\/div><\/div>\n<h3>O\u00f9 vous voyez-vous dans 5 ans ?<\/h3>\n<p>Elle fait souvent partie des <strong>questions pi\u00e8ges<\/strong> lors d\u2019un entretien d\u2019embauche. Elle a pour but de permettre \u00e0 votre recruteur de comprendre vos objectifs de carri\u00e8re ainsi que vos objectifs de vie.<\/p>\n<p>Naturellement, les responsables du <strong>recrutement<\/strong> recherchent un candidat qui se projette \u00e0 long terme dans l\u2019entreprise. Ils cherchent \u00e0 \u00e9viter le turn-over qui peut nuire \u00e0 la bonne sant\u00e9 relationnelle et financi\u00e8re d\u2019une entreprise.<\/p>\n<p>Pour r\u00e9pondre \u00e0 cette question, soyez le plus franc possible tout en restant assez g\u00e9n\u00e9ral. Vous ne pouvez pas pr\u00e9dire l\u2019avenir donc ne vous avancez pas trop dans votre r\u00e9ponse. Insistez sur l\u2019envie d\u2019une carri\u00e8re \u00e0 long terme surtout s\u2019il s\u2019agit d\u2019un poste en CDI. Le plus important est de d\u00e9montrer votre enthousiasme pour l\u2019o<strong>ffre d\u2019emploi <\/strong>et surtout pour l\u2019entreprise, de votre volont\u00e9 d\u2019\u00e9volution au sein de celle-ci.<strong>\u00a0<\/strong><\/p>\n<h3>Avez-vous des questions ?<\/h3>\n<p>Cette interrogation fait \u00e9galement partie des questions pi\u00e8ges. Cela permet de mesurer votre attention durant l\u2019entretien d\u2019embauche et de mesurer votre <strong>motivation<\/strong> pour le poste \u00e0 pourvoir. Il est tr\u00e8s mal vu de r\u00e9pondre \u00ab\u00a0non\u00a0\u00bb) cette question.<\/p>\n<p>Le but est de <strong>poser des questions<\/strong> pertinentes qui pourra potentiellement vous d\u00e9marquer des autres candidats. Alors effectuez des recherches approfondies sur le travail mais \u00e9galement sur l\u2019entreprise.<\/p>\n<h2>Les questions interdites lors d\u2019un entretien d\u2019embauche<strong>\u00a0<\/strong><\/h2>\n<p>Toutes les questions concernant la vie priv\u00e9e d\u2019un candidat sont interdites. Les <strong>questions pos\u00e9es<\/strong> doivent \u00eatre en lien direct avec l\u2019<strong>emploi <\/strong>propos\u00e9 et vos <strong>aptitudes professionnelles<\/strong>.<\/p>\n<p>L\u00e9galement il existe 19 crit\u00e8res de discrimination dont font partie\u00a0:<\/p>\n<div class=\"su-list\" style=\"margin-left:10px\">\n<ul>\n<li><i class=\"sui sui-minus\" style=\"color:#FF503D\"><\/i> L\u2019\u00e2ge<\/li>\n<li><i class=\"sui sui-minus\" style=\"color:#FF503D\"><\/i> Les origines<\/li>\n<li><i class=\"sui sui-minus\" style=\"color:#FF503D\"><\/i> L\u2019orientation sexuelle<\/li>\n<li><i class=\"sui sui-minus\" style=\"color:#FF503D\"><\/i> La situation sentimentale ou matrimoniale<\/li>\n<li><i class=\"sui sui-minus\" style=\"color:#FF503D\"><\/i> La situation familiale actuelle et \u00e0 venir<\/li>\n<li><i class=\"sui sui-minus\" style=\"color:#FF503D\"><\/i> Le ou les projet(s) de grossesse<\/li>\n<li><i class=\"sui sui-minus\" style=\"color:#FF503D\"><\/i> L\u2019\u00e9tat de sant\u00e9<\/li>\n<li><i class=\"sui sui-minus\" style=\"color:#FF503D\"><\/i> Le handicap<\/li>\n<li><i class=\"sui sui-minus\" style=\"color:#FF503D\"><\/i> Les opinions politiques<\/li>\n<\/ul>\n<\/div><strong>\u00a0<\/strong><\/p>\n<p>Plusieurs options s\u2019offrent \u00e0 vous, dans le cadre d\u2019une de ces questions. Vous pouvez \u00e9luder la question, y r\u00e9pondre ou indiquer clairement que vous ne souhaitez pas y r\u00e9pondre. Dans tous les cas, le recruteur n\u2019aura pas le droit de vous \u00e9carter du processus de recrutement en fonction de votre r\u00e9ponse.<\/p>\n<p><img loading=\"lazy\" decoding=\"async\" class=\"size-full wp-image-1635 aligncenter\" src=\"https:\/\/le-lodge.fr\/conseil\/wp-content\/uploads\/2022\/03\/idee.jpg\" alt=\"Illustration d'une ampoule pour exprimer une id\u00e9e\" width=\"800\" height=\"320\" srcset=\"https:\/\/le-lodge.fr\/conseil\/wp-content\/uploads\/2022\/03\/idee.jpg 800w, https:\/\/le-lodge.fr\/conseil\/wp-content\/uploads\/2022\/03\/idee-768x307.jpg 768w\" sizes=\"(max-width: 800px) 100vw, 800px\" \/><\/p>\n<h2><span style=\"color: #FF503D;\">L\u2019essentiel \u00e0 retenir<\/span><\/h2>\n<p>Lors du <strong>processus de recrutement<\/strong> pour un emploi, certains points essentiels comme les questions courantes doivent \u00eatre pr\u00e9par\u00e9es et travaill\u00e9es avant le jour J. Nous esp\u00e9rons que les quelques exemples de r\u00e9ponses vont vous aider au mieux dans les pr\u00e9paratifs de votre <strong>entrevue<\/strong>.<\/p>\n<p>Car pour \u00eatre le meilleur candidat et pour \u00eatre s\u00fbr d\u2019obtenir le poste, une bonne pr\u00e9paration (lien vers comment pr\u00e9parer son entretien d\u2019embauche) est capitale.<\/p>\n<div class=\"su-spacer\" style=\"height:100px\"><\/div><br>\n<div class=\"su-heading su-heading-style-line-blue su-heading-align-center\" id=\"\" style=\"font-size:16px;margin-bottom:0px\"><div class=\"su-heading-inner\">\n<h5><span class=\"su-highlight\" style=\"background:#FF503D;color:#ffffff\">&nbsp;<span style=\"font-weight: 400;\">Ces articles devraient aussi vous int\u00e9resser<\/span>&nbsp;<\/span><\/h5>\n<\/div><\/div><br>\n<div class=\"su-spacer\" style=\"height:50px\"><\/div><br>\n<ul class=\"cs-samelevel-posts\">\n\t\t\t<li><a href=\"https:\/\/le-lodge.fr\/conseil\/entretien-embauche\/documents\/\"> Quels documents apporter lors d\u2019un entretien d\u2019embauche ?<\/a><\/li>\n\t\t\t<li><a href=\"https:\/\/le-lodge.fr\/conseil\/entretien-embauche\/valoriser-profil\/\"> Entretien d\u2019embauche : nos conseils pour valoriser son profil professionnel<\/a><\/li>\n\t\t\t<li><a href=\"https:\/\/le-lodge.fr\/conseil\/entretien-embauche\/qualites-indispensables\/\"> Les qualit\u00e9s indispensables pour \u00eatre attractif lors d\u2019un entretien d\u2019embauche<\/a><\/li>\n\t\t\t<li><a href=\"https:\/\/le-lodge.fr\/conseil\/entretien-embauche\/questions-cles\/\"> Les questions cl\u00e9s \u00e0 poser au recruteur lors d'un entretien d\u2019embauche<\/a><\/li>\n\t\t\t<li><a href=\"https:\/\/le-lodge.fr\/conseil\/entretien-embauche\/nos-conseils-pour-reussir\/\"> Entretien d\u2019embauche : nos conseils pour le r\u00e9ussir haut la main<\/a><\/li>\n\t<\/ul>\n<p>\u00a0<\/p>\n<p>\u00a0<\/p>\n\n\n","protected":false},"excerpt":{"rendered":"<p>Vous avez postul\u00e9 \u00e0 des offres d\u2019emploi pour le travail de vos r\u00eaves. Vous souhaitez mettre toutes les chances de c\u00f4t\u00e9 savoir comment r\u00e9ussir votre entretien d\u2019embauche. Votre profil a attir\u00e9 un recruteur et une date d\u2019entretien est fix\u00e9e. Toutefois, vous vous vous demandez quelles sont les questions pos\u00e9es lors d\u2019un entretien d\u2019embauche et surtout [&hellip;]<\/p>\n","protected":false},"author":1,"featured_media":1836,"parent":3015,"menu_order":1,"comment_status":"closed","ping_status":"closed","template":"","meta":{"_seopress_robots_primary_cat":"","_seopress_titles_title":"","_seopress_titles_desc":"Quelles sont les questions fr\u00e9quentes en entretien d&#039;embauche ? D\u00e9couvrez comment r\u00e9pondre efficacement et impressionner votre recruteur en vous pr\u00e9parant.","_seopress_robots_index":"","footnotes":""},"_links":{"self":[{"href":"https:\/\/le-lodge.fr\/conseil\/wp-json\/wp\/v2\/pages\/3028"}],"collection":[{"href":"https:\/\/le-lodge.fr\/conseil\/wp-json\/wp\/v2\/pages"}],"about":[{"href":"https:\/\/le-lodge.fr\/conseil\/wp-json\/wp\/v2\/types\/page"}],"author":[{"embeddable":true,"href":"https:\/\/le-lodge.fr\/conseil\/wp-json\/wp\/v2\/users\/1"}],"replies":[{"embeddable":true,"href":"https:\/\/le-lodge.fr\/conseil\/wp-json\/wp\/v2\/comments?post=3028"}],"version-history":[{"count":2,"href":"https:\/\/le-lodge.fr\/conseil\/wp-json\/wp\/v2\/pages\/3028\/revisions"}],"predecessor-version":[{"id":3030,"href":"https:\/\/le-lodge.fr\/conseil\/wp-json\/wp\/v2\/pages\/3028\/revisions\/3030"}],"up":[{"embeddable":true,"href":"https:\/\/le-lodge.fr\/conseil\/wp-json\/wp\/v2\/pages\/3015"}],"wp:featuredmedia":[{"embeddable":true,"href":"https:\/\/le-lodge.fr\/conseil\/wp-json\/wp\/v2\/media\/1836"}],"wp:attachment":[{"href":"https:\/\/le-lodge.fr\/conseil\/wp-json\/wp\/v2\/media?parent=3028"}],"curies":[{"name":"wp","href":"https:\/\/api.w.org\/{rel}","templated":true}]}}