{"id":2585,"date":"2023-02-01T09:38:29","date_gmt":"2023-02-01T08:38:29","guid":{"rendered":"https:\/\/le-lodge.fr\/conseil\/?page_id=2585"},"modified":"2024-08-13T13:16:43","modified_gmt":"2024-08-13T11:16:43","slug":"lieux","status":"publish","type":"page","link":"https:\/\/le-lodge.fr\/conseil\/open-space\/coworking\/lieux\/","title":{"rendered":"Le guide pour trouver votre futur espace de coworking !"},"content":{"rendered":"<p><span style=\"font-size: 18pt;\">Avez-vous d\u00e9j\u00e0 entendu parler des <a href=\"https:\/\/le-lodge.fr\/conseil\/open-space\/coworking\/\">espaces de coworking<\/a>\u00a0? Si tel est le cas, savez-vous ce qui se cache r\u00e9ellement derri\u00e8re ce terme anglo-saxon ? Non, pas vraiment ? Pas de panique, notre \u00e9quipe a r\u00e9alis\u00e9 un guide pour vous \u00e9clairer \u00e0 ce sujet et surtout vous permettre de d\u00e9nicher votre espace de travail id\u00e9al. Et si vous optiez pour une nouvelle m\u00e9thode de travail ? Vous pourrez vous diriger vers un <strong>espace de coworking<\/strong> qui vous permettra de rencontrer de nouvelles entreprises, de profiter de plus de <strong>flexibilit\u00e9<\/strong> et m\u00eame de r\u00e9aliser des <strong>\u00e9conomies<\/strong>. Vous souhaitez en savoir plus\u00a0? Vous \u00eates actuellement \u00e0 la recherche d\u2019un lieu o\u00f9 vous pourrez augmenter votre <strong>productivit\u00e9<\/strong> et d\u00e9couvrir de nouvelles personnes\u00a0? Le coworking est sans aucun doute l\u2019espace de travail fait pour vous. Alors, qu\u2019attendez-vous pour trouver le v\u00f4tre\u00a0? Tout se passe ici\u00a0!<strong>\u00a0<\/strong><\/span><\/p>\n\n<p class=\"p1\"><div class=\"su-youtube su-u-responsive-media-yes\"><iframe loading=\"lazy\" width=\"600\" height=\"400\" src=\"https:\/\/www.youtube.com\/embed\/QUvW0Tt36Og?\" frameborder=\"0\" allowfullscreen allow=\"autoplay; encrypted-media; picture-in-picture\" title=\"\"><\/iframe><\/div>\n<h2>Espace de coworking\u00a0: k\u00e9sako\u00a0?<\/h2>\n<p><img loading=\"lazy\" decoding=\"async\" class=\"size-full wp-image-2604 aligncenter\" src=\"https:\/\/le-lodge.fr\/conseil\/wp-content\/uploads\/2023\/01\/bureau.jpg\" alt=\"Zoom sur un bureau dans un espace de coworking\" width=\"800\" height=\"343\" srcset=\"https:\/\/le-lodge.fr\/conseil\/wp-content\/uploads\/2023\/01\/bureau.jpg 800w, https:\/\/le-lodge.fr\/conseil\/wp-content\/uploads\/2023\/01\/bureau-768x329.jpg 768w\" sizes=\"(max-width: 800px) 100vw, 800px\" \/><\/p>\n<p>Savez-vous r\u00e9ellement ce qui se cache derri\u00e8re le terme <strong>coworking<\/strong>\u00a0de plus en plus pr\u00e9sent en France ? Si vous avez encore des doutes, laissez-nous vous d\u00e9crypter ce mot et surtout ses nombreux avantages\u00a0!<strong>\u00a0<\/strong><\/p>\n<p>Un espace de coworking est un <strong>lieu d\u00e9di\u00e9 au travail<\/strong> qui permet d\u2019accueillir des <strong>entreprises<\/strong> et <strong>ind\u00e9pendants<\/strong> de tous secteurs confondus. Les professionnels qui d\u00e9cident de rejoindre cet espace pour travailler deviennent des \u00ab\u00a0<strong>coworkers<\/strong>\u00a0\u00bb et font finalement partie d\u2019une grande famille. Mais que pouvons-nous retrouver dans un tel lieu\u00a0?<\/p>\n<p>Les espaces de coworking proposent plusieurs espaces sp\u00e9cifiques tels que\u00a0:<br>\n<div class=\"su-list\" style=\"margin-left:10px\">\n<ul>\n<li><i class=\"sui sui-minus\" style=\"color:#FF503D\"><\/i> Des <strong>bureaux individuels<\/strong><\/li>\n<li><i class=\"sui sui-minus\" style=\"color:#FF503D\"><\/i> Des <strong>bureaux group\u00e9s<\/strong><\/li>\n<li><i class=\"sui sui-minus\" style=\"color:#FF503D\"><\/i> Des <strong>salles de r\u00e9union<\/strong><\/li>\n<li><i class=\"sui sui-minus\" style=\"color:#FF503D\"><\/i> Des <strong>open-spaces<\/strong><\/li>\n<li><i class=\"sui sui-minus\" style=\"color:#FF503D\"><\/i> Des<strong> coins d\u00e9tente\/jeux<\/strong><\/li>\n<li><i class=\"sui sui-minus\" style=\"color:#FF503D\"><\/i> Un espace pour manger (cuisine et table)<\/li>\n<\/ul>\n<\/div><br>\nFinalement, cette solution permet aux <strong>soci\u00e9t\u00e9s<\/strong> et <strong>entrepreneurs<\/strong> de travailler dans un endroit d\u00e9di\u00e9 et de ne pas investir dans un local. De plus, ces <strong>espaces<\/strong> sont <strong>flexibles<\/strong> et peuvent \u00eatre lou\u00e9s \u00e0 la journ\u00e9e comme \u00e0 l\u2019ann\u00e9e, selon vos besoins.<\/p>\n<p>Aujourd\u2019hui, les espaces de coworking rencontrent un succ\u00e8s fulgurant, car cette solution r\u00e9pond \u00e0 de nouveaux besoins et \u00e0 de <strong>nouveaux modes de travail<\/strong>. Et si ce moyen pouvait correspondre \u00e0 votre soci\u00e9t\u00e9\u00a0?<\/p>\n<p>Vous \u00eates int\u00e9ress\u00e9 par ce type d\u2019<strong>espace de travail partag\u00e9\u00a0<\/strong>? D\u00e9couvrez la suite de notre guide pour trouver celui qu\u2019il vous faut\u00a0!<strong>\u00a0<\/strong><\/p>\n<p style=\"text-align: center; font-size: 18pt;\"><b>Vous souhaitez louer un espace de coworking adapt\u00e9 \u00e0 vos besoins ? Contactez le Lodge, votre centre d\u2019affaires \u00e0 Strasbourg !<\/b><\/p>\n<p style=\"text-align: center;\">Location de salles de r\u00e9union et bureaux avec ou sans domiciliation et espaces de r\u00e9ception.<\/p>\n<p style=\"text-align: center;\"><div class=\"su-button-center\"><span data-atc=\"aHR0cHM6Ly9sZS1sb2RnZS5mci9jb250YWN0ZXotbm91cy8=\" class=\"su-button su-button-style-flat atc pop\" style=\" cursor: pointer; color:#FFFFFF;background-color:#FF503D;border-color:;0px;\" target=\"_blank\" rel=\"noopener noreferrer\">\r\n\t\r\n\t\r\n\t<span style=\";padding:8px 26px;font-size:20px;line-height:30px;border-color:;border-radius:0px;-moz-border-radius:0px;-webkit-border-radius:0px;text-shadow:none;-moz-text-shadow:none;-webkit-text-shadow:none;background-color: #FF503D; color:#FFFFFF !important\"> <i class=\"sui sui-pencil-square-o\" style=\"\" aria-label=\"\"><\/i>Envoyer ma demande <\/span>\r\n\r\n<\/span><\/div>\n<h2>O\u00f9 trouver un espace de coworking ?<\/h2>\n<p>Vous \u00eates s\u00e9duit par cette solution cependant, vous ignorez comment trouver votre espace de travail partag\u00e9 id\u00e9al\u00a0? Notre \u00e9quipe souhaite vous aider\u00a0!<\/p>\n<p>Il est important de savoir que les <strong>espaces de coworking<\/strong> se sont r\u00e9pandus partout dans le monde et qu\u2019ils sont tr\u00e8s <strong>pr\u00e9sents<\/strong> partout en France. Ainsi, il est possible de d\u00e9nicher votre lieu dans les <strong>grandes villes fran\u00e7aises <\/strong>(Paris, Strasbourg, Lyon, Lille, etc.). Cependant, comment trouver le bon\u00a0?<\/p>\n<p>Il existe des <strong>sites internet d\u00e9di\u00e9s<\/strong> \u00e0 la recherche d\u2019espaces de coworking. Gr\u00e2ce \u00e0 ces sites, vous avez la possibilit\u00e9 d\u2019entrer vos <strong>crit\u00e8res de recherches<\/strong> et ainsi de trouver le lieu qui r\u00e9pond parfaitement \u00e0 vos besoins\u00a0!<\/p>\n<p>Vous venez de la r\u00e9gion <strong>Grand Est<\/strong> et \u00eates \u00e0 la recherche d\u2019un espace de coworking\u00a0? Nous avons le lieu qu\u2019il vous faut\u00a0! D\u00e9couvrez <strong>le Lodge<\/strong>, un centre d\u2019affaires de 600m2 rempli de surprises. En vous y rendant, vous pourrez d\u00e9couvrir des <strong>salles de r\u00e9union<\/strong>, des <strong>bureaux<\/strong>, un <strong>open-space <\/strong>ainsi que des <strong>espaces communs <\/strong>parfaits pour vous ressourcer (cuisine, espace d\u00e9tente, jeux, terrasse).<\/p>\n<p>Vous souhaitez en savoir plus\u00a0? N\u2019h\u00e9sitez pas \u00e0 nous contacter pour d\u00e9couvrir nos offres et surtout profiter d\u2019un cadre de travail id\u00e9al o\u00f9 la <strong>productivit\u00e9<\/strong> et les <strong>\u00e9changes<\/strong> seront au rendez-vous.<strong>\u00a0<\/strong><\/p>\n<h2>Pourquoi choisir un espace de coworking pour travailler\u00a0?<\/h2>\n<p><img loading=\"lazy\" decoding=\"async\" class=\"size-full wp-image-2605 aligncenter\" src=\"https:\/\/le-lodge.fr\/conseil\/wp-content\/uploads\/2023\/01\/coworkers.jpg\" alt=\"Coworkers qui discutent\" width=\"800\" height=\"391\" srcset=\"https:\/\/le-lodge.fr\/conseil\/wp-content\/uploads\/2023\/01\/coworkers.jpg 800w, https:\/\/le-lodge.fr\/conseil\/wp-content\/uploads\/2023\/01\/coworkers-768x375.jpg 768w\" sizes=\"(max-width: 800px) 100vw, 800px\" \/><\/p>\n<p>Vous \u00eates int\u00e9ress\u00e9 par ce nouveau genre de mode de travail, mais vous souhaitez en savoir plus avant de vous lancer\u00a0? Nous vous comprenons, c\u2019est pourquoi nous souhaitons tout vous d\u00e9voiler.<\/p>\n<p>Au d\u00e9part, les <strong>espaces de coworking<\/strong> ont s\u00e9duit les <strong>entrepreneurs<\/strong>, mais aujourd\u2019hui cette solution a conquis de nombreuses <strong>entreprises<\/strong>. Pourquoi\u00a0? Les offres ainsi que les possibilit\u00e9s sont particuli\u00e8rement int\u00e9ressantes, avantageuses et vari\u00e9es. Vous souhaitez en savoir plus\u00a0? Voici quelques atouts \u00e0 conna\u00eetre\u00a0:<br>\n<div class=\"su-list\" style=\"margin-left:10px\">\n<ul>\n<li><i class=\"sui sui-minus\" style=\"color:#FF503D\"><\/i> Espaces vari\u00e9s d\u00e9di\u00e9s au travail<\/li>\n<li><i class=\"sui sui-minus\" style=\"color:#FF503D\"><\/i> Espaces flexibles<\/li>\n<li><i class=\"sui sui-minus\" style=\"color:#FF503D\"><\/i> Environnement d\u00e9di\u00e9 au travail, aux rencontres professionnelles et \u00e0 la collaboration<\/li>\n<li><i class=\"sui sui-minus\" style=\"color:#FF503D\"><\/i> Tarifs attractifs<\/li>\n<li><i class=\"sui sui-minus\" style=\"color:#FF503D\"><\/i> Offres larges.<\/li>\n<\/ul>\n<\/div><br>\nAlors, qu\u2019attendez-vous pour chercher votre futur espace de coworking\u00a0? Il vous suffit de d\u00e9finir vos besoins et de vous diriger vers l\u2019espace qui vous correspond.<strong>\u00a0<\/strong><\/p>\n<h2><span style=\"color: #ff503d;\">L\u2019essentiel \u00e0 retenir<\/span><\/h2>\n<div class=\"su-list\" style=\"margin-left:10px\">\n<ol>\n<li><i class=\"sui sui-star\" style=\"color:#FF503D\"><\/i> Nous esp\u00e9rons que notre article a pu vous aider \u00e0 savoir <strong>o\u00f9 trouver un espace de coworking<\/strong>.<\/li>\n<li><i class=\"sui sui-star\" style=\"color:#FF503D\"><\/i> Aujourd\u2019hui, les espaces de coworking rencontrent un v\u00e9ritable succ\u00e8s. Apr\u00e8s avoir s\u00e9duit de nombreux travailleurs <strong>ind\u00e9pendants<\/strong>, les <strong>soci\u00e9t\u00e9s<\/strong> se laissent \u00e9galement surprendre par ce lieu de travail partag\u00e9 et flexible.<\/li>\n<li><i class=\"sui sui-star\" style=\"color:#FF503D\"><\/i> Vous souhaitez \u00eatre le prochain cependant, vous ignorez o\u00f9 trouver votre espace de coworking id\u00e9al ? Nous vous conseillons dans un premier temps de <strong>d\u00e9finir<\/strong> vos <strong>besoins<\/strong> puis d\u2019<strong>effectuer <\/strong>des <strong>recherches<\/strong> pouss\u00e9es sur internet. Avez-vous trouv\u00e9 votre nouvel espace de travail ?<\/li>\n<li><i class=\"sui sui-star\" style=\"color:#FF503D\"><\/i> Vous venez d\u2019<strong>Alsace<\/strong> et \u00eates \u00e0 la recherche d\u2019un espace de coworking\u00a0? Nous avons le lieu parfait pour vous\u00a0! D\u00e9couvrez <strong>le Lodge<\/strong>. Un lieu o\u00f9 la <strong>productivit\u00e9<\/strong>, les <strong>\u00e9changes<\/strong> et la <strong>convivialit\u00e9<\/strong> sont au rendez-vous. Vous souhaitez en savoir plus ? Contactez-nous pour conna\u00eetre nos services et offres et en profiter au plus vite !<\/li>\n<li><i class=\"sui sui-star\" style=\"color:#FF503D\"><\/i> Alors, avez-vous trouv\u00e9 votre <strong>espace de coworking\u00a0<\/strong>? Souhaitez-vous nous partager votre exp\u00e9rience ? Nous restons \u00e0 votre disposition.<\/li>\n<\/ol>\n<\/div>\n<\/p><div class=\"su-spacer\" style=\"height:100px\"><\/div><br>\n<div class=\"su-heading su-heading-style-line-blue su-heading-align-center\" id=\"\" style=\"font-size:16px;margin-bottom:0px\"><div class=\"su-heading-inner\">\n<h5><span class=\"su-highlight\" style=\"background:#FF503D;color:#ffffff\">&nbsp;<span style=\"font-weight: 400;\">Ces articles devraient aussi vous int\u00e9resser<\/span>&nbsp;<\/span><\/h5>\n<\/div><\/div><br>\n<div class=\"su-spacer\" style=\"height:50px\"><\/div><br>\n<ul class=\"cs-samelevel-posts\">\n\t\t\t<li><a href=\"https:\/\/le-lodge.fr\/conseil\/open-space\/coworking\/avantages-inconvenients\/\"> Pourquoi choisir le coworking ? Les avantages et les inconv\u00e9nients du coworking<\/a><\/li>\n\t\t\t<li><a href=\"https:\/\/le-lodge.fr\/conseil\/open-space\/coworking\/prix\/\"> Coworking : combien \u00e7a co\u00fbte ? Le vrai prix d'un bon espace de coworking<\/a><\/li>\n\t\t\t<li><a href=\"https:\/\/le-lodge.fr\/conseil\/open-space\/coworking\/comment-choisir\/\"> Comment bien choisir son espace de coworking ? Le guide pour trouver l'espace coworking qui vous ressemble<\/a><\/li>\n\t<\/ul>\n\n\n","protected":false},"excerpt":{"rendered":"<p>Avez-vous d\u00e9j\u00e0 entendu parler des espaces de coworking\u00a0? Si tel est le cas, savez-vous ce qui se cache r\u00e9ellement derri\u00e8re ce terme anglo-saxon ? Non, pas vraiment ? Pas de panique, notre \u00e9quipe a r\u00e9alis\u00e9 un guide pour vous \u00e9clairer \u00e0 ce sujet et surtout vous permettre de d\u00e9nicher votre espace de travail id\u00e9al. Et [&hellip;]<\/p>\n","protected":false},"author":3,"featured_media":2603,"parent":306,"menu_order":0,"comment_status":"closed","ping_status":"closed","template":"","meta":{"_seopress_robots_primary_cat":"","_seopress_titles_title":"O\u00f9 trouver un espace de coworking ?","_seopress_titles_desc":"Vous \u00eates \u00e0 la recherche d&#039;un lieu pour travailler efficacement ? D\u00e9couvrez dans ce guide comment d\u00e9nicher le meilleur espace de coworking pr\u00e8s de chez vous ! ","_seopress_robots_index":"","footnotes":""},"_links":{"self":[{"href":"https:\/\/le-lodge.fr\/conseil\/wp-json\/wp\/v2\/pages\/2585"}],"collection":[{"href":"https:\/\/le-lodge.fr\/conseil\/wp-json\/wp\/v2\/pages"}],"about":[{"href":"https:\/\/le-lodge.fr\/conseil\/wp-json\/wp\/v2\/types\/page"}],"author":[{"embeddable":true,"href":"https:\/\/le-lodge.fr\/conseil\/wp-json\/wp\/v2\/users\/3"}],"replies":[{"embeddable":true,"href":"https:\/\/le-lodge.fr\/conseil\/wp-json\/wp\/v2\/comments?post=2585"}],"version-history":[{"count":8,"href":"https:\/\/le-lodge.fr\/conseil\/wp-json\/wp\/v2\/pages\/2585\/revisions"}],"predecessor-version":[{"id":3581,"href":"https:\/\/le-lodge.fr\/conseil\/wp-json\/wp\/v2\/pages\/2585\/revisions\/3581"}],"up":[{"embeddable":true,"href":"https:\/\/le-lodge.fr\/conseil\/wp-json\/wp\/v2\/pages\/306"}],"wp:featuredmedia":[{"embeddable":true,"href":"https:\/\/le-lodge.fr\/conseil\/wp-json\/wp\/v2\/media\/2603"}],"wp:attachment":[{"href":"https:\/\/le-lodge.fr\/conseil\/wp-json\/wp\/v2\/media?parent=2585"}],"curies":[{"name":"wp","href":"https:\/\/api.w.org\/{rel}","templated":true}]}}