{"id":2559,"date":"2023-02-01T09:58:06","date_gmt":"2023-02-01T08:58:06","guid":{"rendered":"https:\/\/le-lodge.fr\/conseil\/?page_id=2559"},"modified":"2023-05-19T15:54:03","modified_gmt":"2023-05-19T13:54:03","slug":"ecran","status":"publish","type":"page","link":"https:\/\/le-lodge.fr\/conseil\/salle-reunion\/amenager\/ecran\/","title":{"rendered":"\u00c9cran de salle de r\u00e9union : les crit\u00e8res \u00e0 prendre en compte pour choisir le bon !"},"content":{"rendered":"<p><span style=\"font-size: 18pt;\">\u00c7a y est, il est temps de vous attaquer \u00e0 l\u2019<a href=\"https:\/\/le-lodge.fr\/conseil\/salle-reunion\/amenager\/\">am\u00e9nagement de votre salle de r\u00e9union<\/a>. Mais savez-vous par o\u00f9 commencer ? Quel mat\u00e9riel privil\u00e9gier ? Si vous \u00eates perdu, vous avez atterri au bon endroit pour d\u00e9marrer les travaux ! Pour commencer, vous devrez vous \u00e9quiper du mobilier de base : table, chaises, <strong>\u00e9cran<\/strong>, etc. Cependant, savez-vous comment <strong>choisir<\/strong> un support de pr\u00e9sentation\u00a0? Comment s\u00e9lectionner le bon parmi les nombreuses possibilit\u00e9s\u00a0? Si ce n\u2019est pas le cas, nous allons vous aider\u00a0! Notre \u00e9quipe vous a concoct\u00e9 un guide pour vous aider \u00e0 d\u00e9nicher le moniteur adapt\u00e9 \u00e0 vos besoins. <strong>Dimensions<\/strong>, <strong>r\u00e9solutions<\/strong>, <strong>fonctionnalit\u00e9s<\/strong>, budget, tout est pass\u00e9 au peigne fin pour que vous puissiez vous offrir l\u2019\u00e9quipement parfait. Alors, \u00eates-vous pr\u00eat \u00e0 d\u00e9couvrir les crit\u00e8res de choix pour choisir votre futur \u00e9cran de <strong>salle de r\u00e9union<\/strong>\u00a0? Il est l\u2019heure d\u2019opter pour un outil innovant et tout se passe ici\u00a0!<\/span><\/p>\n\n<p class=\"p1\"><div class=\"su-youtube su-u-responsive-media-yes\"><iframe loading=\"lazy\" width=\"600\" height=\"400\" src=\"https:\/\/www.youtube.com\/embed\/5oQQRMGhIvI?\" frameborder=\"0\" allowfullscreen allow=\"autoplay; encrypted-media; picture-in-picture\" title=\"\"><\/iframe><\/div>\n<h2>Les crit\u00e8res \u00e0 prendre en compte pour choisir efficacement votre \u00e9cran<\/h2>\n<p>Vous \u00eates en train d\u2019am\u00e9nager votre nouvelle <strong>salle de r\u00e9union<\/strong>, mais petit b\u00e9mol, vous n\u2019avez pas encore trouv\u00e9 d\u2019<strong>\u00e9cran<\/strong>\u00a0? Pas de panique, notre \u00e9quipe vous indique les <strong>crit\u00e8res<\/strong> \u00e0 prendre en compte pour d\u00e9nicher le moniteur id\u00e9al pour votre espace de travail. Alors, \u00eates-vous pr\u00eat \u00e0 trouver le v\u00f4tre\u00a0?<\/p>\n<div class=\"su-box su-box-style-default su_custom_zone\" id=\"\" style=\"border-color:#cc1d0a;border-radius:3px\"><div class=\"su-box-title\" style=\"background-color:#FF503D;color:#FFFFFF;border-top-left-radius:1px;border-top-right-radius:1px\">Attention<\/div><div class=\"su-box-content su-u-clearfix su-u-trim\" style=\"border-bottom-left-radius:1px;border-bottom-right-radius:1px\">Avant de partir \u00e0 la recherche du <strong>support de pr\u00e9sentation<\/strong> parfait, nous vous conseillons de d\u00e9finir vos besoins (pour quel usage\u00a0? \u00e0 quel emplacement\u00a0? etc.). Lorsque vous aurez d\u00e9fini vos attentes, vous pourrez vous int\u00e9resser aux \u00e9quipements disponibles et s\u00e9lectionner celui qui r\u00e9pond \u00e0 vos souhaits.<strong>\u00a0<\/strong><\/div><\/div>\n<h3>1er crit\u00e8re : choisir la taille id\u00e9ale<\/h3>\n<p><img loading=\"lazy\" decoding=\"async\" class=\"size-full wp-image-2579 aligncenter\" src=\"https:\/\/le-lodge.fr\/conseil\/wp-content\/uploads\/2023\/01\/taille-ecran.jpg\" alt=\"Salle de r\u00e9union \u00e9quip\u00e9e d'un \u00e9cran\" width=\"800\" height=\"450\" srcset=\"https:\/\/le-lodge.fr\/conseil\/wp-content\/uploads\/2023\/01\/taille-ecran.jpg 800w, https:\/\/le-lodge.fr\/conseil\/wp-content\/uploads\/2023\/01\/taille-ecran-768x432.jpg 768w, https:\/\/le-lodge.fr\/conseil\/wp-content\/uploads\/2023\/01\/taille-ecran-540x304.jpg 540w, https:\/\/le-lodge.fr\/conseil\/wp-content\/uploads\/2023\/01\/taille-ecran-344x194.jpg 344w\" sizes=\"(max-width: 800px) 100vw, 800px\" \/><\/p>\n<p>Pour commencer, il est important de s\u2019int\u00e9resser aux <strong>dimensions<\/strong> de votre futur <strong>\u00e9cran<\/strong>. Celui-ci ne doit pas \u00eatre trop grand, ni trop petit. En effet, votre \u00e9cran doit \u00eatre adapt\u00e9 \u00e0 votre pi\u00e8ce, mais comment choisir la bonne taille\u00a0?<\/p>\n<p>Il peut \u00eatre difficile de s\u00e9lectionner la bonne taille, mais il existe quelques <strong>crit\u00e8res<\/strong> et astuces qui pourraient vous aider\u00a0:<br>\n<div class=\"su-list\" style=\"margin-left:10px\">\n<ul>\n<li><i class=\"sui sui-minus\" style=\"color:#FF503D\"><\/i> Int\u00e9ressez-vous dans un premier temps \u00e0 la <strong>taille<\/strong> de votre <strong>salle de r\u00e9union<\/strong> (20m2, 45m2, etc.)<\/li>\n<li><i class=\"sui sui-minus\" style=\"color:#FF503D\"><\/i> Prenez en compte le <strong>nombre<\/strong> de <strong>personnes<\/strong> que celle-ci peut accueillir. Votre salle peut recevoir jusqu\u2019\u00e0 10 personnes\u00a0? Nous vous recommandons de choisir un \u00e9cran 65 pouces. Votre salle peut r\u00e9unir plus de 15 personnes\u00a0? Il sera n\u00e9cessaire de se diriger vers un \u00e9cran plus grand, 75 pouces ou plus.<\/li>\n<li><i class=\"sui sui-minus\" style=\"color:#FF503D\"><\/i> Il est important de prendre en compte la <strong>distance<\/strong> entre l\u2019<strong>\u00e9cran <\/strong>et les <strong>personnes<\/strong> pr\u00e9sentes dans la pi\u00e8ce.<\/li>\n<li><i class=\"sui sui-minus\" style=\"color:#FF503D\"><\/i> Ensuite, observez l\u2019endroit o\u00f9 vous pouvez le positionner pour \u00eatre certain que chaque collaborateur puisse le voir sans difficult\u00e9, sans s\u2019ab\u00eemer les yeux, etc.<\/li>\n<\/ul>\n<\/div><br>\nAinsi, nous vous conseillons de r\u00e9aliser des <strong>tests<\/strong> et des <strong>mesures<\/strong> avant de vous diriger vers un \u00e9cran sp\u00e9cifique.<\/p>\n<p>Vous avez encore un doute ? Contactez un professionnel pour qu\u2019il vous aide \u00e0 choisir l\u2019\u00e9quipement parfait pour votre salle de r\u00e9union.<\/p>\n<p style=\"text-align: center; font-size: 18pt;\"><b>Vous souhaitez louer une salle de r\u00e9union adapt\u00e9e \u00e0 vos besoins ? Contactez le Lodge, votre centre d\u2019affaires \u00e0 Strasbourg !<\/b><\/p>\n<p style=\"text-align: center;\">Location de salles de r\u00e9union et bureaux avec ou sans domiciliation et espaces de r\u00e9ception.<\/p>\n<p style=\"text-align: center;\"><div class=\"su-button-center\"><span data-atc=\"aHR0cHM6Ly93d3cubGUtbG9kZ2UuZnIvY29udGFjdGV6LW5vdXMv\" class=\"su-button su-button-style-flat atc pop\" style=\" cursor: pointer; color:#FFFFFF;background-color:#FF503D;border-color:;0px;\" target=\"_blank\" rel=\"noopener noreferrer\">\r\n\t\r\n\t\r\n\t<span style=\";padding:8px 26px;font-size:20px;line-height:30px;border-color:;border-radius:0px;-moz-border-radius:0px;-webkit-border-radius:0px;text-shadow:none;-moz-text-shadow:none;-webkit-text-shadow:none;background-color: #FF503D; color:#FFFFFF !important\"> <i class=\"sui sui-pencil-square-o\" style=\"\" aria-label=\"\"><\/i>Envoyer ma demande <\/span>\r\n\r\n<\/span><\/div>\n<h3>2\u00e8me crit\u00e8re : s\u2019int\u00e9resser \u00e0 la connectique<\/h3>\n<p>Ce point est essentiel pour assurer le bon fonctionnement de votre \u00e9cran.<\/p>\n<p>Vous pourrez vous diriger vers une <strong>connectivit\u00e9<\/strong> avec c\u00e2ble <strong>HDMI<\/strong>, <strong>DVI<\/strong>, <strong>VGA<\/strong>, un <strong>routeur<\/strong> ou plus simplement une connexion <strong>Wifi<\/strong>. Chaque syst\u00e8me poss\u00e8de ses qualit\u00e9s et ses d\u00e9fauts, mais cela va d\u00e9pendre dans un premier temps de vos moyens.<\/p>\n<div class=\"su-box su-box-style-default su_custom_zone\" id=\"\" style=\"border-color:#cc1d0a;border-radius:3px\"><div class=\"su-box-title\" style=\"background-color:#FF503D;color:#FFFFFF;border-top-left-radius:1px;border-top-right-radius:1px\">\u00c0 savoir<\/div><div class=\"su-box-content su-u-clearfix su-u-trim\" style=\"border-bottom-left-radius:1px;border-bottom-right-radius:1px\">Votre \u00e9cran doit pouvoir \u00eatre utilis\u00e9 facilement et la connectique doit \u00eatre accessible \u00e0 tous.<\/div><\/div>\n<h3>3\u00e8me crit\u00e8re : choisir votre \u00e9cran selon les fonctionnalit\u00e9s disponibles<\/h3>\n<p><img loading=\"lazy\" decoding=\"async\" class=\"size-full wp-image-2578 aligncenter\" src=\"https:\/\/le-lodge.fr\/conseil\/wp-content\/uploads\/2023\/01\/fonctionnalites.jpg\" alt=\"Collaboratrice qui utilise un \u00e9cran modulable\" width=\"800\" height=\"450\" srcset=\"https:\/\/le-lodge.fr\/conseil\/wp-content\/uploads\/2023\/01\/fonctionnalites.jpg 800w, https:\/\/le-lodge.fr\/conseil\/wp-content\/uploads\/2023\/01\/fonctionnalites-768x432.jpg 768w, https:\/\/le-lodge.fr\/conseil\/wp-content\/uploads\/2023\/01\/fonctionnalites-540x304.jpg 540w, https:\/\/le-lodge.fr\/conseil\/wp-content\/uploads\/2023\/01\/fonctionnalites-344x194.jpg 344w\" sizes=\"(max-width: 800px) 100vw, 800px\" \/><\/p>\n<p>Le choix d\u2019un \u00e9cran peut varier selon vos besoins et selon les options et <strong>fonctionnalit\u00e9s<\/strong> propos\u00e9es.<\/p>\n<p>Souhaitez-vous un \u00e9cran classique ou un mod\u00e8le <strong>tactile<\/strong>\u00a0? Selon vos pr\u00e9f\u00e9rences, vous pourrez vous diriger vers un moniteur plus <strong>innovant<\/strong> et complet.<\/p>\n<p>Ainsi, nous vous conseillons de v\u00e9rifier les fonctionnalit\u00e9s des \u00e9crans qui vous plaisent pour choisir celui qui vous propose le <strong>service<\/strong> le plus <strong>complet<\/strong> (r\u00e9union en ligne, enregistrement de l\u2019\u00e9cran, prise de notes, etc.).<\/p>\n<p>Avez-vous une id\u00e9e des fonctionnalit\u00e9s qui pourraient vous s\u00e9duire\u00a0?<\/p>\n<h3>4\u00e8me crit\u00e8re : choisir entre un \u00e9cran brillant ou mat<\/h3>\n<p>Vous avez la possibilit\u00e9 d\u2019acheter un <strong>\u00e9cran<\/strong> professionnel <strong>mat<\/strong> ou <strong>brillant<\/strong>, mais comment faire le bon choix\u00a0?<\/p>\n<p>L\u2019\u00e9cran <strong>mat<\/strong> est un mod\u00e8le plus on\u00e9reux cependant, il offre un meilleur <strong>confort visuel<\/strong>. En effet, il offre un traitement <strong>antireflet<\/strong> qui permet \u00e0 chaque participant de profiter de tous les \u00e9l\u00e9ments diffus\u00e9s sur ce moniteur. Ainsi, ni distraction ni coup de barre ne pourront prendre place lors de vos r\u00e9unions.<\/p>\n<p>Toutefois, si vous poss\u00e9dez un <strong>budget<\/strong> plus <strong>serr\u00e9<\/strong> et que votre salle de r\u00e9union est plut\u00f4t petite et cosy, vous pourrez opter pour un <strong>\u00e9cran brillant<\/strong>. Celui-ci remplira sa mission avec brio\u00a0!<\/p>\n<p>Alors, avez-vous fait votre choix ?<\/p>\n<h3>5\u00e8me crit\u00e8re : s\u00e9lectionner une r\u00e9solution<\/h3>\n<p><img loading=\"lazy\" decoding=\"async\" class=\"size-full wp-image-2580 aligncenter\" src=\"https:\/\/le-lodge.fr\/conseil\/wp-content\/uploads\/2023\/01\/grand-ecran.jpg\" alt=\"Zoom sur un \u00e9cran digital moderne\" width=\"800\" height=\"533\" srcset=\"https:\/\/le-lodge.fr\/conseil\/wp-content\/uploads\/2023\/01\/grand-ecran.jpg 800w, https:\/\/le-lodge.fr\/conseil\/wp-content\/uploads\/2023\/01\/grand-ecran-768x512.jpg 768w, https:\/\/le-lodge.fr\/conseil\/wp-content\/uploads\/2023\/01\/grand-ecran-736x491.jpg 736w\" sizes=\"(max-width: 800px) 100vw, 800px\" \/><\/p>\n<p>\u00c9videmment, il est impossible de choisir un \u00e9cran sans prendre en compte sa <strong>r\u00e9solution<\/strong>. Celle-ci doit \u00eatre bien choisie pour vous permettre de profiter d\u2019un visionnage de qualit\u00e9.<\/p>\n<p>Vous pourrez opter pour les r\u00e9solutions suivantes\u00a0:<br>\n<div class=\"su-list\" style=\"margin-left:10px\">\n<ul>\n<li><i class=\"sui sui-minus\" style=\"color:#FF503D\"><\/i> 4K<\/li>\n<li><i class=\"sui sui-minus\" style=\"color:#FF503D\"><\/i> FHD<\/li>\n<li><i class=\"sui sui-minus\" style=\"color:#FF503D\"><\/i> HD<\/li>\n<\/ul>\n<\/div><br>\nAujourd\u2019hui, la majorit\u00e9 des moniteurs proposent une r\u00e9solution en Full HD ou en 4K ainsi, pas de tracas, vous profiterez d\u2019une <strong>qualit\u00e9 optimale<\/strong>\u00a0!<\/p>\n<h3>6\u00e8me crit\u00e8re\u00a0: ne surtout pas oublier l\u2019exp\u00e9rience utilisateur<\/h3>\n<p>Vous pensez avoir trouv\u00e9 l\u2019\u00e9cran parfait\u00a0? Quelle bonne nouvelle cependant, celui-ci est-il facile \u00e0 prendre en main\u00a0? Cette question est essentielle\u00a0! En effet, il est important de choisir un <strong>moniteur<\/strong> <strong>facile \u00e0 utiliser<\/strong> qui ne vous fait pas perdre en efficacit\u00e9 ni en temps lors de vos r\u00e9unions.<\/p>\n<p>Lorsqu\u2019une r\u00e9union est lanc\u00e9e et que l\u2019\u00e9cran fait des siennes, cela impacte la productivit\u00e9. C\u2019est pourquoi nous vous conseillons de choisir un <strong>\u00e9cran intuitif<\/strong>, accessible \u00e0 tous m\u00eame \u00e0 ceux qui ne sont pas \u00e0 l\u2019aise avec les outils technologiques.<\/p>\n<p>Vous ignorez quel moniteur choisir\u00a0? Nous vous recommandons de vous diriger vers des <strong>\u00e9crans num\u00e9riques interactifs<\/strong> qui r\u00e9pondront pleinement \u00e0 vos attentes.<\/p>\n<h3>7\u00e8me crit\u00e8re : choisir un \u00e9cran en fonction de votre budget<\/h3>\n<p>Pour finir, il reste un dernier crit\u00e8re et pas des moindres\u00a0: votre <strong>budget<\/strong>. Il est essentiel de vous diriger vers un \u00e9quipement de qualit\u00e9, mais attention, celui-ci ne doit pas d\u00e9passer votre budget.<\/p>\n<p>Aujourd\u2019hui, le <strong>prix<\/strong> d\u2019un \u00e9cran est tr\u00e8s variable d\u2019une marque \u00e0 une autre ou encore d\u2019un mod\u00e8le \u00e0 un autre. Ainsi, il est possible de d\u00e9nicher un moniteur <strong>d\u00e8s 250 euros<\/strong>, mais les prix peuvent rapidement monter en fl\u00e8che et <strong>d\u00e9passer<\/strong> les <strong>5 000 euros<\/strong>. Sans compter les fonctionnalit\u00e9s et options qui impactent drastiquement le prix final.<\/p>\n<p>Nous vous conseillons donc de <strong>d\u00e9finir<\/strong> vos <strong>besoins<\/strong> et votre <strong>budget<\/strong> avant de vous pr\u00e9cipiter dans l\u2019achat d\u2019un \u00e9cran innovant.<\/p>\n<p>Alors, \u00eates-vous pr\u00eat \u00e0 trouver votre futur \u00e9cran\u00a0?<\/p>\n<h2><span style=\"color: #FF503D;\">L\u2019essentiel \u00e0 retenir<\/span><\/h2>\n<div class=\"su-list\" style=\"margin-left:10px\">\n<ol>\n<li><i class=\"sui sui-star\" style=\"color:#FF503D\"><\/i> Nous esp\u00e9rons que notre article a pu vous aider \u00e0 savoir comment <strong>choisir<\/strong> un <strong>\u00e9cran<\/strong> pour une <strong>salle de r\u00e9union<\/strong>.<\/li>\n<li><i class=\"sui sui-star\" style=\"color:#FF503D\"><\/i> Vous \u00eates en train d\u2019am\u00e9nager votre nouvelle salle de r\u00e9union cependant, vous ignorez quels \u00e9quipements choisir ? Nous vous conseillons de porter une attention particuli\u00e8re lorsque vous choisirez l\u2019\u00e9cran.<\/li>\n<li><i class=\"sui sui-star\" style=\"color:#FF503D\"><\/i> En effet, il est essentiel d\u2019avoir une salle de r\u00e9union \u00e9quip\u00e9e d\u2019un <strong>moniteur<\/strong> pour projeter des informations, pr\u00e9senter des id\u00e9es, etc. Mais lequel choisir ?<\/li>\n<li><i class=\"sui sui-star\" style=\"color:#FF503D\"><\/i> Il existe plusieurs <strong>crit\u00e8res<\/strong> \u00e0 prendre en compte pour choisir l\u2019\u00e9cran adapt\u00e9 \u00e0 vos besoins. Notre \u00e9quipe a r\u00e9uni les plus importants\u00a0:\n<ol>\n<li><i class=\"sui sui-star\" style=\"color:#FF503D\"><\/i> <strong>taille<\/strong> de l\u2019\u00e9cran<\/li>\n<li><i class=\"sui sui-star\" style=\"color:#FF503D\"><\/i> <strong>connectique<\/strong><\/li>\n<li><i class=\"sui sui-star\" style=\"color:#FF503D\"><\/i> <strong>fonctionnalit\u00e9s<\/strong> disponibles<\/li>\n<li><i class=\"sui sui-star\" style=\"color:#FF503D\"><\/i> \u00e9cran <strong>brillant<\/strong> ou <strong>mat<\/strong><\/li>\n<li><i class=\"sui sui-star\" style=\"color:#FF503D\"><\/i> <strong>r\u00e9solution<\/strong><\/li>\n<li><i class=\"sui sui-star\" style=\"color:#FF503D\"><\/i> <strong>exp\u00e9rience utilisateur<\/strong><\/li>\n<li><i class=\"sui sui-star\" style=\"color:#FF503D\"><\/i> <strong>budget<\/strong>.<\/li>\n<\/ol>\n<\/li>\n<li><i class=\"sui sui-star\" style=\"color:#FF503D\"><\/i> Alors, avez-vous d\u00e9nich\u00e9 l\u2019\u00e9cran id\u00e9al pour votre salle de r\u00e9union ? Lequel a remport\u00e9 tous les suffrages ?<\/li>\n<li><i class=\"sui sui-star\" style=\"color:#FF503D\"><\/i> Nous esp\u00e9rons que vous avez pu faire votre choix et que vos r\u00e9unions sont plus dynamiques et efficaces gr\u00e2ce \u00e0 ce nouvel achat !<\/li>\n<\/ol>\n<\/div>\n<\/p><div class=\"su-spacer\" style=\"height:100px\"><\/div><br>\n<div class=\"su-heading su-heading-style-line-blue su-heading-align-center\" id=\"\" style=\"font-size:16px;margin-bottom:0px\"><div class=\"su-heading-inner\">\n<h5><span class=\"su-highlight\" style=\"background:#FF503D;color:#ffffff\">&nbsp;<span style=\"font-weight: 400;\">Ces articles devraient aussi vous int\u00e9resser<\/span>&nbsp;<\/span><\/h5>\n<\/div><\/div><br>\n<div class=\"su-spacer\" style=\"height:50px\"><\/div><br>\n<ul class=\"cs-samelevel-posts\">\n\t\t\t<li><a href=\"https:\/\/le-lodge.fr\/conseil\/salle-reunion\/amenager\/choix-chaises\/\"> Salle de r\u00e9union : quels fauteuils privil\u00e9gier pour le bien-\u00eatre des participants ?<\/a><\/li>\n\t\t\t<li><a href=\"https:\/\/le-lodge.fr\/conseil\/salle-reunion\/amenager\/equipements\/\"> Salle de r\u00e9union : les \u00e9quipements indispensables \u00e0 vous procurer !<\/a><\/li>\n\t\t\t<li><a href=\"https:\/\/le-lodge.fr\/conseil\/salle-reunion\/amenager\/couleur\/\"> Salle de r\u00e9union : Quels coloris privil\u00e9gier ?<\/a><\/li>\n\t\t\t<li><a href=\"https:\/\/le-lodge.fr\/conseil\/salle-reunion\/amenager\/surface-minimum\/\"> Surface d'une salle de r\u00e9union : comment la d\u00e9terminer ?<\/a><\/li>\n\t\t\t<li><a href=\"https:\/\/le-lodge.fr\/conseil\/salle-reunion\/amenager\/trouver-noms\/\"> Salles de r\u00e9union : quelles appellations originales leur donner ?<\/a><\/li>\n\t\t\t<li><a href=\"https:\/\/le-lodge.fr\/conseil\/salle-reunion\/amenager\/insonorisation\/\"> Conseils et astuces pour insonoriser efficacement une salle de r\u00e9union<\/a><\/li>\n\t\t\t<li><a href=\"https:\/\/le-lodge.fr\/conseil\/salle-reunion\/amenager\/choisir-mobilier\/\"> Nos conseils pour bien choisir son mobilier afin d\u2019am\u00e9nager une salle de r\u00e9union<\/a><\/li>\n\t<\/ul>\n\n\n","protected":false},"excerpt":{"rendered":"<p>\u00c7a y est, il est temps de vous attaquer \u00e0 l\u2019am\u00e9nagement de votre salle de r\u00e9union. Mais savez-vous par o\u00f9 commencer ? Quel mat\u00e9riel privil\u00e9gier ? Si vous \u00eates perdu, vous avez atterri au bon endroit pour d\u00e9marrer les travaux ! Pour commencer, vous devrez vous \u00e9quiper du mobilier de base : table, chaises, \u00e9cran, [&hellip;]<\/p>\n","protected":false},"author":3,"featured_media":2577,"parent":926,"menu_order":6,"comment_status":"closed","ping_status":"closed","template":"","meta":{"_seopress_robots_primary_cat":"","_seopress_titles_title":"Comment choisir son \u00e9cran pour sa salle de r\u00e9union ?","_seopress_titles_desc":"Vous \u00eates \u00e0 la recherche d&#039;un \u00e9cran \u00e0 installer dans votre salle de r\u00e9union ? D\u00e9couvrez les crit\u00e8res \u00e0 prendre en compte pour choisir le plus adapt\u00e9 ! ","_seopress_robots_index":"","footnotes":""},"_links":{"self":[{"href":"https:\/\/le-lodge.fr\/conseil\/wp-json\/wp\/v2\/pages\/2559"}],"collection":[{"href":"https:\/\/le-lodge.fr\/conseil\/wp-json\/wp\/v2\/pages"}],"about":[{"href":"https:\/\/le-lodge.fr\/conseil\/wp-json\/wp\/v2\/types\/page"}],"author":[{"embeddable":true,"href":"https:\/\/le-lodge.fr\/conseil\/wp-json\/wp\/v2\/users\/3"}],"replies":[{"embeddable":true,"href":"https:\/\/le-lodge.fr\/conseil\/wp-json\/wp\/v2\/comments?post=2559"}],"version-history":[{"count":5,"href":"https:\/\/le-lodge.fr\/conseil\/wp-json\/wp\/v2\/pages\/2559\/revisions"}],"predecessor-version":[{"id":2886,"href":"https:\/\/le-lodge.fr\/conseil\/wp-json\/wp\/v2\/pages\/2559\/revisions\/2886"}],"up":[{"embeddable":true,"href":"https:\/\/le-lodge.fr\/conseil\/wp-json\/wp\/v2\/pages\/926"}],"wp:featuredmedia":[{"embeddable":true,"href":"https:\/\/le-lodge.fr\/conseil\/wp-json\/wp\/v2\/media\/2577"}],"wp:attachment":[{"href":"https:\/\/le-lodge.fr\/conseil\/wp-json\/wp\/v2\/media?parent=2559"}],"curies":[{"name":"wp","href":"https:\/\/api.w.org\/{rel}","templated":true}]}}