{"id":2555,"date":"2023-02-01T09:49:54","date_gmt":"2023-02-01T08:49:54","guid":{"rendered":"https:\/\/le-lodge.fr\/conseil\/?page_id=2555"},"modified":"2023-05-19T15:53:18","modified_gmt":"2023-05-19T13:53:18","slug":"insonorisation","status":"publish","type":"page","link":"https:\/\/le-lodge.fr\/conseil\/salle-reunion\/amenager\/insonorisation\/","title":{"rendered":"Conseils et astuces pour insonoriser efficacement une salle de r\u00e9union"},"content":{"rendered":"<p><span style=\"font-size: 18pt;\">La <strong>salle de r\u00e9union<\/strong> est une pi\u00e8ce incontournable au sein des entreprises\u00a0! Ce lieu est id\u00e9al pour prendre de grandes d\u00e9cisions, annoncer des nouveaut\u00e9s et surtout se rassembler. Cependant, avant de s\u2019y installer confortablement, il est n\u00e9cessaire de bien l\u2019<a href=\"https:\/\/le-lodge.fr\/conseil\/salle-reunion\/amenager\/\">am\u00e9nager<\/a> : mobilier, <strong>confort sonore<\/strong>, d\u00e9coration, etc. Justement, vous en \u00eates \u00e0 cette \u00e9tape\u00a0? Vous souhaitez cr\u00e9er un endroit o\u00f9 la productivit\u00e9 et l\u2019efficacit\u00e9 seront des enjeux centraux\u00a0? Pour y arriver, nous vous conseillons de vous int\u00e9resser \u00e0 l\u2019<strong>insonorisation<\/strong> de la pi\u00e8ce. En effet, il est important que votre salle de r\u00e9union soit bien insonoris\u00e9e pour \u00e9viter les bruits parasites ainsi que le manque de concentration. Mais comment faire\u00a0pour <strong>am\u00e9liorer <\/strong>l\u2019<strong>acoustique <\/strong>? Notre \u00e9quipe vous explique tout dans ce guide. Avis aux soci\u00e9t\u00e9s qui se lancent dans la cr\u00e9ation de cet espace, cet article est fait pour vous\u00a0!<\/span><\/p>\n\n<p class=\"p1\"><div class=\"su-youtube su-u-responsive-media-yes\"><iframe loading=\"lazy\" width=\"600\" height=\"400\" src=\"https:\/\/www.youtube.com\/embed\/xbcyf0dTZdw?\" frameborder=\"0\" allowfullscreen allow=\"autoplay; encrypted-media; picture-in-picture\" title=\"\"><\/iframe><\/div>\n<h2>4 solutions pour bien insonoriser sa salle de r\u00e9union<\/h2>\n<p><img loading=\"lazy\" decoding=\"async\" class=\"size-full wp-image-2566 aligncenter\" src=\"https:\/\/le-lodge.fr\/conseil\/wp-content\/uploads\/2023\/01\/salle-conference.jpg\" alt=\"Zoom sur des chaises dans une salle de conf\u00e9rence\" width=\"800\" height=\"533\" srcset=\"https:\/\/le-lodge.fr\/conseil\/wp-content\/uploads\/2023\/01\/salle-conference.jpg 800w, https:\/\/le-lodge.fr\/conseil\/wp-content\/uploads\/2023\/01\/salle-conference-768x512.jpg 768w, https:\/\/le-lodge.fr\/conseil\/wp-content\/uploads\/2023\/01\/salle-conference-736x491.jpg 736w\" sizes=\"(max-width: 800px) 100vw, 800px\" \/><\/p>\n<p>Vous vous demandez comment <strong>insonoriser<\/strong> votre future <strong>salle de r\u00e9union\u00a0<\/strong>? Avant d\u2019atteindre cette \u00e9tape, il est essentiel de comprendre pourquoi il faut toujours se soucier de la qualit\u00e9 du son dans un espace professionnel.<\/p>\n<p>Insonoriser un espace de travail permet d\u2019<strong>\u00e9viter<\/strong> la pr\u00e9sence d\u2019<strong>\u00e9chos <\/strong>permanents, de r\u00e9duire les <strong>distractions<\/strong> li\u00e9es aux nuisances sonores \u00e0 l\u2019ext\u00e9rieur de la pi\u00e8ce, mais aussi et surtout d\u2019<strong>am\u00e9liorer<\/strong> les conditions de <strong>travail<\/strong>. Alors, comment \u00e9viter les bruits parasites\u00a0? Comment lutter contre la r\u00e9verb\u00e9ration de son\u00a0? Notre \u00e9quipe vous pr\u00e9sente <strong>4 solutions<\/strong> pour am\u00e9liorer l\u2019acoustique de votre pi\u00e8ce et ainsi vous permettre d\u2019obtenir un lieu d\u00e9di\u00e9 \u00e0 la productivit\u00e9 et au confort sonore\u00a0!<\/p>\n<p style=\"text-align: center; font-size: 18pt;\"><b>Vous souhaitez louer une salle de r\u00e9union adapt\u00e9e \u00e0 vos besoins ? Contactez le Lodge, votre centre d\u2019affaires \u00e0 Strasbourg !<\/b><\/p>\n<p style=\"text-align: center;\">Location de salles de r\u00e9union et bureaux avec ou sans domiciliation et espaces de r\u00e9ception.<\/p>\n<p style=\"text-align: center;\"><div class=\"su-button-center\"><span data-atc=\"aHR0cHM6Ly93d3cubGUtbG9kZ2UuZnIvY29udGFjdGV6LW5vdXMv\" class=\"su-button su-button-style-flat atc pop\" style=\" cursor: pointer; color:#FFFFFF;background-color:#FF503D;border-color:;0px;\" target=\"_blank\" rel=\"noopener noreferrer\">\r\n\t\r\n\t\r\n\t<span style=\";padding:8px 26px;font-size:20px;line-height:30px;border-color:;border-radius:0px;-moz-border-radius:0px;-webkit-border-radius:0px;text-shadow:none;-moz-text-shadow:none;-webkit-text-shadow:none;background-color: #FF503D; color:#FFFFFF !important\"> <i class=\"sui sui-pencil-square-o\" style=\"\" aria-label=\"\"><\/i>Envoyer ma demande <\/span>\r\n\r\n<\/span><\/div>\n<h3>1\u00e8re solution : choisir un plafond acoustique <strong>\u00a0<\/strong><\/h3>\n<p>Votre salle de r\u00e9union n\u2019est pas encore insonoris\u00e9e\u00a0? Il est possible de choisir un <strong>plafond<\/strong> pour <strong>am\u00e9liorer<\/strong> l\u2019<strong>acoustique <\/strong>cependant, celui-ci est adapt\u00e9 pour des plafonds bas ainsi que des petites pi\u00e8ces. Attention, renseignez-vous au pr\u00e9alable aupr\u00e8s d\u2019un professionnel pour choisir l\u2019\u00e9quipement le plus adapt\u00e9 \u00e0 votre espace. En effet, selon la taille de la pi\u00e8ce, sa forme, etc., la correction acoustique ne sera pas la m\u00eame.<\/p>\n<p>Si vous disposez d\u2019un grand espace, nous vous conseillons d\u2019opter pour des <strong>panneaux acoustiques suspendus<\/strong> qui pourront \u00eatre install\u00e9s \u00e0 des endroits strat\u00e9giques.<\/p>\n<p>Gr\u00e2ce \u00e0 cette technique, le bruit devrait \u00eatre absorb\u00e9 et vous ne devriez plus avoir d\u2019\u00e9cho.<\/p>\n<h3>2\u00e8me solution : privil\u00e9gier un sol absorbant<\/h3>\n<p><img loading=\"lazy\" decoding=\"async\" class=\"size-full wp-image-2567 aligncenter\" src=\"https:\/\/le-lodge.fr\/conseil\/wp-content\/uploads\/2023\/01\/sol-absorbant.jpg\" alt=\"Professionnel qui installe un sol absorbant\" width=\"800\" height=\"502\" srcset=\"https:\/\/le-lodge.fr\/conseil\/wp-content\/uploads\/2023\/01\/sol-absorbant.jpg 800w, https:\/\/le-lodge.fr\/conseil\/wp-content\/uploads\/2023\/01\/sol-absorbant-768x482.jpg 768w\" sizes=\"(max-width: 800px) 100vw, 800px\" \/><\/p>\n<p>Vous \u00eates pr\u00eat \u00e0 am\u00e9nager votre salle de r\u00e9union\u00a0? Vous \u00eates \u00e0 la recherche d\u2019une solution pour <strong>r\u00e9duire<\/strong> le <strong>bruit<\/strong> \u00e0 l\u2019int\u00e9rieur\u00a0? Nous vous recommandons d\u2019opter pour de la <strong>moquette<\/strong>. Ce rev\u00eatement au sol est id\u00e9al pour absorber les sons parasites contrairement au parquet. En privil\u00e9giant une belle moquette, vous pourrez vous d\u00e9barrasser d\u00e9finitivement des \u00e9chos.<\/p>\n<p>La moquette vous semble moins \u00e9l\u00e9gante que le joli parquet\u00a0? Nous pouvons vous comprendre cependant, il est possible de vous diriger vers de beaux et <strong>grands tapis<\/strong> qui habilleront votre salle.<\/p>\n<p>Alors, que pensez-vous de cette solution\u00a0?<\/p>\n<h3>3\u00e8me solution : opter pour des cloisons amovibles<\/h3>\n<p>Peut-\u00eatre en avez-vous d\u00e9j\u00e0 entendu parler\u00a0? Les <strong>cloisons amovibles phoniques<\/strong> sont id\u00e9ales pour r\u00e9duire les bruits parasites dans une pi\u00e8ce\u00a0! Ces cloisons sont 100% <strong>isolantes<\/strong> et <strong>absorbantes<\/strong>, ainsi vos r\u00e9unions peuvent se d\u00e9rouler sans accroc, sans distractions ou manque de concentration.<\/p>\n<p>De plus, il est possible de les installer \u00e0 des endroits strat\u00e9giques et ainsi d\u2019<strong>optimiser<\/strong> l\u2019<strong>acoustique<\/strong> de votre salle facilement. Certains mod\u00e8les peuvent m\u00eame \u00eatre d\u00e9plac\u00e9s et retir\u00e9s sans difficult\u00e9 pour que vous puissiez g\u00e9rer l\u2019acoustique de votre salle selon vos besoins sp\u00e9cifiques.<\/p>\n<p>Vous \u00eates \u00e0 la recherche d\u2019une solution pratique et r\u00e9sistante\u00a0? Choisissez les cloisons et profitez d\u2019un confort phonique id\u00e9al pour tout type de r\u00e9union.<\/p>\n<h3>4\u00e8me solution\u00a0: s\u00e9lectionner une mousse adapt\u00e9e<\/h3>\n<p><img loading=\"lazy\" decoding=\"async\" class=\"size-full wp-image-2568 aligncenter\" src=\"https:\/\/le-lodge.fr\/conseil\/wp-content\/uploads\/2023\/01\/mousse.jpg\" alt=\"Zoom sur des mousses acoustiques\" width=\"800\" height=\"508\" srcset=\"https:\/\/le-lodge.fr\/conseil\/wp-content\/uploads\/2023\/01\/mousse.jpg 800w, https:\/\/le-lodge.fr\/conseil\/wp-content\/uploads\/2023\/01\/mousse-768x488.jpg 768w\" sizes=\"(max-width: 800px) 100vw, 800px\" \/><\/p>\n<p>Pour finir, il existe une autre solution id\u00e9ale pour absorber les bruits parasites et faire <strong>dispara\u00eetre<\/strong> les effets de <strong>r\u00e9sonances<\/strong>\u00a0: la <strong>mousse<\/strong> de <strong>m\u00e9lamine<\/strong>.<\/p>\n<p>En choisissant cette mousse, il est possible d\u2019insonoriser votre salle de r\u00e9union efficacement et surtout tr\u00e8s rapidement sans l\u2019aide d\u2019un professionnel. Il vous suffit de coller cette mousse directement sur votre mur \u00e0 des endroits strat\u00e9giques pour <strong>optimiser<\/strong> le <strong>confort phonique<\/strong> de votre salle.<\/p>\n<p>Nos solutions vous ont s\u00e9duit cependant, vous ne vous sentez pas capable d\u2019insonoriser votre salle de r\u00e9union vous-m\u00eame\u00a0? Nous pouvons vous comprendre c\u2019est pourquoi nous vous conseillons de faire <strong>appel<\/strong> \u00e0 un <strong>professionnel<\/strong> de l\u2019<strong>isolation <\/strong>d\u2019espaces. Celui-ci se chargera de vous installer la solution la plus adapt\u00e9e \u00e0 votre pi\u00e8ce ainsi qu\u2019\u00e0 vos besoins. Alors, \u00eates-vous pr\u00eat \u00e0 r\u00e9aliser des r\u00e9unions sans tracas ni nuisances sonores\u00a0?<\/p>\n<h2><span style=\"color: #FF503D;\">L\u2019essentiel \u00e0 retenir<\/span><\/h2>\n<div class=\"su-list\" style=\"margin-left:10px\">\n<ol>\n<li><i class=\"sui sui-star\" style=\"color:#FF503D\"><\/i> Nous esp\u00e9rons que notre article a pu vous aider \u00e0 savoir comment bien<strong> insonoriser <\/strong>sa<strong> salle de r\u00e9union<\/strong>.<\/li>\n<li><i class=\"sui sui-star\" style=\"color:#FF503D\"><\/i> Le bruit peut \u00eatre un r\u00e9el probl\u00e8me dans une salle de r\u00e9union. C\u2019est pourquoi il est essentiel d\u2019opter pour une solution qui permet de <strong>r\u00e9duire<\/strong> les <strong>bruits parasites<\/strong> et qui permet \u00e9galement d\u2019<strong>am\u00e9liorer<\/strong> le <strong>confort phonique<\/strong> de cette salle.<\/li>\n<li><i class=\"sui sui-star\" style=\"color:#FF503D\"><\/i> Il existe de nombreuses <strong>solutions<\/strong> cependant, le choix d\u00e9pendra de votre pi\u00e8ce et de vos besoins. Voici quelques possibilit\u00e9s\u00a0:\n<ol>\n<li><i class=\"sui sui-star\" style=\"color:#FF503D\"><\/i> choisir un<strong> plafond acoustique<\/strong><\/li>\n<li><i class=\"sui sui-star\" style=\"color:#FF503D\"><\/i> privil\u00e9gier un<strong> sol absorbant<\/strong><\/li>\n<li><i class=\"sui sui-star\" style=\"color:#FF503D\"><\/i> opter pour des<strong> cloisons amovibles<\/strong><\/li>\n<li><i class=\"sui sui-star\" style=\"color:#FF503D\"><\/i> s\u00e9lectionner une<strong> mousse <\/strong>adapt\u00e9e.<\/li>\n<\/ol>\n<\/li>\n<li><i class=\"sui sui-star\" style=\"color:#FF503D\"><\/i> Gr\u00e2ce \u00e0 ces diverses solutions, vous pourrez r\u00e9aliser des <strong>r\u00e9unions productives<\/strong> sans nuisances ou g\u00eanes sonores.<\/li>\n<li><i class=\"sui sui-star\" style=\"color:#FF503D\"><\/i> Alors, \u00eates-vous pr\u00eat \u00e0 insonoriser votre salle de r\u00e9union ? Quelle solution semble adapt\u00e9e \u00e0 votre espace de travail ?<\/li>\n<\/ol>\n<\/div>\n<\/p><div class=\"su-spacer\" style=\"height:100px\"><\/div><br>\n<div class=\"su-heading su-heading-style-line-blue su-heading-align-center\" id=\"\" style=\"font-size:16px;margin-bottom:0px\"><div class=\"su-heading-inner\">\n<h5><span class=\"su-highlight\" style=\"background:#FF503D;color:#ffffff\">&nbsp;<span style=\"font-weight: 400;\">Ces articles devraient aussi vous int\u00e9resser<\/span>&nbsp;<\/span><\/h5>\n<\/div><\/div><br>\n<div class=\"su-spacer\" style=\"height:50px\"><\/div><br>\n<ul class=\"cs-samelevel-posts\">\n\t\t\t<li><a href=\"https:\/\/le-lodge.fr\/conseil\/salle-reunion\/amenager\/choix-chaises\/\"> Salle de r\u00e9union : quels fauteuils privil\u00e9gier pour le bien-\u00eatre des participants ?<\/a><\/li>\n\t\t\t<li><a href=\"https:\/\/le-lodge.fr\/conseil\/salle-reunion\/amenager\/equipements\/\"> Salle de r\u00e9union : les \u00e9quipements indispensables \u00e0 vous procurer !<\/a><\/li>\n\t\t\t<li><a href=\"https:\/\/le-lodge.fr\/conseil\/salle-reunion\/amenager\/couleur\/\"> Salle de r\u00e9union : Quels coloris privil\u00e9gier ?<\/a><\/li>\n\t\t\t<li><a href=\"https:\/\/le-lodge.fr\/conseil\/salle-reunion\/amenager\/surface-minimum\/\"> Surface d'une salle de r\u00e9union : comment la d\u00e9terminer ?<\/a><\/li>\n\t\t\t<li><a href=\"https:\/\/le-lodge.fr\/conseil\/salle-reunion\/amenager\/trouver-noms\/\"> Salles de r\u00e9union : quelles appellations originales leur donner ?<\/a><\/li>\n\t\t\t<li><a href=\"https:\/\/le-lodge.fr\/conseil\/salle-reunion\/amenager\/ecran\/\"> \u00c9cran de salle de r\u00e9union : les crit\u00e8res \u00e0 prendre en compte pour choisir le bon !<\/a><\/li>\n\t\t\t<li><a href=\"https:\/\/le-lodge.fr\/conseil\/salle-reunion\/amenager\/choisir-mobilier\/\"> Nos conseils pour bien choisir son mobilier afin d\u2019am\u00e9nager une salle de r\u00e9union<\/a><\/li>\n\t<\/ul>\n\n\n","protected":false},"excerpt":{"rendered":"<p>La salle de r\u00e9union est une pi\u00e8ce incontournable au sein des entreprises\u00a0! Ce lieu est id\u00e9al pour prendre de grandes d\u00e9cisions, annoncer des nouveaut\u00e9s et surtout se rassembler. Cependant, avant de s\u2019y installer confortablement, il est n\u00e9cessaire de bien l\u2019am\u00e9nager : mobilier, confort sonore, d\u00e9coration, etc. Justement, vous en \u00eates \u00e0 cette \u00e9tape\u00a0? Vous souhaitez [&hellip;]<\/p>\n","protected":false},"author":3,"featured_media":2565,"parent":926,"menu_order":5,"comment_status":"closed","ping_status":"closed","template":"","meta":{"_seopress_robots_primary_cat":"","_seopress_titles_title":"Comment bien insonoriser sa salle de r\u00e9union ?","_seopress_titles_desc":"Vous \u00eates \u00e0 la recherche de conseils pour insonoriser votre salle de r\u00e9union ? D\u00e9couvrez notre guide et nos astuces : mousse, cloison, etc. On vous dit tout ! ","_seopress_robots_index":"","footnotes":""},"_links":{"self":[{"href":"https:\/\/le-lodge.fr\/conseil\/wp-json\/wp\/v2\/pages\/2555"}],"collection":[{"href":"https:\/\/le-lodge.fr\/conseil\/wp-json\/wp\/v2\/pages"}],"about":[{"href":"https:\/\/le-lodge.fr\/conseil\/wp-json\/wp\/v2\/types\/page"}],"author":[{"embeddable":true,"href":"https:\/\/le-lodge.fr\/conseil\/wp-json\/wp\/v2\/users\/3"}],"replies":[{"embeddable":true,"href":"https:\/\/le-lodge.fr\/conseil\/wp-json\/wp\/v2\/comments?post=2555"}],"version-history":[{"count":6,"href":"https:\/\/le-lodge.fr\/conseil\/wp-json\/wp\/v2\/pages\/2555\/revisions"}],"predecessor-version":[{"id":2884,"href":"https:\/\/le-lodge.fr\/conseil\/wp-json\/wp\/v2\/pages\/2555\/revisions\/2884"}],"up":[{"embeddable":true,"href":"https:\/\/le-lodge.fr\/conseil\/wp-json\/wp\/v2\/pages\/926"}],"wp:featuredmedia":[{"embeddable":true,"href":"https:\/\/le-lodge.fr\/conseil\/wp-json\/wp\/v2\/media\/2565"}],"wp:attachment":[{"href":"https:\/\/le-lodge.fr\/conseil\/wp-json\/wp\/v2\/media?parent=2555"}],"curies":[{"name":"wp","href":"https:\/\/api.w.org\/{rel}","templated":true}]}}