{"id":2462,"date":"2023-01-03T12:50:33","date_gmt":"2023-01-03T11:50:33","guid":{"rendered":"https:\/\/le-lodge.fr\/conseil\/?page_id=2462"},"modified":"2024-01-03T15:38:47","modified_gmt":"2024-01-03T14:38:47","slug":"equipements","status":"publish","type":"page","link":"https:\/\/le-lodge.fr\/conseil\/salle-reunion\/amenager\/equipements\/","title":{"rendered":"Salle de r\u00e9union : les \u00e9quipements indispensables \u00e0 vous procurer !"},"content":{"rendered":"<p><span style=\"font-size: 18pt;\">Vous r\u00eavez de renouveau pour votre entreprise\u00a0? Actuellement, vous \u00eates en pleins travaux pour construire un espace de travail o\u00f9 les id\u00e9es et les changements pourraient s\u2019op\u00e9rer ? Quel beau projet\u00a0! Cependant, avant de vous lancer t\u00eate baiss\u00e9e dans cette nouvelle aventure, il est important de savoir <a href=\"https:\/\/le-lodge.fr\/conseil\/salle-reunion\/amenager\/\">comment am\u00e9nager votre salle de r\u00e9union<\/a>. Taille, \u00e9quipements, couleurs, disposition, etc. tous ces \u00e9l\u00e9ments doivent \u00eatre pris en compte d\u00e8s le d\u00e9part pour construire un espace professionnel adapt\u00e9 qui fera peut-\u00eatre na\u00eetre de beaux projets. D\u2019ailleurs, savez-vous quels sont les <strong>\u00e9quipements<\/strong> <strong>indispensables<\/strong> \u00e0 installer dans une salle de r\u00e9union\u00a0? Si ce n\u2019est pas le cas, vous avez atterri au bon endroit\u00a0! Notre \u00e9quipe vous pr\u00e9sente dans ce guide le mat\u00e9riel \u00e0 vous procurer rapidement pour rendre vos <strong>r\u00e9unions efficaces<\/strong> <strong>et ludiques<\/strong>\u00a0! Pr\u00eat \u00e0 impressionner vos salari\u00e9s et \u00e0 leur offrir une salle de r\u00e9union innovante, confortable et surtout \u00e0 l\u2019image de votre soci\u00e9t\u00e9\u00a0? \u00c7a se passe ici\u00a0!<strong>\u00a0<\/strong><\/span><\/p>\n\n<p class=\"p1\"><div class=\"su-youtube su-u-responsive-media-yes\"><iframe loading=\"lazy\" width=\"600\" height=\"400\" src=\"https:\/\/www.youtube.com\/embed\/PXp6GVy3o-U?\" frameborder=\"0\" allowfullscreen allow=\"autoplay; encrypted-media; picture-in-picture\" title=\"\"><\/iframe><\/div>\n<h2>Les \u00e9quipements essentiels qui doivent rejoindre votre salle de r\u00e9union<\/h2>\n<p>Vous \u00eates en train de cr\u00e9er la premi\u00e8re <strong>salle de r\u00e9union<\/strong> de votre soci\u00e9t\u00e9 et \u00eates \u00e0 la recherche d\u2019\u00e9quipements adapt\u00e9s<strong>\u00a0<\/strong>? D\u00e9couvrez dans ce guide la cr\u00e8me de la cr\u00e8me\u00a0! Notre \u00e9quipe a r\u00e9uni les <strong>6 \u00e9quipements indispensables<\/strong> qui vous permettront de r\u00e9aliser des r\u00e9unions agr\u00e9ables et surtout productives. Alors, pr\u00eat \u00e0 conna\u00eetre nos conseils et secrets qui plairont sans aucun doute \u00e0 vos collaborateurs\u00a0? C\u2019est parti\u00a0!<\/p>\n<p style=\"text-align: center; font-size: 18pt;\"><b>Vous souhaitez louer une salle de r\u00e9union adapt\u00e9e \u00e0 vos besoins ? Contactez le Lodge, votre centre d\u2019affaires \u00e0 Strasbourg !<\/b><\/p>\n<p style=\"text-align: center;\">Location de salles de r\u00e9union et bureaux avec ou sans domiciliation et espaces de r\u00e9ception.<\/p>\n<p style=\"text-align: center;\"><div class=\"su-button-center\"><span data-atc=\"aHR0cHM6Ly93d3cubGUtbG9kZ2UuZnIvY29udGFjdGV6LW5vdXMv\" class=\"su-button su-button-style-flat atc pop\" style=\" cursor: pointer; color:#FFFFFF;background-color:#FF503D;border-color:;0px;\" target=\"_blank\" rel=\"noopener noreferrer\">\r\n\t\r\n\t\r\n\t<span style=\";padding:8px 26px;font-size:20px;line-height:30px;border-color:;border-radius:0px;-moz-border-radius:0px;-webkit-border-radius:0px;text-shadow:none;-moz-text-shadow:none;-webkit-text-shadow:none;background-color: #FF503D; color:#FFFFFF !important\"> <i class=\"sui sui-pencil-square-o\" style=\"\" aria-label=\"\"><\/i>Envoyer ma demande <\/span>\r\n\r\n<\/span><\/div>\n<h3>Le mobilier<\/h3>\n<p><img loading=\"lazy\" decoding=\"async\" class=\"size-full wp-image-2492 aligncenter\" src=\"https:\/\/le-lodge.fr\/conseil\/wp-content\/uploads\/2022\/11\/chaises.jpg\" alt=\"Zoom sur des chaises confortables dans une salle de r\u00e9uinon\" width=\"800\" height=\"533\" srcset=\"https:\/\/le-lodge.fr\/conseil\/wp-content\/uploads\/2022\/11\/chaises.jpg 800w, https:\/\/le-lodge.fr\/conseil\/wp-content\/uploads\/2022\/11\/chaises-768x512.jpg 768w, https:\/\/le-lodge.fr\/conseil\/wp-content\/uploads\/2022\/11\/chaises-736x491.jpg 736w\" sizes=\"(max-width: 800px) 100vw, 800px\" \/><\/p>\n<p>L\u2019\u00e9l\u00e9ment le plus important pour une salle de r\u00e9union reste incontestablement le <strong>mobilier<\/strong>\u00a0! Comment r\u00e9aliser une r\u00e9union sans table ni chaises\u00a0? C\u2019est totalement possible, mais quelques \u00e9quipements de bases seront appr\u00e9ci\u00e9s selon les rendez-vous qui auront lieu\u00a0!<\/p>\n<p>Il est essentiel que vous choisissiez les <a href=\"https:\/\/le-lodge.fr\/conseil\/salle-reunion\/amenager\/choisir-mobilier\/\">mobiliers<\/a> avec soin. Pour ce faire, basez-vous sur la <strong>taille<\/strong>, la <strong>forme<\/strong> de votre <strong>salle<\/strong>, mais \u00e9galement les besoins de vos employ\u00e9s. Vous pourrez privil\u00e9gier une grande <strong>table<\/strong> fixe ou plut\u00f4t plusieurs petites tables facilement d\u00e9pla\u00e7ables pour moduler votre salle selon les r\u00e9unions. \u00c0 vous de trancher, quelle table pr\u00e9f\u00e9rez-vous\u00a0?<\/p>\n<p>Ensuite, il est n\u00e9cessaire de choisir des <strong>chaises confortables<\/strong>. Int\u00e9ressez-vous au <strong>dossier<\/strong> et \u00e0 l\u2019<strong>assise<\/strong>\u00a0pour que vos collaborateurs puissent participer aux r\u00e9unions en \u00e9tant dans de bonnes conditions de travail sans avoir de douleurs\u00a0!<\/p>\n<div class=\"su-box su-box-style-default su_custom_zone\" id=\"\" style=\"border-color:#cc1d0a;border-radius:3px\"><div class=\"su-box-title\" style=\"background-color:#FF503D;color:#FFFFFF;border-top-left-radius:1px;border-top-right-radius:1px\">En plus<\/div><div class=\"su-box-content su-u-clearfix su-u-trim\" style=\"border-bottom-left-radius:1px;border-bottom-right-radius:1px\">Ne n\u00e9gligez surtout pas l\u2019<strong>\u00e9clairage<\/strong> de votre salle et pensez \u00e0 \u00e9quiper celle-ci de nombreuses <strong>prises \u00e9lectriques<\/strong> pour qu\u2019aucun appareil ne puisse \u00eatre en rade de batterie le jour de la grande r\u00e9union\u00a0!<\/div><\/div>\n<p>\u00c7a y est, vous \u00eates pr\u00eat \u00e0 trouver le mobilier adapt\u00e9 \u00e0 votre salle\u00a0? N\u2019oubliez pas, les mots d\u2019ordre sont\u00a0: <strong>pratique<\/strong>, <strong>modulable<\/strong> et <strong>confortable<\/strong>\u00a0!<strong>\u00a0<\/strong><\/p>\n<h3>Une connexion internet fiable<\/h3>\n<p>Cela peut vous sembler \u00e9vident, mais il est pr\u00e9f\u00e9rable de le rappeler. Votre salle de r\u00e9union doit disposer d\u2019une <strong>connexion internet fiable<\/strong> et puissante surtout si celle-ci est centr\u00e9e sur le digital. Partager des informations en ligne, consulter un document partag\u00e9, regarder une vid\u00e9o, etc. sont des t\u00e2ches difficiles \u00e0 r\u00e9aliser si vous ne disposez pas de Wifi dans votre salle. Ainsi, avant chaque rendez-vous professionnel, nous vous conseillons de <strong>v\u00e9rifier<\/strong> la <strong>connexion<\/strong> pour ne rencontrer aucune difficult\u00e9 lors des pr\u00e9sentations.<\/p>\n<h3>Un paperboard<\/h3>\n<p><img loading=\"lazy\" decoding=\"async\" class=\"size-full wp-image-2491 aligncenter\" src=\"https:\/\/le-lodge.fr\/conseil\/wp-content\/uploads\/2022\/11\/paperboard.jpg\" alt=\"Employ\u00e9s qui utilisent un paperboard\" width=\"800\" height=\"534\" srcset=\"https:\/\/le-lodge.fr\/conseil\/wp-content\/uploads\/2022\/11\/paperboard.jpg 800w, https:\/\/le-lodge.fr\/conseil\/wp-content\/uploads\/2022\/11\/paperboard-768x513.jpg 768w, https:\/\/le-lodge.fr\/conseil\/wp-content\/uploads\/2022\/11\/paperboard-736x491.jpg 736w\" sizes=\"(max-width: 800px) 100vw, 800px\" \/><\/p>\n<p>Aujourd\u2019hui, celui-ci peut sembler ringard ou d\u00e9pass\u00e9 cependant, nous sommes persuad\u00e9s que le papier s\u00e9duit toujours de nombreuses entreprises. Ainsi, il est conseill\u00e9 d\u2019avoir dans votre future salle de r\u00e9union un <strong>paperboard<\/strong> qui vous servira de support pour noter les informations importantes. Dates cl\u00e9s, rendus, probl\u00e9matique, id\u00e9es, etc. il vous permettra de ne rien oublier et d\u2019avoir les \u00e9l\u00e9ments essentiels sous les yeux. De plus, cela \u00e9vite les feuilles volantes ou encore l\u2019utilisation de post-it qui risquent de se perdre.<\/p>\n<p>Vous pr\u00e9f\u00e9rez une version plus moderne\u00a0? Il existe une <strong>version digitale<\/strong> qui facilitera vos \u00e9changes et vous permettra de r\u00e9cup\u00e9rer les informations principales \u00e0 tout moment. Alors, \u00eates-vous convaincu\u00a0?<strong>\u00a0<\/strong><\/p>\n<h3>Un vid\u00e9oprojecteur et un \u00e9cran de projection<\/h3>\n<p>Une salle de r\u00e9union a pour r\u00f4le de permettre \u00e0 des collaborateurs d\u2019\u00e9changer, mais aussi de pr\u00e9senter des informations. En tant qu\u2019animateur, vous souhaitez garder l\u2019attention des participants\u00a0? Vous aimez imager votre discours\u00a0? Il est possible d\u2019\u00e9quiper votre espace d\u2019un <strong>vid\u00e9oprojecteur<\/strong> et d\u2019un <strong>\u00e9cran de projection<\/strong> pour illustrer vos propos.<\/p>\n<p>Ces deux \u00e9quipements sont tr\u00e8s <strong>pratiques<\/strong> et m\u00eame <strong>ludiques<\/strong>. Ils permettent de rendre les r\u00e9unions plus agr\u00e9ables et plus compr\u00e9hensibles\u00a0!<\/p>\n<p>Vous n\u2019\u00eates pas convaincu\u00a0? Vous pr\u00e9f\u00e9rez une solution plus actuelle\u00a0? Nous avons ce qu\u2019il vous faut, d\u00e9couvrez les \u00e9quipements n\u00b05.<strong>\u00a0<\/strong><\/p>\n<h3>Un \u00e9cran tactile ou une t\u00e9l\u00e9vision<\/h3>\n<p><img loading=\"lazy\" decoding=\"async\" class=\"size-full wp-image-2493 aligncenter\" src=\"https:\/\/le-lodge.fr\/conseil\/wp-content\/uploads\/2022\/11\/ecran.jpg\" alt=\"Professionnels qui utilisent un \u00e9cran tactile pour travailler\" width=\"800\" height=\"450\" srcset=\"https:\/\/le-lodge.fr\/conseil\/wp-content\/uploads\/2022\/11\/ecran.jpg 800w, https:\/\/le-lodge.fr\/conseil\/wp-content\/uploads\/2022\/11\/ecran-768x432.jpg 768w, https:\/\/le-lodge.fr\/conseil\/wp-content\/uploads\/2022\/11\/ecran-540x304.jpg 540w, https:\/\/le-lodge.fr\/conseil\/wp-content\/uploads\/2022\/11\/ecran-344x194.jpg 344w\" sizes=\"(max-width: 800px) 100vw, 800px\" \/><\/p>\n<p>Selon vos pr\u00e9f\u00e9rences, mais \u00e9galement votre budget, vous avez la possibilit\u00e9 d\u2019\u00e9quiper votre salle d\u2019une t\u00e9l\u00e9vision ou d\u2019un \u00e9cran tactile. On vous explique tout\u00a0!<\/p>\n<p>La <strong>t\u00e9l\u00e9vision<\/strong> est une solution id\u00e9ale si vous ne pouvez pas installer un \u00e9cran tactile. Gr\u00e2ce \u00e0 ses nombreuses <strong>fonctionnalit\u00e9s<\/strong>, vous avez la possibilit\u00e9 de partager du contenu facilement et rapidement. De plus, il est possible de combiner cet appareil avec un ordinateur portable pour obtenir un rendu plus lisible. Cette solution qui remplace l\u2019\u00e9cran de projection vous tente-t-elle\u00a0?<\/p>\n<p>L\u2019<strong>\u00e9cran tactile <\/strong>est la tendance du moment et nous comprenons tous pourquoi\u00a0! C\u2019est une solution plus actuelle, mais aussi plus <strong>pratique<\/strong> et agr\u00e9able qui remplace donc efficacement le fameux vid\u00e9oprojecteur. Plus de fonctionnalit\u00e9s, vous pouvez l\u2019utiliser pour <strong>projeter<\/strong> vos <strong>contenus<\/strong>, mais aussi pour \u00e9crire et partager des id\u00e9es. Comment ne pas \u00eatre s\u00e9duit\u00a0? Seul petit b\u00e9mol, son prix est plus \u00e9lev\u00e9\u00a0! Ainsi, selon vos besoins et votre budget, vous pourrez vous diriger vers la solution la plus adapt\u00e9e\u00a0!<\/p>\n<h3>La pieuvre t\u00e9l\u00e9phonique<\/h3>\n<p>Son nom vous fait sourire, mais savez-vous ce qu\u2019il signifie\u00a0? Il s\u2019agit d\u2019un <strong>syst\u00e8me d\u2019audioconf\u00e9rence<\/strong> indispensable lorsque vous devez r\u00e9aliser des <strong>r\u00e9unions \u00e0 distance<\/strong> avec vos collaborateurs. La pieuvre t\u00e9l\u00e9phonique ressemble \u00e0 un haut-parleur qui permet d\u2019appeler plusieurs personnes en simultan\u00e9 tout en offrant une qualit\u00e9 sonore parfaite. De plus, cet appareil est \u00e9quip\u00e9 de plusieurs <strong>micros<\/strong> install\u00e9s autour de lui pour permettre \u00e0 n\u2019importe quel employ\u00e9 d\u2019interagir avec un coll\u00e8gue qui se trouve \u00e0 distance.<\/p>\n<p>Vous r\u00e9alisez r\u00e9guli\u00e8rement des r\u00e9unions \u00e0 distance\u00a0? Cet \u00e9quipement pourrait rapidement devenir indispensable pour votre entreprise\u00a0!<\/p>\n<h2>Les salles de r\u00e9union du centre d\u2019affaires le Lodge<\/h2>\n<p>Votre entreprise est implant\u00e9e en <strong>Alsace<\/strong> ou vous \u00eates de passage\u00a0dans cette belle r\u00e9gion ? Malheureusement, vos locaux ne disposent pas de <strong>salles de r\u00e9union<\/strong>\u00a0? Nous avons la solution parfaite pour vous\u00a0: contactez le centre d\u2019affaires <strong>le Lodge<\/strong>.<\/p>\n<p>Nous disposons de plusieurs salles de r\u00e9union disponibles \u00e0 la <strong>location<\/strong>. Selon vos besoins (dur\u00e9e, \u00e9quipements, etc.) vous pourrez r\u00e9unir vos collaborateurs et r\u00e9aliser votre rendez-vous professionnel sans accroc. En plus, lors de vos pauses, vous pourrez profiter d\u2019une grande<strong> terrasse<\/strong>, d\u2019un <strong>espace<\/strong> d\u00e9di\u00e9 \u00e0 la <strong>d\u00e9tente<\/strong> sans oublier de vous faire un caf\u00e9 ou un th\u00e9 dans notre espace <strong>cuisine<\/strong> pour continuer d\u2019\u00eatre productif.<strong>\u00a0<\/strong><\/p>\n<p>Notre centre d\u2019affaires vous int\u00e9resse\u00a0? Vous souhaitez en savoir plus\u00a0? N\u2019h\u00e9sitez pas \u00e0 nous <strong>contacter<\/strong> d\u00e8s maintenant pour que nous puissions r\u00e9pondre \u00e0 toutes vos questions et vous accueillir dans les meilleures conditions.<\/p>\n<h2><span style=\"color: #FF503D;\">L\u2019essentiel \u00e0 retenir <\/span><\/h2>\n<div class=\"su-list\" style=\"margin-left:10px\">\n<ol>\n<li><i class=\"sui sui-star\" style=\"color:#FF503D\"><\/i> Nous esp\u00e9rons que notre article a pu vous apporter les informations n\u00e9cessaires concernant les <strong>\u00e9quipements<\/strong> \u00e0 se procurer pour cr\u00e9er une <strong>salle de r\u00e9union<\/strong> efficace !<\/li>\n<li><i class=\"sui sui-star\" style=\"color:#FF503D\"><\/i> Vous souhaitez offrir \u00e0 vos salari\u00e9s une salle de r\u00e9union unique, mais surtout adapt\u00e9e \u00e0 tout type de rendez-vous professionnel ? C\u2019est possible, il suffit de l\u2019\u00e9quiper correctement ! Voici les <strong>6 \u00e9quipements utiles<\/strong> qui vous permettront de r\u00e9ussir vos pr\u00e9sentations\u00a0:\n<ol>\n<li><i class=\"sui sui-star\" style=\"color:#FF503D\"><\/i> Mobilier confortable et agr\u00e9able (table et chaises)<\/li>\n<li><i class=\"sui sui-star\" style=\"color:#FF503D\"><\/i> Connexion internet fiable<\/li>\n<li><i class=\"sui sui-star\" style=\"color:#FF503D\"><\/i> Un paperboard digital ou non<\/li>\n<li><i class=\"sui sui-star\" style=\"color:#FF503D\"><\/i> Un vid\u00e9oprojecteur et un \u00e9cran de projection<\/li>\n<li><i class=\"sui sui-star\" style=\"color:#FF503D\"><\/i> Un \u00e9cran tactile ou une t\u00e9l\u00e9vision<\/li>\n<li><i class=\"sui sui-star\" style=\"color:#FF503D\"><\/i> Une pieuvre t\u00e9l\u00e9phonique<\/li>\n<\/ol>\n<\/li>\n<\/ol>\n<\/div><br>\nVous ne disposez pas encore de salle de r\u00e9union au sein de votre entreprise\u00a0? Vous \u00eates implant\u00e9 dans la r\u00e9gion <strong>Grand Est<\/strong>\u00a0? D\u00e9couvrez les <strong>salles de r\u00e9union<\/strong> du centre d\u2019affaires <strong>le Lodge<\/strong> \u00e0 Strasbourg. Vous pourrez profiter d\u2019\u00e9quipements et d\u2019espaces adapt\u00e9s pour assurer la productivit\u00e9 de vos \u00e9quipes. Qu\u2019attendez-vous pour nous contacter\u00a0?<\/p>\n<p>Notre centre d\u2019affaires n\u2019attend plus que vous\u00a0!<\/p>\n<div class=\"su-spacer\" style=\"height:100px\"><\/div><br>\n<div class=\"su-heading su-heading-style-line-blue su-heading-align-center\" id=\"\" style=\"font-size:16px;margin-bottom:0px\"><div class=\"su-heading-inner\">\n<h5><span class=\"su-highlight\" style=\"background:#FF503D;color:#ffffff\">&nbsp;<span style=\"font-weight: 400;\">Ces articles devraient aussi vous int\u00e9resser<\/span>&nbsp;<\/span><\/h5>\n<\/div><\/div><br>\n<div class=\"su-spacer\" style=\"height:50px\"><\/div><br>\n<ul class=\"cs-samelevel-posts\">\n\t\t\t<li><a href=\"https:\/\/le-lodge.fr\/conseil\/salle-reunion\/amenager\/choix-chaises\/\"> Salle de r\u00e9union : quels fauteuils privil\u00e9gier pour le bien-\u00eatre des participants ?<\/a><\/li>\n\t\t\t<li><a href=\"https:\/\/le-lodge.fr\/conseil\/salle-reunion\/amenager\/couleur\/\"> Salle de r\u00e9union : Quels coloris privil\u00e9gier ?<\/a><\/li>\n\t\t\t<li><a href=\"https:\/\/le-lodge.fr\/conseil\/salle-reunion\/amenager\/surface-minimum\/\"> Surface d'une salle de r\u00e9union : comment la d\u00e9terminer ?<\/a><\/li>\n\t\t\t<li><a href=\"https:\/\/le-lodge.fr\/conseil\/salle-reunion\/amenager\/trouver-noms\/\"> Salles de r\u00e9union : quelles appellations originales leur donner ?<\/a><\/li>\n\t\t\t<li><a href=\"https:\/\/le-lodge.fr\/conseil\/salle-reunion\/amenager\/insonorisation\/\"> Conseils et astuces pour insonoriser efficacement une salle de r\u00e9union<\/a><\/li>\n\t\t\t<li><a href=\"https:\/\/le-lodge.fr\/conseil\/salle-reunion\/amenager\/ecran\/\"> \u00c9cran de salle de r\u00e9union : les crit\u00e8res \u00e0 prendre en compte pour choisir le bon !<\/a><\/li>\n\t\t\t<li><a href=\"https:\/\/le-lodge.fr\/conseil\/salle-reunion\/amenager\/choisir-mobilier\/\"> Nos conseils pour bien choisir son mobilier afin d\u2019am\u00e9nager une salle de r\u00e9union<\/a><\/li>\n\t<\/ul>\n\n\n","protected":false},"excerpt":{"rendered":"<p>Vous r\u00eavez de renouveau pour votre entreprise\u00a0? Actuellement, vous \u00eates en pleins travaux pour construire un espace de travail o\u00f9 les id\u00e9es et les changements pourraient s\u2019op\u00e9rer ? Quel beau projet\u00a0! Cependant, avant de vous lancer t\u00eate baiss\u00e9e dans cette nouvelle aventure, il est important de savoir comment am\u00e9nager votre salle de r\u00e9union. Taille, \u00e9quipements, [&hellip;]<\/p>\n","protected":false},"author":3,"featured_media":2490,"parent":926,"menu_order":1,"comment_status":"closed","ping_status":"closed","template":"","meta":{"_seopress_robots_primary_cat":"","_seopress_titles_title":"Quels sont les \u00e9quipements n\u00e9cessaires dans une salle de r\u00e9union ? ","_seopress_titles_desc":"Vous \u00eates \u00e0 la recherche d&#039;\u00e9quipements pour votre future salle de r\u00e9union ? D\u00e9couvrez les indispensables dans notre guide : \u00e9cran tactile, wifi, mobilier adapt\u00e9.","_seopress_robots_index":"","footnotes":""},"_links":{"self":[{"href":"https:\/\/le-lodge.fr\/conseil\/wp-json\/wp\/v2\/pages\/2462"}],"collection":[{"href":"https:\/\/le-lodge.fr\/conseil\/wp-json\/wp\/v2\/pages"}],"about":[{"href":"https:\/\/le-lodge.fr\/conseil\/wp-json\/wp\/v2\/types\/page"}],"author":[{"embeddable":true,"href":"https:\/\/le-lodge.fr\/conseil\/wp-json\/wp\/v2\/users\/3"}],"replies":[{"embeddable":true,"href":"https:\/\/le-lodge.fr\/conseil\/wp-json\/wp\/v2\/comments?post=2462"}],"version-history":[{"count":7,"href":"https:\/\/le-lodge.fr\/conseil\/wp-json\/wp\/v2\/pages\/2462\/revisions"}],"predecessor-version":[{"id":3299,"href":"https:\/\/le-lodge.fr\/conseil\/wp-json\/wp\/v2\/pages\/2462\/revisions\/3299"}],"up":[{"embeddable":true,"href":"https:\/\/le-lodge.fr\/conseil\/wp-json\/wp\/v2\/pages\/926"}],"wp:featuredmedia":[{"embeddable":true,"href":"https:\/\/le-lodge.fr\/conseil\/wp-json\/wp\/v2\/media\/2490"}],"wp:attachment":[{"href":"https:\/\/le-lodge.fr\/conseil\/wp-json\/wp\/v2\/media?parent=2462"}],"curies":[{"name":"wp","href":"https:\/\/api.w.org\/{rel}","templated":true}]}}