{"id":2427,"date":"2022-12-01T12:16:00","date_gmt":"2022-12-01T11:16:00","guid":{"rendered":"https:\/\/le-lodge.fr\/conseil\/?page_id=2427"},"modified":"2023-04-03T09:03:30","modified_gmt":"2023-04-03T07:03:30","slug":"deposer","status":"publish","type":"page","link":"https:\/\/le-lodge.fr\/conseil\/creer-entreprise\/formations\/rediger-statuts\/deposer\/","title":{"rendered":"Statuts d\u2019une soci\u00e9t\u00e9 : o\u00f9 et comment les d\u00e9poser ?"},"content":{"rendered":"<p><span style=\"font-size: 18pt;\">Vous avez pour ambition de <strong>cr\u00e9er<\/strong> votre <strong>entreprise<\/strong> pour pouvoir vous \u00e9panouir professionnellement\u00a0! C\u2019est un super projet cependant, cela n\u00e9cessite de conna\u00eetre les \u00e9tapes pour y arriver et surtout d\u2019\u00eatre bien inform\u00e9. <a href=\"https:\/\/le-lodge.fr\/conseil\/creer-entreprise\/rediger-statuts\/\">R\u00e9diger les statuts de la soci\u00e9t\u00e9<\/a>, l\u2019immatriculer, la domicilier, etc. sont autant de points \u00e0 ne surtout pas n\u00e9gliger. Justement, vous souhaitez passer le cap, mais vous n\u2019\u00eates pas contre quelques <strong>conseils<\/strong> pour bien d\u00e9marrer\u00a0? Vous \u00eates au bon endroit\u00a0! Vous en \u00eates \u00e0 l\u2019\u00e9tape fatidique\u00a0: la r\u00e9daction des statuts, mais vous ignorez que faire ensuite\u00a0? Vous \u00eates perdu face au nombre d\u2019informations sur internet\u00a0? Nous allons vous \u00e9clairer dans cet article\u00a0! D\u00e9couvrez ci-dessous <strong>o\u00f9 d\u00e9poser les statuts<\/strong> de votre soci\u00e9t\u00e9, mais aussi toutes les informations importantes relatives \u00e0 cette th\u00e9matique pour qu\u2019\u00e0 l\u2019avenir, vous ne soyez pas perdu. Alors, qu\u2019attendez-vous pour d\u00e9marrer votre belle aventure\u00a0?<\/span><\/p>\n\n<p class=\"p1\"><div class=\"su-youtube su-u-responsive-media-yes\"><iframe loading=\"lazy\" width=\"600\" height=\"400\" src=\"https:\/\/www.youtube.com\/embed\/qSBqtjqResI?\" frameborder=\"0\" allowfullscreen allow=\"autoplay; encrypted-media; picture-in-picture\" title=\"\"><\/iframe><\/div>\n<h2>Tout ce qu\u2019il faut savoir au sujet des statuts d\u2019une soci\u00e9t\u00e9<\/h2>\n<p><img loading=\"lazy\" decoding=\"async\" class=\"size-full wp-image-2442 aligncenter\" src=\"https:\/\/le-lodge.fr\/conseil\/wp-content\/uploads\/2022\/11\/papier.jpg\" alt=\"Statuts r\u00e9dig\u00e9s\" width=\"800\" height=\"267\" srcset=\"https:\/\/le-lodge.fr\/conseil\/wp-content\/uploads\/2022\/11\/papier.jpg 800w, https:\/\/le-lodge.fr\/conseil\/wp-content\/uploads\/2022\/11\/papier-768x256.jpg 768w\" sizes=\"(max-width: 800px) 100vw, 800px\" \/><\/p>\n<p>Pour commencer, savez-vous tout ce qu\u2019il faut savoir au sujet des <strong>statuts<\/strong> d\u2019une <strong>soci\u00e9t\u00e9<\/strong>\u00a0? Si ce n\u2019est pas le cas, voici un rapide rappel pour vous \u00e9viter des erreurs et des tracas lors de la r\u00e9alisation de vos d\u00e9marches.<\/p>\n<p style=\"text-align: center; font-size: 18pt;\"><b>Vous souhaitez lancer votre bo\u00eete et \u00eates \u00e0 la recherche d\u2019un lieu adapt\u00e9 pour travailler ?<br>\nContactez le Lodge pour d\u00e9buter cette aventure !<\/b><\/p>\n<p style=\"text-align: center;\">Location de salles de r\u00e9union et bureaux avec ou sans domiciliation et espaces de r\u00e9ception.<\/p>\n<p style=\"text-align: center;\"><div class=\"su-button-center\"><span data-atc=\"aHR0cHM6Ly9sZS1sb2RnZS5mci9jb250YWN0ZXotbm91cy8=\" class=\"su-button su-button-style-flat atc pop\" style=\" cursor: pointer; color:#FFFFFF;background-color:#FF503D;border-color:;0px;\" target=\"_blank\" rel=\"noopener noreferrer\">\r\n\t\r\n\t\r\n\t<span style=\";padding:8px 26px;font-size:20px;line-height:30px;border-color:;border-radius:0px;-moz-border-radius:0px;-webkit-border-radius:0px;text-shadow:none;-moz-text-shadow:none;-webkit-text-shadow:none;background-color: #FF503D; color:#FFFFFF !important\"> <i class=\"sui sui-pencil-square-o\" style=\"\" aria-label=\"\"><\/i>Envoyer ma demande <\/span>\r\n\r\n<\/span><\/div>\n<p>\u00a0<\/p>\n<p>Les statuts d\u2019une soci\u00e9t\u00e9 repr\u00e9sentent un <strong>acte obligatoire<\/strong> pour la majorit\u00e9 des soci\u00e9t\u00e9s. Ceux-ci concernent les EURL, SAS, SARL, SCOP, SCA, SNC et SCS. Cependant, si vous avez pour projet de cr\u00e9er une entreprise individuelle (EI, EIRL) ou une micro-entreprise, vous n\u2019aurez pas besoin de vous soucier de cette \u00e9tape\u00a0!<\/p>\n<p>Vous \u00eates sur le point de cr\u00e9er votre soci\u00e9t\u00e9 et vous vous sentez perdu face \u00e0 toutes les formalit\u00e9s \u00e0 r\u00e9aliser\u00a0? Pas de panique, nous allons vous aider\u00a0! L\u2019une des premi\u00e8res \u00e9tapes consiste \u00e0 <strong>r\u00e9diger<\/strong> les <strong>statuts<\/strong>. Mais que signifient-ils\u00a0? Les statuts ont pour objectif de <strong>d\u00e9terminer<\/strong> les <strong>r\u00e8gles<\/strong> qui encadrent votre <strong>soci\u00e9t\u00e9<\/strong>. Les caract\u00e9ristiques de votre activit\u00e9, les relations entre les diff\u00e9rents associ\u00e9s, etc. sont des \u00e9l\u00e9ments qui constituent les statuts. Ces informations doivent \u00eatre d\u00e9taill\u00e9es, r\u00e9dig\u00e9es \u00e0 la main et sign\u00e9es par l\u2019ensemble des parties. Attention, les informations vont d\u00e9pendre directement de la forme juridique de votre entreprise.<\/p>\n<div class=\"su-box su-box-style-default su_custom_zone\" id=\"\" style=\"border-color:#cc1d0a;border-radius:3px\"><div class=\"su-box-title\" style=\"background-color:#FF503D;color:#FFFFFF;border-top-left-radius:1px;border-top-right-radius:1px\">\u00c0 retenir<\/div><div class=\"su-box-content su-u-clearfix su-u-trim\" style=\"border-bottom-left-radius:1px;border-bottom-right-radius:1px\">Pour d\u00e9buter votre activit\u00e9 l\u00e9galement, il est essentiel de r\u00e9diger les statuts de votre soci\u00e9t\u00e9. Ainsi, ne n\u00e9gligez pas cette \u00e9tape et renseignez-vous en amont pour ne rencontrer aucune difficult\u00e9 par la suite.<\/div><\/div>\n<p>Alors, \u00eates-vous pr\u00eat \u00e0 r\u00e9aliser cette \u00e9tape\u00a0?<\/p>\n<h2>D\u00e9p\u00f4t des statuts d\u2019une soci\u00e9t\u00e9\u00a0: les informations importantes\u00a0!<\/h2>\n<p>\u00c7a y est, vous vous \u00eates charg\u00e9 de la r\u00e9daction des statuts de votre soci\u00e9t\u00e9. Il ne vous reste que quelques \u00e9tapes \u00e0 r\u00e9aliser avant de pouvoir d\u00e9buter pleinement votre nouvelle <strong>activit\u00e9 professionnelle<\/strong>.<\/p>\n<p>Vous \u00eates pr\u00eat \u00e0 en savoir plus\u00a0? D\u00e9couvrez ci-dessous les proc\u00e9dures \u00e0 suivre pour d\u00e9marrer cette belle aventure\u00a0!<strong>\u00a0<\/strong><\/p>\n<h3>1\u00e8re \u00e9tape : Ne pas oublier de d\u00e9poser vos statuts aupr\u00e8s des imp\u00f4ts<\/h3>\n<p><img loading=\"lazy\" decoding=\"async\" class=\"size-full wp-image-2443 aligncenter\" src=\"https:\/\/le-lodge.fr\/conseil\/wp-content\/uploads\/2022\/11\/impots.jpg\" alt=\"Site internet des imp\u00f4ts\" width=\"800\" height=\"533\" srcset=\"https:\/\/le-lodge.fr\/conseil\/wp-content\/uploads\/2022\/11\/impots.jpg 800w, https:\/\/le-lodge.fr\/conseil\/wp-content\/uploads\/2022\/11\/impots-768x512.jpg 768w, https:\/\/le-lodge.fr\/conseil\/wp-content\/uploads\/2022\/11\/impots-736x491.jpg 736w\" sizes=\"(max-width: 800px) 100vw, 800px\" \/><\/p>\n<p>Vos statuts sont r\u00e9dig\u00e9s\u00a0et sign\u00e9s ? Pour qu\u2019ils soient bien pris en compte, il est n\u00e9cessaire de <strong>d\u00e9poser<\/strong> plusieurs <strong>exemplaires<\/strong> aupr\u00e8s du <strong>service des imp\u00f4ts<\/strong> dont d\u00e9pendra votre soci\u00e9t\u00e9.<\/p>\n<div class=\"su-box su-box-style-default su_custom_zone\" id=\"\" style=\"border-color:#cc1d0a;border-radius:3px\"><div class=\"su-box-title\" style=\"background-color:#FF503D;color:#FFFFFF;border-top-left-radius:1px;border-top-right-radius:1px\">\u00c0 retenir<\/div><div class=\"su-box-content su-u-clearfix su-u-trim\" style=\"border-bottom-left-radius:1px;border-bottom-right-radius:1px\">L\u2019<strong>enregistrement <\/strong>des <strong>statuts<\/strong> aupr\u00e8s des Imp\u00f4ts n\u2019est <strong>plus obligatoire<\/strong> lors de la cr\u00e9ation d\u2019une soci\u00e9t\u00e9 depuis le 1<sup>er<\/sup> juillet 2015. Cependant, selon votre situation, il peut \u00eatre n\u00e9cessaire de le faire. N\u2019h\u00e9sitez pas \u00e0 vous renseigner en amont pour ne pas commettre d\u2019erreurs.<strong>\u00a0<\/strong><\/div><\/div>\n<h3>2\u00e8me \u00e9tape : Publier un avis de constitution<\/h3>\n<p>Vous ne devrez pas non plus oublier de <strong>publier<\/strong> une <strong>annonce l\u00e9gale<\/strong> dans un <strong>journal sp\u00e9cialis\u00e9<\/strong>. Cet avis permet tout simplement d\u2019informer les tiers que vous \u00eates sur le point de cr\u00e9er votre soci\u00e9t\u00e9. Attention, cette deuxi\u00e8me \u00e9tape doit \u00eatre r\u00e9alis\u00e9e dans le mois qui suit la signature de vos statuts.<\/p>\n<p>Voici les informations qui doivent appara\u00eetre dans votre annonce\u00a0:<br>\n<div class=\"su-list\" style=\"margin-left:10px\">\n<ul>\n<li><i class=\"sui sui-minus\" style=\"color:#FF503D\"><\/i> La d\u00e9nomination de votre soci\u00e9t\u00e9<\/li>\n<li><i class=\"sui sui-minus\" style=\"color:#FF503D\"><\/i> La forme<\/li>\n<li><i class=\"sui sui-minus\" style=\"color:#FF503D\"><\/i> Le si\u00e8ge<\/li>\n<li><i class=\"sui sui-minus\" style=\"color:#FF503D\"><\/i> Le nom et l\u2019adresse du dirigeant<\/li>\n<li><i class=\"sui sui-minus\" style=\"color:#FF503D\"><\/i> Le capital de la soci\u00e9t\u00e9<\/li>\n<li><i class=\"sui sui-minus\" style=\"color:#FF503D\"><\/i> La nature des apports<\/li>\n<li><i class=\"sui sui-minus\" style=\"color:#FF503D\"><\/i> Le registre du commerce et des soci\u00e9t\u00e9s aupr\u00e8s duquel votre soci\u00e9t\u00e9 sera immatricul\u00e9e.<\/li>\n<\/ul>\n<\/div>\n<h3>3\u00e8me<sup>\u00a0<\/sup>\u00e9tape\u00a0: Terminer vos d\u00e9marches de cr\u00e9ation<\/h3>\n<p><img loading=\"lazy\" decoding=\"async\" class=\"size-full wp-image-2444 aligncenter\" src=\"https:\/\/le-lodge.fr\/conseil\/wp-content\/uploads\/2022\/11\/demarches.jpg\" alt=\"Personne qui r\u00e9alise des d\u00e9marches\" width=\"800\" height=\"303\" srcset=\"https:\/\/le-lodge.fr\/conseil\/wp-content\/uploads\/2022\/11\/demarches.jpg 800w, https:\/\/le-lodge.fr\/conseil\/wp-content\/uploads\/2022\/11\/demarches-768x291.jpg 768w\" sizes=\"(max-width: 800px) 100vw, 800px\" \/><\/p>\n<p>Il ne reste plus qu\u2019une derni\u00e8re \u00e9tape\u00a0! Ensuite, les <strong>formalit\u00e9s juridiques<\/strong> seront derri\u00e8re vous et votre projet professionnel pourra voir le jour.<\/p>\n<p>Vous n\u2019avez plus qu\u2019\u00e0 d\u00e9poser votre dossier de <strong>cr\u00e9ation<\/strong> de <strong>soci\u00e9t\u00e9<\/strong> sans oublier les statuts, aupr\u00e8s d\u2019une des institutions suivantes\u00a0:<br>\n<div class=\"su-list\" style=\"margin-left:10px\">\n<ul>\n<li><i class=\"sui sui-minus\" style=\"color:#FF503D\"><\/i> Le <strong>greffe du tribunal de Commerce<\/strong> dont d\u00e9pend votre soci\u00e9t\u00e9<\/li>\n<li><i class=\"sui sui-minus\" style=\"color:#FF503D\"><\/i> Le <strong>centre de formalit\u00e9s des entreprises<\/strong>.<\/li>\n<\/ul>\n<\/div><br>\nAinsi, vos <strong>d\u00e9marches d\u2019immatriculation<\/strong> seront lanc\u00e9es et vous serez \u00e0 quelques pas de r\u00e9aliser votre nouveau r\u00eave\u00a0: la fondation de votre soci\u00e9t\u00e9\u00a0! \u00a0Attention, votre projet sera enfin mis en place, le jour de son immatriculation au <strong>RCS<\/strong> (Registre du commerce et des soci\u00e9t\u00e9s) par le <strong>greffe du tribunal<\/strong>. Cette \u00e9tape peut durer un certain moment, comptez environ un mois. Cependant, lorsque vous obtiendrez leur retour, l\u2019aventure pourra d\u00e9buter pour vos associ\u00e9s et vous.<strong>\u00a0<\/strong><\/p>\n<div class=\"su-box su-box-style-default su_custom_zone\" id=\"\" style=\"border-color:#cc1d0a;border-radius:3px\"><div class=\"su-box-title\" style=\"background-color:#FF503D;color:#FFFFFF;border-top-left-radius:1px;border-top-right-radius:1px\">\u00c0 savoir<\/div><div class=\"su-box-content su-u-clearfix su-u-trim\" style=\"border-bottom-left-radius:1px;border-bottom-right-radius:1px\">Vous souhaitez mettre \u00e0 jour vos statuts\u00a0? Sachez qu\u2019il est possible de les modifier lorsqu\u2019un changement a \u00e9t\u00e9 \u00e9tabli au sein de votre entreprise (changement de dirigeant, changement de si\u00e8ge social, etc.).<strong>\u00a0<\/strong><\/div><\/div>\n<h2><span style=\"color: #FF503D;\">L\u2019essentiel \u00e0 retenir <\/span><\/h2>\n<div class=\"su-list\" style=\"margin-left:10px\">\n<ol>\n<li style=\"list-style-type: none;\">\n<ol>\n<li><i class=\"sui sui-star\" style=\"color:#FF503D\"><\/i> \u00c7a y est, vous \u00eates pr\u00eat \u00e0 <strong>cr\u00e9er<\/strong> votre <strong>soci\u00e9t\u00e9<\/strong> cependant, vous auriez bien besoin d\u2019un petit coup de pouce pour accomplir vos d\u00e9marches\u00a0? Notre \u00e9quipe s\u2019est r\u00e9unie pour vous fournir toutes les informations cl\u00e9s concernant les <strong>statuts<\/strong> d\u2019une <strong>soci\u00e9t\u00e9<\/strong>. Qu\u2019est-ce qu\u2019est\u00a0? <strong>O\u00f9 et comment les d\u00e9poser<\/strong> ? Toutes les r\u00e9ponses se trouvent dans cet article\u00a0!<\/li>\n<li><i class=\"sui sui-star\" style=\"color:#FF503D\"><\/i> Les statuts d\u2019une soci\u00e9t\u00e9 constituent un <strong>acte obligatoire<\/strong>. Ils permettent de pr\u00e9senter les <strong>r\u00e8gles<\/strong> qui encadreront votre future <strong>soci\u00e9t\u00e9<\/strong>, ainsi, ne n\u00e9gligez pas cette \u00e9tape !<\/li>\n<li><i class=\"sui sui-star\" style=\"color:#FF503D\"><\/i> Vos statuts sont r\u00e9dig\u00e9s et sign\u00e9s ? Il ne reste plus qu\u2019\u00e0 les d\u00e9poser. Voici les <strong>d\u00e9marches \u00e0 suivre<\/strong> pour immatriculer votre soci\u00e9t\u00e9 et qu\u2019elle puisse enfin voir le jour :\n<ol>\n<li><i class=\"sui sui-star\" style=\"color:#FF503D\"><\/i> 1<sup>\u00e8re<\/sup> \u00e9tape\u00a0: d\u00e9poser vos statuts aupr\u00e8s des <strong>imp\u00f4ts<\/strong> (attention, cette \u00e9tape n\u2019est plus obligatoire !)<\/li>\n<li><i class=\"sui sui-star\" style=\"color:#FF503D\"><\/i> 2<sup>\u00e8me<\/sup> \u00e9tape\u00a0: publier un <strong>avis de constitution<\/strong> dans un journal sp\u00e9cialis\u00e9<\/li>\n<li><i class=\"sui sui-star\" style=\"color:#FF503D\"><\/i> 3<sup>\u00e8me<\/sup> \u00e9tape\u00a0: finaliser vos d\u00e9marches de cr\u00e9ation en transmettant votre <strong>dossier<\/strong> soit au <strong>greffe du tribunal<\/strong> ou au <strong>centre de formalit\u00e9s des entreprises<\/strong>.<\/li>\n<\/ol>\n<\/li>\n<li><i class=\"sui sui-star\" style=\"color:#FF503D\"><\/i> Vous avez peur de ne pas arriver \u00e0 accomplir vos d\u00e9marches de cr\u00e9ation d\u2019entreprise seul ? Vous pourrez vous faire accompagner par un professionnel !<\/li>\n<\/ol>\n<\/div><br>\nEncore un doute ou une question\u00a0? Notre \u00e9quipe reste disponible pour vous aider \u00e0 vous lancer sans tracas\u00a0!<br>\n<div class=\"su-spacer\" style=\"height:100px\"><\/div><br>\n<div class=\"su-heading su-heading-style-line-blue su-heading-align-center\" id=\"\" style=\"font-size:16px;margin-bottom:0px\"><div class=\"su-heading-inner\">\n<h5><span class=\"su-highlight\" style=\"background:#FF503D;color:#ffffff\">&nbsp;<span style=\"font-weight: 400;\">Ces articles devraient aussi vous int\u00e9resser<\/span>&nbsp;<\/span><\/h5>\n<\/div><\/div><br>\n<div class=\"su-spacer\" style=\"height:50px\"><\/div><br>\n<ul class=\"cs-samelevel-posts\">\n\t\t\t<li><a href=\"https:\/\/le-lodge.fr\/conseil\/creer-entreprise\/formations\/rediger-statuts\/societes\/\"> Les crit\u00e8res \u00e0 prendre en compte pour choisir le statut juridique le plus adapt\u00e9 \u00e0 votre soci\u00e9t\u00e9 !<\/a><\/li>\n\t\t\t<li><a href=\"https:\/\/le-lodge.fr\/conseil\/creer-entreprise\/formations\/rediger-statuts\/comment-creer-societe-plusieurs-associes\/\"> Comment cr\u00e9er une soci\u00e9t\u00e9 avec un ou plusieurs associ\u00e9(s) ?<\/a><\/li>\n\t<\/ul><\/li>\n<\/ol>\n\n\n","protected":false},"excerpt":{"rendered":"<p>Vous avez pour ambition de cr\u00e9er votre entreprise pour pouvoir vous \u00e9panouir professionnellement\u00a0! C\u2019est un super projet cependant, cela n\u00e9cessite de conna\u00eetre les \u00e9tapes pour y arriver et surtout d\u2019\u00eatre bien inform\u00e9. R\u00e9diger les statuts de la soci\u00e9t\u00e9, l\u2019immatriculer, la domicilier, etc. sont autant de points \u00e0 ne surtout pas n\u00e9gliger. Justement, vous souhaitez passer [&hellip;]<\/p>\n","protected":false},"author":3,"featured_media":2441,"parent":2224,"menu_order":0,"comment_status":"closed","ping_status":"closed","template":"","meta":{"_seopress_robots_primary_cat":"","_seopress_titles_title":"O\u00f9 d\u00e9poser les statuts d\u2019une soci\u00e9t\u00e9 ?","_seopress_titles_desc":"Vous en \u00eates \u00e0 l&#039;\u00e9tape de la r\u00e9daction des statuts et vous auriez bien besoin d&#039;un coup de pouce ? Lisez notre guide pour \u00eatre bien inform\u00e9 et ne rien louper !","_seopress_robots_index":"","footnotes":""},"_links":{"self":[{"href":"https:\/\/le-lodge.fr\/conseil\/wp-json\/wp\/v2\/pages\/2427"}],"collection":[{"href":"https:\/\/le-lodge.fr\/conseil\/wp-json\/wp\/v2\/pages"}],"about":[{"href":"https:\/\/le-lodge.fr\/conseil\/wp-json\/wp\/v2\/types\/page"}],"author":[{"embeddable":true,"href":"https:\/\/le-lodge.fr\/conseil\/wp-json\/wp\/v2\/users\/3"}],"replies":[{"embeddable":true,"href":"https:\/\/le-lodge.fr\/conseil\/wp-json\/wp\/v2\/comments?post=2427"}],"version-history":[{"count":8,"href":"https:\/\/le-lodge.fr\/conseil\/wp-json\/wp\/v2\/pages\/2427\/revisions"}],"predecessor-version":[{"id":2826,"href":"https:\/\/le-lodge.fr\/conseil\/wp-json\/wp\/v2\/pages\/2427\/revisions\/2826"}],"up":[{"embeddable":true,"href":"https:\/\/le-lodge.fr\/conseil\/wp-json\/wp\/v2\/pages\/2224"}],"wp:featuredmedia":[{"embeddable":true,"href":"https:\/\/le-lodge.fr\/conseil\/wp-json\/wp\/v2\/media\/2441"}],"wp:attachment":[{"href":"https:\/\/le-lodge.fr\/conseil\/wp-json\/wp\/v2\/media?parent=2427"}],"curies":[{"name":"wp","href":"https:\/\/api.w.org\/{rel}","templated":true}]}}