{"id":2228,"date":"2022-10-03T16:33:55","date_gmt":"2022-10-03T14:33:55","guid":{"rendered":"https:\/\/le-lodge.fr\/conseil\/?page_id=2228"},"modified":"2023-02-01T15:09:02","modified_gmt":"2023-02-01T14:09:02","slug":"societes","status":"publish","type":"page","link":"https:\/\/le-lodge.fr\/conseil\/creer-entreprise\/formations\/rediger-statuts\/societes\/","title":{"rendered":"Les crit\u00e8res \u00e0 prendre en compte pour choisir le statut juridique le plus adapt\u00e9 \u00e0 votre soci\u00e9t\u00e9 !"},"content":{"rendered":"<p><span style=\"font-size: 18pt;\">Le monde de l\u2019<strong>entrepreneuriat<\/strong> vous int\u00e9resse\u00a0? Vous r\u00eavez de monter votre propre bo\u00eete\u00a0? Quel beau projet cependant, connaissez-vous les <strong>d\u00e9marches \u00e0 suivre<\/strong> pour r\u00e9ussir ? Si ce n\u2019est pas le cas, pas de panique, nous allons vous guider. \u00c9tablir un <strong>business plan<\/strong>, <strong>domicilier votre entreprise<\/strong>, <a href=\"https:\/\/le-lodge.fr\/conseil\/creer-entreprise\/rediger-statuts\/\">r\u00e9diger les statuts de la soci\u00e9t\u00e9<\/a>, choisir son statut juridique sont des \u00e9tapes \u00e0 ne pas n\u00e9gliger\u00a0! Vous n\u2019avez qu\u2019une envie, commencer cette belle aventure\u00a0? Attention, vous allez devoir faire face \u00e0 un <strong>choix crucial<\/strong>\u00a0: <strong>quel statut juridique choisir<\/strong> pour votre soci\u00e9t\u00e9\u00a0? Besoin d\u2019un coup de pouce pour choisir la forme la plus adapt\u00e9e\u00a0? Vous \u00eates au bon endroit\u00a0! Notre \u00e9quipe a r\u00e9alis\u00e9 un article pour vous aider \u00e0 trouver le statut juridique le plus adapt\u00e9 selon votre futur projet\u00a0! D\u00e9couvrez les <strong>crit\u00e8res de choix<\/strong> \u00e0 conna\u00eetre et lancez-vous\u00a0!<\/span><\/p>\n\n<p class=\"p1\"><div class=\"su-youtube su-u-responsive-media-yes\"><iframe loading=\"lazy\" width=\"600\" height=\"400\" src=\"https:\/\/www.youtube.com\/embed\/jVzyUADOqho?\" frameborder=\"0\" allowfullscreen allow=\"autoplay; encrypted-media; picture-in-picture\" title=\"\"><\/iframe><\/div>\n<h2>Les crit\u00e8res \u00e0 conna\u00eetre pour choisir le statut juridique le plus adapt\u00e9 pour votre soci\u00e9t\u00e9<\/h2>\n<p>Votre projet de <strong>cr\u00e9ation d\u2019entreprise<\/strong> commence \u00e0 prendre forme et il est temps de choisir la <strong>forme juridique adapt\u00e9e<\/strong> \u00e0 votre future activit\u00e9. Vous n\u2019avez pas encore pris votre d\u00e9cision et \u00eates \u00e0 la recherche de quelques conseils pour \u00eatre certain de faire les bons choix\u00a0? Nous sommes conscients que cette \u00e9tape peut para\u00eetre fastidieuse cependant, celle-ci est cruciale et n\u00e9cessite d\u2019\u00eatre au clair avec votre projet\u00a0! <strong>Statut social<\/strong>, <strong>r\u00e9gime fiscal<\/strong>, <strong>associ\u00e9<\/strong>, etc., de nombreux \u00e9l\u00e9ments entrent en jeu. C\u2019est pourquoi notre \u00e9quipe vous r\u00e9sume les informations importantes \u00e0 retenir\u00a0!<\/p>\n<p style=\"text-align: center; font-size: 18pt;\"><b>Vous souhaitez lancer votre soci\u00e9t\u00e9 et \u00eates \u00e0 la recherche d\u2019un lieu pour travailler ?<br>\nContactez le Lodge pour d\u00e9buter cette aventure !<\/b><\/p>\n<p style=\"text-align: center;\">Location de salles de r\u00e9union et bureaux avec ou sans domiciliation et espaces de r\u00e9ception.<\/p>\n<p style=\"text-align: center;\"><div class=\"su-button-center\"><span data-atc=\"aHR0cHM6Ly9sZS1sb2RnZS5mci9jb250YWN0ZXotbm91cy8=\" class=\"su-button su-button-style-flat atc pop\" style=\" cursor: pointer; color:#FFFFFF;background-color:#FF503D;border-color:;0px;\" target=\"_blank\" rel=\"noopener noreferrer\">\r\n\t\r\n\t\r\n\t<span style=\";padding:8px 26px;font-size:20px;line-height:30px;border-color:;border-radius:0px;-moz-border-radius:0px;-webkit-border-radius:0px;text-shadow:none;-moz-text-shadow:none;-webkit-text-shadow:none;background-color: #FF503D; color:#FFFFFF !important\"> <i class=\"sui sui-pencil-square-o\" style=\"\" aria-label=\"\"><\/i>Envoyer ma demande <\/span>\r\n\r\n<\/span><\/div>\n<h3>1er crit\u00e8re\u00a0: Se lancer seul ou \u00e0 plusieurs\u00a0?<\/h3>\n<p><img loading=\"lazy\" decoding=\"async\" class=\"size-full wp-image-2276 aligncenter\" src=\"https:\/\/le-lodge.fr\/conseil\/wp-content\/uploads\/2022\/09\/equipe.jpg\" alt=\"professionnels qui se rassemble\" width=\"800\" height=\"337\" srcset=\"https:\/\/le-lodge.fr\/conseil\/wp-content\/uploads\/2022\/09\/equipe.jpg 800w, https:\/\/le-lodge.fr\/conseil\/wp-content\/uploads\/2022\/09\/equipe-768x324.jpg 768w\" sizes=\"(max-width: 800px) 100vw, 800px\" \/><\/p>\n<p>La premi\u00e8re question \u00e0 laquelle vous allez devoir r\u00e9pondre est\u00a0: <strong>combien de personnes <\/strong>se lancent dans cette aventure\u00a0?<\/p>\n<p>En effet, vous devrez choisir le statut juridique de votre entreprise selon le nombre de personnes qui souhaitent s\u2019y joindre. <strong>Seul ou \u00e0 plusieurs<\/strong>, il est important de conna\u00eetre les particularit\u00e9s de chaque situation.<\/p>\n<p>Vous souhaitez <strong>cr\u00e9er votre soci\u00e9t\u00e9 seul<\/strong>\u00a0? Voici les <strong>statuts juridiques adapt\u00e9s<\/strong> \u00e0 votre future situation\u00a0:<br>\n<div class=\"su-list\" style=\"margin-left:10px\">\n<ul>\n<li><i class=\"sui sui-minus\" style=\"color:#FF503D\"><\/i> Entreprise Individuelle (<strong>EI<\/strong>) privil\u00e9gi\u00e9e par les cr\u00e9ateurs d\u2019entreprise<\/li>\n<li><i class=\"sui sui-minus\" style=\"color:#FF503D\"><\/i> Entreprise Individuelle \u00e0 Responsabilit\u00e9 Limit\u00e9e (<strong>EIRL<\/strong>)<\/li>\n<li><i class=\"sui sui-minus\" style=\"color:#FF503D\"><\/i> Soci\u00e9t\u00e9 par Actions Simplifi\u00e9e Unipersonnelle (<strong>SASU<\/strong>)<\/li>\n<li><i class=\"sui sui-minus\" style=\"color:#FF503D\"><\/i> Entreprise Unipersonnelle \u00e0 Responsabilit\u00e9 Limit\u00e9e (<strong>EURL<\/strong>).<\/li>\n<\/ul>\n<\/div><br>\nVous avez pour ambition de vous associer \u00e0 <strong>plusieurs personnes<\/strong> pour porter votre projet\u00a0? Vous devrez in\u00e9vitablement opter pour une <strong>structure dite soci\u00e9tale<\/strong>, voici les formes les plus r\u00e9pandues\u00a0:<br>\n<div class=\"su-list\" style=\"margin-left:10px\">\n<ul>\n<li><i class=\"sui sui-minus\" style=\"color:#FF503D\"><\/i> Soci\u00e9t\u00e9 par Actions Simplifi\u00e9e (<strong>SAS<\/strong>)<\/li>\n<li><i class=\"sui sui-minus\" style=\"color:#FF503D\"><\/i> Soci\u00e9t\u00e9 A Responsabilit\u00e9 Limit\u00e9e (<strong>SARL<\/strong>)<\/li>\n<li><i class=\"sui sui-minus\" style=\"color:#FF503D\"><\/i> Soci\u00e9t\u00e9 d\u2019Exercice Lib\u00e9ral (<strong>SEL<\/strong>)<\/li>\n<li><i class=\"sui sui-minus\" style=\"color:#FF503D\"><\/i> Soci\u00e9t\u00e9 Anonyme (<strong>SA<\/strong>).<\/li>\n<\/ul>\n<\/div><br>\nVotre situation nous int\u00e9resse, vous souhaitez porter votre projet seul ou avec des associ\u00e9s\u00a0?<\/p>\n<h3>2\u00e8me crit\u00e8re : Ne pas oublier de prot\u00e9ger votre patrimoine !<\/h3>\n<p>Attention, avant de vous lancer t\u00eate baiss\u00e9e dans cette aventure, il est important de prendre en consid\u00e9ration certains \u00e9l\u00e9ments dont la <strong>protection de votre patrimoine<\/strong>.<\/p>\n<p>Vous disposez d\u2019un <strong>patrimoine priv\u00e9<\/strong> et souhaitez <strong>le pr\u00e9server\u00a0<\/strong>? Vous pr\u00e9f\u00e9rez \u00eatre prudent et anticiper les risques\u00a0? Nous vous recommandons de choisir une <strong>forme juridique <\/strong>qui vous permet de <strong>limiter votre responsabilit\u00e9<\/strong>.<\/p>\n<h4>Les statuts juridiques o\u00f9 votre responsabilit\u00e9 est limit\u00e9e au montant des apports<\/h4>\n<div class=\"su-list\" style=\"margin-left:10px\">\n<ul>\n<li><i class=\"sui sui-minus\" style=\"color:#FF503D\"><\/i> Soci\u00e9t\u00e9 Anonyme (<strong>SA<\/strong>)<\/li>\n<li><i class=\"sui sui-minus\" style=\"color:#FF503D\"><\/i> Soci\u00e9t\u00e9 par Actions Simplifi\u00e9e Unipersonnelle (<strong>SASU<\/strong>)<\/li>\n<li><i class=\"sui sui-minus\" style=\"color:#FF503D\"><\/i> Soci\u00e9t\u00e9 par Actions Simplifi\u00e9e (<strong>SAS<\/strong>)<\/li>\n<li><i class=\"sui sui-minus\" style=\"color:#FF503D\"><\/i> Soci\u00e9t\u00e9 A Responsabilit\u00e9 Limit\u00e9e (<strong>SARL<\/strong>)<\/li>\n<li><i class=\"sui sui-minus\" style=\"color:#FF503D\"><\/i> Entreprise Unipersonnelle \u00e0 Responsabilit\u00e9 Limit\u00e9e (<strong>EURL<\/strong>).<\/li>\n<\/ul>\n<\/div>\n<\/p><h4>Les statuts juridiques et leurs particularit\u00e9s qui vous permettent de prot\u00e9ger votre patrimoine<\/h4>\n<div class=\"su-list\" style=\"margin-left:10px\">\n<ul>\n<li><i class=\"sui sui-minus\" style=\"color:#FF503D\"><\/i> Entreprise individuelle\u00a0(<strong>EI<\/strong>) : vous devrez \u00e9tablir une d\u00e9claration d\u2019insaisissabilit\u00e9.<\/li>\n<li><i class=\"sui sui-minus\" style=\"color:#FF503D\"><\/i> Entreprise Individuelle \u00e0 Responsabilit\u00e9 Limit\u00e9e (<strong>EIRL<\/strong>).<\/li>\n<\/ul>\n<\/div><br>\nNous vous conseillons de vous renseigner en amont notamment sur les sp\u00e9cificit\u00e9s propres \u00e0 chaque <strong>forme juridique<\/strong> (<strong>r\u00f4le de l\u2019associ\u00e9<\/strong>,<strong> dettes sociales<\/strong>, etc.) pour ne pas vous retrouver dans une situation inconfortable.<\/p>\n<h3>3\u00e8me crit\u00e8re : La nature et la taille du projet<\/h3>\n<p><img loading=\"lazy\" decoding=\"async\" class=\"size-full wp-image-2278 aligncenter\" src=\"https:\/\/le-lodge.fr\/conseil\/wp-content\/uploads\/2022\/09\/projet.jpg\" alt=\"professionnels qui travaillent \" width=\"800\" height=\"257\" srcset=\"https:\/\/le-lodge.fr\/conseil\/wp-content\/uploads\/2022\/09\/projet.jpg 800w, https:\/\/le-lodge.fr\/conseil\/wp-content\/uploads\/2022\/09\/projet-768x247.jpg 768w\" sizes=\"(max-width: 800px) 100vw, 800px\" \/><\/p>\n<p>Il est important de ne pas n\u00e9gliger ce crit\u00e8re, car il prendra toute son importance pour la suite. En effet, selon l\u2019envergure de votre projet, il y aura des statuts juridiques qui seront plus ou moins adapt\u00e9s. C\u2019est pourquoi avant de prendre une d\u00e9cision, nous vous recommandons de <strong>d\u00e9finir votre projet<\/strong> dans les moindres d\u00e9tails et de <strong>d\u00e9terminer vos besoins financiers<\/strong>.<\/p>\n<p>Vous avez pour ambition de <strong>cr\u00e9er une nouvelle entreprise<\/strong>\u00a0? Ce projet demande l\u2019investissement de sommes importantes\u00a0? Vous devrez vous diriger vers des formes juridiques appropri\u00e9es pour ne rencontrer aucune difficult\u00e9 par la suite. Voici les <strong>statuts juridiques les plus adapt\u00e9s<\/strong> si vous \u00eates dans cette situation\u00a0:<br>\n<div class=\"su-list\" style=\"margin-left:10px\">\n<ul>\n<li><i class=\"sui sui-minus\" style=\"color:#FF503D\"><\/i> Soci\u00e9t\u00e9 par Actions Simplifi\u00e9e (<strong>SAS<\/strong>)<\/li>\n<li><i class=\"sui sui-minus\" style=\"color:#FF503D\"><\/i> Soci\u00e9t\u00e9 Anonyme (<strong>SA<\/strong>).<\/li>\n<\/ul>\n<\/div>\n<div class=\"su-box su-box-style-default su_custom_zone\" id=\"\" style=\"border-color:#cc1d0a;border-radius:3px\"><div class=\"su-box-title\" style=\"background-color:#FF503D;color:#FFFFFF;border-top-left-radius:1px;border-top-right-radius:1px\">\u00c0 savoir<\/div><div class=\"su-box-content su-u-clearfix su-u-trim\" style=\"border-bottom-left-radius:1px;border-bottom-right-radius:1px\">De plus, soyez vigilant, selon le choix de votre future activit\u00e9, il est possible qu\u2019il existe des <strong>r\u00e9glementations strictes <\/strong>qui vous imposent une forme juridique sp\u00e9cifique.<\/div><\/div>\n<h3>4\u00e8me crit\u00e8re : Le r\u00e9gime social du dirigeant<\/h3>\n<p>Il est important de savoir qu\u2019\u00e0 chaque forme juridique (EI, SA, SAS, etc.) correspond un <strong>r\u00e9gime social<\/strong> pour le dirigeant. Il y a deux cat\u00e9gories \u00e0 distinguer, dans certains cas le <strong>dirigeant<\/strong> est <strong>assimil\u00e9 \u00e0 un salari\u00e9<\/strong> (<strong>SAS<\/strong>, <strong>SA<\/strong>, <strong>SASU<\/strong>) ou il peut \u00eatre consid\u00e9r\u00e9 comme un <strong>travailleur non salari\u00e9<\/strong> dans d\u2019autres cas (<strong>EI<\/strong>, <strong>EIRL<\/strong>, <strong>SNC<\/strong>). C\u2019est \u00e0 vous que revient le choix final, selon vos crit\u00e8res de choix.<\/p>\n<div class=\"su-box su-box-style-default su_custom_zone\" id=\"\" style=\"border-color:#cc1d0a;border-radius:3px\"><div class=\"su-box-title\" style=\"background-color:#FF503D;color:#FFFFFF;border-top-left-radius:1px;border-top-right-radius:1px\">\u00c0 savoir<\/div><div class=\"su-box-content su-u-clearfix su-u-trim\" style=\"border-bottom-left-radius:1px;border-bottom-right-radius:1px\">Les dirigeants assimil\u00e9s \u00e0 des salari\u00e9s ont l\u2019avantage de profiter d\u2019une meilleure protection sociale contrairement aux travailleurs dits non-salari\u00e9s, mais leur co\u00fbt est plus \u00e9lev\u00e9.<\/div><\/div>\n<h3>5\u00e8me crit\u00e8re : Le r\u00e9gime fiscal de l\u2019entreprise<\/h3>\n<p><img loading=\"lazy\" decoding=\"async\" class=\"size-full wp-image-2280 aligncenter\" src=\"https:\/\/le-lodge.fr\/conseil\/wp-content\/uploads\/2022\/09\/impots.jpg\" alt=\"Professionnelle qui se charge des imp\u00f4ts\" width=\"800\" height=\"533\" srcset=\"https:\/\/le-lodge.fr\/conseil\/wp-content\/uploads\/2022\/09\/impots.jpg 800w, https:\/\/le-lodge.fr\/conseil\/wp-content\/uploads\/2022\/09\/impots-768x512.jpg 768w, https:\/\/le-lodge.fr\/conseil\/wp-content\/uploads\/2022\/09\/impots-736x491.jpg 736w\" sizes=\"(max-width: 800px) 100vw, 800px\" \/><\/p>\n<p>Selon votre projet et le choix du r\u00e9gime fiscal, les b\u00e9n\u00e9fices de votre soci\u00e9t\u00e9 seront assujettis soit \u00e0 l\u2019<strong>imp\u00f4t sur les soci\u00e9t\u00e9s <\/strong>ou \u00e0 l\u2019<strong>imp\u00f4t sur le revenu<\/strong>. Lisez la suite pour obtenir plus d\u2019informations\u00a0!<\/p>\n<h4>Les organisations qui sont soumises \u00e0 l\u2019imp\u00f4t sur les soci\u00e9t\u00e9s<\/h4>\n<div class=\"su-list\" style=\"margin-left:10px\">\n<ul>\n<li><i class=\"sui sui-minus\" style=\"color:#FF503D\"><\/i> L\u2019<strong>EURL<\/strong> si l\u2019associ\u00e9 est une personne morale<\/li>\n<li><i class=\"sui sui-minus\" style=\"color:#FF503D\"><\/i> La <strong>SARL <\/strong><\/li>\n<li><i class=\"sui sui-minus\" style=\"color:#FF503D\"><\/i> La <strong>SAS<\/strong><\/li>\n<li><i class=\"sui sui-minus\" style=\"color:#FF503D\"><\/i> La <strong>SASU<\/strong><\/li>\n<li><i class=\"sui sui-minus\" style=\"color:#FF503D\"><\/i> La <strong>SA<\/strong>.<\/li>\n<\/ul>\n<\/div>\n<div class=\"su-box su-box-style-default su_custom_zone\" id=\"\" style=\"border-color:#cc1d0a;border-radius:3px\"><div class=\"su-box-title\" style=\"background-color:#FF503D;color:#FFFFFF;border-top-left-radius:1px;border-top-right-radius:1px\">\u00c0 savoir<\/div><div class=\"su-box-content su-u-clearfix su-u-trim\" style=\"border-bottom-left-radius:1px;border-bottom-right-radius:1px\"> Dans cette situation, c\u2019est la soci\u00e9t\u00e9 qui s\u2019acquitte de l\u2019imp\u00f4t.<\/div><\/div>\n<\/p><h4>Les organisations qui sont soumises \u00e0 l\u2019imp\u00f4t sur le revenu<\/h4>\n<div class=\"su-list\" style=\"margin-left:10px\">\n<ul>\n<li><i class=\"sui sui-minus\" style=\"color:#FF503D\"><\/i> L\u2019<strong>EURL<\/strong> si l\u2019associ\u00e9 est une personne physique<\/li>\n<li><i class=\"sui sui-minus\" style=\"color:#FF503D\"><\/i> L\u2019<strong>EI<\/strong><\/li>\n<li><i class=\"sui sui-minus\" style=\"color:#FF503D\"><\/i> La <strong>SNC <\/strong><\/li>\n<li><i class=\"sui sui-minus\" style=\"color:#FF503D\"><\/i> L\u2019<strong>EIRL<\/strong>.<\/li>\n<\/ul>\n<\/div>\n<div class=\"su-box su-box-style-default su_custom_zone\" id=\"\" style=\"border-color:#cc1d0a;border-radius:3px\"><div class=\"su-box-title\" style=\"background-color:#FF503D;color:#FFFFFF;border-top-left-radius:1px;border-top-right-radius:1px\">\u00c0 savoir<\/div><div class=\"su-box-content su-u-clearfix su-u-trim\" style=\"border-bottom-left-radius:1px;border-bottom-right-radius:1px\">Dans cette situation, ce sont les diff\u00e9rents associ\u00e9s qui s\u2019acquittent de l\u2019imp\u00f4t en leur nom et pour leur compte.<\/div><\/div>\n<\/p><p>Le choix final est entre vos mains, prenez le temps de choisir le statut juridique le plus adapt\u00e9 \u00e0 votre soci\u00e9t\u00e9.<\/p>\n<h2><span style=\"color: #FF503D;\">L\u2019essentiel \u00e0 retenir <\/span><\/h2>\n<div class=\"su-list\" style=\"margin-left:10px\">\n<ol>\n<li><i class=\"sui sui-star\" style=\"color:#FF503D\"><\/i> Nous esp\u00e9rons que notre article vous a aid\u00e9 \u00e0 savoir <strong>quel statut juridique choisir pour votre soci\u00e9t\u00e9<\/strong>.<\/li>\n<li><i class=\"sui sui-star\" style=\"color:#FF503D\"><\/i> Nous sommes conscients que cette \u00e9tape n\u2019a rien d\u2019\u00e9vident et qu\u2019elle n\u00e9cessite de vous renseigner en amont pour faire le<strong> choix<\/strong> le plus adapt\u00e9 <strong>selon votre projet<\/strong> et <strong>vos objectifs<\/strong>.<\/li>\n<li><i class=\"sui sui-star\" style=\"color:#FF503D\"><\/i> Pour vous aider dans votre prise de d\u00e9cision, nous vous avons pr\u00e9sent\u00e9 <strong>5 crit\u00e8res \u00e0 prendre en compte <\/strong>pour ne pas vous tromper dans le choix de votre future forme juridique, les voici\u00a0:<\/li>\n<\/ol>\n<ol>\n<li style=\"list-style-type: none;\">\n<ol>\n<li style=\"list-style-type: none;\">\n<ol>\n<li><i class=\"sui sui-star\" style=\"color:#FF503D\"><\/i> Choisir si vous souhaitez <strong>vous lancer seul<\/strong> <strong>ou avec des associ\u00e9s<\/strong><\/li>\n<li><i class=\"sui sui-star\" style=\"color:#FF503D\"><\/i> Ne pas oublier de <strong>prot\u00e9ger votre patrimoine<\/strong><\/li>\n<li><i class=\"sui sui-star\" style=\"color:#FF503D\"><\/i> Prendre en consid\u00e9ration la <strong>nature <\/strong>et la <strong>taille de votre projet<\/strong><\/li>\n<li><i class=\"sui sui-star\" style=\"color:#FF503D\"><\/i> S\u2019int\u00e9resser au <strong>r\u00e9gime social du dirigeant<\/strong><\/li>\n<li><i class=\"sui sui-star\" style=\"color:#FF503D\"><\/i> Se pencher sur le <strong>r\u00e9gime fiscal de l\u2019entreprise<\/strong>.<\/li>\n<\/ol>\n<\/div><br>\n<strong>\u00a0<\/strong>Maintenant, il ne vous reste plus qu\u2019\u00e0 faire le bon choix. Quel statut juridique avez-vous choisi pour votre activit\u00e9\u00a0?<\/p>\n<p>\u00a0<\/p>\n<div class=\"su-spacer\" style=\"height:100px\"><\/div><br>\n<div class=\"su-heading su-heading-style-line-blue su-heading-align-center\" id=\"\" style=\"font-size:16px;margin-bottom:0px\"><div class=\"su-heading-inner\">\n<h5><span class=\"su-highlight\" style=\"background:#FF503D;color:#ffffff\">&nbsp;<span style=\"font-weight: 400;\">Ces articles devraient aussi vous int\u00e9resser<\/span>&nbsp;<\/span><\/h5>\n<\/div><\/div><br>\n<div class=\"su-spacer\" style=\"height:50px\"><\/div><br>\n<ul class=\"cs-samelevel-posts\">\n\t\t\t<li><a href=\"https:\/\/le-lodge.fr\/conseil\/creer-entreprise\/formations\/rediger-statuts\/deposer\/\"> Statuts d\u2019une soci\u00e9t\u00e9 : o\u00f9 et comment les d\u00e9poser ?<\/a><\/li>\n\t\t\t<li><a href=\"https:\/\/le-lodge.fr\/conseil\/creer-entreprise\/formations\/rediger-statuts\/comment-creer-societe-plusieurs-associes\/\"> Comment cr\u00e9er une soci\u00e9t\u00e9 avec un ou plusieurs associ\u00e9(s) ?<\/a><\/li>\n\t<\/ul><\/li>\n<\/ol>\n<\/li>\n<\/ol>\n\n\n","protected":false},"excerpt":{"rendered":"<p>Le monde de l\u2019entrepreneuriat vous int\u00e9resse\u00a0? Vous r\u00eavez de monter votre propre bo\u00eete\u00a0? Quel beau projet cependant, connaissez-vous les d\u00e9marches \u00e0 suivre pour r\u00e9ussir ? Si ce n\u2019est pas le cas, pas de panique, nous allons vous guider. \u00c9tablir un business plan, domicilier votre entreprise, r\u00e9diger les statuts de la soci\u00e9t\u00e9, choisir son statut juridique [&hellip;]<\/p>\n","protected":false},"author":3,"featured_media":2275,"parent":2224,"menu_order":1,"comment_status":"closed","ping_status":"closed","template":"","meta":{"_seopress_robots_primary_cat":"","_seopress_titles_title":"Quel statut juridique choisir pour sa soci\u00e9t\u00e9 ?","_seopress_titles_desc":"Vous ignorez quel statut juridique privil\u00e9gier pour votre entreprise ? Pas de panique : SA, SAS, EI, EURL, EIRL, SARL, SASU etc., sont pass\u00e9s en revue ! ","_seopress_robots_index":"","footnotes":""},"_links":{"self":[{"href":"https:\/\/le-lodge.fr\/conseil\/wp-json\/wp\/v2\/pages\/2228"}],"collection":[{"href":"https:\/\/le-lodge.fr\/conseil\/wp-json\/wp\/v2\/pages"}],"about":[{"href":"https:\/\/le-lodge.fr\/conseil\/wp-json\/wp\/v2\/types\/page"}],"author":[{"embeddable":true,"href":"https:\/\/le-lodge.fr\/conseil\/wp-json\/wp\/v2\/users\/3"}],"replies":[{"embeddable":true,"href":"https:\/\/le-lodge.fr\/conseil\/wp-json\/wp\/v2\/comments?post=2228"}],"version-history":[{"count":16,"href":"https:\/\/le-lodge.fr\/conseil\/wp-json\/wp\/v2\/pages\/2228\/revisions"}],"predecessor-version":[{"id":2676,"href":"https:\/\/le-lodge.fr\/conseil\/wp-json\/wp\/v2\/pages\/2228\/revisions\/2676"}],"up":[{"embeddable":true,"href":"https:\/\/le-lodge.fr\/conseil\/wp-json\/wp\/v2\/pages\/2224"}],"wp:featuredmedia":[{"embeddable":true,"href":"https:\/\/le-lodge.fr\/conseil\/wp-json\/wp\/v2\/media\/2275"}],"wp:attachment":[{"href":"https:\/\/le-lodge.fr\/conseil\/wp-json\/wp\/v2\/media?parent=2228"}],"curies":[{"name":"wp","href":"https:\/\/api.w.org\/{rel}","templated":true}]}}