{"id":2051,"date":"2022-08-16T09:36:02","date_gmt":"2022-08-16T07:36:02","guid":{"rendered":"https:\/\/le-lodge.fr\/conseil\/?page_id=2051"},"modified":"2024-08-26T12:28:09","modified_gmt":"2024-08-26T10:28:09","slug":"contrat","status":"publish","type":"page","link":"https:\/\/le-lodge.fr\/conseil\/domiciliation-entreprise\/ou\/societe-de-domiciliation\/contrat\/","title":{"rendered":"Contrat de domiciliation : toutes les informations que vous devez conna\u00eetre avant de vous lancer !"},"content":{"rendered":"<p><span style=\"font-size: 18pt;\">Vous \u00eates sur le point de <strong>cr\u00e9er votre soci\u00e9t\u00e9<\/strong>\u00a0? Vous avez envie de vous lancer en tant qu\u2019entrepreneur\u00a0? Quelle bonne id\u00e9e\u00a0mais connaissez-vous les <strong>d\u00e9marches indispensables \u00e0 r\u00e9aliser<\/strong>\u00a0? Dans un premier temps, vous devrez <strong>effectuer la<\/strong> <strong>domiciliation de votre si\u00e8ge social<\/strong>. Vous pourrez <a href=\"https:\/\/le-lodge.fr\/conseil\/domiciliation-entreprise\/ou\/societe-de-domiciliation\/\">domicilier votre entreprise dans une soci\u00e9t\u00e9 de domiciliation<\/a>\u00a0et b\u00e9n\u00e9ficier des nombreux avantages li\u00e9s \u00e0 cette solution. Vous r\u00e9aliserez non seulement des \u00e9conomies mais vous profiterez \u00e9galement de services suppl\u00e9mentaires (gestion du courrier, accueil, location d\u2019espaces de travail etc.). Cette option vous int\u00e9resse mais vous souhaitez obtenir plus d\u2019informations ? Le <strong>centre d\u2019affaires le Lodge<\/strong> vous <strong>a concoct\u00e9 un guide<\/strong> pour que vous puissiez tout savoir <strong>sur le contrat de domiciliation<\/strong>. Quelle est sa <strong>d\u00e9finition<\/strong>\u00a0? Quel est son <strong>contenu<\/strong>\u00a0? <strong>Comment obtenir ce document<\/strong>\u00a0? Lisez ce qui suit pour tout conna\u00eetre de ce document\u00a0!<\/span><\/p>\n\n<p class=\"p1\"><div class=\"su-youtube su-u-responsive-media-yes\"><iframe loading=\"lazy\" width=\"600\" height=\"400\" src=\"https:\/\/www.youtube.com\/embed\/IontNFughU8?\" frameborder=\"0\" allowfullscreen allow=\"autoplay; encrypted-media; picture-in-picture\" title=\"\"><\/iframe><\/div>\n<h2>Contrat de domiciliation\u00a0: qu\u2019est-ce que c\u2019est\u00a0?<\/h2>\n<p><img loading=\"lazy\" decoding=\"async\" class=\"size-full wp-image-2104 aligncenter\" src=\"https:\/\/le-lodge.fr\/conseil\/wp-content\/uploads\/2022\/07\/contrat_domiciliation.jpg\" alt=\"Femme qui pointe son doigt sur un document virtuel\" width=\"800\" height=\"399\" srcset=\"https:\/\/le-lodge.fr\/conseil\/wp-content\/uploads\/2022\/07\/contrat_domiciliation.jpg 800w, https:\/\/le-lodge.fr\/conseil\/wp-content\/uploads\/2022\/07\/contrat_domiciliation-768x383.jpg 768w\" sizes=\"(max-width: 800px) 100vw, 800px\" \/><\/p>\n<p>Vous \u00eates pr\u00eat \u00e0 cr\u00e9er votre entreprise\u00a0? Parfait\u00a0! Cependant, avant de vous lancer, vous devrez r\u00e9aliser\u00a0la <strong>domiciliation de votre soci\u00e9t\u00e9<\/strong>. Vous pourrez <strong>faire appel \u00e0 une soci\u00e9t\u00e9 de domiciliation<\/strong> qui \u00e9tablira un contrat de domiciliation.<\/p>\n<p>Ce <strong>document <\/strong>indique l\u2019<strong>adresse du si\u00e8ge social de votre entreprise<\/strong> et doit imp\u00e9rativement \u00eatre <strong>sign\u00e9 par le domiciliataire<\/strong> (soci\u00e9t\u00e9 de domiciliation) ainsi que <strong>le domicili\u00e9<\/strong> (entreprise). Il a pour mission d\u2019<strong>encadrer les relations entre les deux partis<\/strong> et de vous \u00e9viter des difficult\u00e9s par la suite. Un doute\u00a0? Une question\u00a0? Vous pourrez vous r\u00e9f\u00e9rer \u00e0 ce document o\u00f9 toutes les informations li\u00e9es \u00e0 votre engagement doivent \u00eatre indiqu\u00e9es de fa\u00e7on claire et pr\u00e9cise.<\/p>\n<div class=\"su-box su-box-style-default su_custom_zone\" id=\"\" style=\"border-color:#cc1d0a;border-radius:3px\"><div class=\"su-box-title\" style=\"background-color:#FF503D;color:#FFFFFF;border-top-left-radius:1px;border-top-right-radius:1px\">\u00c0 savoir<\/div><div class=\"su-box-content su-u-clearfix su-u-trim\" style=\"border-bottom-left-radius:1px;border-bottom-right-radius:1px\">Attention, les <strong>soci\u00e9t\u00e9s de domiciliation<\/strong> doivent <strong>d\u00e9tenir un agr\u00e9ment pr\u00e9fectoral <\/strong>pour exercer leur activit\u00e9 en toute l\u00e9galit\u00e9.<\/div><\/div>\n<h2>Domiciliation commerciale\u00a0: pourquoi cette solution est une bonne id\u00e9e\u00a0?<\/h2>\n<p>Vous souhaitez <strong>faire des \u00e9conomies<\/strong>\u00a0? Vous n\u2019avez pas envie de payer un loyer tous les mois pour un local professionnel\u00a0? Vous \u00eates \u00e0 votre compte et ne souhaitez pas que l\u2019adresse de votre si\u00e8ge social soit celle de votre domicile\u00a0? Pour toutes ses raisons et bien d\u2019autres, <strong>faire appel \u00e0 une soci\u00e9t\u00e9 de domiciliation<\/strong> est la bonne id\u00e9e\u00a0!<\/p>\n<p>En optant pour cette solution, vous pourrez b\u00e9n\u00e9ficier d\u2019un <strong>local professionnel<\/strong> <strong>adapt\u00e9 <\/strong>\u00e0 vos diff\u00e9rents besoins. <strong>Salles de r\u00e9union<\/strong>,<strong> bureaux<\/strong>, <strong>espace d\u00e9tente<\/strong>, <strong>espace de coworking<\/strong> etc. de nombreux espaces peuvent \u00eatre \u00e0 votre disposition pour vous permettre de <strong>travailler dans les meilleures conditions<\/strong>.<\/p>\n<p>Vous souhaitez profiter d\u2019une meilleure notori\u00e9t\u00e9 ? En contactant une soci\u00e9t\u00e9 de domiciliation, vous pourrez accueillir vos clients au sein d\u2019un <strong>lieu prestigieux<\/strong> autant par son emplacement que par la <strong>qualit\u00e9 de ses services et espaces<\/strong>. Ainsi, vous pourrez <strong>asseoir votre image professionnelle<\/strong> et <strong>augmenter votre visibilit\u00e9<\/strong> aupr\u00e8s des soci\u00e9t\u00e9s pr\u00e9sentes dans ce lieu mais pas seulement.<\/p>\n<p>De plus, de nombreux <strong>services<\/strong> pourront s\u2019ajouter pour vous aider dans votre profession et pourquoi pas simplifier votre travail\u00a0: <strong>gestion de votre courrier<\/strong>, <strong>secr\u00e9tariat t\u00e9l\u00e9phonique<\/strong>, <strong>location d\u2019espaces de travail<\/strong> etc. Tout est mis en \u0153uvre pour que vous puissiez travailler dans des conditions optimales.<\/p>\n<p>Alors, pourquoi ne pas tenter l\u2019exp\u00e9rience, vous aussi\u00a0?<\/p>\n<p style=\"text-align: center; font-size: 18pt;\"><b>Vous souhaitez domicilier votre entreprise ?<br>\nContactez le Lodge, votre centre d\u2019affaires \u00e0 Strasbourg !<\/b><\/p>\n<p style=\"text-align: center;\">Location de salles de r\u00e9union et bureaux avec ou sans domiciliation et espaces de r\u00e9ception.<\/p>\n<p style=\"text-align: center;\"><div class=\"su-button-center\"><span data-atc=\"aHR0cHM6Ly9sZS1sb2RnZS5mci9jb250YWN0ZXotbm91cy8=\" class=\"su-button su-button-style-flat atc pop\" style=\" cursor: pointer; color:#FFFFFF;background-color:#FF503D;border-color:;0px;\" target=\"_blank\" rel=\"noopener noreferrer\">\r\n\t\r\n\t\r\n\t<span style=\";padding:8px 26px;font-size:20px;line-height:30px;border-color:;border-radius:0px;-moz-border-radius:0px;-webkit-border-radius:0px;text-shadow:none;-moz-text-shadow:none;-webkit-text-shadow:none;background-color: #FF503D; color:#FFFFFF !important\"> <i class=\"sui sui-pencil-square-o\" style=\"\" aria-label=\"\"><\/i>Envoyer ma demande <\/span>\r\n\r\n<\/span><\/div>\n<h2>Contrat de domiciliation\u00a0: que contient-il\u00a0?<\/h2>\n<p><img loading=\"lazy\" decoding=\"async\" class=\"size-full wp-image-2105 aligncenter\" src=\"https:\/\/le-lodge.fr\/conseil\/wp-content\/uploads\/2022\/07\/document.jpg\" alt=\"Personne qui consulte des documents sur internet\" width=\"800\" height=\"533\" srcset=\"https:\/\/le-lodge.fr\/conseil\/wp-content\/uploads\/2022\/07\/document.jpg 800w, https:\/\/le-lodge.fr\/conseil\/wp-content\/uploads\/2022\/07\/document-768x512.jpg 768w, https:\/\/le-lodge.fr\/conseil\/wp-content\/uploads\/2022\/07\/document-736x491.jpg 736w\" sizes=\"(max-width: 800px) 100vw, 800px\" \/><\/p>\n<p>Le <strong>contrat de domiciliation<\/strong> est <strong>encadr\u00e9 par la loi<\/strong>. En faisant appel \u00e0 une soci\u00e9t\u00e9 de domiciliation, vous serez dans l\u2019obligation d\u2019obtenir et de signer ce document papier. Mais que comporte-t-il\u00a0? Voici les informations qui doivent imp\u00e9rativement appara\u00eetre\u00a0:<br>\n<div class=\"su-list\" style=\"margin-left:10px\">\n<ul>\n<li><i class=\"sui sui-minus\" style=\"color:#FF503D\"><\/i> <strong>Identit\u00e9<\/strong> et informations essentielles concernant l\u2019<strong>entreprise domicili\u00e9e <\/strong>ainsi que la <strong>soci\u00e9t\u00e9 de domiciliation commerciale<\/strong><\/li>\n<li><i class=\"sui sui-minus\" style=\"color:#FF503D\"><\/i> Le <strong>num\u00e9ro d\u2019agr\u00e9ment pr\u00e9fectoral<\/strong> du domiciliataire<\/li>\n<li><i class=\"sui sui-minus\" style=\"color:#FF503D\"><\/i> L\u2019<strong>adresse de domiciliation <\/strong><\/li>\n<li><i class=\"sui sui-minus\" style=\"color:#FF503D\"><\/i> Indication de la <strong>dur\u00e9e du contrat<\/strong> (3 mois minimum, renouvelable par tacite reconduction)<\/li>\n<li><i class=\"sui sui-minus\" style=\"color:#FF503D\"><\/i> Les <strong>modalit\u00e9s pour r\u00e9silier le contrat<\/strong><\/li>\n<li><i class=\"sui sui-minus\" style=\"color:#FF503D\"><\/i> Les <strong>modalit\u00e9s de paiement<\/strong> (tarif de service et moyen de paiement)<\/li>\n<li><i class=\"sui sui-minus\" style=\"color:#FF503D\"><\/i> Le <strong>tarif des services suppl\u00e9mentaires<\/strong> (gestion du courrier, location d\u2019espaces etc.).<\/li>\n<li><i class=\"sui sui-minus\" style=\"color:#FF503D\"><\/i> Les <strong>obligations des deux partis<\/strong>.<br>\n<\/div><\/li>\n<\/ul>\n<p>D\u00e9sormais, vous \u00eates inform\u00e9 de tout ce que peut contenir un contrat de domiciliation. Ainsi, <strong>soyez vigilant<\/strong> <strong>lors de la signature de ce document <\/strong>pour ne rencontrer aucune mauvaise surprise par la suite. Prenez le temps de relire toutes les clauses pour \u00eatre bien inform\u00e9\u00a0!<\/p>\n<h2>Soci\u00e9t\u00e9 de domiciliation\u00a0: quelles sont ses obligations ?<\/h2>\n<p>Attention, la <strong>soci\u00e9t\u00e9 de domiciliation<\/strong> doit <strong>respecter certaines obligations<\/strong>\u00a0:<br>\n<div class=\"su-list\" style=\"margin-left:10px\">\n<ul>\n<li><i class=\"sui sui-minus\" style=\"color:#FF503D\"><\/i> Elle doit tout d\u2019abord \u00eatre <strong>titulaire d\u2019un agr\u00e9ment pr\u00e9fectoral<\/strong> pour pouvoir exercer. De plus, le <strong>num\u00e9ro d\u2019agr\u00e9ment <\/strong>doit \u00eatre <strong>indiqu\u00e9<\/strong> <strong>sur chaque contrat<\/strong> de domiciliation mis en place.<\/li>\n<li><i class=\"sui sui-minus\" style=\"color:#FF503D\"><\/i> Elle doit avertir le <strong>greffe du tribunal de commerce<\/strong> de l\u2019arr\u00eat de la domiciliation (en cas de r\u00e9siliation ou lors de l\u2019expiration du contrat).<\/li>\n<li><i class=\"sui sui-minus\" style=\"color:#FF503D\"><\/i> Elle doit \u00e9galement \u00eatre immatricul\u00e9e au <strong>Registre du commerce et des soci\u00e9t\u00e9s <\/strong>ou au <strong>r\u00e9pertoire des m\u00e9tiers<\/strong>.<\/li>\n<li><i class=\"sui sui-minus\" style=\"color:#FF503D\"><\/i> Ensuite, il est indispensable de <strong>cr\u00e9er un dossier <\/strong>qui rassemble toutes les pi\u00e8ces justificatives <strong>pour chaque entreprise domicili\u00e9e<\/strong>.<\/li>\n<li><i class=\"sui sui-minus\" style=\"color:#FF503D\"><\/i> Pour finir, elle est dans l\u2019obligation de <strong>mettre \u00e0 disposition<\/strong> des entreprises des <strong>locaux professionnels<\/strong> (bureau ou salle de r\u00e9union pour effectuer des rendez-vous professionnels en toute confidentialit\u00e9).<br>\n<\/div><\/li>\n<\/ul>\n<div class=\"su-box su-box-style-default su_custom_zone\" id=\"\" style=\"border-color:#cc1d0a;border-radius:3px\"><div class=\"su-box-title\" style=\"background-color:#FF503D;color:#FFFFFF;border-top-left-radius:1px;border-top-right-radius:1px\">\u00c0 savoir<\/div><div class=\"su-box-content su-u-clearfix su-u-trim\" style=\"border-bottom-left-radius:1px;border-bottom-right-radius:1px\">La soci\u00e9t\u00e9 de domiciliation se doit de pr\u00e9venir les autorit\u00e9s si l\u2019un de ses clients baigne dans une activit\u00e9 ill\u00e9gale.<\/div><\/div>\n<h2>Entreprise domicili\u00e9e\u00a0: quelles sont ses obligations ?<\/h2>\n<p><img loading=\"lazy\" decoding=\"async\" class=\"size-full wp-image-2106 aligncenter\" src=\"https:\/\/le-lodge.fr\/conseil\/wp-content\/uploads\/2022\/07\/salle_reunion.jpg\" alt=\"Soci\u00e9t\u00e9 qui organise une r\u00e9union dans une salle d\u00e9di\u00e9e\" width=\"800\" height=\"336\" srcset=\"https:\/\/le-lodge.fr\/conseil\/wp-content\/uploads\/2022\/07\/salle_reunion.jpg 800w, https:\/\/le-lodge.fr\/conseil\/wp-content\/uploads\/2022\/07\/salle_reunion-768x323.jpg 768w\" sizes=\"(max-width: 800px) 100vw, 800px\" \/><\/p>\n<p>Il est important de savoir que la <strong>soci\u00e9t\u00e9 domicili\u00e9e<\/strong> doit \u00e9galement <strong>respecter certaines obligations<\/strong>, les voici\u00a0:<br>\n<div class=\"su-list\" style=\"margin-left:10px\">\n<ul>\n<li><i class=\"sui sui-minus\" style=\"color:#FF503D\"><\/i> L\u2019entreprise domicili\u00e9e se doit d\u2019<strong>informer<\/strong> la <strong>soci\u00e9t\u00e9 de domiciliation<\/strong> des <strong>changements li\u00e9s \u00e0 son activit\u00e9<\/strong> (changement de domicile ou de forme juridique etc.). Cela devra \u00eatre indiqu\u00e9 pour \u00eatre modifi\u00e9 sur le contrat.<\/li>\n<li><i class=\"sui sui-minus\" style=\"color:#FF503D\"><\/i> L\u2019entreprise domicili\u00e9e se doit d\u2019<strong>utiliser les locaux <\/strong>uniquement <strong>comme <\/strong><strong>si\u00e8ge de l\u2019enseigne<\/strong>.<\/li>\n<li><i class=\"sui sui-minus\" style=\"color:#FF503D\"><\/i> Elle doit \u00e9galement <strong>d\u00e9clarer<\/strong> son <strong>contrat de domiciliation au RCS<\/strong> (Registre du commerce et des soci\u00e9t\u00e9s) en transmettant les informations prioritaires (nom ou d\u00e9nomination sociale ainsi que r\u00e9f\u00e9rences de l\u2019immatriculation principale sur un registre public de la soci\u00e9t\u00e9 de domiciliation).<\/li>\n<li><i class=\"sui sui-minus\" style=\"color:#FF503D\"><\/i> Pour finir, l\u2019entreprise doit imp\u00e9rativement<strong> respecter<\/strong> <strong>les conditions g\u00e9n\u00e9rales du contrat <\/strong>qui a \u00e9t\u00e9 mis en place (prix de la prestation, des services suppl\u00e9mentaires, respect et utilisation des locaux etc.).<br>\n<\/div><\/li>\n<\/ul>\n<h2>Contrat de domiciliation\u00a0: comment l\u2019obtenir\u00a0?<\/h2>\n<p>Pour obtenir votre contrat, les d\u00e9marches sont simples et rapides. Voici ce que vous devez retenir\u00a0:<\/p>\n<p>Pour commencer, vous devrez <strong>choisir votre soci\u00e9t\u00e9 de domiciliation<\/strong>. Attention, ne choisissez pas votre adresse de si\u00e8ge social au hasard. Pour ce faire, nous vous conseillons de <strong>d\u00e9finir vos besoins<\/strong> et de vous diriger vers la soci\u00e9t\u00e9 qui y r\u00e9pond le mieux. Vous pourrez prendre en compte les crit\u00e8res suivants\u00a0: le <strong>lieu<\/strong>, le <strong>prix<\/strong>, les <strong>services suppl\u00e9mentaires<\/strong> propos\u00e9s, les <strong>\u00e9quipements<\/strong> etc.<\/p>\n<p>Ainsi, d\u00e8s que votre choix est fait, il ne vous reste plus qu\u2019\u00e0 <strong>contacter le domiciliataire<\/strong> qui se chargera d\u2019<strong>\u00e9tablir <\/strong>le <strong>contrat de domiciliation<\/strong>. Pour que ce document puisse se r\u00e9aliser, vous devrez <strong>fournir<\/strong> les <strong>pi\u00e8ces justificatives<\/strong> suivantes\u00a0:<br>\n<div class=\"su-list\" style=\"margin-left:10px\">\n<ul>\n<li><i class=\"sui sui-minus\" style=\"color:#FF503D\"><\/i> Un <strong>justificatif d\u2019identit\u00e9<\/strong><\/li>\n<li><i class=\"sui sui-minus\" style=\"color:#FF503D\"><\/i> Un <strong>justificatif de domicile<\/strong><\/li>\n<li><i class=\"sui sui-minus\" style=\"color:#FF503D\"><\/i> Le <strong>Kbis<\/strong><\/li>\n<li><i class=\"sui sui-minus\" style=\"color:#FF503D\"><\/i> Un<strong> RIB<\/strong><\/li>\n<\/ul>\n<\/div><br>\nVous \u00eates \u00e0 la recherche d\u2019une <strong>soci\u00e9t\u00e9 de domiciliation sur Strasbourg<\/strong>\u00a0? D\u00e9couvrez le <strong>centre d\u2019affaires le Lodge<\/strong> et tous ses atouts au plus vite, en nous contactant via notre formulaire.<\/p>\n<h2>Comment r\u00e9silier votre contrat de domiciliation\u00a0?<\/h2>\n<p><img loading=\"lazy\" decoding=\"async\" class=\"size-full wp-image-2107 aligncenter\" src=\"https:\/\/le-lodge.fr\/conseil\/wp-content\/uploads\/2022\/07\/lettre.jpg\" alt=\"lettre recommand\u00e9e pour r\u00e9siliation\" width=\"800\" height=\"267\" srcset=\"https:\/\/le-lodge.fr\/conseil\/wp-content\/uploads\/2022\/07\/lettre.jpg 800w, https:\/\/le-lodge.fr\/conseil\/wp-content\/uploads\/2022\/07\/lettre-768x256.jpg 768w\" sizes=\"(max-width: 800px) 100vw, 800px\" \/><\/p>\n<p>Il est important de conna\u00eetre les <strong>d\u00e9marches de r\u00e9siliation<\/strong> si vous souhaitez arr\u00eater votre contrat. Voici les \u00e9tapes \u00e0 suivre et ce qu\u2019il faut savoir\u00a0:<\/p>\n<p>L\u2019entreprise domicili\u00e9e a le droit d\u2019arr\u00eater son contrat \u00e0 tout moment. Mais comment r\u00e9silier sans rencontrer de difficult\u00e9s\u00a0? Vous devez tout d\u2019abord vous renseigner sur le <strong>pr\u00e9avis<\/strong> indiqu\u00e9 sur le contrat et le respecter. Ensuite, vous pourrez <strong>\u00e9crire une lettre recommand\u00e9e<\/strong> et l\u2019envoyer \u00e0 la soci\u00e9t\u00e9 de domiciliation <strong>avec accus\u00e9 de r\u00e9ception<\/strong>.<\/p>\n<p>Vous ne devrez pas oublier de <strong>pr\u00e9venir<\/strong> le <strong>greffe du tribunal du commerce<\/strong> de votre d\u00e9cision. En retour, ils vous transmettront un<strong> justificatif<\/strong> soit de <strong>transfert de si\u00e8ge ou de radiation<\/strong> selon vos indications. Ce document devra \u00e9galement \u00eatre envoy\u00e9 \u00e0 la soci\u00e9t\u00e9 de domiciliation.<\/p>\n<div class=\"su-box su-box-style-default su_custom_zone\" id=\"\" style=\"border-color:#cc1d0a;border-radius:3px\"><div class=\"su-box-title\" style=\"background-color:#FF503D;color:#FFFFFF;border-top-left-radius:1px;border-top-right-radius:1px\">\u00c0 savoir<\/div><div class=\"su-box-content su-u-clearfix su-u-trim\" style=\"border-bottom-left-radius:1px;border-bottom-right-radius:1px\">La rupture de votre contrat n\u2019est pas due au fait de la fermeture de votre soci\u00e9t\u00e9\u00a0? Vous devrez imp\u00e9rativement <strong>r\u00e9aliser un changement d\u2019adresse<\/strong> de si\u00e8ge social. Attention, il y aura des formalit\u00e9s administratives \u00e0 respecter et \u00e0 r\u00e9aliser car le transfert d\u2019adresse implique une <strong>modification des statuts<\/strong>.<\/div><\/div>\n<p>Une question\u00a0? Un doute\u00a0? Le centre d\u2019affaires le Lodge reste \u00e0 votre disposition pour vous apporter toute information compl\u00e9mentaire.<\/p>\n<h2><span style=\"color: #ff503d;\">L\u2019essentiel \u00e0 retenir<\/span><\/h2>\n<div class=\"su-list\" style=\"margin-left:10px\">\n<ol>\n<li style=\"list-style-type: none;\">\n<ol>\n<li><i class=\"sui sui-star\" style=\"color:#FF503D\"><\/i> Le Lodge esp\u00e8re que cet article a pu vous aider \u00e0 <strong>tout savoir sur le contrat de domiciliation<\/strong>.<\/li>\n<li><i class=\"sui sui-star\" style=\"color:#FF503D\"><\/i> Avant d\u2019\u00e9tablir un contrat de domiciliation, il est n\u00e9cessaire de <strong>contacter une soci\u00e9t\u00e9 de domiciliation<\/strong>. Que vous soyez entrepreneur, dirigeant d\u2019une soci\u00e9t\u00e9 ou encore repr\u00e9sentant d\u2019une association, cette solution pourrait vous s\u00e9duire.<\/li>\n<li><i class=\"sui sui-star\" style=\"color:#FF503D\"><\/i> En contactant une soci\u00e9t\u00e9 de domiciliation vous pourrez <strong>r\u00e9aliser <\/strong>de belles<strong> \u00e9conomies<\/strong> tout en profitant d\u2019un <strong>lieu adapt\u00e9 \u00e0 vos besoins professionnels<\/strong> notamment gr\u00e2ce \u00e0 des <strong>prestations annexes<\/strong> (gestion du courrier, location d\u2019espaces etc.). Vous avez envie de <strong>faciliter votre travail<\/strong> et de profiter d\u2019une <strong>solution flexible<\/strong>\u00a0? Partez \u00e0 la recherche de votre <strong>soci\u00e9t\u00e9 de domiciliation<\/strong>.<\/li>\n<li><i class=\"sui sui-star\" style=\"color:#FF503D\"><\/i> Quand est-il du <strong>contrat de domiciliation<\/strong>\u00a0? Ce document, encadr\u00e9 par la loi, doit imp\u00e9rativement \u00eatre <strong>sign\u00e9 par les deux partis<\/strong>\u00a0: domiciliataire et domicili\u00e9. Il <strong>indique toutes les informations importantes<\/strong> (type de prestation, adresse du si\u00e8ge social, prix, moyen de paiement etc.).<\/li>\n<li><i class=\"sui sui-star\" style=\"color:#FF503D\"><\/i> Attention, chaque parti doit respecter certaines r\u00e8gles et obligations pour ne rencontrer aucune difficult\u00e9 qui pourrait par exemple mener \u00e0 une rupture du contrat.<\/li>\n<li><i class=\"sui sui-star\" style=\"color:#FF503D\"><\/i> Vous souhaitez obtenir au plus vite votre contrat\u00a0? Il vous suffit de trouver la soci\u00e9t\u00e9 de domiciliation qui r\u00e9pond en tout point \u00e0 vos besoins.<\/li>\n<li><i class=\"sui sui-star\" style=\"color:#FF503D\"><\/i> \u00cates-vous d\u00e9sormais incollable sur le sujet\u00a0? Si ce n\u2019est pas le cas et que vous souhaitez b\u00e9n\u00e9ficier d\u2019informations suppl\u00e9mentaires, <strong>n\u2019h\u00e9sitez pas \u00e0 nous contacter<\/strong>.<\/li>\n<\/ol>\n<\/li>\n<\/ol>\n<p>\u00a0<\/p>\n<\/div><br>\n<div class=\"su-spacer\" style=\"height:100px\"><\/div><br>\n<div class=\"su-heading su-heading-style-line-blue su-heading-align-center\" id=\"\" style=\"font-size:16px;margin-bottom:0px\"><div class=\"su-heading-inner\">\n<h5><span class=\"su-highlight\" style=\"background:#FF503D;color:#ffffff\">&nbsp;<span style=\"font-weight: 400;\">Ces articles devraient aussi vous int\u00e9resser<\/span>&nbsp;<\/span><\/h5>\n<\/div><\/div><br>\n<div class=\"su-spacer\" style=\"height:50px\"><\/div><br>\n<ul class=\"cs-samelevel-posts\">\n\t\t\t<li><a href=\"https:\/\/le-lodge.fr\/conseil\/domiciliation-entreprise\/ou\/societe-de-domiciliation\/changement\/\"> Changement de domiciliation de soci\u00e9t\u00e9 : les \u00e9tapes \u00e0 suivre !<\/a><\/li>\n\t\t\t<li><a href=\"https:\/\/le-lodge.fr\/conseil\/domiciliation-entreprise\/ou\/societe-de-domiciliation\/choisir\/\"> Les 5 crit\u00e8res indispensables pour trouver votre future soci\u00e9t\u00e9 de domiciliation<\/a><\/li>\n\t\t\t<li><a href=\"https:\/\/le-lodge.fr\/conseil\/domiciliation-entreprise\/ou\/societe-de-domiciliation\/services\/\"> D\u00e9couvrez les 4 indispensables propos\u00e9s par une soci\u00e9t\u00e9 de domiciliation<\/a><\/li>\n\t<\/ul>\n\n\n","protected":false},"excerpt":{"rendered":"<p>Vous \u00eates sur le point de cr\u00e9er votre soci\u00e9t\u00e9\u00a0? Vous avez envie de vous lancer en tant qu\u2019entrepreneur\u00a0? Quelle bonne id\u00e9e\u00a0mais connaissez-vous les d\u00e9marches indispensables \u00e0 r\u00e9aliser\u00a0? Dans un premier temps, vous devrez effectuer la domiciliation de votre si\u00e8ge social. Vous pourrez domicilier votre entreprise dans une soci\u00e9t\u00e9 de domiciliation\u00a0et b\u00e9n\u00e9ficier des nombreux avantages li\u00e9s [&hellip;]<\/p>\n","protected":false},"author":3,"featured_media":2103,"parent":191,"menu_order":0,"comment_status":"closed","ping_status":"closed","template":"","meta":{"_seopress_robots_primary_cat":"","_seopress_titles_title":"Tout savoir sur le contrat de domiciliation","_seopress_titles_desc":"Cliquez sur cet article pour conna\u00eetre tous les secrets et rouages d&#039;un contrat de domiciliation et profiter de tous les avantages de cette solution pris\u00e9e.","_seopress_robots_index":"","footnotes":""},"_links":{"self":[{"href":"https:\/\/le-lodge.fr\/conseil\/wp-json\/wp\/v2\/pages\/2051"}],"collection":[{"href":"https:\/\/le-lodge.fr\/conseil\/wp-json\/wp\/v2\/pages"}],"about":[{"href":"https:\/\/le-lodge.fr\/conseil\/wp-json\/wp\/v2\/types\/page"}],"author":[{"embeddable":true,"href":"https:\/\/le-lodge.fr\/conseil\/wp-json\/wp\/v2\/users\/3"}],"replies":[{"embeddable":true,"href":"https:\/\/le-lodge.fr\/conseil\/wp-json\/wp\/v2\/comments?post=2051"}],"version-history":[{"count":10,"href":"https:\/\/le-lodge.fr\/conseil\/wp-json\/wp\/v2\/pages\/2051\/revisions"}],"predecessor-version":[{"id":3586,"href":"https:\/\/le-lodge.fr\/conseil\/wp-json\/wp\/v2\/pages\/2051\/revisions\/3586"}],"up":[{"embeddable":true,"href":"https:\/\/le-lodge.fr\/conseil\/wp-json\/wp\/v2\/pages\/191"}],"wp:featuredmedia":[{"embeddable":true,"href":"https:\/\/le-lodge.fr\/conseil\/wp-json\/wp\/v2\/media\/2103"}],"wp:attachment":[{"href":"https:\/\/le-lodge.fr\/conseil\/wp-json\/wp\/v2\/media?parent=2051"}],"curies":[{"name":"wp","href":"https:\/\/api.w.org\/{rel}","templated":true}]}}