{"id":1956,"date":"2022-07-01T10:04:57","date_gmt":"2022-07-01T08:04:57","guid":{"rendered":"https:\/\/le-lodge.fr\/conseil\/?page_id=1956"},"modified":"2023-02-01T14:56:00","modified_gmt":"2023-02-01T13:56:00","slug":"types","status":"publish","type":"page","link":"https:\/\/le-lodge.fr\/conseil\/salle-reunion\/organiser\/types\/","title":{"rendered":"Les 15 types de r\u00e9union existants en entreprise"},"content":{"rendered":"<p><span style=\"font-size: 18pt;\">Les <strong>r\u00e9unions <\/strong>sont devenues des rendez-vous r\u00e9currents au sein des entreprises gr\u00e2ce \u00e0 l\u2019un de leur plus grand atout\u00a0: la <strong>communication directe<\/strong>. Elles permettent d\u2019annoncer une nouveaut\u00e9, pr\u00e9ciser une information, r\u00e9gler un conflit ou simplement \u00e9changer. Cependant, certaines ne sont pas toujours un franc succ\u00e8s \u00e0 cause d\u2019un manque de pr\u00e9paration ou d\u2019animation. Ainsi, avant de vous lancer, il est important de savoir comment <a href=\"https:\/\/le-lodge.fr\/conseil\/salle-reunion\/organiser\/\">organiser une r\u00e9union de travail efficace<\/a> pour \u00eatre certain d\u2019atteindre votre objectif. Vous n\u2019\u00eates pas s\u00fbr de conna\u00eetre tous les secrets d\u2019une r\u00e9union bien ficel\u00e9e ? Consultez notre guide, qui nous l\u2019esp\u00e9rons vous apportera toutes les informations escompt\u00e9es. \u00cates-vous pr\u00eat \u00e0 en apprendre davantage\u00a0? Manager d\u2019une \u00e9quipe, vous souhaitez <strong>conna\u00eetre tous les types de r\u00e9union existants<\/strong> pour choisir les mod\u00e8les que vous pourrez appliquer en fonction de vos collaborateurs\u00a0? Selon votre r\u00f4le et la situation, vous devrez organiser des points pr\u00e9cis. Vous \u00eates au bon endroit\u00a0pour les identifier ! D\u00e9couvrez ci-dessous <strong>quels sont les rendez-vous professionnels \u00e0 conna\u00eetre et \u00e0 ma\u00eetriser<\/strong>\u00a0? Quels sont les objectifs de chacun\u00a0? Le centre d\u2019affaires le Lodge vous indique tout ce qu\u2019il faut savoir dans la suite de cet article. Bient\u00f4t, vous serez le ma\u00eetre des r\u00e9unions bien ex\u00e9cut\u00e9es, qu\u2019en dites-vous\u00a0?<strong>\u00a0<\/strong><\/span><\/p>\n\n<p class=\"p1\"><div class=\"su-youtube su-u-responsive-media-yes\"><iframe loading=\"lazy\" width=\"600\" height=\"400\" src=\"https:\/\/www.youtube.com\/embed\/IUiWhbgnFdA?\" frameborder=\"0\" allowfullscreen allow=\"autoplay; encrypted-media; picture-in-picture\" title=\"\"><\/iframe><\/div>\n<h2>Les 15 types de r\u00e9union existants en entreprise<\/h2>\n<p>\u00c7a y est, vous \u00eates sur le point d\u2019organiser une r\u00e9union de travail avec vos \u00e9quipes\u00a0? Cependant, avant de vous lancer, vous souhaitez conna\u00eetre les diff\u00e9rents <strong>types de r\u00e9union existants<\/strong> pour choisir le rendez-vous le plus adapt\u00e9\u00a0? Vous avez bien raison\u00a0! D\u00e9couvrez ci-dessous les <strong>15 formats de r\u00e9union<\/strong> les plus connus en entreprise et faites votre choix selon vos besoins et objectifs.<\/p>\n<p style=\"text-align: center; font-size: 18pt;\"><b>Vous souhaitez louer une salle de r\u00e9union adapt\u00e9e \u00e0 vos besoins pour r\u00e9aliser vos rendez-vous professionnels ? Contactez le Lodge, votre centre d\u2019affaires \u00e0 Strasbourg !<\/b><\/p>\n<p style=\"text-align: center;\">Location de salles de r\u00e9union et bureaux avec ou sans domiciliation et espaces de r\u00e9ception.<\/p>\n<p style=\"text-align: center;\"><div class=\"su-button-center\"><span data-atc=\"aHR0cHM6Ly93d3cubGUtbG9kZ2UuZnIvY29udGFjdGV6LW5vdXMv\" class=\"su-button su-button-style-flat atc pop\" style=\" cursor: pointer; color:#FFFFFF;background-color:#FF503D;border-color:;0px;\" target=\"_blank\" rel=\"noopener noreferrer\">\r\n\t\r\n\t\r\n\t<span style=\";padding:8px 26px;font-size:20px;line-height:30px;border-color:;border-radius:0px;-moz-border-radius:0px;-webkit-border-radius:0px;text-shadow:none;-moz-text-shadow:none;-webkit-text-shadow:none;background-color: #FF503D; color:#FFFFFF !important\"> <i class=\"sui sui-pencil-square-o\" style=\"\" aria-label=\"\"><\/i>Envoyer ma demande <\/span>\r\n\r\n<\/span><\/div>\n<h3>La r\u00e9union d\u2019information<\/h3>\n<p><img loading=\"lazy\" decoding=\"async\" class=\"size-full wp-image-1988 aligncenter\" src=\"https:\/\/le-lodge.fr\/conseil\/wp-content\/uploads\/2022\/06\/information.jpg\" alt=\"Collaborateurs qui r\u00e9alisent une r\u00e9union d'information\" width=\"800\" height=\"294\" srcset=\"https:\/\/le-lodge.fr\/conseil\/wp-content\/uploads\/2022\/06\/information.jpg 800w, https:\/\/le-lodge.fr\/conseil\/wp-content\/uploads\/2022\/06\/information-768x282.jpg 768w\" sizes=\"(max-width: 800px) 100vw, 800px\" \/><\/p>\n<p>La r\u00e9union d\u2019information fait partie des mod\u00e8les les plus connus mais aussi les plus fr\u00e9quents au sein d\u2019une entreprise. Son r\u00f4le est d\u2019apporter une <strong>information descendante<\/strong> \u00e0 une \u00e9quipe sp\u00e9cifique ou \u00e0 tous les collaborateurs d\u2019une enseigne. Le pr\u00e9sentateur peut annoncer le lancement d\u2019un nouveau produit, un changement dans l\u2019organisation globale de la bo\u00eete etc.<\/p>\n<h3>La r\u00e9union collaborative<\/h3>\n<p>La r\u00e9union collaborative se distingue du format informatif car elle permet \u00e0 tous les <strong>collaborateurs <\/strong>de s\u2019exprimer et de <strong>participer activement<\/strong> au rendez-vous. Le pr\u00e9sentateur aura pour r\u00f4le de r\u00e9unir un groupe de personnes et d\u2019\u00e9changer sur une th\u00e9matique pr\u00e9cise. Chacun aura pour mission de r\u00e9fl\u00e9chir sur le sujet et de permettre d\u2019aller plus loin ensemble, l\u2019<strong>intelligence collective <\/strong>est au c\u0153ur de cette pr\u00e9sentation.<\/p>\n<div class=\"su-box su-box-style-default su_custom_zone\" id=\"\" style=\"border-color:#cc1d0a;border-radius:3px\"><div class=\"su-box-title\" style=\"background-color:#FF503D;color:#FFFFFF;border-top-left-radius:1px;border-top-right-radius:1px\">\u00c0 savoir<\/div><div class=\"su-box-content su-u-clearfix su-u-trim\" style=\"border-bottom-left-radius:1px;border-bottom-right-radius:1px\">Il est possible de mettre en place plusieurs formats pour rendre cette r\u00e9union plus attractive et anim\u00e9e\u00a0: d\u00e9bats, jeux etc. qui permettront de lib\u00e9rer la parole.<\/div><\/div>\n<h3>La r\u00e9union de r\u00e9solution de probl\u00e8mes<\/h3>\n<p>Cette r\u00e9union, tout le monde souhaite l\u2019\u00e9viter et pourtant celle-ci peut \u00eatre d\u2019une grande aide lorsqu\u2019il y a un conflit ou une difficult\u00e9 au sein d\u2019une entreprise. Elle a pour mission de <strong>d\u00e9bloquer une situation<\/strong> et d\u2019<strong>apaiser les tensions <\/strong>gr\u00e2ce \u00e0 un \u00e9change cadr\u00e9. En effet, au lieu de laisser le probl\u00e8me grandir, un rendez-vous est mis en place pour permettre aux personnes concern\u00e9es de s\u2019exprimer. Gr\u00e2ce \u00e0 un animateur pr\u00e9sent, les discussions seront encadr\u00e9es pour que le d\u00e9bat aboutisse \u00e0 un r\u00e9sultat positif o\u00f9 tous les participants auront <strong>trouv\u00e9 un accord commun<\/strong>.<\/p>\n<h3>La r\u00e9union r\u00e9currente ou de service<\/h3>\n<p><img loading=\"lazy\" decoding=\"async\" class=\"size-full wp-image-1989 aligncenter\" src=\"https:\/\/le-lodge.fr\/conseil\/wp-content\/uploads\/2022\/06\/reunion_service.jpg\" alt=\"Collaborateurs qui r\u00e9alisent une r\u00e9union de service\" width=\"800\" height=\"533\" srcset=\"https:\/\/le-lodge.fr\/conseil\/wp-content\/uploads\/2022\/06\/reunion_service.jpg 800w, https:\/\/le-lodge.fr\/conseil\/wp-content\/uploads\/2022\/06\/reunion_service-768x512.jpg 768w, https:\/\/le-lodge.fr\/conseil\/wp-content\/uploads\/2022\/06\/reunion_service-736x491.jpg 736w\" sizes=\"(max-width: 800px) 100vw, 800px\" \/><\/p>\n<p>En tant que manager, responsable d\u2019une \u00e9quipe, il est possible que vous organisez des <strong>rencontres r\u00e9currentes<\/strong> (une fois par semaine, par mois etc.) pour <strong>faire le point<\/strong> avec votre \u00e9quipe. Cette r\u00e9union est un moyen de vous r\u00e9unir tous ensemble et de pouvoir \u00e9changer sur les projets en cours, les r\u00e9ussites, les difficult\u00e9s rencontr\u00e9es etc.<\/p>\n<h3>La r\u00e9union de prise de d\u00e9cision<\/h3>\n<p>Comme son nom l\u2019indique, elle est la r\u00e9union ultime lorsqu\u2019il s\u2019agit de prendre une <strong>d\u00e9cision importante<\/strong> sur un sujet. Elle doit rassembler uniquement les collaborateurs concern\u00e9s par le projet, ils ont l\u2019occasion d\u2019\u00e9changer tous ensemble pour <strong>trouver un accord<\/strong>. La d\u00e9cision se fait lorsque toutes les personnes pr\u00e9sentes sont sur la m\u00eame longueur d\u2019onde.<\/p>\n<h3>Le brainstorming<\/h3>\n<p>Ce terme vous dit vaguement quelque chose\u00a0? Le brainstorming est une superbe <strong>technique d\u2019animation de r\u00e9union<\/strong> qui permet de sortir des cadres classiques. \u00c0 vos stylos, votre mission sera de <strong>r\u00e9fl\u00e9chir sur un sujet<\/strong> et d\u2019\u00e9noncer tous les mots qui vous viennent \u00e0 l\u2019esprit. Le but est de rassembler le plus d\u2019id\u00e9es possibles et de faire le tri par la suite. Choisissez cette technique pour <strong>augmenter la cr\u00e9ativit\u00e9<\/strong> de vos \u00e9quipes.<\/p>\n<p>Vous souhaitez en apprendre davantage sur le <a href=\"https:\/\/le-lodge.fr\/conseil\/salle-reunion\/organiser\/types\/brainstorming\/\">brainstorming<\/a> ? D\u00e9couvrez notre guide d\u00e9taill\u00e9 pour tout conna\u00eetre de cette technique d\u2019animation de r\u00e9union originale et l\u2019utiliser pour vos futurs projets cr\u00e9atifs.<\/p>\n<h3>La r\u00e9union de projet<\/h3>\n<p><img loading=\"lazy\" decoding=\"async\" class=\"size-full wp-image-1990 aligncenter\" src=\"https:\/\/le-lodge.fr\/conseil\/wp-content\/uploads\/2022\/06\/reunion_projet.jpg\" alt=\"collaborateurs qui discutent d'un projet\" width=\"800\" height=\"450\" srcset=\"https:\/\/le-lodge.fr\/conseil\/wp-content\/uploads\/2022\/06\/reunion_projet.jpg 800w, https:\/\/le-lodge.fr\/conseil\/wp-content\/uploads\/2022\/06\/reunion_projet-768x432.jpg 768w, https:\/\/le-lodge.fr\/conseil\/wp-content\/uploads\/2022\/06\/reunion_projet-540x304.jpg 540w, https:\/\/le-lodge.fr\/conseil\/wp-content\/uploads\/2022\/06\/reunion_projet-344x194.jpg 344w\" sizes=\"(max-width: 800px) 100vw, 800px\" \/><\/p>\n<p>Cette r\u00e9union s\u2019adresse dans un premier temps aux <strong>chefs de projet<\/strong>, elle leur permet de <strong>faire le point<\/strong> sur l\u2019avanc\u00e9e d\u2019un projet en se r\u00e9unissant avec les collaborateurs en question. R\u00e9union de travail, point d\u2019avancement, etc. il existe <strong>diff\u00e9rentes \u00e9tapes<\/strong> primordiales qu\u2019il ne faut pas n\u00e9gliger. Le r\u00f4le du chef de projet est de r\u00e9unir l\u2019\u00e9quipe plac\u00e9e sous son aile pour discuter du sujet, des mises \u00e0 jour, des difficult\u00e9s et r\u00e9ussites pour permettre de remplir chaque objectif ensemble.<\/p>\n<h3>La formation<\/h3>\n<p>Elle permet aux collaborateurs d\u2019une entreprise de <strong>monter en comp\u00e9tence<\/strong>, de <strong>se former<\/strong> sur un nouvel outil, d\u2019apprendre une nouvelle facette de leur m\u00e9tier etc. Pr\u00e9sent\u00e9e par une personne externe ou interne \u00e0 l\u2019entreprise, la formation est une r\u00e9union fondamentale pour<strong> \u00e9voluer<\/strong>, qu\u2019en dites-vous\u00a0?<\/p>\n<h3>La r\u00e9union one-to-one<\/h3>\n<p>La r\u00e9union one-to-one s\u2019adresse au manager ainsi qu\u2019\u00e0 un collaborateur. C\u2019est un <strong>rendez-vous individuel<\/strong> qui permet de faire le point sur les missions r\u00e9alis\u00e9es, les difficult\u00e9s rencontr\u00e9es etc. Le manager peut <strong>r\u00e9aliser un bilan<\/strong> plusieurs fois par an pour s\u2019assurer que le collaborateur se sente bien au sein de l\u2019entreprise.<\/p>\n<h3>Le s\u00e9minaire<\/h3>\n<p><img loading=\"lazy\" decoding=\"async\" class=\"size-full wp-image-1991 aligncenter\" src=\"https:\/\/le-lodge.fr\/conseil\/wp-content\/uploads\/2022\/06\/seminaire.jpg\" alt=\"S\u00e9minaire d'entreprise en cours\" width=\"800\" height=\"368\" srcset=\"https:\/\/le-lodge.fr\/conseil\/wp-content\/uploads\/2022\/06\/seminaire.jpg 800w, https:\/\/le-lodge.fr\/conseil\/wp-content\/uploads\/2022\/06\/seminaire-768x353.jpg 768w\" sizes=\"(max-width: 800px) 100vw, 800px\" \/><\/p>\n<p>Le s\u00e9minaire est \u00e9galement une r\u00e9union cependant, l\u2019organisation est plus importante. Elle permet de <strong>rassembler tous les collaborateurs<\/strong> ou une partie de l\u2019entreprise (commerciaux, managers etc.) pour \u00e9voquer certains sujets. Le lieu peut \u00eatre en dehors de l\u2019entreprise et a pour r\u00f4le de cr\u00e9er un v\u00e9ritable <strong>moment corporate<\/strong>.<\/p>\n<h3>Le Stand-up meeting<\/h3>\n<p>Ce format de r\u00e9union ne vous dit rien ? Pourtant, il est particuli\u00e8rement int\u00e9ressant et efficace. Le stand-up meeting permet de sortir du cadre classique en r\u00e9alisant une <strong>r\u00e9union debout<\/strong>. Cette r\u00e9union est assez rapide, entre<strong> 5 \u00e0 15 minutes<\/strong> et a pour ambition d\u2019\u00eatre plus efficace. Le but est de faire le point sur les missions \u00e0 effectuer dans la semaine par exemple (ce qui a \u00e9t\u00e9 fait, ce qui doit \u00eatre fait, les craintes etc.).<\/p>\n<h3>Le co-walking<\/h3>\n<p>Dites oui \u00e0 une autre m\u00e9thode qui a fait ses preuves\u00a0: le co-walking. Avez-vous d\u00e9j\u00e0 r\u00e9alis\u00e9 une <strong>r\u00e9union en marchant<\/strong>\u00a0? Si ce n\u2019est pas le cas, c\u2019est peut-\u00eatre le moment d\u2019essayer. Profitez des espaces ext\u00e9rieurs, du beau temps pour vous balader et r\u00e9aliser une r\u00e9union <strong>courte et efficace<\/strong>. Ce type de rendez-vous peut \u00eatre mis en place lors des beaux jours et avec une petite \u00e9quipe pour b\u00e9n\u00e9ficier d\u2019un point performant.<\/p>\n<h3>La r\u00e9union du comit\u00e9 de direction<\/h3>\n<p><img loading=\"lazy\" decoding=\"async\" class=\"size-full wp-image-1992 aligncenter\" src=\"https:\/\/le-lodge.fr\/conseil\/wp-content\/uploads\/2022\/06\/reunion_direction.jpg\" alt=\"r\u00e9union de direction en cours\" width=\"800\" height=\"400\" srcset=\"https:\/\/le-lodge.fr\/conseil\/wp-content\/uploads\/2022\/06\/reunion_direction.jpg 800w, https:\/\/le-lodge.fr\/conseil\/wp-content\/uploads\/2022\/06\/reunion_direction-768x384.jpg 768w\" sizes=\"(max-width: 800px) 100vw, 800px\" \/><\/p>\n<p>Cette r\u00e9union est mise en place par les <strong>dirigeants d\u2019une entreprise<\/strong> et permet de<strong> faire le point<\/strong> sur les <strong>sujets principaux et urgents<\/strong> (nouveaux enjeux, strat\u00e9gies, activit\u00e9s etc.). Elle est particuli\u00e8rement importante et permet de faire \u00e9voluer l\u2019enseigne et d\u2019am\u00e9liorer les conditions de travail des employ\u00e9s par exemple.<\/p>\n<h3>La r\u00e9union du comit\u00e9 social et \u00e9conomique (CSE)<\/h3>\n<p>Le Comit\u00e9 social et \u00e9conomique doit \u00eatre mis en place pour une organisation poss\u00e9dant plus de 11 salari\u00e9s. Ce comit\u00e9 permet de <strong>repr\u00e9senter les salari\u00e9s<\/strong> d\u2019une entreprise aupr\u00e8s de l\u2019employeur. Les<strong> missions<\/strong> sont <strong>vari\u00e9es<\/strong> et permettent aux employ\u00e9s de profiter de plusieurs avantages (cadeaux, cr\u00e9ation d\u2019\u00e9v\u00e9nement, am\u00e9lioration des conditions de travail, etc.).<\/p>\n<h3>La r\u00e9union \u00e0 distance<\/h3>\n<p>Depuis quelques ann\u00e9es, la r\u00e9union \u00e0 distance a pris de l\u2019ampleur et est devenue une solution id\u00e9ale lorsque des collaborateurs ne se situent pas au m\u00eame endroit. Comment <strong>r\u00e9unir des collaborateurs<\/strong> qui se trouvent dans une autre ville ou qui sont en t\u00e9l\u00e9travail\u00a0? Il suffit d\u2019organiser une r\u00e9union \u00e0 distance \u00e0 l\u2019aide d\u2019<strong>outils<\/strong> qui<strong> facilitent vos rendez-vous<\/strong> (Skype, teams etc.).<\/p>\n<h2><span style=\"color: #FF503D;\">L\u2019essentiel \u00e0 retenir<\/span><\/h2>\n<div class=\"su-list\" style=\"margin-left:10px\">\n<ol>\n<li><i class=\"sui sui-star\" style=\"color:#FF503D\"><\/i> Le Lodge esp\u00e8re que cet article a pu vous aider \u00e0 savoir <strong>quels sont les 15 types de r\u00e9union existants.<\/strong><\/li>\n<li><i class=\"sui sui-star\" style=\"color:#FF503D\"><\/i> Les <strong>r\u00e9unions<\/strong> sont des rendez-vous essentiels pour l\u2019entreprise et ses employ\u00e9s, elles permettent de cr\u00e9er un <strong>sentiment d\u2019appartenance<\/strong> ainsi que des <strong>\u00e9changes directs<\/strong>.<\/li>\n<li><i class=\"sui sui-star\" style=\"color:#FF503D\"><\/i> Elles permettent d\u2019\u00e9changer, de r\u00e9gler des probl\u00e8mes, d\u2019am\u00e9liorer la coh\u00e9sion d\u2019\u00e9quipe etc. mais il est important de conna\u00eetre les <strong>diff\u00e9rents formats existants<\/strong> pour choisir <strong>celui qui s\u2019adapte le mieux \u00e0 votre objectif.<\/strong> En effet, pour profiter d\u2019une r\u00e9union r\u00e9ussie, il sera n\u00e9cessaire de choisir le format le plus propice\u00a0!<\/li>\n<li><i class=\"sui sui-star\" style=\"color:#FF503D\"><\/i> Il existe une <strong>infinit\u00e9 de r\u00e9unions<\/strong>, selon vos besoins et votre imagination, il existe le format id\u00e9al qui r\u00e9pondra \u00e0 vos besoins. R\u00e9union d\u2019information, \u00e0 distance, brainstorming, s\u00e9minaire, one-to-one, formation etc. Prenez le temps de vous renseigner sur les <strong>objectifs de chacun<\/strong> avant de r\u00e9aliser votre choix.<\/li>\n<li><i class=\"sui sui-star\" style=\"color:#FF503D\"><\/i> Pour finir, nous vous recommandons de <strong>pr\u00e9parer votre r\u00e9union<\/strong> au pr\u00e9alable pour que son organisation soit parfaite et que vous puissiez rencontrer le moins de difficult\u00e9s possible le jour J.<\/li>\n<li><i class=\"sui sui-star\" style=\"color:#FF503D\"><\/i> Et vous, quel type de r\u00e9union comptez-vous mettre en place pour vos \u00e9quipes\u00a0?<\/li>\n<\/ol>\n<\/div>\n<\/p><div class=\"su-spacer\" style=\"height:100px\"><\/div><br>\n<div class=\"su-heading su-heading-style-line-blue su-heading-align-center\" id=\"\" style=\"font-size:16px;margin-bottom:0px\"><div class=\"su-heading-inner\">\n<h5><span class=\"su-highlight\" style=\"background:#FF503D;color:#ffffff\">&nbsp;<span style=\"font-weight: 400;\">Ces articles devraient aussi vous int\u00e9resser<\/span>&nbsp;<\/span><\/h5>\n<\/div><\/div><br>\n<div class=\"su-spacer\" style=\"height:50px\"><\/div><br>\n<ul class=\"cs-samelevel-posts\">\n\t\t\t<li><a href=\"https:\/\/le-lodge.fr\/conseil\/salle-reunion\/organiser\/preparer\/\"> R\u00e9union : les \u00e9tapes pour \u00eatre efficace et confiant !<\/a><\/li>\n\t\t\t<li><a href=\"https:\/\/le-lodge.fr\/conseil\/salle-reunion\/organiser\/animer\/\"> Nos conseils et id\u00e9es pour animer efficacement une r\u00e9union d\u2019entreprise<\/a><\/li>\n\t\t\t<li><a href=\"https:\/\/le-lodge.fr\/conseil\/salle-reunion\/organiser\/animateur\/\"> R\u00f4le d'animateur de r\u00e9union : qui peut l'assumer pleinement ? Quelles sont ses casquettes ?<\/a><\/li>\n\t<\/ul>\n\n\n","protected":false},"excerpt":{"rendered":"<p>Les r\u00e9unions sont devenues des rendez-vous r\u00e9currents au sein des entreprises gr\u00e2ce \u00e0 l\u2019un de leur plus grand atout\u00a0: la communication directe. Elles permettent d\u2019annoncer une nouveaut\u00e9, pr\u00e9ciser une information, r\u00e9gler un conflit ou simplement \u00e9changer. Cependant, certaines ne sont pas toujours un franc succ\u00e8s \u00e0 cause d\u2019un manque de pr\u00e9paration ou d\u2019animation. Ainsi, avant [&hellip;]<\/p>\n","protected":false},"author":3,"featured_media":1987,"parent":1082,"menu_order":2,"comment_status":"closed","ping_status":"closed","template":"","meta":{"_seopress_robots_primary_cat":"","_seopress_titles_title":"Quels sont les types de r\u00e9union existants ?","_seopress_titles_desc":"Vous souhaitez conna\u00eetre les diff\u00e9rents types de r\u00e9union existants ? Cliquez sur notre article pour \u00eatre bien inform\u00e9 : formation, s\u00e9minaire, brainstorming etc.","_seopress_robots_index":"","footnotes":""},"_links":{"self":[{"href":"https:\/\/le-lodge.fr\/conseil\/wp-json\/wp\/v2\/pages\/1956"}],"collection":[{"href":"https:\/\/le-lodge.fr\/conseil\/wp-json\/wp\/v2\/pages"}],"about":[{"href":"https:\/\/le-lodge.fr\/conseil\/wp-json\/wp\/v2\/types\/page"}],"author":[{"embeddable":true,"href":"https:\/\/le-lodge.fr\/conseil\/wp-json\/wp\/v2\/users\/3"}],"replies":[{"embeddable":true,"href":"https:\/\/le-lodge.fr\/conseil\/wp-json\/wp\/v2\/comments?post=1956"}],"version-history":[{"count":11,"href":"https:\/\/le-lodge.fr\/conseil\/wp-json\/wp\/v2\/pages\/1956\/revisions"}],"predecessor-version":[{"id":2650,"href":"https:\/\/le-lodge.fr\/conseil\/wp-json\/wp\/v2\/pages\/1956\/revisions\/2650"}],"up":[{"embeddable":true,"href":"https:\/\/le-lodge.fr\/conseil\/wp-json\/wp\/v2\/pages\/1082"}],"wp:featuredmedia":[{"embeddable":true,"href":"https:\/\/le-lodge.fr\/conseil\/wp-json\/wp\/v2\/media\/1987"}],"wp:attachment":[{"href":"https:\/\/le-lodge.fr\/conseil\/wp-json\/wp\/v2\/media?parent=1956"}],"curies":[{"name":"wp","href":"https:\/\/api.w.org\/{rel}","templated":true}]}}