{"id":1794,"date":"2022-05-02T12:22:58","date_gmt":"2022-05-02T10:22:58","guid":{"rendered":"https:\/\/le-lodge.fr\/conseil\/?page_id=1794"},"modified":"2023-11-29T13:47:11","modified_gmt":"2023-11-29T12:47:11","slug":"surface-limite","status":"publish","type":"page","link":"https:\/\/le-lodge.fr\/conseil\/salle-reunion\/louer\/pour-qui\/avantages\/choisir-salle-reunion-ideale-entreprise\/surface-limite\/","title":{"rendered":"Y a-t-il une limite de personnes pour louer une salle de r\u00e9union ?"},"content":{"rendered":"<p><span style=\"font-size: 18pt;\">Vous \u00eates \u00e0 la recherche d\u2019un lieu qui peut <a href=\"https:\/\/le-lodge.fr\/conseil\/salle-reunion\/louer\/pour-qui\/avantages\/choisir-salle-reunion-ideale-entreprise\/\">accueillir vos salari\u00e9s<\/a>\u00a0? Vous souhaitez organiser un <strong>rendez-vous professionnel<\/strong> et avez besoin d\u2019un <strong>espace adapt\u00e9<\/strong>\u00a0? Nous avons la solution pour vous\u00a0: la location de salles de r\u00e9union, les lieux offrant de nombreux avantages. Vous \u00eates int\u00e9ress\u00e9\u00a0? Le Lodge vous pr\u00e9sente tout ce qu\u2019il faut savoir concernant les salles de r\u00e9union. <strong>Y a-t-il une capacit\u00e9 maximale\u00a0?<\/strong> <strong>Quelles sont les r\u00e8gles \u00e0 conna\u00eetre\u00a0?<\/strong> Combien de m2 minimum faut-il par participants\u00a0? Il vous suffit de lire notre article pour \u00eatre inform\u00e9 de toutes les mesures. Qu\u2019attendez-vous pour d\u00e9couvrir tous leurs secrets\u00a0? \u00c7a se passe ci-dessous\u00a0!<strong>\u00a0 <\/strong><strong>\u00a0<\/strong><\/span><\/p>\n\n<p class=\"p1\"><div class=\"su-youtube su-u-responsive-media-yes\"><iframe loading=\"lazy\" width=\"600\" height=\"400\" src=\"https:\/\/www.youtube.com\/embed\/iiBnmPwxa68?\" frameborder=\"0\" allowfullscreen allow=\"autoplay; encrypted-media; picture-in-picture\" title=\"\"><\/iframe><\/div>\n<h2>Quelle est la particularit\u00e9 d\u2019une salle de r\u00e9union\u00a0?<\/h2>\n<p><img loading=\"lazy\" decoding=\"async\" class=\"size-full wp-image-1846 aligncenter\" src=\"https:\/\/le-lodge.fr\/conseil\/wp-content\/uploads\/2022\/04\/salle-1.jpg\" alt=\"salle de r\u00e9union moderne\" width=\"800\" height=\"534\" srcset=\"https:\/\/le-lodge.fr\/conseil\/wp-content\/uploads\/2022\/04\/salle-1.jpg 800w, https:\/\/le-lodge.fr\/conseil\/wp-content\/uploads\/2022\/04\/salle-1-768x513.jpg 768w, https:\/\/le-lodge.fr\/conseil\/wp-content\/uploads\/2022\/04\/salle-1-736x491.jpg 736w\" sizes=\"(max-width: 800px) 100vw, 800px\" \/><\/p>\n<p>Une salle de r\u00e9union est un espace permettant aux entreprises et aux salari\u00e9s de se rassembler, celle-ci peut se retrouver dans l\u2019enceinte d\u2019une soci\u00e9t\u00e9 ou au sein d\u2019un b\u00e2timent d\u00e9di\u00e9 (h\u00f4tel, centre d\u2019affaires etc.). Cet espace peut accueillir un certain nombre de personnes cependant, il n\u2019est pas \u00e0 confondre avec une salle de conf\u00e9rence ou une salle de s\u00e9minaire qui peuvent recevoir des \u00e9v\u00e9nements d\u2019une plus grande envergure.\u00a0<strong>\u00a0<\/strong><\/p>\n<p style=\"text-align: center; font-size: 18pt;\"><b>Vous \u00eates \u00e0 la recherche d\u2019un lieu o\u00f9 il fait bon vivre pour travailler ?<\/b><br>\n<b>Contactez le Lodge pour d\u00e9marrer l\u2019aventure !<\/b><\/p>\n<p style=\"text-align: center;\">Location de salles de r\u00e9union et bureaux avec ou sans domiciliation et espaces de r\u00e9ception.<\/p>\n<p style=\"text-align: center;\"><div class=\"su-button-center\"><span data-atc=\"aHR0cHM6Ly9sZS1sb2RnZS5mci9jb250YWN0ZXotbm91cy8=\" class=\"su-button su-button-style-flat atc pop\" style=\" cursor: pointer; color:#FFFFFF;background-color:#FF503D;border-color:;0px;\" target=\"_blank\" rel=\"noopener noreferrer\">\r\n\t\r\n\t\r\n\t<span style=\";padding:8px 26px;font-size:20px;line-height:30px;border-color:;border-radius:0px;-moz-border-radius:0px;-webkit-border-radius:0px;text-shadow:none;-moz-text-shadow:none;-webkit-text-shadow:none;background-color: #FF503D; color:#FFFFFF !important\"> <i class=\"sui sui-pencil-square-o\" style=\"\" aria-label=\"\"><\/i>Envoyer ma demande <\/span>\r\n\r\n<\/span><\/div>\n<h2>Salle de r\u00e9union\u00a0: quelle est la capacit\u00e9 maximale de participants\u00a0?<\/h2>\n<p><strong>Il n\u2019existe pas de taille sp\u00e9cifique<\/strong> ou de limite, cela va d\u00e9pendre de <strong>deux crit\u00e8res<\/strong> essentiels \u00e0 respecter\u00a0:<br>\n<div class=\"su-list\" style=\"margin-left:10px\">\n<ul>\n<li><i class=\"sui sui-minus\" style=\"color:#FF503D\"><\/i> Le <strong>nombre de participants<\/strong><\/li>\n<li><i class=\"sui sui-minus\" style=\"color:#FF503D\"><\/i> La <strong>disposition du mat\u00e9riel<\/strong> (chaises, tables) dans la salle.<br>\n<\/div><\/li>\n<\/ul>\n<p>Il est important que les participants puissent se d\u00e9placer et circuler dans la salle sans difficult\u00e9. L\u2019<strong>espace personnel <\/strong>de chacun doit \u00e9galement \u00eatre respect\u00e9 pour travailler et \u00e9changer dans de bonnes conditions. Mais quelles sont les pr\u00e9conisations \u00e0 conna\u00eetre pour choisir le bon espace\u00a0? Combien de m2 par personne faut-il dans une salle\u00a0?<\/p>\n<p>La moyenne est de <strong>3m2 par personne<\/strong> pour une salle de r\u00e9union. Cependant, cette information est tr\u00e8s <strong>variable selon la disposition des chaises et des tables<\/strong>. Voici quelques informations suppl\u00e9mentaires pour vous aiguiller\u00a0:<br>\n<div class=\"su-list\" style=\"margin-left:10px\">\n<ul>\n<li><i class=\"sui sui-minus\" style=\"color:#FF503D\"><\/i> Salle de r\u00e9union pour <strong>2 \u00e0 4 personnes <\/strong>: Minimum <strong>10m2<\/strong><\/li>\n<li><i class=\"sui sui-minus\" style=\"color:#FF503D\"><\/i> Salle de r\u00e9union pour <strong>4 \u00e0 8 personnes <\/strong>: Minimum <strong>15m2<\/strong><\/li>\n<li><i class=\"sui sui-minus\" style=\"color:#FF503D\"><\/i> Salle de r\u00e9union pour <strong>15 personnes <\/strong>: Minimum <strong>20m2<br>\n<\/strong><\/div><strong><br>\n<\/strong><\/li>\n<\/ul>\n<p>Vous souhaitez r\u00e9aliser une formation pour 20 personnes\u00a0? L\u2019id\u00e9al serait de louer une salle de r\u00e9union d\u2019environ 60m2. Toutefois, celle-ci peut \u00eatre plus petite selon l\u2019agencement de l\u2019espace.<\/p>\n<p>En effet, selon la <strong>disposition des tables<\/strong>, la <strong>capacit\u00e9 sera diff\u00e9rente<\/strong>. Il est possible de louer une salle de r\u00e9union au <strong>format salle de classe<\/strong>, <strong>th\u00e9\u00e2tre<\/strong>, <strong>conf\u00e9rence<\/strong>, <strong>carr\u00e9 vide <\/strong>ou <strong>en U<\/strong>. \u00c0 vous de d\u00e9terminer l\u2019agencement qui correspond \u00e0 votre \u00e9v\u00e9nement et \u00e0 vos besoins en termes d\u2019interaction pour que votre rendez-vous se d\u00e9roule sans accroche.<\/p>\n<div class=\"su-box su-box-style-default su_custom_zone\" id=\"\" style=\"border-color:#cc1d0a;border-radius:3px\"><div class=\"su-box-title\" style=\"background-color:#FF503D;color:#FFFFFF;border-top-left-radius:1px;border-top-right-radius:1px\">Une information importante<\/div><div class=\"su-box-content su-u-clearfix su-u-trim\" style=\"border-bottom-left-radius:1px;border-bottom-right-radius:1px\">Qu\u2019importe la salle que vous choisissez, il est essentiel que celle-ci soit <strong>adapt\u00e9e pour accueillir tous vos invit\u00e9s<\/strong> tout en respectant l\u2019espace personnel de chacun. Ne n\u00e9gligez surtout pas le <strong>bien-\u00eatre des participants<\/strong>, ils doivent se sentir bien dans cet espace pour que cette r\u00e9union soit efficiente.<\/div><\/div>\n<p>Vous souhaitez louer une salle de r\u00e9union mais d\u00e9sirez conna\u00eetre le nombre maximum de personnes qu\u2019elle peut accueillir\u00a0? N\u2019h\u00e9sitez pas \u00e0 vous renseigner directement aupr\u00e8s du professionnel qui loue cet espace pour obtenir toutes les informations.<\/p>\n<h2>Pourquoi est-il important de choisir une superficie adapt\u00e9e\u00a0?<\/h2>\n<p><img loading=\"lazy\" decoding=\"async\" class=\"size-full wp-image-1847 aligncenter\" src=\"https:\/\/le-lodge.fr\/conseil\/wp-content\/uploads\/2022\/04\/grande_salle.jpg\" alt=\"Salle de r\u00e9union cosy et design\" width=\"800\" height=\"533\" srcset=\"https:\/\/le-lodge.fr\/conseil\/wp-content\/uploads\/2022\/04\/grande_salle.jpg 800w, https:\/\/le-lodge.fr\/conseil\/wp-content\/uploads\/2022\/04\/grande_salle-768x512.jpg 768w, https:\/\/le-lodge.fr\/conseil\/wp-content\/uploads\/2022\/04\/grande_salle-736x491.jpg 736w\" sizes=\"(max-width: 800px) 100vw, 800px\" \/><\/p>\n<p>Maintenant que vous en savez davantage sur les salles de r\u00e9union (nombre de participants, superficie, agencement) pourquoi est-il primordial de s\u2019int\u00e9resser \u00e0 ses param\u00e8tres avant de louer un espace\u00a0?<\/p>\n<p>Avant de r\u00e9server un lieu, il est fortement recommand\u00e9 de <strong>conna\u00eetre la superficie exacte de la salle<\/strong>. Pourquoi\u00a0? Celle-ci doit \u00eatre <strong>adapt\u00e9e \u00e0 votre \u00e9v\u00e9nement <\/strong>et surtout au nombre de participants que vous allez recevoir. La salle ne peut \u00eatre <strong>ni trop grande ni trop petite<\/strong> au risque d\u2019impacter votre entretien professionnel.<\/p>\n<p>En effet, si la salle est <strong>trop petite<\/strong> cela aura un impact direct sur les personnes pr\u00e9sentes. Elles pourront <strong>se sentir oppress\u00e9es<\/strong>, <strong>\u00e0 l\u2019\u00e9troit<\/strong> et <strong>\u00eatre incapable de se concentrer<\/strong>. Pourtant l\u2019objectif est que chacun puisse passer un bon moment au sein d\u2019un espace qui sort de son cadre habituel. De plus, si la salle est<strong> trop grande<\/strong>, les \u00e9changes pourront s\u2019av\u00e9rer plus difficiles. Il est possible que votre <strong>audience <\/strong>soit <strong>\u00e9parpill\u00e9e<\/strong> \u00e0 diverses extr\u00e9mit\u00e9s de l\u2019espace et que cela influe sur votre r\u00e9union. Ainsi, il est imp\u00e9ratif de <strong>choisir un lieu qui correspond \u00e0 vos besoins<\/strong> et pour cela, vous ne devrez n\u00e9gliger aucun param\u00e8tre.<\/p>\n<h2>Les r\u00e9percussions du Covid dans le monde du travail<\/h2>\n<p>Cette pand\u00e9mie mondiale a fortement <strong>impact\u00e9 nos m\u00e9tiers<\/strong> mais surtout <strong>nos fa\u00e7ons de travailler<\/strong>. Respecter des distances de s\u00e9curit\u00e9, obligation d\u2019\u00eatre seul dans un bureau, mise en place du t\u00e9l\u00e9travail etc. Du jour au lendemain, <strong>nos habitudes ont \u00e9t\u00e9 boulevers\u00e9es<\/strong> et les entreprises ont d\u00fb mettre en place des solutions pour permettre \u00e0 chaque employ\u00e9 de <strong>travailler dans de bonnes conditions<\/strong> en respectant les mesures mises en place. Les<strong> bureaux<\/strong>, <strong>salles de r\u00e9union<\/strong> et espaces de <strong>coworking <\/strong>ont d\u00fb \u00eatre <strong>repens\u00e9s<\/strong> pour continuer d\u2019\u00eatre utilis\u00e9s.<\/p>\n<h2>Les salles de r\u00e9union du centre d\u2019affaires le Lodge <strong>\u00a0<\/strong><\/h2>\n<p><img loading=\"lazy\" decoding=\"async\" class=\"size-full wp-image-1848 aligncenter\" src=\"https:\/\/le-lodge.fr\/conseil\/wp-content\/uploads\/2022\/04\/lodge-1.jpg\" alt=\"Salle d\u00e9tente du centre d'affaires le Lodge \u00e0 Strasbourg\" width=\"800\" height=\"209\" srcset=\"https:\/\/le-lodge.fr\/conseil\/wp-content\/uploads\/2022\/04\/lodge-1.jpg 800w, https:\/\/le-lodge.fr\/conseil\/wp-content\/uploads\/2022\/04\/lodge-1-768x201.jpg 768w\" sizes=\"(max-width: 800px) 100vw, 800px\" \/><\/p>\n<p>Vous \u00eates \u00e0 la recherche d\u2019une <strong>salle de r\u00e9union<\/strong> pouvant accueillir toute votre \u00e9quipe\u00a0? D\u00e9couvrez <strong>le Lodge<\/strong>, un <strong>espace de 600m2<\/strong> proposant des bureaux et salles de r\u00e9union enti\u00e8rement \u00e9quip\u00e9s. Nos salles peuvent accueillir de <strong>2 \u00e0 25 personnes<\/strong>. Nous disposons d\u2019espaces de tailles variables ainsi que de <strong>divers am\u00e9nagements<\/strong> (carr\u00e9, en U, en rectangle ou en rang) qui s\u2019adapteront parfaitement \u00e0 vos besoins.<\/p>\n<p>Vous d\u00e9sirez plus d\u2019informations concernant notre centre d\u2019affaires\u00a0? <strong>N\u2019h\u00e9sitez pas \u00e0 nous contacter<\/strong> pour que nous puissions r\u00e9pondre au mieux \u00e0 votre demande.<strong>\u00a0<\/strong><\/p>\n<h2><span style=\"color: #FF503D;\">L\u2019essentiel \u00e0 retenir <\/span><\/h2>\n<div class=\"su-list\" style=\"margin-left:10px\">\n<ol>\n<li><i class=\"sui sui-star\" style=\"color:#FF503D\"><\/i> Nous esp\u00e9rons que notre article a pu vous aider \u00e0 savoir s\u2019il existe une <strong>limite<\/strong> <strong>de personnes pour louer une salle de r\u00e9union. <\/strong><\/li>\n<li><i class=\"sui sui-star\" style=\"color:#FF503D\"><\/i> Une <strong>salle de r\u00e9union<\/strong> se choisit en prenant en compte le <strong>nombre de participants<\/strong> et l\u2019<strong>agencement de la salle <\/strong>(disposition des tables). En effet, cet espace doit \u00eatre <strong>adapt\u00e9 pour accueillir chaque personne<\/strong> en respectant l\u2019espace personnel de chacun.<\/li>\n<li><i class=\"sui sui-star\" style=\"color:#FF503D\"><\/i> Ainsi, avant de partir \u00e0 la qu\u00eate de la salle parfaite, prenez le temps de <strong>d\u00e9finir vos besoins<\/strong> (type d\u2019\u00e9v\u00e9nement, nombre de participants, type d\u2019agencement).<\/li>\n<li><i class=\"sui sui-star\" style=\"color:#FF503D\"><\/i> Nous vous conseillons de <strong>choisir un lieu flexible<\/strong> qui pourra r\u00e9pondre parfaitement \u00e0 vos attentes.<\/li>\n<li><i class=\"sui sui-star\" style=\"color:#FF503D\"><\/i> Vous devrez garder \u00e0 l\u2019esprit que <strong>le bien-\u00eatre des participants est au c\u0153ur de votre \u00e9v\u00e9nemen<\/strong>t. S\u2019ils ne se sentent pas bien, vous n\u2019aurez pas r\u00e9ussi votre mission.<\/li>\n<li><i class=\"sui sui-star\" style=\"color:#FF503D\"><\/i> Une question\u00a0? <strong>N\u2019h\u00e9sitez pas \u00e0 nous contacter<\/strong>, nous serons ravis de vous apporter plus d\u2019informations.<\/li>\n<\/ol>\n<\/div>\n<\/p><p>\u00a0<\/p>\n<div class=\"su-spacer\" style=\"height:100px\"><\/div><br>\n<div class=\"su-heading su-heading-style-line-blue su-heading-align-center\" id=\"\" style=\"font-size:16px;margin-bottom:0px\"><div class=\"su-heading-inner\">\n<h5><span class=\"su-highlight\" style=\"background:#FF503D;color:#ffffff\">&nbsp;<span style=\"font-weight: 400;\">Ces articles devraient aussi vous int\u00e9resser<\/span>&nbsp;<\/span><\/h5>\n<\/div><\/div><br>\n<div class=\"su-spacer\" style=\"height:50px\"><\/div><br>\n\n\n\n","protected":false},"excerpt":{"rendered":"<p>Vous \u00eates \u00e0 la recherche d\u2019un lieu qui peut accueillir vos salari\u00e9s\u00a0? Vous souhaitez organiser un rendez-vous professionnel et avez besoin d\u2019un espace adapt\u00e9\u00a0? Nous avons la solution pour vous\u00a0: la location de salles de r\u00e9union, les lieux offrant de nombreux avantages. Vous \u00eates int\u00e9ress\u00e9\u00a0? Le Lodge vous pr\u00e9sente tout ce qu\u2019il faut savoir concernant [&hellip;]<\/p>\n","protected":false},"author":3,"featured_media":1845,"parent":3175,"menu_order":0,"comment_status":"closed","ping_status":"closed","template":"","meta":{"_seopress_robots_primary_cat":"","_seopress_titles_title":"Jusqu\u2019\u00e0 combien de personnes peut-on louer une salle de r\u00e9union ?","_seopress_titles_desc":"Vous vous interrogez sur le nombre de personnes que peut accueillir une salle de r\u00e9union ? D\u00e9couvrez tout ce qu&#039;il faut conna\u00eetre dans notre article. ","_seopress_robots_index":"","footnotes":""},"_links":{"self":[{"href":"https:\/\/le-lodge.fr\/conseil\/wp-json\/wp\/v2\/pages\/1794"}],"collection":[{"href":"https:\/\/le-lodge.fr\/conseil\/wp-json\/wp\/v2\/pages"}],"about":[{"href":"https:\/\/le-lodge.fr\/conseil\/wp-json\/wp\/v2\/types\/page"}],"author":[{"embeddable":true,"href":"https:\/\/le-lodge.fr\/conseil\/wp-json\/wp\/v2\/users\/3"}],"replies":[{"embeddable":true,"href":"https:\/\/le-lodge.fr\/conseil\/wp-json\/wp\/v2\/comments?post=1794"}],"version-history":[{"count":8,"href":"https:\/\/le-lodge.fr\/conseil\/wp-json\/wp\/v2\/pages\/1794\/revisions"}],"predecessor-version":[{"id":3179,"href":"https:\/\/le-lodge.fr\/conseil\/wp-json\/wp\/v2\/pages\/1794\/revisions\/3179"}],"up":[{"embeddable":true,"href":"https:\/\/le-lodge.fr\/conseil\/wp-json\/wp\/v2\/pages\/3175"}],"wp:featuredmedia":[{"embeddable":true,"href":"https:\/\/le-lodge.fr\/conseil\/wp-json\/wp\/v2\/media\/1845"}],"wp:attachment":[{"href":"https:\/\/le-lodge.fr\/conseil\/wp-json\/wp\/v2\/media?parent=1794"}],"curies":[{"name":"wp","href":"https:\/\/api.w.org\/{rel}","templated":true}]}}