{"id":16,"date":"2020-11-28T18:03:36","date_gmt":"2020-11-28T17:03:36","guid":{"rendered":"https:\/\/le-lodge.fr\/conseil\/?page_id=16"},"modified":"2024-03-17T16:09:51","modified_gmt":"2024-03-17T15:09:51","slug":"accueil","status":"publish","type":"page","link":"https:\/\/le-lodge.fr\/conseil\/","title":{"rendered":"Tous les Guides et Conseils d&rsquo;entreprise avec Le Lodge"},"content":{"rendered":"<p><span style=\"font-size: 18pt;\">Vous trouverez dans ce guide tous nos conseils et astuces concernant de nombreux sujets autour de la cr\u00e9ation d\u2019entreprise, du bien-\u00eatre au travail, et bien d\u2019autres sujets. L\u2019objectif est de vous aider \u00e0 faire les meilleurs choix dans le cadre de votre cr\u00e9ation d\u2019entreprise et dans l\u2019installation de vos bureaux. Le <a href=\"https:\/\/le-lodge.fr\">centre d\u2019affaire Le Lodge<\/a> aussi sur les d\u00e9marches administratives de votre soci\u00e9t\u00e9 ainsi que sur les bonnes pratiques \u00e0 adopter pour son bon d\u00e9veloppement.<br>\n<\/span><\/p>\n<div class=\"su-row\"><div class=\"su-column su-column-size-1-2\"><div class=\"su-column-inner su-u-clearfix su-u-trim\"><br>\n<div class=\"sue-photo-panel\" data-url=\"\" data-target=\"blank\" style=\"background-color:#ffffff;color:#333333;border-radius:0px;-moz-border-radius:0px;-webkit-border-radius:0px;box-shadow:0 1px 2px #eeeeee;-moz-box-shadow:0 1px 2px #eeeeee;-webkit-box-shadow:0 1px 2px #eeeeee;border:1px solid #cccccc\"><div class=\"sue-photo-panel-head\"><img decoding=\"async\" src=\"https:\/\/le-lodge.fr\/conseil\/wp-content\/uploads\/2022\/01\/Sans-titre-18.jpg\" alt=\"Open Space avec personnes qui travaillent\" style=\"-webkit-border-top-left-radius:0px;-webkit-border-top-right-radius:0px;-moz-border-radius-topleft:0px;-moz-border-radius-topright:0px;border-top-left-radius:0px;border-top-right-radius:0px;\" \/><\/div><div class=\"sue-photo-panel-content sue-content-wrap\" style=\"text-align:left\">\n<h4 class=\"et_pb_module_header\" style=\"text-align: center;\"><a href=\"https:\/\/le-lodge.fr\/conseil\/open-space\/\"><span style=\"color: #ff503d;\">Open-space<\/span><\/a><\/h4>\n<p style=\"text-align: center;\">Nos conseils sur les open-space et sur l&rsquo;am\u00e9nagement de bureaux.<\/p>\n<p style=\"text-align: left;\"><\/div><\/div><\/div><\/div>\n<div class=\"su-column su-column-size-1-2\"><div class=\"su-column-inner su-u-clearfix su-u-trim\"><br>\n<div class=\"sue-photo-panel\" data-url=\"\" data-target=\"blank\" style=\"background-color:#ffffff;color:#333333;border-radius:0px;-moz-border-radius:0px;-webkit-border-radius:0px;box-shadow:0 1px 2px #eeeeee;-moz-box-shadow:0 1px 2px #eeeeee;-webkit-box-shadow:0 1px 2px #eeeeee;border:1px solid #cccccc\"><div class=\"sue-photo-panel-head\"><img decoding=\"async\" src=\"https:\/\/le-lodge.fr\/conseil\/wp-content\/uploads\/2022\/01\/Sans-titre-17.jpg\" alt=\"bureau moderne avec personnes qui discutent\" style=\"-webkit-border-top-left-radius:0px;-webkit-border-top-right-radius:0px;-moz-border-radius-topleft:0px;-moz-border-radius-topright:0px;border-top-left-radius:0px;border-top-right-radius:0px;\" \/><\/div><div class=\"sue-photo-panel-content sue-content-wrap\" style=\"text-align:left\">\n<h4 class=\"et_pb_module_header\" style=\"text-align: center;\"><a href=\"https:\/\/le-lodge.fr\/conseil\/domiciliation-entreprise\/\"><span style=\"color: #ff503d;\">Domiciliation d&rsquo;entreprise<\/span><\/a><\/h4>\n<p style=\"text-align: center;\">Le guide complet pour tout comprendre sur la domiciliation d&rsquo;entreprise.<\/p>\n<\/div><\/div><\/div><\/div><\/div>\n<div class=\"su-row\"><div class=\"su-column su-column-size-1-2\"><div class=\"su-column-inner su-u-clearfix su-u-trim\"><br>\n<div class=\"sue-photo-panel\" data-url=\"\" data-target=\"blank\" style=\"background-color:#ffffff;color:#333333;border-radius:0px;-moz-border-radius:0px;-webkit-border-radius:0px;box-shadow:0 1px 2px #eeeeee;-moz-box-shadow:0 1px 2px #eeeeee;-webkit-box-shadow:0 1px 2px #eeeeee;border:1px solid #cccccc\"><div class=\"sue-photo-panel-head\"><img decoding=\"async\" src=\"https:\/\/le-lodge.fr\/conseil\/wp-content\/uploads\/2022\/03\/Sans-titre-19.jpg\" alt=\"salles de conf\u00e9rences avec personnes qui discutent\" style=\"-webkit-border-top-left-radius:0px;-webkit-border-top-right-radius:0px;-moz-border-radius-topleft:0px;-moz-border-radius-topright:0px;border-top-left-radius:0px;border-top-right-radius:0px;\" \/><\/div><div class=\"sue-photo-panel-content sue-content-wrap\" style=\"text-align:left\">\n<h4 class=\"et_pb_module_header\" style=\"text-align: center;\"><a href=\"https:\/\/le-lodge.fr\/conseil\/salle-conference\/\"><span style=\"color: #ff503d;\">Salles de conf\u00e9rences<\/span><\/a><\/h4>\n<p style=\"text-align: center;\">Nos conseils pour trouver une salle de conf\u00e9rences adapt\u00e9es \u00e0 vos besoins.<\/p>\n<\/div><\/div><\/div><\/div>\n<div class=\"su-column su-column-size-1-2\"><div class=\"su-column-inner su-u-clearfix su-u-trim\"><br>\n<div class=\"sue-photo-panel\" data-url=\"\" data-target=\"blank\" style=\"background-color:#ffffff;color:#333333;border-radius:0px;-moz-border-radius:0px;-webkit-border-radius:0px;box-shadow:0 1px 2px #eeeeee;-moz-box-shadow:0 1px 2px #eeeeee;-webkit-box-shadow:0 1px 2px #eeeeee;border:1px solid #cccccc\"><div class=\"sue-photo-panel-head\"><img decoding=\"async\" src=\"https:\/\/le-lodge.fr\/conseil\/wp-content\/uploads\/2021\/10\/Salle-de-re\u0301union-scaled.jpeg\" alt=\"salles de r\u00e9union avec chaises blanches et mur bleu\" style=\"-webkit-border-top-left-radius:0px;-webkit-border-top-right-radius:0px;-moz-border-radius-topleft:0px;-moz-border-radius-topright:0px;border-top-left-radius:0px;border-top-right-radius:0px;\" \/><\/div><div class=\"sue-photo-panel-content sue-content-wrap\" style=\"text-align:left\">\n<h4 class=\"et_pb_module_header\" style=\"text-align: center;\"><a href=\"https:\/\/le-lodge.fr\/conseil\/salle-reunion\/\"><span style=\"color: #ff503d;\">Salles de r\u00e9union<\/span><\/a><\/h4>\n<p style=\"text-align: center;\">Notre guide pour bien choisir et am\u00e9nager ses salles de r\u00e9union.<\/p>\n<\/div><\/div><\/div><\/div><\/div>\n<div class=\"su-row\"><div class=\"su-column su-column-size-1-2\"><div class=\"su-column-inner su-u-clearfix su-u-trim\"><br>\n<div class=\"sue-photo-panel\" data-url=\"\" data-target=\"blank\" style=\"background-color:#ffffff;color:#333333;border-radius:0px;-moz-border-radius:0px;-webkit-border-radius:0px;box-shadow:0 1px 2px #eeeeee;-moz-box-shadow:0 1px 2px #eeeeee;-webkit-box-shadow:0 1px 2px #eeeeee;border:1px solid #cccccc\"><div class=\"sue-photo-panel-head\"><img decoding=\"async\" src=\"https:\/\/le-lodge.fr\/conseil\/wp-content\/uploads\/2022\/01\/Sans-titre-16.jpg\" alt=\"conditions de travail employ\u00e9s\" style=\"-webkit-border-top-left-radius:0px;-webkit-border-top-right-radius:0px;-moz-border-radius-topleft:0px;-moz-border-radius-topright:0px;border-top-left-radius:0px;border-top-right-radius:0px;\" \/><\/div><div class=\"sue-photo-panel-content sue-content-wrap\" style=\"text-align:left\">\n<h4 class=\"et_pb_module_header\" style=\"text-align: center;\"><a href=\"https:\/\/le-lodge.fr\/conseil\/conditions-travail\/\"><span style=\"color: #ff503d;\">Conditions de travail<\/span><\/a><\/h4>\n<p style=\"text-align: center;\">Nos conseils pour conna\u00eetre et comprendre les subtilit\u00e9s li\u00e9es aux conditions de travail.<\/p>\n<\/div><\/div><\/div><\/div>\n<div class=\"su-column su-column-size-1-2\"><div class=\"su-column-inner su-u-clearfix su-u-trim\"><br>\n<div class=\"sue-photo-panel\" data-url=\"\" data-target=\"blank\" style=\"background-color:#ffffff;color:#333333;border-radius:0px;-moz-border-radius:0px;-webkit-border-radius:0px;box-shadow:0 1px 2px #eeeeee;-moz-box-shadow:0 1px 2px #eeeeee;-webkit-box-shadow:0 1px 2px #eeeeee;border:1px solid #cccccc\"><div class=\"sue-photo-panel-head\"><img decoding=\"async\" src=\"https:\/\/le-lodge.fr\/conseil\/wp-content\/uploads\/2022\/03\/entreprise-800x533.jpeg\" alt=\"salles de conf\u00e9rences avec personnes qui discutent\" style=\"-webkit-border-top-left-radius:0px;-webkit-border-top-right-radius:0px;-moz-border-radius-topleft:0px;-moz-border-radius-topright:0px;border-top-left-radius:0px;border-top-right-radius:0px;\" \/><\/div><div class=\"sue-photo-panel-content sue-content-wrap\" style=\"text-align:left\">\n<h4 class=\"et_pb_module_header\" style=\"text-align: center;\"><a href=\"https:\/\/le-lodge.fr\/conseil\/creer-entreprise\/\"><span style=\"color: #ff503d;\">Cr\u00e9er son entreprise<\/span><\/a><\/h4>\n<p style=\"text-align: center;\">Nos conseils et astuces pour cr\u00e9er votre soci\u00e9t\u00e9.<\/p>\n<\/div><\/div><br>\n<\/div><\/div><\/div>\n<\/p>\n\n","protected":false},"excerpt":{"rendered":"<p>Vous trouverez dans ce guide tous nos conseils et astuces concernant de nombreux sujets autour de la cr\u00e9ation d\u2019entreprise, du bien-\u00eatre au travail, et bien d\u2019autres sujets. L\u2019objectif est de vous aider \u00e0 faire les meilleurs choix dans le cadre de votre cr\u00e9ation d\u2019entreprise et dans l\u2019installation de vos bureaux. Le centre d\u2019affaire Le Lodge [&hellip;]<\/p>\n","protected":false},"author":1,"featured_media":0,"parent":0,"menu_order":2,"comment_status":"closed","ping_status":"closed","template":"","meta":{"_seopress_robots_primary_cat":"","_seopress_titles_title":"Tous les Guides et Conseils d&#039;entreprise avec Le Lodge","_seopress_titles_desc":"%%post_excerpt%%","_seopress_robots_index":"","footnotes":""},"_links":{"self":[{"href":"https:\/\/le-lodge.fr\/conseil\/wp-json\/wp\/v2\/pages\/16"}],"collection":[{"href":"https:\/\/le-lodge.fr\/conseil\/wp-json\/wp\/v2\/pages"}],"about":[{"href":"https:\/\/le-lodge.fr\/conseil\/wp-json\/wp\/v2\/types\/page"}],"author":[{"embeddable":true,"href":"https:\/\/le-lodge.fr\/conseil\/wp-json\/wp\/v2\/users\/1"}],"replies":[{"embeddable":true,"href":"https:\/\/le-lodge.fr\/conseil\/wp-json\/wp\/v2\/comments?post=16"}],"version-history":[{"count":56,"href":"https:\/\/le-lodge.fr\/conseil\/wp-json\/wp\/v2\/pages\/16\/revisions"}],"predecessor-version":[{"id":3482,"href":"https:\/\/le-lodge.fr\/conseil\/wp-json\/wp\/v2\/pages\/16\/revisions\/3482"}],"wp:attachment":[{"href":"https:\/\/le-lodge.fr\/conseil\/wp-json\/wp\/v2\/media?parent=16"}],"curies":[{"name":"wp","href":"https:\/\/api.w.org\/{rel}","templated":true}]}}