{"id":1452,"date":"2022-02-01T11:38:06","date_gmt":"2022-02-01T10:38:06","guid":{"rendered":"https:\/\/le-lodge.fr\/conseil\/?page_id=1452"},"modified":"2024-07-17T08:18:15","modified_gmt":"2024-07-17T06:18:15","slug":"negatifs","status":"publish","type":"page","link":"https:\/\/le-lodge.fr\/conseil\/conditions-travail\/effets\/negatifs\/","title":{"rendered":"Sant\u00e9 et conditions au travail : quels impacts ? Comment les alerter ?"},"content":{"rendered":"<p><span style=\"font-size: 18pt;\">Les <strong>entreprises<\/strong> fran\u00e7aises ont pour obligation de <strong>fournir<\/strong> \u00e0 leurs employ\u00e9s de <strong>bonnes conditions de travail<\/strong> mais quand est-il r\u00e9ellement ? Vous avez sans doute d\u00e9j\u00e0 vu ou entendu parler de ces termes dans <strong>le monde professionnel<\/strong>\u00a0: <strong>bien-\u00eatre<\/strong>, <strong>conditions de travail<\/strong> adapt\u00e9es, <strong>pr\u00e9vention des risques<\/strong> <strong>psychosociaux<\/strong>, <strong>sant\u00e9 et s\u00e9curit\u00e9 au travail<\/strong>, <strong>qualit\u00e9 de vie au travail<\/strong>, <strong>\u00e9panouissement professionnel<\/strong>, mais sont-ils respect\u00e9s\u00a0? Rien n\u2019est moins s\u00fbr\u00a0! Actuellement, nous constatons que les <strong>mauvaises conditions de travail<\/strong> prennent de l\u2019ampleur et s\u2019inscrivent comme un <strong>v\u00e9ritable fl\u00e9au<\/strong> qui peut amener \u00e0 cr\u00e9er des <strong>situations irr\u00e9versibles<\/strong>. Comment en sommes-nous arriv\u00e9s l\u00e0\u00a0? Quels sont les <strong>facteurs de risques<\/strong>\u00a0? Nous allons \u00e9tudier ensemble <strong>quelles sont les mauvaises conditions de travail<\/strong> qui planent sur notre soci\u00e9t\u00e9 actuelle et qui <strong>impactent n\u00e9gativement<\/strong> la vie de <strong>nombreux salari\u00e9s<\/strong>.<br>\nCe sujet vous int\u00e9resse et vous d\u00e9sirez en apprendre davantage sur le <strong>bien-\u00eatre<\/strong> et le <strong>mal-\u00eatre en entreprise<\/strong>\u00a0? Nous avons r\u00e9alis\u00e9 un article d\u00e9di\u00e9 aux <a href=\"https:\/\/le-lodge.fr\/conseil\/conditions-travail\/effets\/\">diff\u00e9rents effets des conditions de travail sur les salari\u00e9s<\/a>. Vous souhaitez savoir lesquels existent et dominent le secteur professionnel ? Notre guide vous apportera nous l\u2019esp\u00e9rons toutes les r\u00e9ponses \u00e0 vos questions.<br>\n<\/span><\/p>\n\n<div class=\"su-youtube su-u-responsive-media-yes\"><iframe loading=\"lazy\" width=\"600\" height=\"400\" src=\"https:\/\/www.youtube.com\/embed\/6ewGUZmpoCk?\" frameborder=\"0\" allowfullscreen allow=\"autoplay; encrypted-media; picture-in-picture\" title=\"\"><\/iframe><\/div>\n<h2>Les mauvaises conditions de travail actuelles<\/h2>\n<p><img loading=\"lazy\" decoding=\"async\" class=\"size-full wp-image-1459 aligncenter\" src=\"https:\/\/le-lodge.fr\/conseil\/wp-content\/uploads\/2022\/01\/stress-1.jpg\" alt=\"Employ\u00e9 subissant le stress de son travail\" width=\"800\" height=\"351\" srcset=\"https:\/\/le-lodge.fr\/conseil\/wp-content\/uploads\/2022\/01\/stress-1.jpg 800w, https:\/\/le-lodge.fr\/conseil\/wp-content\/uploads\/2022\/01\/stress-1-768x337.jpg 768w\" sizes=\"(max-width: 800px) 100vw, 800px\" \/><\/p>\n<p>Il existe malheureusement de <strong>nombreuses situations professionnelles<\/strong> qui <strong>emp\u00eachent <\/strong>certains individus de <strong>travailler dans de bonnes conditions<\/strong> comme\u00a0: <strong>la pression des r\u00e9sultats<\/strong>, une <strong>charge de travail excessive<\/strong>, le <strong>harc\u00e8lement moral<\/strong>, le manque de s\u00e9curit\u00e9 au sein d\u2019un poste de travail, l\u2019<strong>in\u00e9galit\u00e9 hommes\/femmes <\/strong>etc. Aujourd\u2019hui, il est primordial pour toutes les entreprises de <strong>lutter contre ses mauvaises conditions <\/strong>et pratiques de travail qui nuisent \u00e0 la vie de beaucoup de salari\u00e9s. Les <strong>chefs d\u2019entreprise<\/strong> ont pour <strong>obligation <\/strong>de donner acc\u00e8s \u00e0 une <strong>qualit\u00e9 de vie au travail d\u00e9cente<\/strong> pour que leurs <strong>employ\u00e9s<\/strong> puissent exercer leur fonction en toute <strong>s\u00e9curit\u00e9<\/strong> sans que cela mette en danger leur sant\u00e9 physique et mentale alors pourquoi cela perdure-t-il encore de nos jours\u00a0?<\/p>\n<p>Vous souhaitez savoir <a href=\"https:\/\/le-lodge.fr\/conseil\/conditions-travail\/effets\/negatifs\/solutions\/\">ce qu\u2019il est possible de faire en cas de mauvaises conditions de travail<\/a> ? Lisez notre guide pour conna\u00eetre les solutions existantes et ainsi agir.<\/p>\n<p style=\"text-align: center; font-size: 18pt;\"><b>Travailler dans un espace o\u00f9 toutes les bonnes conditions sont pr\u00e9sentes, c\u2019est possible !\u00a0 Contactez le Lodge, votre centre d\u2019affaires \u00e0 Strasbourg o\u00f9 il fait bon vivre !<\/b><\/p>\n<p style=\"text-align: center;\">Location de salles de r\u00e9union et bureaux avec ou sans domiciliation et espaces de r\u00e9ception.<\/p>\n<p style=\"text-align: center;\"><div class=\"su-button-center\"><span data-atc=\"aHR0cHM6Ly9sZS1sb2RnZS5mci9jb250YWN0ZXotbm91cy8=\" class=\"su-button su-button-style-flat atc pop\" style=\" cursor: pointer; color:#FFFFFF;background-color:#FF503D;border-color:;0px;\" target=\"_blank\" rel=\"noopener noreferrer\">\r\n\t\r\n\t\r\n\t<span style=\";padding:8px 26px;font-size:20px;line-height:30px;border-color:;border-radius:0px;-moz-border-radius:0px;-webkit-border-radius:0px;text-shadow:none;-moz-text-shadow:none;-webkit-text-shadow:none;background-color: #FF503D; color:#FFFFFF !important\"> <i class=\"sui sui-pencil-square-o\" style=\"\" aria-label=\"\"><\/i>Envoyer ma demande <\/span>\r\n\r\n<\/span><\/div>\n<h2>Les risques psychosociaux au c\u0153ur des mauvaises conditions de travail<\/h2>\n<p>Cette cat\u00e9gorie englobe les <strong>risques li\u00e9s \u00e0 la s\u00e9curit\u00e9<\/strong> et <strong>\u00e0 la sant\u00e9 mentale et physique <\/strong>des employ\u00e9s. D\u00e9couvrez les <strong>mauvaises conditions de travail<\/strong> qui mettent en<strong> p\u00e9ril <\/strong>le <strong>bien-\u00eatre <\/strong>de certains <strong>salari\u00e9s<\/strong>.<\/p>\n<h3>Le harc\u00e8lement en milieu professionnel<\/h3>\n<p><img loading=\"lazy\" decoding=\"async\" class=\"size-full wp-image-1457 aligncenter\" src=\"https:\/\/le-lodge.fr\/conseil\/wp-content\/uploads\/2022\/01\/harcelement.jpg\" alt=\"Salari\u00e9e victime de harc\u00e8lement\" width=\"800\" height=\"533\" srcset=\"https:\/\/le-lodge.fr\/conseil\/wp-content\/uploads\/2022\/01\/harcelement.jpg 800w, https:\/\/le-lodge.fr\/conseil\/wp-content\/uploads\/2022\/01\/harcelement-768x512.jpg 768w, https:\/\/le-lodge.fr\/conseil\/wp-content\/uploads\/2022\/01\/harcelement-736x491.jpg 736w\" sizes=\"(max-width: 800px) 100vw, 800px\" \/><\/p>\n<p>Le <strong>harc\u00e8lement au travail<\/strong> a pris de l\u2019ampleur au fil des ann\u00e9es et incarne un r\u00e9el <strong>risque pour les employ\u00e9s et leur sant\u00e9<\/strong>. Il existe deux types de harc\u00e8lement en milieu professionnel\u00a0: le <strong>harc\u00e8lement moral<\/strong> et le <strong>harc\u00e8lement physique<\/strong>.<br>\n<div class=\"su-list\" style=\"margin-left:10px\">\n<ul>\n<li><i class=\"sui sui-minus\" style=\"color:#FF503D\"><\/i> Le <strong>harc\u00e8lement moral\u00a0<\/strong>: Lorsqu\u2019un individu subit des <strong>agissements et propos r\u00e9p\u00e9t\u00e9s<\/strong> (critiques, mise \u00e0 l\u2019\u00e9cart, humiliation, menaces etc.) qui <strong>impactent<\/strong> <strong>sa qualit\u00e9 de vie au travail<\/strong>.<\/li>\n<li><i class=\"sui sui-minus\" style=\"color:#FF503D\"><\/i> Le <strong>harc\u00e8lement physique <\/strong>: Lorsqu\u2019un individu fait face \u00e0 des <strong>comportements <\/strong>et des <strong>propos inappropri\u00e9s r\u00e9p\u00e9t\u00e9s<\/strong>.<\/li>\n<\/ul>\n<\/div><br>\nCes situations ont des <strong>cons\u00e9quences importantes<\/strong> qui peuvent<strong> nuire \u00e0 la sant\u00e9<\/strong> mentale et physique et \u00e0 l\u2019efficacit\u00e9 des salari\u00e9s. De plus, le harc\u00e8lement est consid\u00e9r\u00e9 comme un <strong>d\u00e9lit <\/strong>qui peut \u00eatre <strong>puni par la loi<\/strong> car il <strong>porte atteinte \u00e0 la dignit\u00e9<\/strong> de l\u2019employ\u00e9 et de ses droits. En tant que <strong>chef d\u2019entreprise<\/strong>, il est n\u00e9cessaire de <strong>pr\u00e9venir<\/strong> ce type de situation pour en <strong>limiter les risques <\/strong>et prot\u00e9ger les salari\u00e9s.<\/p>\n<p>Vous souhaitez en apprendre davantage \u00e0 ce sujet ? D\u00e9couvrez ce qu\u2019est le <a href=\"https:\/\/le-lodge.fr\/conseil\/conditions-travail\/effets\/negatifs\/harcelement-moral\/\">harc\u00e8lement moral en milieu professionnel<\/a> et les lois qui permettent de punir ce comportement.<\/p>\n<h3>La surcharge de travail<\/h3>\n<p>Les <strong>entreprises <\/strong>ont pour <strong>ambition <\/strong>de <strong>faire du chiffre<\/strong> et <strong>d\u2019augmenter leurs performances<\/strong> en laissant parfois de c\u00f4t\u00e9 le bien-\u00eatre de leurs employ\u00e9s. C\u2019est une v\u00e9ritable erreur qui ne permettra pas \u00e0 la soci\u00e9t\u00e9 d\u2019\u00eatre plus productive. Aujourd\u2019hui, il est n\u00e9cessaire de <strong>se consacrer aux conditions de travail<\/strong> des salari\u00e9s en France et de se rendre compte que certains sont d\u00e9pass\u00e9s et croulent sous des missions fastidieuses voire impossibles \u00e0 r\u00e9aliser. Nous faisons face \u00e0 de <strong>nombreux employ\u00e9s dot\u00e9s de surcharge<\/strong> <strong>de travail<\/strong>, qui ne savent plus o\u00f9 donner de la t\u00eate ni comment s\u2019en sortir. C\u2019est un <strong>probl\u00e8me de management<\/strong> qui <strong>impacte<\/strong> directement la <strong>sant\u00e9 mentale et physique<\/strong> du collaborateur. Celui-ci pourra faire face \u00e0 une <strong>usure professionnelle<\/strong> qui conduira probablement \u00e0 un <strong>burn-out<\/strong> s\u2019il n\u2019y a pas une prise en charge rapide et une identification du probl\u00e8me. En tant que <strong>chef d\u2019entreprise<\/strong> ou <strong>manager<\/strong>, il est primordial d\u2019\u00eatre \u00e0 l\u2019<strong>\u00e9coute de ses collaborateurs <\/strong>pour qu\u2019ils se sentent \u00e9panouis dans leur travail et qu\u2019ils puissent continuer de r\u00e9aliser leurs missions dans un temps convenable et r\u00e9alisable.<strong>\u00a0<\/strong><\/p>\n<p>\u00cates-vous inform\u00e9 sur la <a href=\"https:\/\/le-lodge.fr\/conseil\/conditions-travail\/effets\/negatifs\/penibilite\/\">p\u00e9nibilit\u00e9 au travail<\/a> ? Savez-vous ce que c\u2019est et ce qu\u2019il faut savoir \u00e0 son sujet ? Si ce n\u2019est pas le cas, consultez notre guide pour tout savoir et conna\u00eetre vos droits si vous \u00eates concern\u00e9 !<\/p>\n<h2>Les facteurs de risques qui en d\u00e9coulent<\/h2>\n<p><img loading=\"lazy\" decoding=\"async\" class=\"size-full wp-image-1458 aligncenter\" src=\"https:\/\/le-lodge.fr\/conseil\/wp-content\/uploads\/2022\/01\/mauvaise.jpg\" alt=\"Employ\u00e9e d\u00e9pass\u00e9e par ses missions\" width=\"800\" height=\"533\" srcset=\"https:\/\/le-lodge.fr\/conseil\/wp-content\/uploads\/2022\/01\/mauvaise.jpg 800w, https:\/\/le-lodge.fr\/conseil\/wp-content\/uploads\/2022\/01\/mauvaise-768x512.jpg 768w, https:\/\/le-lodge.fr\/conseil\/wp-content\/uploads\/2022\/01\/mauvaise-736x491.jpg 736w\" sizes=\"(max-width: 800px) 100vw, 800px\" \/><\/p>\n<p>Le <strong>burn-out<\/strong>, la <strong>d\u00e9pression<\/strong>, l\u2019<strong>absent\u00e9isme<\/strong>, le <strong>mal-\u00eatre au travail<\/strong> sont des situations qui r\u00e9sultent de <strong>conditions de travail critiques<\/strong>, qui n\u2019ont jamais connu de modifications. Malheureusement, l\u2019<strong>\u00e9tat du salari\u00e9 <\/strong>risque de se <strong>d\u00e9grader<\/strong> au fil du temps s\u2019il n\u2019y a pas de changement et cela provoquera des <strong>r\u00e9sultats irr\u00e9versibles<\/strong> qui n\u2019impacteront pas uniquement sa vie professionnelle. En effet, d\u00fb aux mauvaises conditions de travail, certains salari\u00e9s d\u00e9veloppent des <strong>troubles<\/strong> et des <strong>difficult\u00e9s dans leur vie quotidienne<\/strong>. Certains font face \u00e0 un <strong>stress permanent<\/strong> qu\u2019ils n\u2019arrivent plus \u00e0 g\u00e9rer quand d\u2019autres se battent contre une <strong>sant\u00e9 physique et mentale qui se d\u00e9t\u00e9riore<\/strong>. Les personnes se retrouvant dans une telle situation finissent par \u00eatre d\u00e9pass\u00e9es et ne savent plus comment g\u00e9rer leur <strong>souffrance<\/strong>. Il est n\u00e9cessaire pour les entreprises d\u2019<strong>agir<\/strong>, d\u2019<strong>\u00eatre \u00e0 l\u2019\u00e9coute <\/strong>de leurs collaborateurs et surtout de <strong>pr\u00e9venir ses risques<\/strong> en <strong>mettant en place des mesures <\/strong>n\u00e9cessaires qui <strong>assureront<\/strong> leur <strong>s\u00e9curit\u00e9 <\/strong>et leur <strong>bien-\u00eatre<\/strong> au travail.<\/p>\n<h2><span style=\"color: #ff503d;\">L\u2019essentiel \u00e0 retenir<\/span><\/h2>\n<div class=\"su-list\" style=\"margin-left:10px\">\n<ol>\n<li><i class=\"sui sui-star\" style=\"color:#FF503D\"><\/i> Nous esp\u00e9rons que notre article a pu vous aider \u00e0 <strong>conna\u00eetre et reconna\u00eetre les mauvaises conditions de travail<\/strong> auxquelles peuvent \u00eatre confront\u00e9s certains employ\u00e9s.<\/li>\n<li><i class=\"sui sui-star\" style=\"color:#FF503D\"><\/i> Retenez que les <strong>entreprises <\/strong>ont pour <strong>obligation d\u2019assurer la s\u00e9curit\u00e9<\/strong>, <strong>la sant\u00e9<\/strong> et des <strong>conditions de travail d\u00e9centes<\/strong> \u00e0 chaque employ\u00e9 au risque d\u2019\u00e9coper d\u2019une amende et de subir l\u2019<strong>intervention de l\u2019inspection du travail<\/strong>.<\/li>\n<li><i class=\"sui sui-star\" style=\"color:#FF503D\"><\/i> Nous conseillons aux employeurs de <strong>lutter contre les mauvaises conditions de travail<\/strong> en \u00e9tant \u00e0 l\u2019<strong>\u00e9coute<\/strong> des besoins de leurs salari\u00e9s et en <strong>pr\u00e9venant les risques<\/strong> auxquels ils peuvent \u00eatre soumis lorsqu\u2019ils exercent leur fonction (stress, harc\u00e8lement etc.).<\/li>\n<li><i class=\"sui sui-star\" style=\"color:#FF503D\"><\/i> N\u2019h\u00e9sitez pas \u00e0 <strong>mettre en place des mesures<\/strong> et des moyens pour <strong>am\u00e9liorer la qualit\u00e9 de l\u2019emploi<\/strong>, vous pourrez <strong>organiser des formations<\/strong>, des <strong>\u00e9v\u00e9nements ponctuels<\/strong>, <strong>instaurer une communication bienveillante<\/strong> etc.<\/li>\n<li><i class=\"sui sui-star\" style=\"color:#FF503D\"><\/i> N\u2019attendez plus pour changer les choses et transformer le <strong>quotidien professionnel <\/strong>de vos collaborateurs en un <strong>havre de bien-\u00eatre<\/strong>\u00a0!<\/li>\n<\/ol>\n<\/div>\n<\/p><div class=\"su-spacer\" style=\"height:100px\"><\/div><br>\n<div class=\"su-heading su-heading-style-line-blue su-heading-align-center\" id=\"\" style=\"font-size:16px;margin-bottom:0px\"><div class=\"su-heading-inner\">\n<h5><span class=\"su-highlight\" style=\"background:#FF503D;color:#ffffff\">&nbsp;<span style=\"font-weight: 400;\">Ces articles devraient aussi vous int\u00e9resser<\/span>&nbsp;<\/span><\/h5>\n<\/div><\/div><br>\n<div class=\"su-spacer\" style=\"height:50px\"><\/div><br>\n<ul class=\"cs-samelevel-posts\">\n\t\t\t<li><a href=\"https:\/\/le-lodge.fr\/conseil\/conditions-travail\/effets\/positifs\/\"> Conditions de travail : le guide pour travailler dans de bonnes dispositions<\/a><\/li>\n\t<\/ul>\n\n\n","protected":false},"excerpt":{"rendered":"<p>Les entreprises fran\u00e7aises ont pour obligation de fournir \u00e0 leurs employ\u00e9s de bonnes conditions de travail mais quand est-il r\u00e9ellement ? Vous avez sans doute d\u00e9j\u00e0 vu ou entendu parler de ces termes dans le monde professionnel\u00a0: bien-\u00eatre, conditions de travail adapt\u00e9es, pr\u00e9vention des risques psychosociaux, sant\u00e9 et s\u00e9curit\u00e9 au travail, qualit\u00e9 de vie au [&hellip;]<\/p>\n","protected":false},"author":3,"featured_media":1456,"parent":1325,"menu_order":1,"comment_status":"closed","ping_status":"closed","template":"","meta":{"_seopress_robots_primary_cat":"","_seopress_titles_title":"Quelles sont de mauvaises conditions de travail ?","_seopress_titles_desc":"Vous souhaitez conna\u00eetre les mauvaises conditions de travail pour les corriger ? D\u00e9couvrez notre article pour am\u00e9liorer d\u00e8s \u00e0 pr\u00e9sent le bien-\u00eatre de vos salari\u00e9s","_seopress_robots_index":"","footnotes":""},"_links":{"self":[{"href":"https:\/\/le-lodge.fr\/conseil\/wp-json\/wp\/v2\/pages\/1452"}],"collection":[{"href":"https:\/\/le-lodge.fr\/conseil\/wp-json\/wp\/v2\/pages"}],"about":[{"href":"https:\/\/le-lodge.fr\/conseil\/wp-json\/wp\/v2\/types\/page"}],"author":[{"embeddable":true,"href":"https:\/\/le-lodge.fr\/conseil\/wp-json\/wp\/v2\/users\/3"}],"replies":[{"embeddable":true,"href":"https:\/\/le-lodge.fr\/conseil\/wp-json\/wp\/v2\/comments?post=1452"}],"version-history":[{"count":15,"href":"https:\/\/le-lodge.fr\/conseil\/wp-json\/wp\/v2\/pages\/1452\/revisions"}],"predecessor-version":[{"id":3563,"href":"https:\/\/le-lodge.fr\/conseil\/wp-json\/wp\/v2\/pages\/1452\/revisions\/3563"}],"up":[{"embeddable":true,"href":"https:\/\/le-lodge.fr\/conseil\/wp-json\/wp\/v2\/pages\/1325"}],"wp:featuredmedia":[{"embeddable":true,"href":"https:\/\/le-lodge.fr\/conseil\/wp-json\/wp\/v2\/media\/1456"}],"wp:attachment":[{"href":"https:\/\/le-lodge.fr\/conseil\/wp-json\/wp\/v2\/media?parent=1452"}],"curies":[{"name":"wp","href":"https:\/\/api.w.org\/{rel}","templated":true}]}}