{"id":1325,"date":"2022-01-12T11:59:16","date_gmt":"2022-01-12T10:59:16","guid":{"rendered":"https:\/\/le-lodge.fr\/conseil\/?page_id=1325"},"modified":"2022-04-27T09:37:14","modified_gmt":"2022-04-27T07:37:14","slug":"effets","status":"publish","type":"page","link":"https:\/\/le-lodge.fr\/conseil\/conditions-travail\/effets\/","title":{"rendered":"Conditions de travail : quels sont les impacts sur les employ\u00e9s ?"},"content":{"rendered":"<p><span style=\"font-size: 18pt;\">Les <strong>conditions de travail<\/strong> jouent un <strong>r\u00f4le important<\/strong> sur l\u2019<strong>\u00e9panouissement des salari\u00e9s<\/strong> et l\u2019accomplissement ou non de leurs missions. <strong>En France<\/strong> nous avons la chance d\u2019avoir des <strong>r\u00e8gles <\/strong>et des <strong>lois qui cadrent le travail<\/strong>. Celles-ci permettent de respecter chaque individu qui poss\u00e8de un emploi et de lui <strong>accorder des droits<\/strong>. Cependant, est-ce que ces droits sont-ils toujours respect\u00e9s dans le monde du travail\u00a0? Les employeurs sont-ils \u00e0 l\u2019\u00e9coute des besoins de leurs salari\u00e9s\u00a0? Ce sont de nombreuses questions qui nous pr\u00e9occupent tant nous sommes conscients de l\u2019<strong>impact <\/strong>que cela peut avoir sur une personne et son m\u00e9tier. La <strong>qualit\u00e9 de vie au travail<\/strong> de chaque employ\u00e9 ne doit <strong>jamais \u00eatre n\u00e9glig\u00e9e<\/strong> au risque de rencontrer des probl\u00e9matiques qui peuvent s\u2019ancrer sur la dur\u00e9e. Ce sujet vous tient \u00e0 c\u0153ur\u00a0ou vous souhaitez en apprendre davantage pour conna\u00eetre les dangers\u00a0? Vous \u00eates au bon endroit\u00a0! D\u00e9couvrez <strong>quels sont les effets des conditions de travail sur les salari\u00e9s<\/strong>\u00a0et ainsi vous permettre de <strong>prendre conscience<\/strong> de l\u2019impact des bonnes et mauvaises conditions existantes.<br>\nVous souhaitez vous informer sur <a href=\"https:\/\/le-lodge.fr\/conseil\/conditions-travail\/\">les conditions de travail<\/a> ? Nous avons r\u00e9alis\u00e9 un <strong>guide<\/strong> \u00e0 ce sujet qui vous apportera une <strong>d\u00e9finition<\/strong> et des <strong>explications <\/strong>claires qui nous l\u2019esp\u00e9rons vous aideront \u00e0 <strong>mieux les comprendre<\/strong>.<\/span><\/p>\n\n<div class=\"su-youtube su-u-responsive-media-yes\"><iframe loading=\"lazy\" width=\"600\" height=\"400\" src=\"https:\/\/www.youtube.com\/embed\/95vMR6_z81E?\" frameborder=\"0\" allowfullscreen allow=\"autoplay; encrypted-media; picture-in-picture\" title=\"\"><\/iframe><\/div>\n<h2>D\u00e9finition\u00a0: conditions de travail<\/h2>\n<p><img loading=\"lazy\" decoding=\"async\" class=\"size-full wp-image-1333 aligncenter\" src=\"https:\/\/le-lodge.fr\/conseil\/wp-content\/uploads\/2022\/01\/environnement.jpg\" alt=\"bureaux en entreprise\" width=\"800\" height=\"533\" srcset=\"https:\/\/le-lodge.fr\/conseil\/wp-content\/uploads\/2022\/01\/environnement.jpg 800w, https:\/\/le-lodge.fr\/conseil\/wp-content\/uploads\/2022\/01\/environnement-768x512.jpg 768w, https:\/\/le-lodge.fr\/conseil\/wp-content\/uploads\/2022\/01\/environnement-736x491.jpg 736w\" sizes=\"(max-width: 800px) 100vw, 800px\" \/><\/p>\n<p>Les <strong>conditions de travail<\/strong> rassemblent <strong>divers aspects<\/strong> de la <strong>vie professionnelle<\/strong>. Elles comportent tous les <strong>aspects positifs<\/strong> <strong>et n\u00e9gatifs<\/strong> qui entourent l\u2019ex\u00e9cution du <strong>travail d\u2019un employ\u00e9<\/strong> et regroupent plusieurs \u00e9l\u00e9ments\u00a0: <strong>physiques<\/strong>, <strong>organisationnels<\/strong>, <strong>mat\u00e9riels<\/strong> et <strong>moraux<\/strong> qui peuvent jouer un r\u00f4le important dans la vie de chacun.<\/p>\n<p>D\u00e9couvrez les <strong>crit\u00e8res<\/strong> que les <strong>employeurs<\/strong> doivent prendre en compte pour permettre \u00e0 leurs<strong> salari\u00e9s<\/strong> de <strong>travailler<\/strong> dans de <strong>bonnes conditions<\/strong>\u00a0:<br>\n<div class=\"su-list\" style=\"margin-left:10px\">\n<ul>\n<li><i class=\"sui sui-minus\" style=\"color:#FF503D\"><\/i> Les risques li\u00e9s \u00e0 la <strong>sant\u00e9 <\/strong><\/li>\n<li><i class=\"sui sui-minus\" style=\"color:#FF503D\"><\/i> Les risques li\u00e9s \u00e0 la <strong>s\u00e9curit\u00e9 <\/strong>(accidents de travail, maladie professionnelle)<\/li>\n<li><i class=\"sui sui-minus\" style=\"color:#FF503D\"><\/i> L\u2019<strong>hygi\u00e8ne<\/strong><\/li>\n<li><i class=\"sui sui-minus\" style=\"color:#FF503D\"><\/i> L\u2019<strong>environnement de travail <\/strong>(bureau, \u00e9clairage, espace, bruit etc.)<\/li>\n<li><i class=\"sui sui-minus\" style=\"color:#FF503D\"><\/i> La <strong>r\u00e9mun\u00e9ration <\/strong>(\u00e9galit\u00e9 salariale)<\/li>\n<li><i class=\"sui sui-minus\" style=\"color:#FF503D\"><\/i> Les<strong> relations<\/strong> (entre coll\u00e8gues, hi\u00e9rarchiques)<\/li>\n<li><i class=\"sui sui-minus\" style=\"color:#FF503D\"><\/i> Le <strong>harc\u00e8lement<\/strong> (moral et physique)<\/li>\n<li><i class=\"sui sui-minus\" style=\"color:#FF503D\"><\/i> L\u2019<strong>organisation du travail <\/strong>(charge, horaire etc.)<\/li>\n<li><i class=\"sui sui-minus\" style=\"color:#FF503D\"><\/i> La <strong>p\u00e9nibilit\u00e9 du m\u00e9tier<\/strong><\/li>\n<\/ul>\n<\/div><br>\nIl existe une <strong>multitude de conditions de travail<\/strong> qui font partie des <strong>droits des salari\u00e9s<\/strong> et qui doivent donc \u00eatre <strong>imp\u00e9rativement respect\u00e9s<\/strong> qu\u2019importe le poste occup\u00e9 ou l\u2019entreprise.<\/p>\n<h2>Quels sont les effets des conditions de travail sur les salari\u00e9s ?<\/h2>\n<p>Nous ne pouvons pas le nier, le travail poss\u00e8de de nombreux <strong>effets positifs<\/strong> <strong>et n\u00e9gatifs<\/strong> li\u00e9s \u00e0 de <strong>nombreux facteurs<\/strong> (s\u00e9curit\u00e9, sant\u00e9 etc.) que chaque entreprise doit prendre en compte. D\u00e9couvrez ci-dessous quels sont les effets des conditions de travail sur les salari\u00e9s.<\/p>\n<p style=\"text-align: center; font-size: 18pt;\"><b>Travailler dans un espace adapt\u00e9 \u00e0 vos besoins, c\u2019est possible !\u00a0 Contactez le Lodge, votre centre d\u2019affaires \u00e0 Strasbourg o\u00f9 il fait bon vivre !<\/b><\/p>\n<p style=\"text-align: center;\">Location de salles de r\u00e9union et bureaux avec ou sans domiciliation et espaces de r\u00e9ception.<\/p>\n<p style=\"text-align: center;\"><div class=\"su-button-center\"><span data-atc=\"aHR0cHM6Ly9sZS1sb2RnZS5mci9jb250YWN0ZXotbm91cy8=\" class=\"su-button su-button-style-flat atc pop\" style=\" cursor: pointer; color:#FFFFFF;background-color:#FF503D;border-color:;0px;\" target=\"_blank\" rel=\"noopener noreferrer\">\r\n\t\r\n\t\r\n\t<span style=\";padding:8px 26px;font-size:20px;line-height:30px;border-color:;border-radius:0px;-moz-border-radius:0px;-webkit-border-radius:0px;text-shadow:none;-moz-text-shadow:none;-webkit-text-shadow:none;background-color: #FF503D; color:#FFFFFF !important\"> <i class=\"sui sui-pencil-square-o\" style=\"\" aria-label=\"\"><\/i>Envoyer ma demande <\/span>\r\n\r\n<\/span><\/div>\n<p>\u00a0<\/p>\n<h3>Les effets caus\u00e9s par de mauvaises conditions de travail<\/h3>\n<p><img loading=\"lazy\" decoding=\"async\" class=\"size-full wp-image-1334 aligncenter\" src=\"https:\/\/le-lodge.fr\/conseil\/wp-content\/uploads\/2022\/01\/stress.jpg\" alt=\"Salari\u00e9 victime de stress\" width=\"800\" height=\"533\" srcset=\"https:\/\/le-lodge.fr\/conseil\/wp-content\/uploads\/2022\/01\/stress.jpg 800w, https:\/\/le-lodge.fr\/conseil\/wp-content\/uploads\/2022\/01\/stress-768x512.jpg 768w, https:\/\/le-lodge.fr\/conseil\/wp-content\/uploads\/2022\/01\/stress-736x491.jpg 736w\" sizes=\"(max-width: 800px) 100vw, 800px\" \/><\/p>\n<p>Les <strong>mauvaises conditions de travail<\/strong> existent et peuvent malheureusement devenir le quotidien de nombreux employ\u00e9s sans qu\u2019ils s\u2019en rendent compte ou qu\u2019ils ne puissent agir. Une <strong>ambiance n\u00e9gative<\/strong>, du <strong>harc\u00e8lement<\/strong>, une <strong>absence de s\u00e9curit\u00e9<\/strong> ou encore une <strong>pression sociale<\/strong> au travail peuvent <strong>apporter des effets n\u00e9gatifs<\/strong> non n\u00e9gligeables. Ainsi, l\u2019employeur doit prendre en compte la totalit\u00e9 des <strong>conditions de travail<\/strong> pour que celles-ci soient <strong>toutes respect\u00e9es<\/strong> et ne causent de tort \u00e0 aucun employ\u00e9. Cette mission n\u2019est pas \u00e9vidente, cependant si elle n\u2019est pas honor\u00e9e le <strong>r\u00e9sultat peut \u00eatre catastrophique<\/strong>\u00a0: <strong>burn-out<\/strong>, <strong>arr\u00eat de travail<\/strong>, <strong>d\u00e9mission<\/strong> etc. Nous parlons surtout ici de <strong>risques psychosociaux<\/strong> qui <strong>affectent <\/strong>non seulement la<strong> sant\u00e9 <\/strong>mais aussi les <strong>performances<\/strong> et le <strong>bonheur au travail<\/strong>.<\/p>\n<p><strong>Les effets caus\u00e9s par de mauvaises conditions de travail les plus connues sont\u00a0:<\/strong><br>\n<div class=\"su-list\" style=\"margin-left:10px\">\n<ul>\n<li><i class=\"sui sui-minus\" style=\"color:#FF503D\"><\/i> <strong>Le stress <\/strong>: celui-ci peut \u00eatre li\u00e9 \u00e0 une <strong>pression<\/strong> soumise par un sup\u00e9rieur hi\u00e9rarchique qui donne au salari\u00e9 une <strong>charge de travail trop importante<\/strong> et des <strong>objectifs irr\u00e9alisables<\/strong> \u00e0 court terme par exemple. Si ce stress n\u2019est pas pris en compte \u00e0 temps, cela pourra <strong>engendrer des troubles<\/strong> bien plus importants comme la <strong>d\u00e9pression<\/strong>.<\/li>\n<li><i class=\"sui sui-minus\" style=\"color:#FF503D\"><\/i> <strong>D\u00e9gradation de la sant\u00e9 mentale <\/strong>: cela peut \u00eatre d\u00fb \u00e0 cause de nombreux facteurs (<strong>harc\u00e8lement<\/strong>, <strong>d\u00e9valorisation<\/strong> de son travail, <strong>absence de consid\u00e9ration <\/strong>). Le salari\u00e9 perd totalement confiance en lui et ne se sent plus capable de remplir ses missions, il fait face \u00e0 une <strong>grande d\u00e9motivation<\/strong>. Si son \u00e9tat s\u2019aggrave, il peut <strong>faire un burn-out<\/strong> ou entrer dans une <strong>d\u00e9pression s\u00e9v\u00e8re<\/strong>.<\/li>\n<\/ul>\n<\/div><br>\nCes <strong>effets n\u00e9gatifs<\/strong> <strong>impactent<\/strong> fortement l\u2019<strong>employ\u00e9<\/strong> et l\u2019<strong>entreprise<\/strong> elle-m\u00eame qui pourra faire face \u00e0 de nombreuses difficult\u00e9s surtout si les aspects n\u00e9gatifs se multiplient et qu\u2019ils touchent plusieurs salari\u00e9s. Pour \u00e9viter de faire face \u00e0 ces mauvais effets, il sera n\u00e9cessaire de <strong>mettre en place des actions pr\u00e9ventives<\/strong> contre ces risques mais aussi d\u2019<strong>\u00eatre \u00e0 l\u2019\u00e9coute <\/strong>des personnes.<\/p>\n<p>Vous souhaitez savoir quelles sont les principales <a href=\"https:\/\/le-lodge.fr\/conseil\/conditions-travail\/effets\/negatifs\/\">mauvaises conditions de travail<\/a> ? Consultez notre guide pour les conna\u00eetre et pouvoir les \u00e9viter.<\/p>\n<h3>Les causes de bonnes conditions de travail<\/h3>\n<p><img loading=\"lazy\" decoding=\"async\" class=\"size-full wp-image-1335 aligncenter\" src=\"https:\/\/le-lodge.fr\/conseil\/wp-content\/uploads\/2022\/01\/motivation.jpg\" alt=\"Employ\u00e9s heureux \" width=\"800\" height=\"450\" srcset=\"https:\/\/le-lodge.fr\/conseil\/wp-content\/uploads\/2022\/01\/motivation.jpg 800w, https:\/\/le-lodge.fr\/conseil\/wp-content\/uploads\/2022\/01\/motivation-768x432.jpg 768w, https:\/\/le-lodge.fr\/conseil\/wp-content\/uploads\/2022\/01\/motivation-540x304.jpg 540w, https:\/\/le-lodge.fr\/conseil\/wp-content\/uploads\/2022\/01\/motivation-344x194.jpg 344w\" sizes=\"(max-width: 800px) 100vw, 800px\" \/><\/p>\n<p>Heureusement, il n\u2019existe pas que des effets n\u00e9gatifs, il est m\u00eame possible de les \u00e9viter. Pour cela, l\u2019<strong>employeur<\/strong> a pour premi\u00e8re<strong> mission<\/strong> de <strong>faire respecter<\/strong> les nombreuses <strong>conditions de travail<\/strong> \u00e0 ses salari\u00e9s. Les <strong>employ\u00e9s<\/strong> doivent pouvoir <strong>travailler <\/strong>dans des <strong>conditions d\u00e9centes<\/strong> qui prennent en compte leur<strong> s\u00e9curit\u00e9<\/strong>, leur <strong>sant\u00e9<\/strong> et leur <strong>productivit\u00e9<\/strong>. C\u2019est un pari gagnant-gagnant, si les salari\u00e9s obtiennent une bonne qualit\u00e9 de vie au travail, celle-ci apportera de <strong>nombreux b\u00e9n\u00e9fices \u00e0 l\u2019enseigne<\/strong>. En effet, plus les employ\u00e9s se sentent bien, plus leurs performances augmentent\u00a0!<\/p>\n<p><strong>Les effets caus\u00e9s par de bonnes conditions de travail les plus connues sont\u00a0:<\/strong><br>\n<div class=\"su-list\" style=\"margin-left:10px\">\n<ul>\n<li><i class=\"sui sui-minus\" style=\"color:#FF503D\"><\/i> Une <strong>motivation plus importante<\/strong> : la personne se sent consid\u00e9r\u00e9e mais surtout plus motiv\u00e9e car elle travaille dans les meilleures conditions ce qui lui donne l\u2019<strong>envie de se d\u00e9passer<\/strong>.<\/li>\n<li><i class=\"sui sui-minus\" style=\"color:#FF503D\"><\/i> Un <strong>bien-\u00eatre communicatif <\/strong>:\u00a0 les salari\u00e9s se sentent <strong>plus \u00e9panouis<\/strong> et <strong>heureux<\/strong> et nous savons que le <strong>bien-\u00eatre<\/strong> des uns se communique facilement aux autres.<\/li>\n<li><i class=\"sui sui-minus\" style=\"color:#FF503D\"><\/i> Un <strong>avantage certain pour toute l\u2019entreprise <\/strong>: Le b\u00e9n\u00e9fice ne touche pas uniquement l\u2019employ\u00e9 mais aussi l\u2019enseigne dans sa globalit\u00e9. L\u2019<strong>employ\u00e9<\/strong> est <strong>valoris\u00e9<\/strong>, il souhaite alors <strong>augmenter ses comp\u00e9tences<\/strong> et performances et joue ainsi un <strong>r\u00f4le d\u00e9cisif<\/strong> pour son <strong>entreprise<\/strong> qui en profitera pleinement.<\/li>\n<\/ul>\n<\/div><br>\n<div class=\"su-box su-box-style-default su_custom_zone\" id=\"\" style=\"border-color:#cc1d0a;border-radius:3px\"><div class=\"su-box-title\" style=\"background-color:#FF503D;color:#FFFFFF;border-top-left-radius:1px;border-top-right-radius:1px\">Notre conseil<\/div><div class=\"su-box-content su-u-clearfix su-u-trim\" style=\"border-bottom-left-radius:1px;border-bottom-right-radius:1px\"><strong>Ne n\u00e9gligez jamais l\u2019importance de travailler dans de bonnes conditions !<\/strong><\/div><\/div>\n<p>Vous souhaitez savoir quelles sont les principales <a href=\"https:\/\/le-lodge.fr\/conseil\/conditions-travail\/effets\/positifs\/\">bonnes conditions de travail<\/a> ? Consultez notre guide pour les conna\u00eetre et les mettre en application.<\/p>\n<h2><span style=\"color: #FF503D;\">L\u2019essentiel \u00e0 retenir<\/span><\/h2>\n<div class=\"su-list\" style=\"margin-left:10px\">\n<ol>\n<li><i class=\"sui sui-star\" style=\"color:#FF503D\"><\/i> Nous esp\u00e9rons que <strong>cet article<\/strong> a pu <strong>vous aider<\/strong> \u00e0 <strong>mieux conna\u00eetre les diff\u00e9rents effets des conditions de travail sur les salari\u00e9s<\/strong>. Il est tr\u00e8s important que les <strong>employeurs<\/strong> soient <strong>conscients des effets<\/strong> que provoquent des <strong>bonnes ou des mauvaises conditions de travail<\/strong> pour pouvoir y rem\u00e9dier s\u2019il y a une difficult\u00e9 qui s\u2019impose.<\/li>\n<li><i class=\"sui sui-star\" style=\"color:#FF503D\"><\/i> Chaque <strong>entreprise poss\u00e8de sa propre responsabilit\u00e9<\/strong> et celle-ci a pour obligation de <strong>mettre en place de bonnes conditions de travail<\/strong> pour chacun de ses employ\u00e9s au risque de rencontrer de graves difficult\u00e9s qui pourront causer la perte de l\u2019enseigne. L\u2019<strong>employeur<\/strong> pourra toujours <strong>agir<\/strong>, les conditions ne sont pas assez bonnes\u00a0? Il pourra continuer d\u2019<strong>am\u00e9liorer la qualit\u00e9 de vie au travail <\/strong>en tenant compte des remarques de ses employ\u00e9s.<\/li>\n<li><i class=\"sui sui-star\" style=\"color:#FF503D\"><\/i> Ainsi, <strong>nous recommandons<\/strong> aux entreprises d\u2019<strong>\u00eatre \u00e0 l\u2019\u00e9coute<\/strong> de leurs salari\u00e9s mais aussi de <strong>mettre en place des actions pr\u00e9ventives <\/strong>pour <strong>\u00e9viter des risques li\u00e9s \u00e0 la sant\u00e9<\/strong> (physique et mentale) et <strong>la s\u00e9curit\u00e9 <\/strong>de chacun. En prenant en compte nos conseils, vous permettrez \u00e0 vos salari\u00e9s d\u2019<strong>\u00eatre plus productifs <\/strong>et ainsi <strong>d\u2019acc\u00e9der \u00e0 de meilleures performances<\/strong> pour l\u2019entreprise. Quoi de mieux\u00a0?<\/li>\n<\/ol>\n<\/div><br>\n<div class=\"su-spacer\" style=\"height:100px\"><\/div><br>\n<div class=\"su-heading su-heading-style-line-blue su-heading-align-center\" id=\"\" style=\"font-size:16px;margin-bottom:0px\"><div class=\"su-heading-inner\">\n<h5><span class=\"su-highlight\" style=\"background:#FF503D;color:#ffffff\">&nbsp;<span style=\"font-weight: 400;\">Ces articles devraient aussi vous int\u00e9resser<\/span>&nbsp;<\/span><\/h5>\n<\/div><\/div><br>\n<div class=\"su-spacer\" style=\"height:50px\"><\/div><br>\n<ul class=\"cs-samelevel-posts\">\n\t\t\t<li><a href=\"https:\/\/le-lodge.fr\/conseil\/conditions-travail\/bien-etre\/\"> Le bien-\u00eatre au travail : qu'est-ce que c'est ? Le guide pour \u00eatre \u00e9panoui professionnellement<\/a><\/li>\n\t\t\t<li><a href=\"https:\/\/le-lodge.fr\/conseil\/conditions-travail\/reduire-stress\/\"> Stress en entreprise : quelles sont les solutions pour le r\u00e9duire ?<\/a><\/li>\n\t\t\t<li><a href=\"https:\/\/le-lodge.fr\/conseil\/conditions-travail\/employes-heureux\/\"> 5 conseils pour rendre ses employ\u00e9s plus heureux au travail<\/a><\/li>\n\t<\/ul>\n\n\n","protected":false},"excerpt":{"rendered":"<p>Les conditions de travail jouent un r\u00f4le important sur l\u2019\u00e9panouissement des salari\u00e9s et l\u2019accomplissement ou non de leurs missions. En France nous avons la chance d\u2019avoir des r\u00e8gles et des lois qui cadrent le travail. Celles-ci permettent de respecter chaque individu qui poss\u00e8de un emploi et de lui accorder des droits. Cependant, est-ce que ces [&hellip;]<\/p>\n","protected":false},"author":3,"featured_media":1332,"parent":1292,"menu_order":1,"comment_status":"closed","ping_status":"closed","template":"","meta":{"_seopress_robots_primary_cat":"","_seopress_titles_title":"Quels sont les effets des conditions de travail sur les salari\u00e9s ?","_seopress_titles_desc":"Les employ\u00e9s sont soumis aux risques psychiques et physiques en entreprise dus \u00e0 de mauvaises conditions de travail. Comment les d\u00e9celer ? On vous dit tout.","_seopress_robots_index":"","footnotes":""},"_links":{"self":[{"href":"https:\/\/le-lodge.fr\/conseil\/wp-json\/wp\/v2\/pages\/1325"}],"collection":[{"href":"https:\/\/le-lodge.fr\/conseil\/wp-json\/wp\/v2\/pages"}],"about":[{"href":"https:\/\/le-lodge.fr\/conseil\/wp-json\/wp\/v2\/types\/page"}],"author":[{"embeddable":true,"href":"https:\/\/le-lodge.fr\/conseil\/wp-json\/wp\/v2\/users\/3"}],"replies":[{"embeddable":true,"href":"https:\/\/le-lodge.fr\/conseil\/wp-json\/wp\/v2\/comments?post=1325"}],"version-history":[{"count":13,"href":"https:\/\/le-lodge.fr\/conseil\/wp-json\/wp\/v2\/pages\/1325\/revisions"}],"predecessor-version":[{"id":1857,"href":"https:\/\/le-lodge.fr\/conseil\/wp-json\/wp\/v2\/pages\/1325\/revisions\/1857"}],"up":[{"embeddable":true,"href":"https:\/\/le-lodge.fr\/conseil\/wp-json\/wp\/v2\/pages\/1292"}],"wp:featuredmedia":[{"embeddable":true,"href":"https:\/\/le-lodge.fr\/conseil\/wp-json\/wp\/v2\/media\/1332"}],"wp:attachment":[{"href":"https:\/\/le-lodge.fr\/conseil\/wp-json\/wp\/v2\/media?parent=1325"}],"curies":[{"name":"wp","href":"https:\/\/api.w.org\/{rel}","templated":true}]}}