{"id":1292,"date":"2022-01-12T11:59:00","date_gmt":"2022-01-12T10:59:00","guid":{"rendered":"https:\/\/le-lodge.fr\/conseil\/?page_id=1292"},"modified":"2023-05-17T18:19:54","modified_gmt":"2023-05-17T16:19:54","slug":"conditions-travail","status":"publish","type":"page","link":"https:\/\/le-lodge.fr\/conseil\/conditions-travail\/","title":{"rendered":"Conditions de travail : qu&rsquo;est-ce que c&rsquo;est ? Le guide ultime sur la qualit\u00e9 de vie au travail"},"content":{"rendered":"<p><span style=\"font-size: 18pt;\"><strong>Le travail<\/strong> fait partie de notre vie, il <strong>rythme nos journ\u00e9es<\/strong> et nous permet d\u2019apprendre, de nous am\u00e9liorer, de faire des rencontres, d\u2019obtenir un salaire etc. Un <strong>employ\u00e9 \u00e0 temps plein<\/strong> passe plus de <strong>1600 heures par an \u00e0 travailler<\/strong>, son <strong>\u00e9panouissement<\/strong> au sein de son entreprise est donc primordial. Selon votre m\u00e9tier, le secteur d\u2019activit\u00e9, les moyens financiers ou encore les valeurs de votre entreprise, <strong>la qualit\u00e9 de vie au travail<\/strong> ne sera pas la m\u00eame. Vous \u00eates soumis \u00e0 des risques professionnels de sant\u00e9\u00a0? Votre enseigne subit un changement et vous avez peur que cela impacte n\u00e9gativement votre emploi\u00a0? Vous d\u00e9sirez <strong>conna\u00eetre les secrets du bien-\u00eatre <\/strong>dans le monde professionnel\u00a0? Vous \u00eates au bon endroit\u00a0! D\u00e9couvrez tout ce qu\u2019il faut savoir sur <strong>les conditions de travail \u2013 d\u00e9finition et explications <\/strong>et pourquoi ne pas am\u00e9liorer les v\u00f4tres gr\u00e2ce \u00e0 notre <a href=\"https:\/\/le-lodge.fr\/conseil\/\">guide<\/a>.<br>\nVous \u00eates \u00e0 la recherche d\u2019un espace pour travailler ou organiser des rendez-vous professionnels ? D\u00e9couvrez notre <a href=\"https:\/\/le-lodge.fr\">centre d\u2019affaires Le Lodge<\/a> !<br>\n<\/span><\/p>\n\n<div class=\"su-youtube su-u-responsive-media-yes\"><iframe loading=\"lazy\" width=\"600\" height=\"400\" src=\"https:\/\/www.youtube.com\/embed\/gcLsjDnk2fM?\" frameborder=\"0\" allowfullscreen allow=\"autoplay; encrypted-media; picture-in-picture\" title=\"\"><\/iframe><\/div>\n<h2>La d\u00e9finition des conditions de travail<\/h2>\n<p><img loading=\"lazy\" decoding=\"async\" class=\"size-full wp-image-1299 aligncenter\" src=\"https:\/\/le-lodge.fr\/conseil\/wp-content\/uploads\/2022\/01\/travail.jpg\" alt=\"personne qui est en train de travailler\" width=\"800\" height=\"316\" srcset=\"https:\/\/le-lodge.fr\/conseil\/wp-content\/uploads\/2022\/01\/travail.jpg 800w, https:\/\/le-lodge.fr\/conseil\/wp-content\/uploads\/2022\/01\/travail-768x303.jpg 768w\" sizes=\"(max-width: 800px) 100vw, 800px\" \/><\/p>\n<p>Les conditions de travail repr\u00e9sentent l\u2019<strong>environnement de travail global des employ\u00e9s<\/strong>. Quelles sont-elles\u00a0?<br>\n<div class=\"su-list\" style=\"margin-left:10px\">\n<ul>\n<li><i class=\"sui sui-minus\" style=\"color:#FF503D\"><\/i> <strong>Le cadre de travail <\/strong>: les t\u00e2ches \u00e0 effectuer, les horaires, les espaces de travail, le statut des employ\u00e9s, la p\u00e9nibilit\u00e9 des missions, les risques li\u00e9s au m\u00e9tier, la s\u00e9curit\u00e9, les accidents etc.<\/li>\n<li><i class=\"sui sui-minus\" style=\"color:#FF503D\"><\/i> <strong>L\u2019environnement de l\u2019enseigne <\/strong>: la direction, les strat\u00e9gies d\u00e9velopp\u00e9es, les valeurs, les modifications etc.<\/li>\n<li><i class=\"sui sui-minus\" style=\"color:#FF503D\"><\/i> <strong>Les relations humaines <\/strong>: l\u2019int\u00e9gration, l\u2019ambiance, les \u00e9changes entre coll\u00e8gues, la pr\u00e9vention des risques psychosociaux, veiller \u00e0 ce qu\u2019aucun employ\u00e9 ne subisse de harc\u00e8lement etc.<\/li>\n<\/ul>\n<\/div><br>\nCes nombreuses conditions (mat\u00e9riels, moraux, physiques) doivent \u00eatre prises en compte et mises en place par l\u2019employeur pour chacun de ses salari\u00e9s. Le but \u00e9tant qu\u2019ils puissent <strong>travailler en toute s\u00e9curit\u00e9<\/strong> et ne rencontrer <strong>aucun risque pour leur sant\u00e9<\/strong>. <strong>L\u2019entreprise est responsable des conditions de travail<\/strong> de ses employ\u00e9s, celle-ci doit les <strong>respecter<\/strong> en tant qu\u2019\u00eatre humain et professionnel pour leur permettre de profiter d\u2019un bien-\u00eatre tant physique que moral. De plus, les chefs d\u2019entreprise ont pour r\u00f4le de pr\u00e9venir tous risques qui pourraient survenir sur le lieu de travail et d\u2019en informer les salari\u00e9s pour qu\u2019il n\u2019y ait pas d\u2019accident de travail ou d\u2019incident grave.<\/p>\n<p style=\"text-align: center; font-size: 18pt;\"><b>Travailler dans un espace adapt\u00e9 \u00e0 vos besoins, c\u2019est possible !\u00a0 Contactez le Lodge, votre centre d\u2019affaires \u00e0 Strasbourg o\u00f9 il fait bon vivre !<\/b><\/p>\n<p style=\"text-align: center;\">Location de salles de r\u00e9union et bureaux avec ou sans domiciliation et espaces de r\u00e9ception.<\/p>\n<p style=\"text-align: center;\"><div class=\"su-button-center\"><span data-atc=\"aHR0cHM6Ly9sZS1sb2RnZS5mci9jb250YWN0ZXotbm91cy8=\" class=\"su-button su-button-style-flat atc pop\" style=\" cursor: pointer; color:#FFFFFF;background-color:#FF503D;border-color:;0px;\" target=\"_blank\" rel=\"noopener noreferrer\">\r\n\t\r\n\t\r\n\t<span style=\";padding:8px 26px;font-size:20px;line-height:30px;border-color:;border-radius:0px;-moz-border-radius:0px;-webkit-border-radius:0px;text-shadow:none;-moz-text-shadow:none;-webkit-text-shadow:none;background-color: #FF503D; color:#FFFFFF !important\"> <i class=\"sui sui-pencil-square-o\" style=\"\" aria-label=\"\"><\/i>Envoyer ma demande <\/span>\r\n\r\n<\/span><\/div>\n<p>\u00a0<\/p>\n<h2>Les obligations de l\u2019employeur<\/h2>\n<p>Dans le monde du travail il existe de nombreuses obligations par lesquelles l\u2019employeur doit faire face afin que ses employ\u00e9s puissent travailler dans de bonnes conditions. Nous vous pr\u00e9sentons les principales\u00a0:<\/p>\n<h3>Les cong\u00e9s<\/h3>\n<p><img loading=\"lazy\" decoding=\"async\" class=\"size-full wp-image-1301 aligncenter\" src=\"https:\/\/le-lodge.fr\/conseil\/wp-content\/uploads\/2022\/01\/conges.jpg\" alt=\"droit \u00e0 des cong\u00e9s\" width=\"800\" height=\"533\" srcset=\"https:\/\/le-lodge.fr\/conseil\/wp-content\/uploads\/2022\/01\/conges.jpg 800w, https:\/\/le-lodge.fr\/conseil\/wp-content\/uploads\/2022\/01\/conges-768x512.jpg 768w, https:\/\/le-lodge.fr\/conseil\/wp-content\/uploads\/2022\/01\/conges-736x491.jpg 736w\" sizes=\"(max-width: 800px) 100vw, 800px\" \/><\/p>\n<p>Chaque employ\u00e9 a le droit de s\u2019absenter de son poste de travail si un \u00e9v\u00e9nement important survient dans sa vie ou s\u2019il souhaite tout simplement prendre des vacances. En tant que salari\u00e9, vous avez le <strong>droit \u00e0 des cong\u00e9s<\/strong> qui pourront \u00eatre pay\u00e9s ou non selon la situation.<\/p>\n<h3>Le salaire<\/h3>\n<p><strong>L\u2019\u00e9quit\u00e9 salariale<\/strong> entre les femmes et les hommes occupant le m\u00eame poste au sein d\u2019une m\u00eame entreprise doit \u00eatre respect\u00e9e.<\/p>\n<h3>La fin d\u2019un emploi<\/h3>\n<p>Il est possible que vous deviez subitement arr\u00eater votre emploi ou que vous subissiez un licenciement car l\u2019enseigne dans laquelle vous travaillez rencontre des difficult\u00e9s financi\u00e8res. Cependant, vous vous devez de savoir que<strong> votre entreprise doit respecter certaines r\u00e8gles<\/strong>. Ainsi, renseignez-vous sur vos droits pour ne pas omettre certains \u00e9l\u00e9ments.<\/p>\n<h3>La s\u00e9curit\u00e9 et la sant\u00e9 sur le lieu de travail<\/h3>\n<p><img loading=\"lazy\" decoding=\"async\" class=\"size-full wp-image-1302 aligncenter\" src=\"https:\/\/le-lodge.fr\/conseil\/wp-content\/uploads\/2022\/01\/securite.jpg\" alt=\"Salari\u00e9 qui apprend les bons gestes pour ne pas se blesser\" width=\"800\" height=\"533\" srcset=\"https:\/\/le-lodge.fr\/conseil\/wp-content\/uploads\/2022\/01\/securite.jpg 800w, https:\/\/le-lodge.fr\/conseil\/wp-content\/uploads\/2022\/01\/securite-768x512.jpg 768w, https:\/\/le-lodge.fr\/conseil\/wp-content\/uploads\/2022\/01\/securite-736x491.jpg 736w\" sizes=\"(max-width: 800px) 100vw, 800px\" \/><\/p>\n<p>L\u2019employeur doit s\u2019engager \u00e0 <strong>respecter votre sant\u00e9<\/strong> et <strong>votre s\u00e9curit\u00e9<\/strong> lorsque vous travaillez. Il doit vous accueillir dans un \u00e9tablissement qui assurera la s\u00fbret\u00e9 de tous ses employ\u00e9s. Le <strong>mat\u00e9riel<\/strong> pr\u00e9sent doit \u00eatre <strong>fiable <\/strong>et tout produit ou objet dangereux doit \u00eatre signal\u00e9 pour <strong>ne mettre en danger aucun travailleur<\/strong>.<\/p>\n<p>Si votre <strong>employeur ne respecte pas les r\u00e8gles<\/strong> de s\u00e9curit\u00e9 et de sant\u00e9, celui-ci pourra \u00e9coper d\u2019une <strong>amende de 10 000\u20ac<\/strong>\u00a0\u00e0 chaque risque subi par un employeur.<\/p>\n<h3>Le droit de retrait<\/h3>\n<p>Un employ\u00e9 a le droit d\u2019<strong>arr\u00eater son travail <\/strong>s\u2019il pr\u00e9sente un motif valable <strong>qui met sa vie, sa s\u00e9curit\u00e9 ou sa sant\u00e9 en jeu<\/strong>. Le salari\u00e9 doit tenir inform\u00e9 l\u2019employeur dans les meilleurs d\u00e9lais pour trouver une solution, celui-ci n\u2019a pas le droit de le forcer \u00e0 reprendre son poste. En attendant, l\u2019employ\u00e9 ne reprendra pas son travail tant que le danger reste pr\u00e9sent.<\/p>\n<h3>Le droit d\u2019expression<\/h3>\n<p>Les employ\u00e9s ont \u00e9galement le droit de s\u2019exprimer sur leurs conditions de travail et sur l\u2019organisation g\u00e9n\u00e9rale. Cela leur permet d\u2019<strong>\u00e9voquer des difficult\u00e9s <\/strong>qu\u2019ils rencontrent et d\u2019en discuter pour <strong>trouver des solutions<\/strong> et ainsi <strong>am\u00e9liorer leur qualit\u00e9 de vie au travail<\/strong>.<\/p>\n<p>Vous souhaitez en apprendre davantage sur la qualit\u00e9 de vie au travail ? D\u00e9couvrez <a href=\"https:\/\/le-lodge.fr\/conseil\/conditions-travail\/effets\/\">quels sont les effets des conditions de travail<\/a> et ainsi conna\u00eetre les impacts positifs et n\u00e9gatifs pouvant toucher les salari\u00e9s.<\/p>\n<h2>L\u2019importance du bien-\u00eatre au travail<\/h2>\n<p><img loading=\"lazy\" decoding=\"async\" class=\"size-full wp-image-1303 aligncenter\" src=\"https:\/\/le-lodge.fr\/conseil\/wp-content\/uploads\/2022\/01\/bien_etre.jpg\" alt=\"Employ\u00e9e heureuse au travail\" width=\"800\" height=\"248\" srcset=\"https:\/\/le-lodge.fr\/conseil\/wp-content\/uploads\/2022\/01\/bien_etre.jpg 800w, https:\/\/le-lodge.fr\/conseil\/wp-content\/uploads\/2022\/01\/bien_etre-768x238.jpg 768w\" sizes=\"(max-width: 800px) 100vw, 800px\" \/><\/p>\n<p>Actuellement le <strong>bien-\u00eatre au travail<\/strong> est un sujet qui traverse de nombreux esprits et surtout ceux des entreprises qui prennent conscience de l\u2019importance de ce terme et de <strong>ses bienfaits<\/strong> lorsqu\u2019on le met \u00e0 profit. Les <strong>conditions de travail<\/strong> ont un <strong>impact <\/strong>important et direct sur <strong>les salari\u00e9s<\/strong>. L\u2019employeur a pour mission de veiller au bien-\u00eatre de ses employ\u00e9s pour qu\u2019ils puissent s\u2019\u00e9panouir dans leur travail et ne rencontrer aucun risque pour leur<strong> s\u00e9curit\u00e9<\/strong> ou leur <strong>sant\u00e9 physique et mentale<\/strong>. S\u2019ils se sentent heureux cela aura un effet imm\u00e9diat sur leur mission, ils seront plus <strong>satisfaits de leur travail<\/strong> et deviendront <strong>plus performants <\/strong>ce qui apportera aussi un v\u00e9ritable <strong>coup de boost \u00e0 l\u2019entreprise<\/strong>.<\/p>\n<p>Aujourd\u2019hui, les employ\u00e9s sont \u00e0 la recherche de quelque chose de plus, ils souhaitent s\u2019\u00e9panouir mais \u00e9galement <strong>obtenir de la reconnaissance<\/strong> suite au travail qu\u2019ils fournissent. Un<strong> employ\u00e9 estim\u00e9 et valoris\u00e9 <\/strong>est un <strong>employ\u00e9 heureux<\/strong> qui ne pourra <strong>qu\u2019accro\u00eetre ses comp\u00e9tences<\/strong>. Ainsi, pour acc\u00e9der \u00e0 une qualit\u00e9 de vie au travail sup\u00e9rieure, l\u2019employeur devra prendre en compte les <strong>conditions de travail<\/strong> et <strong>les am\u00e9liorer<\/strong> lorsqu\u2019elles ne sont pas adapt\u00e9es. Il devra offrir un <strong>environnement de travail sain<\/strong> et agr\u00e9able qui permettra \u00e0 ses salari\u00e9s d\u2019<strong>acc\u00e9der \u00e0 plus de productivit\u00e9 <\/strong>et <strong>de motivation. <\/strong>De plus, il lui sera n\u00e9cessaire de <strong>consid\u00e9rer chacun de ses employ\u00e9s <\/strong>pour qu\u2019ils n\u2019oublient pas qu\u2019ils apportent tous, individuellement, une valeur ajout\u00e9e \u00e0 l\u2019enseigne.<\/p>\n<p>Vous d\u00e9sirez en lire plus \u00e0 ce sujet ? Nous vous avons concoct\u00e9 un article d\u00e9taillant ce <a href=\"https:\/\/le-lodge.fr\/conseil\/conditions-travail\/bien-etre\/\">qu\u2019est le bien-\u00eatre au travail<\/a> et son importance pour faire \u00e9voluer une entreprise et ses employ\u00e9s.<\/p>\n<h2><span style=\"color: #FF503D;\">L\u2019essentiel \u00e0 retenir<\/span><\/h2>\n<div class=\"su-list\" style=\"margin-left:10px\">\n<ol>\n<li><i class=\"sui sui-star\" style=\"color:#FF503D\"><\/i> Nous esp\u00e9rons que cet article a pu vous aider \u00e0 mieux comprendre ou \u00e0 vous informer sur <strong>les conditions de travail<\/strong> en France.<\/li>\n<li><i class=\"sui sui-star\" style=\"color:#FF503D\"><\/i> Aujourd\u2019hui, il est primordial de conna\u00eetre et comprendre toutes les conditions de travail en vigueur pour promettre \u00e0 <strong>chaque employ\u00e9<\/strong> de <strong>travailler de mani\u00e8re s\u00e9curis\u00e9e<\/strong> sans s\u2019exposer \u00e0 des risques pour sa sant\u00e9 physique et mentale.<\/li>\n<li><i class=\"sui sui-star\" style=\"color:#FF503D\"><\/i> <strong>Le chef d\u2019entreprise<\/strong> se doit de <strong>respecter ses r\u00e8gles<\/strong> et d\u2019<strong>\u00eatre \u00e0 l\u2019\u00e9coute <\/strong>en mettant en place <strong>un plan d\u2019action efficace<\/strong> pour <strong>am\u00e9liorer la qualit\u00e9 de vie au travail<\/strong> et <strong>assurer la s\u00fbret\u00e9 de tous<\/strong> les travailleurs. Ainsi, si l\u2019entreprise respecte ses engagements (pr\u00e9vention des risques professionnels, code du travail) elle ne pourra que <strong>tendre vers la r\u00e9ussite <\/strong>et <strong>l\u2019\u00e9panouissement des salari\u00e9s<\/strong>.<\/li>\n<\/ol>\n<\/div>\n<\/p><div class=\"su-spacer\" style=\"height:100px\"><\/div><br>\n<div class=\"su-heading su-heading-style-line-blue su-heading-align-center\" id=\"\" style=\"font-size:16px;margin-bottom:0px\"><div class=\"su-heading-inner\">\n<h5><span class=\"su-highlight\" style=\"background:#FF503D;color:#ffffff\">&nbsp;<span style=\"font-weight: 400;\">Ces articles devraient aussi vous int\u00e9resser<\/span>&nbsp;<\/span><\/h5>\n<\/div><\/div><br>\n<div class=\"su-spacer\" style=\"height:50px\"><\/div><br>\n<ul class=\"cs-samelevel-posts\">\n\t\t\t<li><a href=\"https:\/\/le-lodge.fr\/conseil\/bien-choisir-centre-affaires-entreprise\/\"> Comment bien choisir un centre d'affaires pour son entreprise ?<\/a><\/li>\n\t\t\t<li><a href=\"https:\/\/le-lodge.fr\/conseil\/choisir-bureau-ideal-travailler-efficacement\/\"> Comment choisir le bureau id\u00e9al pour travailler efficacement ?<\/a><\/li>\n\t\t\t<li><a href=\"https:\/\/le-lodge.fr\/conseil\/centres-affaires-france\/\"> Notre liste des principaux centres d'affaires en France<\/a><\/li>\n\t\t\t<li><a href=\"https:\/\/le-lodge.fr\/conseil\/zone-franche-urbaine\/\"> Les avantages professionnels d'une Zone Franche Urbaine (ZFU)<\/a><\/li>\n\t\t\t<li><a href=\"https:\/\/le-lodge.fr\/conseil\/entretien-embauche\/\"> Comment bien pr\u00e9parer un entretien d\u2019embauche ?<\/a><\/li>\n\t\t\t<li><a href=\"https:\/\/le-lodge.fr\/conseil\/salle-conference\/\"> Salle de conf\u00e9rence : signification et sp\u00e9cificit\u00e9s<\/a><\/li>\n\t\t\t<li><a href=\"https:\/\/le-lodge.fr\/conseil\/creer-entreprise\/\"> Comment fonder sa bo\u00eete ou sa soci\u00e9t\u00e9 ? Le guide ultime pour tout savoir !<\/a><\/li>\n\t\t\t<li><a href=\"https:\/\/le-lodge.fr\/conseil\/open-space\/\"> Qu'est-ce qu'un Open space?<\/a><\/li>\n\t\t\t<li><a href=\"https:\/\/le-lodge.fr\/conseil\/salle-reunion\/\"> Le guide ultime de la salle de r\u00e9union efficace et cr\u00e9ative<\/a><\/li>\n\t\t\t<li><a href=\"https:\/\/le-lodge.fr\/conseil\/domiciliation-entreprise\/\"> Domiciliation de soci\u00e9t\u00e9 : qu\u2019est-ce que c\u2019est ? Le guide ultime de la domiciliation des entreprises<\/a><\/li>\n\t<\/ul>\n\n\n","protected":false},"excerpt":{"rendered":"<p>Le travail fait partie de notre vie, il rythme nos journ\u00e9es et nous permet d\u2019apprendre, de nous am\u00e9liorer, de faire des rencontres, d\u2019obtenir un salaire etc. Un employ\u00e9 \u00e0 temps plein passe plus de 1600 heures par an \u00e0 travailler, son \u00e9panouissement au sein de son entreprise est donc primordial. Selon votre m\u00e9tier, le secteur [&hellip;]<\/p>\n","protected":false},"author":3,"featured_media":1300,"parent":0,"menu_order":0,"comment_status":"closed","ping_status":"closed","template":"","meta":{"_seopress_robots_primary_cat":"","_seopress_titles_title":"Conditions de travail : d\u00e9finition et explications","_seopress_titles_desc":"Vous cherchez \u00e0 am\u00e9liorer les conditions de travail de vos employ\u00e9s et ne savez pas comment vous y prendre ? Nous vous guidons dans cette pratique fastidieuse. ","_seopress_robots_index":"","footnotes":""},"_links":{"self":[{"href":"https:\/\/le-lodge.fr\/conseil\/wp-json\/wp\/v2\/pages\/1292"}],"collection":[{"href":"https:\/\/le-lodge.fr\/conseil\/wp-json\/wp\/v2\/pages"}],"about":[{"href":"https:\/\/le-lodge.fr\/conseil\/wp-json\/wp\/v2\/types\/page"}],"author":[{"embeddable":true,"href":"https:\/\/le-lodge.fr\/conseil\/wp-json\/wp\/v2\/users\/3"}],"replies":[{"embeddable":true,"href":"https:\/\/le-lodge.fr\/conseil\/wp-json\/wp\/v2\/comments?post=1292"}],"version-history":[{"count":15,"href":"https:\/\/le-lodge.fr\/conseil\/wp-json\/wp\/v2\/pages\/1292\/revisions"}],"predecessor-version":[{"id":2875,"href":"https:\/\/le-lodge.fr\/conseil\/wp-json\/wp\/v2\/pages\/1292\/revisions\/2875"}],"wp:featuredmedia":[{"embeddable":true,"href":"https:\/\/le-lodge.fr\/conseil\/wp-json\/wp\/v2\/media\/1300"}],"wp:attachment":[{"href":"https:\/\/le-lodge.fr\/conseil\/wp-json\/wp\/v2\/media?parent=1292"}],"curies":[{"name":"wp","href":"https:\/\/api.w.org\/{rel}","templated":true}]}}