{"id":1290,"date":"2022-01-12T11:59:05","date_gmt":"2022-01-12T10:59:05","guid":{"rendered":"https:\/\/le-lodge.fr\/conseil\/?page_id=1290"},"modified":"2024-08-21T07:56:35","modified_gmt":"2024-08-21T05:56:35","slug":"attestation-domiciliation","status":"publish","type":"page","link":"https:\/\/le-lodge.fr\/conseil\/domiciliation-entreprise\/attestation-domiciliation\/","title":{"rendered":"Attestation de domiciliation de soci\u00e9t\u00e9 : d\u00e9finition et explications"},"content":{"rendered":"<p><span style=\"font-size: 18pt;\">\u00c7a y est <strong>vous \u00eates pr\u00eat<\/strong>\u00a0? Votre r\u00eave devient enfin r\u00e9alit\u00e9\u00a0? Vous \u00eates sur le point de <strong>lancer votre propre entreprise<\/strong>\u00a0? Quelle bonne id\u00e9e mais disposez-vous de toutes les informations essentielles avant de d\u00e9marrer\u00a0? Si vous ne savez pas par o\u00f9 commencer ou si vous d\u00e9sirez simplement quelques tips avant de sauter le pas, vous \u00eates au bon endroit\u00a0! D\u00e9couvrez dans cet article <strong>ce qu\u2019est une attestation de domiciliation de soci\u00e9t\u00e9<\/strong>. Ce document vous sera indispensable pour la <strong>cr\u00e9ation de votre entreprise<\/strong>, alors c\u2019est parti pour conna\u00eetre tous ses secrets : \u00c0 quoi il sert ? Comment l\u2019obtenir ?<br>\nVous vous interrogez sur <a href=\"https:\/\/le-lodge.fr\/conseil\/domiciliation-entreprise\/\">ce qu\u2019est la domiciliation de soci\u00e9t\u00e9<\/a> ? Notre <strong>centre d\u2019affaires le Lodge<\/strong> a r\u00e9alis\u00e9 un<strong> guide <\/strong>que vous pourrez consulter pour acqu\u00e9rir toutes les <strong>informations fondamentales<\/strong> \u00e0 ce sujet et vous lancer dans cette belle aventure.<\/span><\/p>\n\n<div class=\"su-youtube su-u-responsive-media-yes\"><iframe loading=\"lazy\" width=\"600\" height=\"400\" src=\"https:\/\/www.youtube.com\/embed\/CLa-scDl1u0?\" frameborder=\"0\" allowfullscreen allow=\"autoplay; encrypted-media; picture-in-picture\" title=\"\"><\/iframe><\/div>\n<h2>Qu\u2019est-ce que la domiciliation ?<\/h2>\n<p><img loading=\"lazy\" decoding=\"async\" class=\"size-full wp-image-1311 aligncenter\" src=\"https:\/\/le-lodge.fr\/conseil\/wp-content\/uploads\/2022\/01\/domiciliation.jpg\" alt=\"explication du terme domiciliation\" width=\"800\" height=\"533\" srcset=\"https:\/\/le-lodge.fr\/conseil\/wp-content\/uploads\/2022\/01\/domiciliation.jpg 800w, https:\/\/le-lodge.fr\/conseil\/wp-content\/uploads\/2022\/01\/domiciliation-768x512.jpg 768w, https:\/\/le-lodge.fr\/conseil\/wp-content\/uploads\/2022\/01\/domiciliation-736x491.jpg 736w\" sizes=\"(max-width: 800px) 100vw, 800px\" \/><\/p>\n<p>Lorsque vous d\u00e9cidez de <strong>cr\u00e9er une entreprise<\/strong>, il est obligatoire de <strong>d\u00e9clarer une adresse de domiciliation<\/strong>. Cette domiciliation donne une <strong>adresse administrative<\/strong> qui repr\u00e9sentera \u00e9galement le <strong>si\u00e8ge social<\/strong> de votre future enseigne. O\u00f9 souhaitez-vous que votre soci\u00e9t\u00e9 soit domicili\u00e9e\u00a0? \u00c0 <strong>votre domicile<\/strong>, dans <strong>une entreprise<\/strong>, dans <strong>un local commercial<\/strong> ou dans <strong>un centre d\u2019affaires<\/strong>\u00a0? Vous aurez l\u2019embarras du choix pour votre future adresse. Vous \u00eates pr\u00eat \u00e0 cr\u00e9er votre bo\u00eete\u00a0? Vous devrez obtenir un document pour <strong>lancer les d\u00e9marches<\/strong> et valider votre adresse\u00a0: <strong>l\u2019attestation de domiciliation<\/strong>.<\/p>\n<p style=\"text-align: center; font-size: 18pt;\"><b>Vous souhaitez faire domicilier votre entreprise ?<br>\nContactez le Lodge, votre centre d\u2019affaires \u00e0 Strasbourg !<\/b><\/p>\n<p style=\"text-align: center;\">Domiciliation et location de salles de r\u00e9union et bureaux avec ou sans domiciliation et espaces de r\u00e9ception.<\/p>\n<p style=\"text-align: center;\"><div class=\"su-button-center\"><span data-atc=\"aHR0cHM6Ly9sZS1sb2RnZS5mci9jb250YWN0ZXotbm91cy8=\" class=\"su-button su-button-style-flat atc pop\" style=\" cursor: pointer; color:#FFFFFF;background-color:#FF503D;border-color:;0px;\" target=\"_blank\" rel=\"noopener noreferrer\">\r\n\t\r\n\t\r\n\t<span style=\";padding:8px 26px;font-size:20px;line-height:30px;border-color:;border-radius:0px;-moz-border-radius:0px;-webkit-border-radius:0px;text-shadow:none;-moz-text-shadow:none;-webkit-text-shadow:none;background-color: #FF503D; color:#FFFFFF !important\"> <i class=\"sui sui-pencil-square-o\" style=\"\" aria-label=\"\"><\/i>Envoyer ma demande <\/span>\r\n\r\n<\/span><\/div>\n<h2><\/h2>\n<h2>Qu\u2019est-ce qu\u2019une attestation de domiciliation de soci\u00e9t\u00e9 ?<\/h2>\n<p>L\u2019attestation de domiciliation est un <strong>document<\/strong> qui doit \u00eatre accompagn\u00e9 de votre demande de domiciliation. Celui-ci est n\u00e9cessaire pour <strong>prouver et certifier<\/strong> que votre enseigne dispose d\u2019une <strong>adresse de domiciliation<\/strong>. N\u2019oubliez pas de remplir ce document, si vous ne le faites pas, le greffe pourra refuser l\u2019immatriculation.<\/p>\n<div class=\"su-box su-box-style-default su_custom_zone\" id=\"\" style=\"border-color:#cc1d0a;border-radius:3px\"><div class=\"su-box-title\" style=\"background-color:#FF503D;color:#FFFFFF;border-top-left-radius:1px;border-top-right-radius:1px\">Attention<\/div><div class=\"su-box-content su-u-clearfix su-u-trim\" style=\"border-bottom-left-radius:1px;border-bottom-right-radius:1px\">\u00c0 ne pas confondre avec le <strong>contrat de domiciliation<\/strong>. Ce contrat vous <strong>lie avec une entreprise <\/strong>ou <strong>un centre d\u2019affaires<\/strong> qui vous permet d\u2019<strong>acc\u00e9der \u00e0 son b\u00e2timent et ses locaux<\/strong> (bureaux, salle de conf\u00e9rence etc.) pour y travailler et acc\u00e9der \u00e0 divers services.<\/div><\/div>\n<h3>Quels sont les modes de domiciliation existants ?<\/h3>\n<p>Il existe <strong>plusieurs possibilit\u00e9s de domiciliation<\/strong> qui pourront convenir \u00e0 votre future entreprise selon vos besoins comme\u00a0: <strong>\u00a0<\/strong><br>\n<div class=\"su-list\" style=\"margin-left:10px\">\n<ul>\n<li><i class=\"sui sui-minus\" style=\"color:#FF503D\"><\/i> <strong>La domiciliation chez un particulier\u00a0: <\/strong>Celle-ci correspond g\u00e9n\u00e9ralement \u00e0 l\u2019adresse du dirigeant de l\u2019entreprise.<\/li>\n<li><i class=\"sui sui-minus\" style=\"color:#FF503D\"><\/i> <strong>La domiciliation aupr\u00e8s d\u2019un centre d\u2019affaires\u00a0: <\/strong>L\u2019adresse d\u2019un lieu sp\u00e9cifique proposant des espaces adapt\u00e9s aux entreprises (bureaux, salles de r\u00e9union etc.). Notre <strong>centre d\u2019affaires le Lodge<\/strong> vous propose cette solution. Pour plus d\u2019informations, n\u2019h\u00e9sitez pas \u00e0 <strong>nous contacter<\/strong>.<\/li>\n<li><i class=\"sui sui-minus\" style=\"color:#FF503D\"><\/i> <strong>La domiciliation collective\u00a0:<\/strong> Vous pourrez partager un lieu avec plusieurs enseignes et ainsi avoir la m\u00eame adresse.<\/li>\n<\/ul>\n<\/div>\n<h3>La domiciliation aupr\u00e8s d\u2019un centre d\u2019affaires<\/h3>\n<p><img loading=\"lazy\" decoding=\"async\" class=\"size-full wp-image-1312 aligncenter\" src=\"https:\/\/le-lodge.fr\/conseil\/wp-content\/uploads\/2022\/01\/salle_reunion.jpg\" alt=\"salle de r\u00e9union au sein d'un centre d'affaires\" width=\"800\" height=\"533\" srcset=\"https:\/\/le-lodge.fr\/conseil\/wp-content\/uploads\/2022\/01\/salle_reunion.jpg 800w, https:\/\/le-lodge.fr\/conseil\/wp-content\/uploads\/2022\/01\/salle_reunion-768x512.jpg 768w, https:\/\/le-lodge.fr\/conseil\/wp-content\/uploads\/2022\/01\/salle_reunion-736x491.jpg 736w\" sizes=\"(max-width: 800px) 100vw, 800px\" \/><\/p>\n<p><strong>Le Lodge<\/strong> est un <strong>centre d\u2019affaires<\/strong> qui propose un <strong>ensemble modulable de domiciliations<\/strong> et qui <strong>accueille <\/strong>de nombreuses <strong>entreprises <\/strong>pour qu\u2019elles puissent s\u2019\u00e9panouir professionnellement. Cette solution vous permet <strong>d\u2019acc\u00e9der \u00e0 divers services<\/strong> qui am\u00e9lioreront les performances et le confort de votre soci\u00e9t\u00e9 en <strong>r\u00e9pondant \u00e0 vos exigences<\/strong>.<\/p>\n<h3>Quelles sont les mentions obligatoires qui doivent appara\u00eetre sur votre attestation ?<\/h3>\n<p>Vous avez choisi votre mode de domiciliation\u00a0? D\u00e9couvrez maintenant les<strong> \u00e9l\u00e9ments obligatoires<\/strong> qui doivent \u00eatre <strong>indiqu\u00e9s<\/strong> sur votre <strong>attestation de domiciliation<\/strong> <strong>de soci\u00e9t\u00e9<\/strong>\u00a0:<br>\n<div class=\"su-list\" style=\"margin-left:10px\">\n<ul>\n<li><i class=\"sui sui-minus\" style=\"color:#FF503D\"><\/i> Le nom, pr\u00e9nom et l\u2019adresse du dirigeant de l\u2019enseigne<\/li>\n<li><i class=\"sui sui-minus\" style=\"color:#FF503D\"><\/i> La d\u00e9nomination sociale de l\u2019entreprise<\/li>\n<li><i class=\"sui sui-minus\" style=\"color:#FF503D\"><\/i> L\u2019adresse administrative (la domiciliation de votre entreprise)<\/li>\n<li><i class=\"sui sui-minus\" style=\"color:#FF503D\"><\/i> Le num\u00e9ro SIREN ou le num\u00e9ro unique d\u2019identification<\/li>\n<\/ul>\n<\/div>\n<h3>Comment l\u2019obtenir\u00a0?<\/h3>\n<p><img loading=\"lazy\" decoding=\"async\" class=\"size-full wp-image-1313 aligncenter\" src=\"https:\/\/le-lodge.fr\/conseil\/wp-content\/uploads\/2022\/01\/contacter.jpg\" alt=\"Appel t\u00e9l\u00e9phonique pour faire une demande d'attestation\" width=\"800\" height=\"534\" srcset=\"https:\/\/le-lodge.fr\/conseil\/wp-content\/uploads\/2022\/01\/contacter.jpg 800w, https:\/\/le-lodge.fr\/conseil\/wp-content\/uploads\/2022\/01\/contacter-768x513.jpg 768w, https:\/\/le-lodge.fr\/conseil\/wp-content\/uploads\/2022\/01\/contacter-736x491.jpg 736w\" sizes=\"(max-width: 800px) 100vw, 800px\" \/><\/p>\n<p>Maintenant que vous ma\u00eetrisez le sujet, il ne vous reste plus qu\u2019\u00e0 <strong>obtenir votre document<\/strong>. <strong>D\u00e9finissez votre projet <\/strong>et surtout le <strong>mode de domiciliation<\/strong> pour lequel vous souhaitez opter au pr\u00e9alable puis lancez-vous.<\/p>\n<p>Dans le cas o\u00f9 vous d\u00e9sirez choisir la <strong>domiciliation aupr\u00e8s d\u2019un centre d\u2019affaires<\/strong>, nous vous conseillons de<strong> prendre contact avec l\u2019\u00e9tablissement <\/strong>pour d\u00e9buter les d\u00e9marches. Celui-ci vous fournira par la suite l\u2019attestation tant attendue pour que vous puissiez la remplir. Vous ne souhaitez pas vous arr\u00eater en si bon chemin\u00a0? Vous pourrez \u00e9galement <strong>r\u00e9aliser un contrat de domiciliation<\/strong> pour <strong>profiter des offres<\/strong> de cet espace professionnel.<strong>\u00a0<\/strong><\/p>\n<h2><span style=\"color: #ff503d;\">L\u2019essentiel \u00e0 retenir<\/span><\/h2>\n<div class=\"su-list\" style=\"margin-left:10px\">\n<ol>\n<li><i class=\"sui sui-star\" style=\"color:#FF503D\"><\/i> Vous savez d\u00e9sormais ce qu\u2019est une <strong>attestation de domiciliation de soci\u00e9t\u00e9<\/strong> et \u00eates incollable sur le sujet. Il ne vous reste plus qu\u2019une seule \u00e9tape, celle de <strong>vous lancer<\/strong>\u00a0!<\/li>\n<li><i class=\"sui sui-star\" style=\"color:#FF503D\"><\/i> Prenez le temps de <strong>choisir votre domiciliation administrative<\/strong> selon <strong>vos besoins et attentes<\/strong>, ne n\u00e9gligez surtout pas cette \u00e9tape qui pourra avoir un r\u00e9el impact sur l\u2019<strong>avenir de votre entreprise<\/strong>.<\/li>\n<li><i class=\"sui sui-star\" style=\"color:#FF503D\"><\/i> Par la suite, remplissez votre attestation de domiciliation en indiquant votre adresse administrative (votre domicile, une entreprise ou une soci\u00e9t\u00e9 d\u00e9di\u00e9e \u00e0 la domiciliation).<\/li>\n<li><i class=\"sui sui-star\" style=\"color:#FF503D\"><\/i> Le <strong>centre d\u2019affaires du Lodge<\/strong> vous propose de <strong>b\u00e9n\u00e9ficier d\u2019espaces professionnels<\/strong> et de <strong>services optionnels<\/strong> au sein de la ville de Strasbourg \u00e0 des <strong>co\u00fbts avantageux<\/strong> qui ne vous feront plus h\u00e9siter. Si \u00e7a vous tente, n\u2019h\u00e9sitez pas \u00e0 nous contacter !<\/li>\n<\/ol>\n<\/div>\n<\/p><div class=\"su-spacer\" style=\"height:100px\"><\/div><br>\n<div class=\"su-heading su-heading-style-line-blue su-heading-align-center\" id=\"\" style=\"font-size:16px;margin-bottom:0px\"><div class=\"su-heading-inner\">\n<h5><span class=\"su-highlight\" style=\"background:#FF503D;color:#ffffff\">&nbsp;<span style=\"font-weight: 400;\">Ces articles devraient aussi vous int\u00e9resser<\/span>&nbsp;<\/span><\/h5>\n<\/div><\/div><br>\n<div class=\"su-spacer\" style=\"height:50px\"><\/div><br>\n<ul class=\"cs-samelevel-posts\">\n\t\t\t<li><a href=\"https:\/\/le-lodge.fr\/conseil\/domiciliation-entreprise\/differentes-options-domiciliation-entreprise\/\"> Quelles sont les diff\u00e9rentes options de domiciliation pour son entreprise ?<\/a><\/li>\n\t\t\t<li><a href=\"https:\/\/le-lodge.fr\/conseil\/domiciliation-entreprise\/bureau-virtuel\/\"> Bureau virtuel : le guide complet pour trouver le v\u00f4tre<\/a><\/li>\n\t\t\t<li><a href=\"https:\/\/le-lodge.fr\/conseil\/domiciliation-entreprise\/ou\/\"> O\u00f9 peut-on domicilier son entreprise ? Les meilleures solutions de domiciliation de soci\u00e9t\u00e9 : le guide complet<\/a><\/li>\n\t<\/ul>\n\n\n","protected":false},"excerpt":{"rendered":"<p>\u00c7a y est vous \u00eates pr\u00eat\u00a0? Votre r\u00eave devient enfin r\u00e9alit\u00e9\u00a0? Vous \u00eates sur le point de lancer votre propre entreprise\u00a0? Quelle bonne id\u00e9e mais disposez-vous de toutes les informations essentielles avant de d\u00e9marrer\u00a0? Si vous ne savez pas par o\u00f9 commencer ou si vous d\u00e9sirez simplement quelques tips avant de sauter le pas, vous [&hellip;]<\/p>\n","protected":false},"author":3,"featured_media":1310,"parent":230,"menu_order":0,"comment_status":"closed","ping_status":"closed","template":"","meta":{"_seopress_robots_primary_cat":"","_seopress_titles_title":"Qu\u2019est-ce qu\u2019une attestation de domiciliation de soci\u00e9t\u00e9 ?","_seopress_titles_desc":"Une attestation de domiciliation est un document permettant de certifier votre soci\u00e9t\u00e9 dans un lieu. Vous souhaitez la r\u00e9aliser ? On vous explique comment faire","_seopress_robots_index":"","footnotes":""},"_links":{"self":[{"href":"https:\/\/le-lodge.fr\/conseil\/wp-json\/wp\/v2\/pages\/1290"}],"collection":[{"href":"https:\/\/le-lodge.fr\/conseil\/wp-json\/wp\/v2\/pages"}],"about":[{"href":"https:\/\/le-lodge.fr\/conseil\/wp-json\/wp\/v2\/types\/page"}],"author":[{"embeddable":true,"href":"https:\/\/le-lodge.fr\/conseil\/wp-json\/wp\/v2\/users\/3"}],"replies":[{"embeddable":true,"href":"https:\/\/le-lodge.fr\/conseil\/wp-json\/wp\/v2\/comments?post=1290"}],"version-history":[{"count":12,"href":"https:\/\/le-lodge.fr\/conseil\/wp-json\/wp\/v2\/pages\/1290\/revisions"}],"predecessor-version":[{"id":3585,"href":"https:\/\/le-lodge.fr\/conseil\/wp-json\/wp\/v2\/pages\/1290\/revisions\/3585"}],"up":[{"embeddable":true,"href":"https:\/\/le-lodge.fr\/conseil\/wp-json\/wp\/v2\/pages\/230"}],"wp:featuredmedia":[{"embeddable":true,"href":"https:\/\/le-lodge.fr\/conseil\/wp-json\/wp\/v2\/media\/1310"}],"wp:attachment":[{"href":"https:\/\/le-lodge.fr\/conseil\/wp-json\/wp\/v2\/media?parent=1290"}],"curies":[{"name":"wp","href":"https:\/\/api.w.org\/{rel}","templated":true}]}}