{"id":119,"date":"2021-03-10T12:02:26","date_gmt":"2021-03-10T11:02:26","guid":{"rendered":"https:\/\/le-lodge.fr\/conseil\/?page_id=119"},"modified":"2021-12-21T13:42:30","modified_gmt":"2021-12-21T12:42:30","slug":"reduire-bruit","status":"publish","type":"page","link":"https:\/\/le-lodge.fr\/conseil\/open-space\/amenager\/reduire-bruit\/","title":{"rendered":"Comment r\u00e9duire le bruit autour de soi ?"},"content":{"rendered":"<p><span style=\"font-size: 18pt;\">Le bruit sur le lieu de travail est non seulement g\u00eanant, mais il peut \u00e9galement affecter votre sant\u00e9 personnelle et votre capacit\u00e9 \u00e0 rester productif. De nombreux facteurs contribuent \u00e0 l\u2019augmentation des nuisances sonores dans les bureaux. Il est important d\u2019avoir un bon <a href=\"https:\/\/le-lodge.fr\/conseil\/open-space\/amenager\">am\u00e9nagement de son poste de travail<\/a> afin de rester productif. Nous vous proposons d\u2019en savoir plus sur les effets n\u00e9fastes du bruit et quelles solutions existent pour r\u00e9soudre cette probl\u00e9matique.<\/span><\/p>\n\n<p class=\"p1\"><div class=\"su-youtube su-u-responsive-media-yes\"><iframe loading=\"lazy\" width=\"600\" height=\"400\" src=\"https:\/\/www.youtube.com\/embed\/Aq_OeZCrG-E?\" frameborder=\"0\" allowfullscreen allow=\"autoplay; encrypted-media; picture-in-picture\" title=\"\"><\/iframe><\/div>\n<h2>Le bruit au bureau<\/h2>\n<p>Se plaindre du bruit sur le lieu de travail peut sembler banal pour certains, mais du<strong> bruit excessif<\/strong> ou continu au sein d\u2019un bureau peut affecter la sant\u00e9 physique et mentale des employ\u00e9s ainsi que leur productivit\u00e9.<\/p>\n<h3>Les effets<\/h3>\n<p>Les principaux <strong>effets n\u00e9gatifs<\/strong> du bruit dans les bureaux en open space sont : la baisse de productivit\u00e9 et l\u2019augmentation du stress.<\/p>\n<p><strong>Baisse de la productivit\u00e9<\/strong> \u2013 Lorsqu\u2019un employ\u00e9 est continuellement perturb\u00e9 \u00e0 cause du bruit au sein d\u2019un espace de travail ouvert, cela peut entra\u00eener une <strong>baisse de la productivit\u00e9<\/strong>. Les interruptions r\u00e9guli\u00e8res am\u00e8nent \u00e0 une incapacit\u00e9 \u00e0 se concentrer, ce qui peut ensuite se traduire par un niveau de stress accru. La qualit\u00e9 du travail dans l\u2019ensemble de l\u2019open space pourrait en souffrir.<\/p>\n<p><strong>Augmentation du stress<\/strong> \u2013 Un environnement de travail bruyant qui perturbe la tranquillit\u00e9 des travailleurs augmente le stress et diminue le bien-\u00eatre des employ\u00e9s.<\/p>\n<p><strong>Autres effets n\u00e9fastes<\/strong> \u2013 Augmentation de la fatigue, augmentation de la nervosit\u00e9 et perte de patience, maux de t\u00eate.<\/p>\n<h3>Identifier la source du bruit<\/h3>\n<p>Afin de pouvoir r\u00e9duire le bruit et augmenter les <strong>performances acoustiques<\/strong> dans l\u2019espace de travail ouvert, il est primordial d\u2019identifier la ou les source(s) des nuisances sonores.<\/p>\n<p>La <strong>source du bruit<\/strong> peut provenir de l\u2019int\u00e9rieur. Il peut s\u2019agir par exemple d\u2019une sonnerie de t\u00e9l\u00e9phone, d\u2019un photocopieur, d\u2019une machine \u00e0 caf\u00e9, d\u2019un syst\u00e8me de climatisation bruyant ou de coll\u00e8gues qui parlent trop fort lors d\u2019une conversation t\u00e9l\u00e9phonique.<\/p>\n<p>Les nuisances peuvent aussi provenir de l\u2019ext\u00e9rieur comme par exemple le bruit du trafic routier, d\u2019un chantier de construction proche du bureau ou encore des voisins trop bruyants.<\/p>\n<h2>Si le bruit vient de l\u2019ext\u00e9rieur<\/h2>\n<p>Si le bruit provient de l\u2019ext\u00e9rieur, il faudra alors r\u00e9aliser un travail d<strong>\u2018isolement acoustique<\/strong>.<\/p>\n<p>Deux solutions s\u2019offrent \u00e0 vous : changer le vitrage ou faire une isolation phonique compl\u00e8te.<\/p>\n<h3>Changer le vitrage<\/h3>\n<p>Optez pour un double vitrage neuf et si possible sp\u00e9cialement con\u00e7u pour lutter contre les nuisances sonores ext\u00e9rieures. Il existe le vitrage \u00e0 isolation renforc\u00e9e, qui est compos\u00e9 d\u2019un verre feuillet\u00e9. C\u2019est le <strong>type de vitrage<\/strong> le plus performant en termes d\u2019isolation acoustique. S\u2019il n\u2019est pas envisageable de changer le vitrage, vous pouvez renforcer l\u2019efficacit\u00e9 acoustique des fen\u00eatres actuelles en changeant les joints. Cela permet d\u2019augmenter l\u2019\u00e9tanch\u00e9it\u00e9 des fen\u00eatres \u00e0 l\u2019air et donc emp\u00eacher le bruit de p\u00e9n\u00e9trer \u00e0 l\u2019int\u00e9rieur. C\u2019est une op\u00e9ration peu co\u00fbteuse et extr\u00eamement simple \u00e0 r\u00e9aliser.<\/p>\n<h3>Isolation phonique compl\u00e8te<\/h3>\n<p>Cette op\u00e9ration est relativement co\u00fbteuse et n\u00e9cessite des travaux d\u2019am\u00e9nagements. L\u2019<strong>isolation phonique<\/strong> portera sur les sols, les murs et les plafonds de l\u2019open space.<\/p>\n<p><strong>Les sols<\/strong> \u2013 Pour les sols, nous vous recommandons de choisir un rev\u00eatement souple qui permet une meilleure absorption acoustique. Il existe plusieurs mat\u00e9riaux pour avoir un <strong>sol souple<\/strong> : la moquette, le PVC ou encore le caoutchouc.<\/p>\n<p><strong>Les murs<\/strong> \u2013 Pour les murs en dur, vous pouvez choisir de placer une contre-cloison qui sera remplie avec de l\u2019<strong>isolant phonique<\/strong>. Dans le cas d\u2019un open space, il est conseill\u00e9 de s\u00e9parer les diff\u00e9rents postes de travail et\/ou salles de r\u00e9unions avec des <a href=\"https:\/\/le-lodge.fr\/conseil\/open-space\/amenager\/reduire-bruit\/cloison-phonique\/\">cloisons phoniques<\/a> qui sont sp\u00e9cialement con\u00e7ues pour am\u00e9liorer le confort acoustique dans une pi\u00e8ce. Ceux-ci participent \u00e9galement \u00e0 l\u2019am\u00e9lioration du design du bureau car ils sont fabriqu\u00e9s sur mesure et dans la couleur de votre choix.<\/p>\n<p><strong>Les plafonds<\/strong> \u2013 La meilleure solution est de faire poser un faux plafond afin d\u2019att\u00e9nuer les bruits provenant du dessus. L\u2019espace vide cr\u00e9\u00e9 par ce faux plafond sera rempli d\u2019un isolant phonique comme de la laine de verre. Il existe des solutions moins on\u00e9reuses et plus simples \u00e0 mettre en place comme par exemple la pose de <strong>panneaux acoustiques<\/strong> absorbant le son.<\/p>\n<h2>Si le bruit vient de l\u2019int\u00e9rieur<\/h2>\n<p>Lorsque le bruit provient de l\u2019int\u00e9rieur de l\u2019espace de travail, il existe une multitude de solutions efficaces et faciles \u00e0 mettre en \u0153uvre m\u00eame si les locaux sont occup\u00e9s.<\/p>\n<h3>Mettre des mat\u00e9riaux isolants et absorbants<\/h3>\n<p>Une solution facile \u00e0 mettre en place qui permet d\u2019att\u00e9nuer les nuisances sonores au sein d\u2019un espace de travail ouvert est l\u2019utilisation de <strong>mat\u00e9riaux absorbants<\/strong>. Les tapis par exemple poss\u00e8dent une tr\u00e8s grande capacit\u00e9 d\u2019absorption du bruit contrairement aux sols durs ou aux carrelages. Optez \u00e9galement pour du mobilier en bois qui absorbera davantage le son que les meubles en acier ou en c\u00e9ramique.<\/p>\n<p>Vous pouvez aussi faire l\u2019acquisition de panneaux acoustiques qui sont sp\u00e9cifiquement destin\u00e9s \u00e0 la r\u00e9duction du bruit dans les bureaux. Ils peuvent \u00eatre utilis\u00e9s pour d\u00e9limiter les diff\u00e9rents bureaux et apportent un design nouveau \u00e0 l\u2019espace de travail. Ils sont disponibles dans toutes les dimensions et les couleurs imaginables.<\/p>\n<h3>Isoler les appareils bruyants<\/h3>\n<p>\u00c9loignez le plus possible les <strong>appareils bruyants<\/strong> comme une imprimante ou la machine \u00e0 caf\u00e9 des postes de travail. L\u2019id\u00e9al serait de cr\u00e9er une pi\u00e8ce sp\u00e9cifique pour l\u2019utilisation des appareils bruyants comme un espace pour la pause-caf\u00e9 d\u00e9limit\u00e9 par des cloisons ou une pi\u00e8ce pour r\u00e9aliser les impressions et les copies de documents.<\/p>\n<p>Un syst\u00e8me de ventilation ou de climatisation mal entretenu est une source de bruit tr\u00e8s d\u00e9sagr\u00e9able, veillez donc \u00e0 r\u00e9aliser l\u2019entretien de vos \u00e9quipements en temps et en heure afin de r\u00e9duire le bruit au sein du bureau.<\/p>\n<p>Pensez \u00e9galement \u00e0 demander aux travailleurs de r\u00e9gler la sonnerie de leur t\u00e9l\u00e9phone \u00e0 un niveau sonore raisonnable pour ne pas d\u00e9ranger l\u2019ensemble des travailleurs \u00e0 chaque appel re\u00e7u.<\/p>\n<h3><img loading=\"lazy\" decoding=\"async\" class=\"size-medium wp-image-130 aligncenter\" src=\"https:\/\/le-lodge.fr\/conseil\/wp-content\/uploads\/2021\/03\/article-comment-reduire-le-bruit-autour-de-soi-800x533.jpg\" alt=\"Bureaux s\u00e9par\u00e9s avec cloison\" width=\"800\" height=\"533\" srcset=\"https:\/\/le-lodge.fr\/conseil\/wp-content\/uploads\/2021\/03\/article-comment-reduire-le-bruit-autour-de-soi-800x533.jpg 800w, https:\/\/le-lodge.fr\/conseil\/wp-content\/uploads\/2021\/03\/article-comment-reduire-le-bruit-autour-de-soi-768x512.jpg 768w, https:\/\/le-lodge.fr\/conseil\/wp-content\/uploads\/2021\/03\/article-comment-reduire-le-bruit-autour-de-soi-736x491.jpg 736w, https:\/\/le-lodge.fr\/conseil\/wp-content\/uploads\/2021\/03\/article-comment-reduire-le-bruit-autour-de-soi.jpg 1050w\" sizes=\"(max-width: 800px) 100vw, 800px\" \/><\/h3>\n<h3>Cr\u00e9er des espaces calmes et bruyants<\/h3>\n<p>Une solution relativement simple et rapide \u00e0 mettre en place est de transformer une ou plusieurs pi\u00e8ces de l\u2019entreprise inutilis\u00e9es en <strong>espaces r\u00e9serv\u00e9s au calme<\/strong>. Les travailleurs rencontrant la n\u00e9cessit\u00e9 de travailler dans le calme pourraient s\u2019y rendre et se concentrer plus efficacement sur leurs diverses t\u00e2ches.<\/p>\n<p>A contrario, il peut \u00eatre judicieux de d\u00e9dier des <strong>espaces au bruit<\/strong> car les employ\u00e9s rencontrent le besoin naturel d\u2019interagir avec leurs coll\u00e8gues, ou certains projets n\u00e9cessitent des interactions \u00e0 voix haute. La caf\u00e9t\u00e9ria ou une pi\u00e8ce pour la pause-caf\u00e9 par exemple.<\/p>\n<p>Si certains membres du personnel remplissent une fonction d\u2019agent de call-center, une pi\u00e8ce s\u00e9par\u00e9e du reste de l\u2019open space serait une solution id\u00e9ale pour optimiser le confort des autres travailleurs.<\/p>\n<p>La <strong>signal\u00e9tique<\/strong> au sein du bureau a \u00e9galement son importance pour r\u00e9duire le bruit dans les bureaux en open space. Nous vous conseillons vivement de d\u00e9limiter les zones de passage afin de d\u00e9concentrer le moins possible les travailleurs, et de ne pas positionner de poste de travail trop proche de l\u2019entr\u00e9e principale. Les va-et-vient continuels, le bruit d\u2019ouverture des portes et les \u00e9ventuels courants d\u2019air risquent de diminuer l\u2019attention des travailleurs.<\/p>\n<p style=\"text-align: center; font-size: 18pt;\"><b>Vous souhaitez louer un espace de travail adapt\u00e9 \u00e0 vos besoins ? Contactez le Lodge, votre centre d\u2019affaires \u00e0 Strasbourg !<\/b><\/p>\n<p style=\"text-align: center;\">Location de salles de r\u00e9union et bureaux avec ou sans domiciliation et espaces de r\u00e9ception.<\/p>\n<p style=\"text-align: center;\"><div class=\"su-button-center\"><span data-atc=\"aHR0cHM6Ly9sZS1sb2RnZS5mci9jb250YWN0ZXotbm91cy8=\" class=\"su-button su-button-style-flat atc pop\" style=\" cursor: pointer; color:#FFFFFF;background-color:#FF503D;border-color:;0px;\" target=\"_blank\" rel=\"noopener noreferrer\">\r\n\t\r\n\t\r\n\t<span style=\";padding:8px 26px;font-size:20px;line-height:30px;border-color:;border-radius:0px;-moz-border-radius:0px;-webkit-border-radius:0px;text-shadow:none;-moz-text-shadow:none;-webkit-text-shadow:none;background-color: #FF503D; color:#FFFFFF !important\"> <i class=\"sui sui-pencil-square-o\" style=\"\" aria-label=\"\"><\/i>Envoyer ma demande <\/span>\r\n\r\n<\/span><\/div>\n<h3>Porter un casque \u00e0 r\u00e9duction de bruit<\/h3>\n<p>Une autre solution assez simple et tr\u00e8s efficace est le<strong> port d\u2019un <a href=\"https:\/\/le-lodge.fr\/conseil\/open-space\/amenager\/reduire-bruit\/casque\/\">casque<\/a><\/strong> anti bruit. Il existe aujourd\u2019hui sur le march\u00e9 des casques ou des \u00e9couteurs sp\u00e9cifiquement con\u00e7us pour r\u00e9duire les bruits parasites.<br>\nR\u00e9duisez d\u00e8s maintenant les nuisances sonores pour un gain de productivit\u00e9<\/p>\n<h2><span style=\"color: #FF503D;\">L\u2019essentiel \u00e0 retenir<\/span><\/h2>\n<p>Que la source du bruit provienne de l\u2019int\u00e9rieur ou de l\u2019ext\u00e9rieur de votre bureau, les <strong>cons\u00e9quences n\u00e9fastes<\/strong> de ces bruits parasites sont nombreuses. En plus d\u2019augmenter le stress et la fatigue des collaborateurs de l\u2019entreprise, il est prouv\u00e9 que l\u2019exposition au bruit <strong>r\u00e9duit la concentration<\/strong> et donc la productivit\u00e9. Nous vous conseillons de mettre en \u0153uvre les diff\u00e9rentes astuces expliqu\u00e9es ci-dessus afin d<strong>\u2019augmenter le confort acoustique<\/strong> sur votre lieu de travail et le bien-\u00eatre des employ\u00e9s. Les retomb\u00e9es positives de cet investissement seront nombreuses et bien r\u00e9elles.<\/p>\n<div class=\"su-spacer\" style=\"height:100px\"><\/div><br>\n<div class=\"su-heading su-heading-style-line-orange su-heading-align-center\" id=\"\" style=\"font-size:16px;margin-bottom:0px\"><div class=\"su-heading-inner\">\n<h5><span class=\"su-highlight\" style=\"background:#FF503D;color:#ffffff\">&nbsp;<span style=\"font-weight: 400;\">Ces articles devraient aussi vous int\u00e9resser<\/span>&nbsp;<\/span><\/h5>\n<\/div><\/div><br>\n<div class=\"su-spacer\" style=\"height:50px\"><\/div><br>\n<ul class=\"cs-samelevel-posts\">\n\t\t\t<li><a href=\"https:\/\/le-lodge.fr\/conseil\/open-space\/amenager\/intimite\/\"> Comment conserver son intimit\u00e9 en Open Space ?<\/a><\/li>\n\t<\/ul>\n<div>\n<div class=\"font_preload\" style=\"opacity: 0;\"><\/div>\n<\/div>\n<div>\n<div class=\"font_preload\" style=\"opacity: 0;\"><\/div>\n<\/div>\n<div>\n<div class=\"font_preload\" style=\"opacity: 0;\"><\/div>\n<\/div>\n<div>\n<div class=\"font_preload\" style=\"opacity: 0;\"><\/div>\n<\/div>\n<div>\n<div class=\"font_preload\" style=\"opacity: 0;\"><\/div>\n<\/div>\n<div>\n<div class=\"font_preload\" style=\"opacity: 0;\"><\/div>\n<\/div>\n<div>\n<div class=\"font_preload\" style=\"opacity: 0;\"><\/div>\n<\/div>\n<div>\n<div class=\"font_preload\" style=\"opacity: 0;\"><\/div>\n<\/div>\n\n\n","protected":false},"excerpt":{"rendered":"<p>Le bruit sur le lieu de travail est non seulement g\u00eanant, mais il peut \u00e9galement affecter votre sant\u00e9 personnelle et votre capacit\u00e9 \u00e0 rester productif. De nombreux facteurs contribuent \u00e0 l\u2019augmentation des nuisances sonores dans les bureaux. Il est important d\u2019avoir un bon am\u00e9nagement de son poste de travail afin de rester productif. Nous vous [&hellip;]<\/p>\n","protected":false},"author":3,"featured_media":126,"parent":115,"menu_order":0,"comment_status":"open","ping_status":"closed","template":"","meta":{"_seopress_robots_primary_cat":"","_seopress_titles_title":"Open space : comment r\u00e9duire le bruit ? ","_seopress_titles_desc":"Le bruit peut rapidement devenir g\u00eanant en Open Space. Retrouvez nos conseils dans cet article pour pouvoir travailler au calme.","_seopress_robots_index":"","footnotes":""},"_links":{"self":[{"href":"https:\/\/le-lodge.fr\/conseil\/wp-json\/wp\/v2\/pages\/119"}],"collection":[{"href":"https:\/\/le-lodge.fr\/conseil\/wp-json\/wp\/v2\/pages"}],"about":[{"href":"https:\/\/le-lodge.fr\/conseil\/wp-json\/wp\/v2\/types\/page"}],"author":[{"embeddable":true,"href":"https:\/\/le-lodge.fr\/conseil\/wp-json\/wp\/v2\/users\/3"}],"replies":[{"embeddable":true,"href":"https:\/\/le-lodge.fr\/conseil\/wp-json\/wp\/v2\/comments?post=119"}],"version-history":[{"count":1,"href":"https:\/\/le-lodge.fr\/conseil\/wp-json\/wp\/v2\/pages\/119\/revisions"}],"predecessor-version":[{"id":1255,"href":"https:\/\/le-lodge.fr\/conseil\/wp-json\/wp\/v2\/pages\/119\/revisions\/1255"}],"up":[{"embeddable":true,"href":"https:\/\/le-lodge.fr\/conseil\/wp-json\/wp\/v2\/pages\/115"}],"wp:featuredmedia":[{"embeddable":true,"href":"https:\/\/le-lodge.fr\/conseil\/wp-json\/wp\/v2\/media\/126"}],"wp:attachment":[{"href":"https:\/\/le-lodge.fr\/conseil\/wp-json\/wp\/v2\/media?parent=119"}],"curies":[{"name":"wp","href":"https:\/\/api.w.org\/{rel}","templated":true}]}}