{"id":1156,"date":"2021-12-17T10:40:22","date_gmt":"2021-12-17T09:40:22","guid":{"rendered":"https:\/\/le-lodge.fr\/conseil\/?page_id=1156"},"modified":"2022-03-28T16:57:36","modified_gmt":"2022-03-28T14:57:36","slug":"decoration","status":"publish","type":"page","link":"https:\/\/le-lodge.fr\/conseil\/salle-conference\/amenager\/decoration\/","title":{"rendered":"Salle de conf\u00e9rence : osez \u00eatre cr\u00e9atif pour l\u2019embellir"},"content":{"rendered":"<p><span style=\"font-size: 18pt;\">Vous avez comme projet de cr\u00e9er une <strong>salle de conf\u00e9rence<\/strong> pour <strong>accueillir <\/strong>des <strong>\u00e9v\u00e9nements professionnels<\/strong>\u00a0? Vous manquez d\u2019inspiration et ne savez pas <strong>comment d\u00e9corer votre salle de conf\u00e9rence<\/strong>\u00a0? Vous vous sentez d\u00e9pass\u00e9 par cette nouvelle mission\u00a0? Vous vous demandez <strong>quelle peinture choisir<\/strong>, plut\u00f4t une couleur sobre ou color\u00e9e\u00a0? Ne vous tracassez pas plus longtemps, vous \u00eates tomb\u00e9 au bon endroit\u00a0! D\u00e9couvrez ci-dessous toutes <strong>nos astuces<\/strong> pour <strong>agencer<\/strong> votre nouvel <strong>espace de travail<\/strong> et le rendre agr\u00e9able pour vos futurs visiteurs. Vous ignorez <a href=\"https:\/\/le-lodge.fr\/conseil\/salle-conference\/amenager\/\">comment am\u00e9nager votre salle de conf\u00e9rence<\/a> ? D\u00e9couvrez notre <strong>guide pratique<\/strong> pour organiser votre nouvelle salle efficacement et facilement. <\/span><\/p>\n\n<div class=\"su-youtube su-u-responsive-media-yes\"><iframe loading=\"lazy\" width=\"600\" height=\"400\" src=\"https:\/\/www.youtube.com\/embed\/uWuGRx1EVRU?\" frameborder=\"0\" allowfullscreen allow=\"autoplay; encrypted-media; picture-in-picture\" title=\"\"><\/iframe><\/div>\n<h2>Les astuces pour d\u00e9corer votre salle de conf\u00e9rence<\/h2>\n<p>D\u00e9corer une <strong>salle de conf\u00e9rence<\/strong> n\u2019est pas une mince affaire et n\u00e9cessite un <strong>temps de r\u00e9flexion<\/strong> avant de se lancer dans les divers travaux. Vous ne devez pas n\u00e9gliger cette pi\u00e8ce o\u00f9 <strong>\u00e9mergent <\/strong>de <strong>nouvelles id\u00e9es<\/strong>, des <strong>d\u00e9cisions<\/strong> importantes et la naissance d\u2019une <strong>intelligence collective<\/strong>. Que vous soyez en manque d\u2019inspiration ou que vous h\u00e9sitez parmi plusieurs id\u00e9es, vous avez atterri au bon endroit\u00a0! Par o\u00f9 commencer\u00a0? Quelle couleur choisir pour les murs\u00a0? Plut\u00f4t du parquet au sol ou du PVC\u00a0? Une d\u00e9coration originale ou sobre pour commencer\u00a0? De nombreuses questions doivent actuellement se bousculer dans votre esprit et c\u2019est tout \u00e0 fait normal. D\u00e9couvrez tous <strong>nos conseils<\/strong> pour vous aider \u00e0 <strong>d\u00e9corer <\/strong>une <strong>salle de conf\u00e9rence <\/strong>qui insufflera le <strong>bien-\u00eatre <\/strong>et la <strong>coh\u00e9sion d\u2019\u00e9quipe<\/strong>. Vous \u00eates pr\u00eat\u00a0?<\/p>\n<p style=\"text-align: center; font-size: 18pt;\"><b>Vous souhaitez louer un espace de travail adapt\u00e9 \u00e0 vos besoins ? Contactez le Lodge, votre centre d\u2019affaires \u00e0 Strasbourg !<\/b><\/p>\n<p style=\"text-align: center;\">Location de salles de r\u00e9union et bureaux avec ou sans domiciliation et espaces de r\u00e9ception.<\/p>\n<p style=\"text-align: center;\"><div class=\"su-button-center\"><span data-atc=\"aHR0cHM6Ly9sZS1sb2RnZS5mci9jb250YWN0ZXotbm91cy8=\" class=\"su-button su-button-style-flat atc pop\" style=\" cursor: pointer; color:#FFFFFF;background-color:#FF503D;border-color:;0px;\" target=\"_blank\" rel=\"noopener noreferrer\">\r\n\t\r\n\t\r\n\t<span style=\";padding:8px 26px;font-size:20px;line-height:30px;border-color:;border-radius:0px;-moz-border-radius:0px;-webkit-border-radius:0px;text-shadow:none;-moz-text-shadow:none;-webkit-text-shadow:none;background-color: #FF503D; color:#FFFFFF !important\"> <i class=\"sui sui-pencil-square-o\" style=\"\" aria-label=\"\"><\/i>Envoyer ma demande <\/span>\r\n\r\n<\/span><\/div>\n<h3>Des murs vivants<\/h3>\n<p><img loading=\"lazy\" decoding=\"async\" class=\"size-full wp-image-1182 aligncenter\" src=\"https:\/\/le-lodge.fr\/conseil\/wp-content\/uploads\/2021\/12\/mur_colore.jpg\" alt=\"mur peint en bleu\" width=\"800\" height=\"533\" srcset=\"https:\/\/le-lodge.fr\/conseil\/wp-content\/uploads\/2021\/12\/mur_colore.jpg 800w, https:\/\/le-lodge.fr\/conseil\/wp-content\/uploads\/2021\/12\/mur_colore-768x512.jpg 768w, https:\/\/le-lodge.fr\/conseil\/wp-content\/uploads\/2021\/12\/mur_colore-736x491.jpg 736w\" sizes=\"(max-width: 800px) 100vw, 800px\" \/><\/p>\n<p>Et si on disait enfin stop aux murs blancs\u00a0? Votre <strong>salle de conf\u00e9rence<\/strong> devra <strong>inspirer la joie<\/strong>, la <strong>chaleur<\/strong> et surtout la <strong>convivialit\u00e9<\/strong>. Vous n\u2019aurez qu\u2019un seul objectif en t\u00eate en d\u00e9butant votre d\u00e9coration\u00a0: cr\u00e9er un <strong>espace<\/strong> qui permettra \u00e0 tous de <strong>travailler dans les meilleures conditions<\/strong>. Comment faire\u00a0? C\u2019est tr\u00e8s simple, <strong>osez les couleurs<\/strong> et les <strong>objets d\u00e9coratifs<\/strong> pour donner vie \u00e0 ce lieu et lui apporter une <strong>r\u00e9elle personnalit\u00e9<\/strong>. Vous pourrez opter pour un <strong>mur color\u00e9 <\/strong>qui apportera une <strong>signification<\/strong> <strong>sp\u00e9cifique<\/strong> \u00e0 votre pi\u00e8ce. Le <strong>bleu<\/strong> fera appel \u00e0 la <strong>concentration<\/strong>, pour plus de <strong>dynamisme<\/strong> vous pourrez peindre une partie d\u2019un mur en <strong>rouge<\/strong> et le <strong>vert<\/strong> insufflera le <strong>bien-\u00eatre<\/strong>. Chaque teinte poss\u00e8de un sens et pourra amener une ambiance sp\u00e9cifique \u00e0 votre salle. Quelle couleur vous fait de l\u2019\u0153il\u00a0?<\/p>\n<h3>Ajoutez des visuels<\/h3>\n<p>Les couleurs c\u2019est bien mais \u00e7a ne suffit pas\u00a0! Vous ne souhaitez pas que votre salle de conf\u00e9rence soit maussade\u00a0? Alors<strong> choisissez <\/strong>des <strong>affiches<\/strong>, des <strong>cadres<\/strong> ou des <strong>textes<\/strong> pour <strong>habiller votre pi\u00e8ce<\/strong> et lui donner une touche unique. Vous pourrez choisir de <strong>belles photos<\/strong> qui invitent au voyage, des <strong>visages de personnes<\/strong> qui ont marqu\u00e9 l\u2019histoire ou pr\u00e9f\u00e9rer des <strong>citations inspirantes<\/strong> qui motiveront les participants. Ainsi, votre salle sera un lieu propice aux <strong>\u00e9nergies positives<\/strong> et \u00e0 la <strong>cr\u00e9ation<\/strong>\u00a0! Laissez parler votre imagination pour instaurer un <strong>climat de bien-\u00eatre<\/strong> et de <strong>productivit\u00e9 <\/strong>au sein de votre salle de conf\u00e9rence.<\/p>\n<h3>Osez la verdure<\/h3>\n<p><img loading=\"lazy\" decoding=\"async\" class=\"size-full wp-image-1183 aligncenter\" src=\"https:\/\/le-lodge.fr\/conseil\/wp-content\/uploads\/2021\/12\/plantes.jpg\" alt=\"plusieurs plantes install\u00e9es\" width=\"800\" height=\"533\" srcset=\"https:\/\/le-lodge.fr\/conseil\/wp-content\/uploads\/2021\/12\/plantes.jpg 800w, https:\/\/le-lodge.fr\/conseil\/wp-content\/uploads\/2021\/12\/plantes-768x512.jpg 768w, https:\/\/le-lodge.fr\/conseil\/wp-content\/uploads\/2021\/12\/plantes-736x491.jpg 736w\" sizes=\"(max-width: 800px) 100vw, 800px\" \/><\/p>\n<p>N\u2019h\u00e9sitez pas \u00e0 renforcer votre <strong>d\u00e9coration<\/strong> en ajoutant des <strong>plantes naturelles<\/strong> ou <strong>artificielles <\/strong>qui procureront une r\u00e9elle <strong>sensation de bien-\u00eatre<\/strong>. La verdure apportera de la couleur et une v\u00e9ritable valeur ajout\u00e9e\u00a0! Il n\u2019y a rien de mieux qu\u2019un d\u00e9cor r\u00e9alis\u00e9 avec diverses plantes pour <strong>favoriser <\/strong>la <strong>concentration<\/strong> et les <strong>ondes positives<\/strong>.<strong>\u00a0<\/strong><\/p>\n<h3>S\u00e9lectionnez une luminosit\u00e9 adapt\u00e9e<\/h3>\n<p>Ensuite, vous ne devrez pas n\u00e9gliger la <strong>luminosit\u00e9 de votre pi\u00e8ce<\/strong>. Les salles de conf\u00e9rence ne poss\u00e8dent pas toutes de grandes baies vitr\u00e9es pour profiter de la lumi\u00e8re du jour. Nous vous conseillons de choisir des<strong> lampes <\/strong>o\u00f9 l\u2019<strong>intensit\u00e9 de la lumi\u00e8re <\/strong>peut \u00eatre contr\u00f4l\u00e9e, ainsi vous pourrez <strong>l\u2019adapter selon vos besoins <\/strong>et votre espace. De plus, elles pourront accentuer l\u2019atmosph\u00e8re que vous souhaitez instaurer dans votre pi\u00e8ce. \u00a0<strong>\u00a0<\/strong><\/p>\n<h3>Soyez authentique<\/h3>\n<p><img loading=\"lazy\" decoding=\"async\" class=\"size-full wp-image-1184 aligncenter\" src=\"https:\/\/le-lodge.fr\/conseil\/wp-content\/uploads\/2021\/12\/decoration_orginale.jpg\" alt=\"D\u00e9coration atypique d'une salle de conf\u00e9rence\" width=\"800\" height=\"511\" srcset=\"https:\/\/le-lodge.fr\/conseil\/wp-content\/uploads\/2021\/12\/decoration_orginale.jpg 800w, https:\/\/le-lodge.fr\/conseil\/wp-content\/uploads\/2021\/12\/decoration_orginale-768x491.jpg 768w\" sizes=\"(max-width: 800px) 100vw, 800px\" \/><\/p>\n<p>Vous avez peur d\u2019\u00eatre trop original ou pas assez\u00a0? Nous vous recommandons de sortir des <strong>cadres classiques<\/strong> et de construire votre salle de conf\u00e9rence selon vos attentes. Vous d\u00e9sirez qu\u2019on s\u2019y sente bien ? Que votre lieu communique une <strong>\u00e9nergie positive<\/strong> qui pousse \u00e0 se d\u00e9passer\u00a0? Alors lancez-vous et n\u2019ayez pas peur des <strong>d\u00e9corations dites \u00ab\u00a0atypiques\u00a0\u00bb<\/strong>. Au contraire, vous vous d\u00e9tacherez des d\u00e9cors habituels en optant pour de l\u2019<strong>in\u00e9dit<\/strong>, ce qui ne laissera pas indiff\u00e9rent. Vous d\u00e9sirez faire un <strong>mur en trompe-l\u2019\u0153il<\/strong>\u00a0? Faire venir un <strong>graphiste<\/strong> pour obtenir un <strong>design unique<\/strong>\u00a0? Cr\u00e9er un univers dans votre salle\u00a0? Tout est possible alors laissez<strong> libre cours <\/strong>\u00e0 <strong>votre imagination<\/strong>.<strong>\u00a0<\/strong><\/p>\n<h3>Un sol soign\u00e9<\/h3>\n<p>Le <strong>sol <\/strong>est aussi une \u00e9tape importante de la d\u00e9coration de votre pi\u00e8ce. Vous vous demandez certainement quel sol choisir, choisissez celui qui vous pla\u00eet et qui se <strong>mariera avec l\u2019am\u00e9nagement complet<\/strong> de votre salle. Vous pourrez pencher pour un sol en <strong>PVC<\/strong>, en <strong>parquet<\/strong> ou m\u00eame choisir des<strong> tapis<\/strong> pour <strong>cr\u00e9er une atmosph\u00e8re<\/strong> diff\u00e9rente. Ainsi, vous pourrez apporter plus de <strong>chaleur <\/strong>et d\u2019<strong>authenticit\u00e9 <\/strong>gr\u00e2ce \u00e0 votre rev\u00eatement au sol.<\/p>\n<h3>Choisir minutieusement le mobilier<\/h3>\n<p><img loading=\"lazy\" decoding=\"async\" class=\"size-full wp-image-1185 aligncenter\" src=\"https:\/\/le-lodge.fr\/conseil\/wp-content\/uploads\/2021\/12\/mobilier.jpg\" alt=\"chaises confortable de conf\u00e9rence\" width=\"800\" height=\"533\" srcset=\"https:\/\/le-lodge.fr\/conseil\/wp-content\/uploads\/2021\/12\/mobilier.jpg 800w, https:\/\/le-lodge.fr\/conseil\/wp-content\/uploads\/2021\/12\/mobilier-768x512.jpg 768w, https:\/\/le-lodge.fr\/conseil\/wp-content\/uploads\/2021\/12\/mobilier-736x491.jpg 736w\" sizes=\"(max-width: 800px) 100vw, 800px\" \/><\/p>\n<p>Pour finir, il vous faudra trouver le <strong>mobilier<\/strong> qui s\u2019<strong>unira parfaitement <\/strong>avec la <strong>d\u00e9coration <\/strong>de votre salle. Vous ne devrez bien \u00e9videmment pas n\u00e9gliger la <strong>qualit\u00e9 <\/strong>et l\u2019<strong>esth\u00e9tisme<\/strong> de votre <strong>mat\u00e9riel<\/strong>. Nous vous conseillons de choisir des <strong>chaises confortables<\/strong> pour que les visiteurs se sentent r\u00e9ellement bien dans votre salle. Ne laissez rien au hasard pour cr\u00e9er la salle de conf\u00e9rence id\u00e9ale\u00a0!<strong>\u00a0<\/strong><\/p>\n<h2><span style=\"color: #FF503D;\">L\u2019essentiel \u00e0 retenir<\/span><\/h2>\n<div class=\"su-list\" style=\"margin-left:10px\">\n<ol>\n<li><i class=\"sui sui-star\" style=\"color:#FF503D\"><\/i> Vous l\u2019aurez compris, tout doit \u00eatre <strong>pens\u00e9 et r\u00e9alis\u00e9<\/strong> pour le <strong>bien-\u00eatre des personnes <\/strong>qui se rendront dans votre salle.<\/li>\n<li><i class=\"sui sui-star\" style=\"color:#FF503D\"><\/i> <strong>Osez la cr\u00e9ativit\u00e9<\/strong>, <strong>la couleur<\/strong> et <strong>les d\u00e9corations inspirantes <\/strong>pour cr\u00e9er une <strong>atmosph\u00e8re <\/strong>invitant au <strong>bien-\u00eatre<\/strong>, \u00e0 la <strong>concentration<\/strong> et \u00e0 la<strong> collaboration<\/strong> pour permettre \u00e0 chacun de passer un agr\u00e9able moment au sein d\u2019un lieu unique.<\/li>\n<li><i class=\"sui sui-star\" style=\"color:#FF503D\"><\/i> Nous esp\u00e9rons que <strong>nos conseils<\/strong> ont pu <strong>vous aider<\/strong> dans le choix de la future d\u00e9coration de votre salle de conf\u00e9rence et que vous \u00eates pr\u00eat \u00e0 <strong>d\u00e9marrer cette aventure<\/strong>.<\/li>\n<\/ol>\n<\/div>\n<\/p><div class=\"su-spacer\" style=\"height:100px\"><\/div><br>\n<div class=\"su-heading su-heading-style-line-blue su-heading-align-center\" id=\"\" style=\"font-size:16px;margin-bottom:0px\"><div class=\"su-heading-inner\">\n<h5><span class=\"su-highlight\" style=\"background:#FF503D;color:#ffffff\">&nbsp;<span style=\"font-weight: 400;\">Ces articles devraient aussi vous int\u00e9resser<\/span>&nbsp;<\/span><\/h5>\n<\/div><\/div><br>\n<div class=\"su-spacer\" style=\"height:50px\"><\/div><br>\n<ul class=\"cs-samelevel-posts\">\n\t\t\t<li><a href=\"https:\/\/le-lodge.fr\/conseil\/salle-conference\/amenager\/eclairage\/\"> Salle de conf\u00e9rence : quel \u00e9clairage choisir ?<\/a><\/li>\n\t\t\t<li><a href=\"https:\/\/le-lodge.fr\/conseil\/salle-conference\/amenager\/haut-parleur\/\"> Tous nos conseils sur la sonorisation dans une salle de conf\u00e9rence : haut-parleur, micro<\/a><\/li>\n\t\t\t<li><a href=\"https:\/\/le-lodge.fr\/conseil\/salle-conference\/amenager\/choix-fauteuils\/\"> Salle de conf\u00e9rence : quelles assises privil\u00e9gier pour favoriser le confort des participants ?<\/a><\/li>\n\t\t\t<li><a href=\"https:\/\/le-lodge.fr\/conseil\/salle-conference\/amenager\/mobilier\/\"> Salle de conf\u00e9rence : les \u00e9quipements \u00e0 avoir imp\u00e9rativement !<\/a><\/li>\n\t<\/ul>\n\n\n","protected":false},"excerpt":{"rendered":"<p>Vous avez comme projet de cr\u00e9er une salle de conf\u00e9rence pour accueillir des \u00e9v\u00e9nements professionnels\u00a0? Vous manquez d\u2019inspiration et ne savez pas comment d\u00e9corer votre salle de conf\u00e9rence\u00a0? Vous vous sentez d\u00e9pass\u00e9 par cette nouvelle mission\u00a0? Vous vous demandez quelle peinture choisir, plut\u00f4t une couleur sobre ou color\u00e9e\u00a0? Ne vous tracassez pas plus longtemps, vous [&hellip;]<\/p>\n","protected":false},"author":3,"featured_media":1181,"parent":1141,"menu_order":3,"comment_status":"closed","ping_status":"closed","template":"","meta":{"_seopress_robots_primary_cat":"","_seopress_titles_title":"Comment d\u00e9corer une salle de conf\u00e9rence ?","_seopress_titles_desc":"Vous souhaitez r\u00e9am\u00e9nager votre salle de conf\u00e9rences et ne savez pas comment vous y prendre ? Pas de panique, on vous explique tout. ","_seopress_robots_index":"","footnotes":""},"_links":{"self":[{"href":"https:\/\/le-lodge.fr\/conseil\/wp-json\/wp\/v2\/pages\/1156"}],"collection":[{"href":"https:\/\/le-lodge.fr\/conseil\/wp-json\/wp\/v2\/pages"}],"about":[{"href":"https:\/\/le-lodge.fr\/conseil\/wp-json\/wp\/v2\/types\/page"}],"author":[{"embeddable":true,"href":"https:\/\/le-lodge.fr\/conseil\/wp-json\/wp\/v2\/users\/3"}],"replies":[{"embeddable":true,"href":"https:\/\/le-lodge.fr\/conseil\/wp-json\/wp\/v2\/comments?post=1156"}],"version-history":[{"count":13,"href":"https:\/\/le-lodge.fr\/conseil\/wp-json\/wp\/v2\/pages\/1156\/revisions"}],"predecessor-version":[{"id":1775,"href":"https:\/\/le-lodge.fr\/conseil\/wp-json\/wp\/v2\/pages\/1156\/revisions\/1775"}],"up":[{"embeddable":true,"href":"https:\/\/le-lodge.fr\/conseil\/wp-json\/wp\/v2\/pages\/1141"}],"wp:featuredmedia":[{"embeddable":true,"href":"https:\/\/le-lodge.fr\/conseil\/wp-json\/wp\/v2\/media\/1181"}],"wp:attachment":[{"href":"https:\/\/le-lodge.fr\/conseil\/wp-json\/wp\/v2\/media?parent=1156"}],"curies":[{"name":"wp","href":"https:\/\/api.w.org\/{rel}","templated":true}]}}