{"id":1151,"date":"2021-12-17T10:40:50","date_gmt":"2021-12-17T09:40:33","guid":{"rendered":"https:\/\/le-lodge.fr\/conseil\/?page_id=1151"},"modified":"2022-07-07T14:24:17","modified_gmt":"2022-07-07T12:24:17","slug":"louer","status":"publish","type":"page","link":"https:\/\/le-lodge.fr\/conseil\/salle-conference\/louer\/","title":{"rendered":"Salle de conf\u00e9rence : les nombreux atouts de la location"},"content":{"rendered":"<p><span style=\"font-size: 18pt;\">Vous <strong>manquez d\u2019espace<\/strong> ou ne disposez pas d\u2019une salle de r\u00e9union dans votre <strong>entreprise<\/strong>\u00a0? Nous avons la cl\u00e9 pour vous aider\u00a0! Vous souhaitez <strong>r\u00e9unir<\/strong> tous <strong>vos collaborateurs<\/strong> pour un <strong>\u00e9v\u00e9nement professionnel<\/strong> sp\u00e9cifique mais vous ignorez o\u00f9 vous rassembler ? Simple et efficace, optez pour la <strong>location d\u2019une salle<\/strong> <strong>de conf\u00e9rence<\/strong>. D\u00e9couvrez ci-dessous tous <strong>les atouts<\/strong> de cette solution et vous comprendrez rapidement <strong>pourquoi louer une salle de conf\u00e9rence<\/strong> est la <strong>meilleure option <\/strong>pour vos futurs rendez-vous professionnels. Vous souhaitez en apprendre davantage sur ce type de lieu ? Nous avons r\u00e9alis\u00e9 un <strong>guide pratique<\/strong> sur <a href=\"https:\/\/le-lodge.fr\/conseil\/salle-conference\/\">qu\u2019est-ce qu\u2019une salle de conf\u00e9rence<\/a>. N\u2019h\u00e9sitez pas \u00e0 le consulter pour comprendre tous <strong>les avantages de cette solution<\/strong>.<\/span><\/p>\n\n<div class=\"su-youtube su-u-responsive-media-yes\"><iframe loading=\"lazy\" width=\"600\" height=\"400\" src=\"https:\/\/www.youtube.com\/embed\/aMeEhUvBHoE?\" frameborder=\"0\" allowfullscreen allow=\"autoplay; encrypted-media; picture-in-picture\" title=\"\"><\/iframe><\/div>\n<h2>Les 5 meilleures raisons de louer une salle de conf\u00e9rence<\/h2>\n<p>Vous devez organiser un <strong>s\u00e9minaire d\u2019entreprise<\/strong>\u00a0? R\u00e9aliser une <strong>f\u00eate<\/strong> pour les <strong>15 ans de votre enseigne<\/strong>\u00a0? C\u00e9l\u00e9brer un \u00e9v\u00e9nement important avec tous vos collaborateurs\u00a0? Que de bonnes id\u00e9es mais o\u00f9 les r\u00e9aliser sans encombre\u00a0? Vous pourrez pencher pour la <strong>location d\u2019une salle<\/strong> qui vous offrira tout ce dont vous aurez besoin\u00a0! Vous h\u00e9sitez encore\u00a0? D\u00e9couvrez ci-dessous <strong>les bonnes raisons<\/strong> d\u2019opter pour la location d\u2019une <strong>salle de conf\u00e9rence<\/strong> pour vos <strong>futurs \u00e9v\u00e9nements professionnels<\/strong>.<\/p>\n<p style=\"text-align: center; font-size: 18pt;\"><b>Vous souhaitez louer un espace de travail adapt\u00e9 \u00e0 vos besoins ? Contactez le Lodge, votre centre d\u2019affaires \u00e0 Strasbourg !<\/b><\/p>\n<p style=\"text-align: center;\">Location de salles de r\u00e9union et bureaux avec ou sans domiciliation et espaces de r\u00e9ception.<\/p>\n<p style=\"text-align: center;\"><div class=\"su-button-center\"><span data-atc=\"aHR0cHM6Ly9sZS1sb2RnZS5mci9jb250YWN0ZXotbm91cy8=\" class=\"su-button su-button-style-flat atc pop\" style=\" cursor: pointer; color:#FFFFFF;background-color:#FF503D;border-color:;0px;\" target=\"_blank\" rel=\"noopener noreferrer\">\r\n\t\r\n\t\r\n\t<span style=\";padding:8px 26px;font-size:20px;line-height:30px;border-color:;border-radius:0px;-moz-border-radius:0px;-webkit-border-radius:0px;text-shadow:none;-moz-text-shadow:none;-webkit-text-shadow:none;background-color: #FF503D; color:#FFFFFF !important\"> <i class=\"sui sui-pencil-square-o\" style=\"\" aria-label=\"\"><\/i>Envoyer ma demande <\/span>\r\n\r\n<\/span><\/div>\n<h3>1<sup>\u00e8re<\/sup> raison\u00a0: Profiter d\u2019une salle adapt\u00e9e<\/h3>\n<p><img loading=\"lazy\" decoding=\"async\" class=\"size-full wp-image-1196 aligncenter\" src=\"https:\/\/le-lodge.fr\/conseil\/wp-content\/uploads\/2021\/12\/salle_adaptee.jpg\" alt=\"salle de conf\u00e9rence \u00e9quip\u00e9e\" width=\"800\" height=\"402\" srcset=\"https:\/\/le-lodge.fr\/conseil\/wp-content\/uploads\/2021\/12\/salle_adaptee.jpg 800w, https:\/\/le-lodge.fr\/conseil\/wp-content\/uploads\/2021\/12\/salle_adaptee-768x386.jpg 768w\" sizes=\"(max-width: 800px) 100vw, 800px\" \/><\/p>\n<p>Vous souhaitez une <strong>salle adapt\u00e9e<\/strong> \u00e0 vos crit\u00e8res\u00a0? Vous n\u2019en avez pas au sein de votre entreprise\u00a0? Vous pourrez trouver la v\u00f4tre gr\u00e2ce \u00e0 la location de salles de conf\u00e9rence\u00a0! Il est fort probable que votre entreprise ne dispose pas d\u2019un <strong>local<\/strong> pour <strong>accueillir tous vos collaborateurs<\/strong> ou qu\u2019elle n\u2019offre pas les \u00e9quipements n\u00e9cessaires pour r\u00e9aliser des s\u00e9minaires. En louant une <strong>salle de conf\u00e9rence<\/strong> vous n\u2019aurez pas \u00e0 vous soucier de l\u2019espace, l\u2019am\u00e9nagement, le mobilier ou de tracas quotidiens, vous disposerez de tout ce qu\u2019il vous faut sur place pour <strong>travailler dans de bonnes conditions<\/strong>. Il existe des <strong>espaces modulables<\/strong> qui peuvent s\u2019adapter \u00e0 tous vos souhaits, alors pourquoi attendre\u00a0?<\/p>\n<p>La <strong>location de salle<\/strong> est la <strong>solution id\u00e9ale<\/strong> pour profiter d\u2019un <strong>espace<\/strong> parfaitement <strong>adapt\u00e9 \u00e0 vos besoins<\/strong>. Pourquoi\u00a0? C\u2019est vous qui la choisissez <strong>en fonction de vos crit\u00e8res<\/strong>, ainsi vous ne pourrez pas vous tromper\u00a0!<\/p>\n<p>Vous souhaitez en apprendre davantage \u00e0 ce sujet ? D\u00e9couvrez plus en d\u00e9tail quels sont les <a href=\"https:\/\/le-lodge.fr\/conseil\/salle-conference\/louer\/avantages\/\">avantages\u00a0\u00e0 la location d\u2019une salle de conf\u00e9rence<\/a> et partez \u00e0 la conqu\u00eate de votre futur espace de travail !<\/p>\n<h3>2<sup>\u00e8me<\/sup> raison\u00a0: Sortir du cadre habituel de travail<\/h3>\n<p>Et si vous repartiez de z\u00e9ro\u00a0? Un <strong>nouveau lieu<\/strong> pour de <strong>nouvelles id\u00e9es<\/strong>, voil\u00e0 l\u2019objectif de la location d\u2019une salle de conf\u00e9rence\u00a0! En <strong>louant une salle<\/strong> sp\u00e9cifique vous pourrez insuffler une <strong>nouvelle \u00e9nergie<\/strong> \u00e0 chaque collaborateur. Vous offrez la possibilit\u00e9 \u00e0 chacun de <strong>voir les choses diff\u00e9remment<\/strong>, d\u2019<strong>accro\u00eetre<\/strong> leur <strong>cr\u00e9ativit\u00e9<\/strong> et de faire <strong>\u00e9merger de nouvelles id\u00e9es<\/strong>. Ils pourront profiter d\u2019un <strong>cadre id\u00e9al<\/strong> et attrayant gr\u00e2ce \u00e0 une <strong>d\u00e9coration <\/strong>r\u00e9alis\u00e9e avec soin ou \u00e0 cause d\u2019une <strong>vue imprenable<\/strong> sur la nature. Qu\u2019importe le choix de votre salle de conf\u00e9rence, l\u2019id\u00e9e est d\u2019<strong>apporter un renouveau <\/strong>en vous r\u00e9unissant au sein d\u2019un nouvel espace. Osez sortir de votre quotidien en optant pour une <strong>salle adapt\u00e9e \u00e0 vos besoins<\/strong>. Vous pourrez profiter de l\u2019<strong>intelligence collective <\/strong>au sein d\u2019un d\u00e9cor nouveau et d\u00e9paysant.<\/p>\n<h3>3<sup>\u00e8me<\/sup> raison\u00a0: Disposer d\u2019\u00e9quipements adapt\u00e9s<\/h3>\n<p><img loading=\"lazy\" decoding=\"async\" class=\"size-full wp-image-1197 aligncenter\" src=\"https:\/\/le-lodge.fr\/conseil\/wp-content\/uploads\/2021\/12\/salle_equipee.jpg\" alt=\"salle \u00e9quip\u00e9e d'\u00e9crans\" width=\"800\" height=\"533\" srcset=\"https:\/\/le-lodge.fr\/conseil\/wp-content\/uploads\/2021\/12\/salle_equipee.jpg 800w, https:\/\/le-lodge.fr\/conseil\/wp-content\/uploads\/2021\/12\/salle_equipee-768x512.jpg 768w, https:\/\/le-lodge.fr\/conseil\/wp-content\/uploads\/2021\/12\/salle_equipee-736x491.jpg 736w\" sizes=\"(max-width: 800px) 100vw, 800px\" \/><\/p>\n<p>Une r\u00e9union, un s\u00e9minaire, une formation sans mat\u00e9riel\u00a0? C\u2019est impensable\u00a0! Les salles de conf\u00e9rence vous permettent d\u2019acc\u00e9der \u00e0 <strong>divers \u00e9quipements<\/strong> qui rendront vos <strong>rendez-vous professionnels dynamiques<\/strong> et <strong>participatifs<\/strong>. Vous pourrez profiter d\u2019une <strong>connexion internet<\/strong> <strong>haut d\u00e9bit<\/strong>, d\u2019un <strong>syst\u00e8me de sonorisation<\/strong> de haute qualit\u00e9, d\u2019<strong>\u00e9crans digitaux <\/strong>ou <strong>interactifs<\/strong>, d\u2019un <strong>mat\u00e9riel audiovisuel<\/strong> fonctionnel etc. Selon vos besoins, vous d\u00e9nicherez la salle qu\u2019il vous faut\u00a0! De plus, pas besoin de vous tracasser, vous n\u2019aurez pas \u00e0 g\u00e9rer l\u2019installation du mat\u00e9riel, un stress et une organisation en moins. La <strong>location de salle<\/strong> permet de <strong>faciliter vos \u00e9v\u00e9nements<\/strong>, de vous d\u00e9charger sur beaucoup de points, tout est pens\u00e9 pour vous simplifier la vie. Vous vous demandez <a href=\"https:\/\/le-lodge.fr\/conseil\/salle-conference\/louer\/formation\/\">quelle salle de conf\u00e9rence choisir pour votre organisme de formation<\/a> ? D\u00e9couvrez notre guide pour d\u00e9nicher l\u2019espace adapt\u00e9 \u00e0 vos besoins.<\/p>\n<div class=\"su-box su-box-style-default su_custom_zone\" id=\"\" style=\"border-color:#cc1d0a;border-radius:3px\"><div class=\"su-box-title\" style=\"background-color:#FF503D;color:#FFFFFF;border-top-left-radius:1px;border-top-right-radius:1px\">\u00c0 savoir<\/div><div class=\"su-box-content su-u-clearfix su-u-trim\" style=\"border-bottom-left-radius:1px;border-bottom-right-radius:1px\">Les \u00e9quipements ne vous suffisent pas\u00a0? <strong>Certains lieux<\/strong> vous permettent d\u2019acc\u00e9der \u00e0 des <strong>espaces d\u00e9tente<\/strong>, un <strong>service de restauration<\/strong> et des <strong>prestations suppl\u00e9mentaires<\/strong> selon vos d\u00e9sirs. Vous pourrez opter pour une <strong>solution tout-compris<\/strong>.<\/div><\/div>\n<h3>4<sup>\u00e8me<\/sup> raison\u00a0: Cr\u00e9er une nouvelle dynamique d\u2019\u00e9quipe<\/h3>\n<p>Vous n\u2019avez pas souvent l\u2019occasion de r\u00e9unir toute votre \u00e9quipe\u00a0? Vos collaborateurs sont \u00e9parpill\u00e9s dans des villes partout en France\u00a0? Quoi de plus id\u00e9al que de <strong>louer une salle de conf\u00e9rence<\/strong> pour vous retrouver <strong>une journ\u00e9e<\/strong>\u00a0! En organisant votre \u00e9v\u00e9nement au sein d\u2019une salle de conf\u00e9rence vous cr\u00e9erez une <strong>v\u00e9ritable valeur ajout\u00e9e <\/strong>en rendant cet <strong>\u00e9v\u00e9nement unique<\/strong>. Vos <strong>collaborateurs<\/strong> se sentiront <strong>consid\u00e9r\u00e9s<\/strong> et auront envie de <strong>participer <\/strong>\u00e0 ce grand rassemblement. Vous pourrez <strong>favoriser l\u2019\u00e9change de groupe<\/strong> au sein d\u2019un <strong>cadre attractif<\/strong> et propice \u00e0 la collaboration. En optant pour la location d\u2019une salle, vous offrirez \u00e0 vos collaborateurs un <strong>espace attrayant<\/strong> pour travailler dans de bonnes conditions. Ils pourront profiter d\u2019un <strong>mobilier confortable et fiable<\/strong>, d\u2019une collation et de certaines prestations. Cette solution vous permet de tous vous retrouver, de discuter de certains sujets et surtout de <strong>renforcer la coh\u00e9sion d\u2019\u00e9quipe<\/strong> et celle de l\u2019entreprise toute enti\u00e8re. Que demander de mieux\u00a0?<\/p>\n<h3>5<sup>\u00e8me<\/sup> raison\u00a0: Une solution rentable en un rien de temps<\/h3>\n<p><img loading=\"lazy\" decoding=\"async\" class=\"size-full wp-image-1198 aligncenter\" src=\"https:\/\/le-lodge.fr\/conseil\/wp-content\/uploads\/2021\/12\/budget_economie.jpg\" alt=\"budget ma\u00eetris\u00e9 \" width=\"800\" height=\"320\" srcset=\"https:\/\/le-lodge.fr\/conseil\/wp-content\/uploads\/2021\/12\/budget_economie.jpg 800w, https:\/\/le-lodge.fr\/conseil\/wp-content\/uploads\/2021\/12\/budget_economie-768x307.jpg 768w\" sizes=\"(max-width: 800px) 100vw, 800px\" \/><\/p>\n<p>Pour finir, <strong>louer une salle de conf\u00e9rence<\/strong> est la <strong>meilleure solution<\/strong> pour <strong>ne pas vous ruiner\u00a0<\/strong>! En effet, cela vous co\u00fbtera toujours moins cher que de construire la v\u00f4tre. Vous n\u2019aurez pas besoin de financer des \u00e9quipements on\u00e9reux, de vous charger de la d\u00e9corer ou de l\u2019entretenir. Cela n\u00e9cessite du temps, de l\u2019\u00e9nergie et de l\u2019argent que vous n\u2019aurez pas forc\u00e9ment. En optant pour la location, vous gagnerez en temps et <strong>vous d\u00e9penserez bien moins\u00a0<\/strong>! Vous pourrez <strong>choisir la salle<\/strong> qu\u2019il vous faut selon <strong>votre budget<\/strong> et <strong>vos besoins<\/strong>. Si vous organisez des rendez-vous professionnels occasionnels, la location sera la <strong>meilleure option<\/strong>\u00a0pour faire de v\u00e9ritables <strong>\u00e9conomies<\/strong> en profitant d\u2019un <strong>espace am\u00e9nag\u00e9 et tout \u00e9quip\u00e9<\/strong> ! Il existe des <strong>services tout-inclus<\/strong> qui ne vous feront plus h\u00e9siter.<\/p>\n<p>Vous \u00eates \u00e0 la recherche d\u2019une <a href=\"https:\/\/le-lodge.fr\/conseil\/salle-conference\/louer\/seminaire-entreprise\/\">salle pour organiser un s\u00e9minaire d\u2019entreprise<\/a> ? D\u00e9couvrez dans notre guide tous les conseils et informations pour vous aider dans votre qu\u00eate.<\/p>\n<h2><span style=\"color: #FF503D;\">L\u2019essentiel \u00e0 retenir<\/span><\/h2>\n<div class=\"su-list\" style=\"margin-left:10px\">\n<ol>\n<li><i class=\"sui sui-star\" style=\"color:#FF503D\"><\/i> Vous connaissez d\u00e9sormais les <strong>5 meilleures raisons<\/strong> de <strong>louer une salle de conf\u00e9rence<\/strong>, alors qu\u2019attendez-vous pour d\u00e9nicher celle qui correspondra \u00e0 votre futur \u00e9v\u00e9nement ?<\/li>\n<li><i class=\"sui sui-star\" style=\"color:#FF503D\"><\/i> La <strong>location de salle<\/strong> est la <strong>meilleure solution<\/strong> pour des entreprises qui ne disposent pas d\u2019un local sp\u00e9cifique <strong>pour se rassembler<\/strong>.<\/li>\n<li><i class=\"sui sui-star\" style=\"color:#FF503D\"><\/i> Prenez le temps de r\u00e9fl\u00e9chir \u00e0 votre \u00e9v\u00e9nement en amont puis partez \u00e0 la recherche de <strong>la salle de conf\u00e9rence parfaite<\/strong>. Il existe forc\u00e9ment quelque part celle qui <strong>correspond \u00e0 votre enseigne<\/strong> et son image.<\/li>\n<li><i class=\"sui sui-star\" style=\"color:#FF503D\"><\/i> La location permet de <strong>r\u00e9pondre<\/strong> parfaitement \u00e0 <strong>vos attentes <\/strong>et <strong>vos exigences<\/strong> en vous <strong>facilitant l\u2019organisation<\/strong> (pr\u00e9paration de la salle, installation du mat\u00e9riel, accueil des collaborateurs etc\u2026).<\/li>\n<li><i class=\"sui sui-star\" style=\"color:#FF503D\"><\/i> Osez sortir de votre cadre habituel en vous rendant dans un <strong>espace adapt\u00e9<\/strong> \u00e0 vos besoins pour cr\u00e9er un <strong>moment de convivialit\u00e9<\/strong> et d\u2019<strong>\u00e9mergence d\u2019id\u00e9es <\/strong>qui marquera votre entreprise et vos collaborateurs.<\/li>\n<\/ol>\n<\/div>\n<\/p><div class=\"su-spacer\" style=\"height:100px\"><\/div><br>\n<div class=\"su-heading su-heading-style-line-blue su-heading-align-center\" id=\"\" style=\"font-size:16px;margin-bottom:0px\"><div class=\"su-heading-inner\">\n<h5><span class=\"su-highlight\" style=\"background:#FF503D;color:#ffffff\">&nbsp;<span style=\"font-weight: 400;\">Ces articles devraient aussi vous int\u00e9resser<\/span>&nbsp;<\/span><\/h5>\n<\/div><\/div><br>\n<div class=\"su-spacer\" style=\"height:50px\"><\/div><br>\n<ul class=\"cs-samelevel-posts\">\n\t\t\t<li><a href=\"https:\/\/le-lodge.fr\/conseil\/salle-conference\/amenager\/\"> Salle de conf\u00e9rence : comment l\u2019agencer efficacement ?<\/a><\/li>\n\t<\/ul>\n\n\n","protected":false},"excerpt":{"rendered":"<p>Vous manquez d\u2019espace ou ne disposez pas d\u2019une salle de r\u00e9union dans votre entreprise\u00a0? Nous avons la cl\u00e9 pour vous aider\u00a0! Vous souhaitez r\u00e9unir tous vos collaborateurs pour un \u00e9v\u00e9nement professionnel sp\u00e9cifique mais vous ignorez o\u00f9 vous rassembler ? Simple et efficace, optez pour la location d\u2019une salle de conf\u00e9rence. D\u00e9couvrez ci-dessous tous les atouts [&hellip;]<\/p>\n","protected":false},"author":3,"featured_media":1195,"parent":1111,"menu_order":1,"comment_status":"closed","ping_status":"closed","template":"","meta":{"_seopress_robots_primary_cat":"","_seopress_titles_title":"Pourquoi louer une salle de conf\u00e9rence ?","_seopress_titles_desc":"Louer une salle de conf\u00e9rences \u00e0 de nombreux avantages : local adapt\u00e9, service tout inclus, faciliter de l&#039;organisation, et bien d&#039;autres points \u00e0 retrouver","_seopress_robots_index":"","footnotes":""},"_links":{"self":[{"href":"https:\/\/le-lodge.fr\/conseil\/wp-json\/wp\/v2\/pages\/1151"}],"collection":[{"href":"https:\/\/le-lodge.fr\/conseil\/wp-json\/wp\/v2\/pages"}],"about":[{"href":"https:\/\/le-lodge.fr\/conseil\/wp-json\/wp\/v2\/types\/page"}],"author":[{"embeddable":true,"href":"https:\/\/le-lodge.fr\/conseil\/wp-json\/wp\/v2\/users\/3"}],"replies":[{"embeddable":true,"href":"https:\/\/le-lodge.fr\/conseil\/wp-json\/wp\/v2\/comments?post=1151"}],"version-history":[{"count":15,"href":"https:\/\/le-lodge.fr\/conseil\/wp-json\/wp\/v2\/pages\/1151\/revisions"}],"predecessor-version":[{"id":2034,"href":"https:\/\/le-lodge.fr\/conseil\/wp-json\/wp\/v2\/pages\/1151\/revisions\/2034"}],"up":[{"embeddable":true,"href":"https:\/\/le-lodge.fr\/conseil\/wp-json\/wp\/v2\/pages\/1111"}],"wp:featuredmedia":[{"embeddable":true,"href":"https:\/\/le-lodge.fr\/conseil\/wp-json\/wp\/v2\/media\/1195"}],"wp:attachment":[{"href":"https:\/\/le-lodge.fr\/conseil\/wp-json\/wp\/v2\/media?parent=1151"}],"curies":[{"name":"wp","href":"https:\/\/api.w.org\/{rel}","templated":true}]}}