{"id":1111,"date":"2021-11-26T15:55:01","date_gmt":"2021-11-26T14:55:01","guid":{"rendered":"https:\/\/le-lodge.fr\/conseil\/?page_id=1111"},"modified":"2023-05-17T18:17:25","modified_gmt":"2023-05-17T16:17:25","slug":"salle-conference","status":"publish","type":"page","link":"https:\/\/le-lodge.fr\/conseil\/salle-conference\/","title":{"rendered":"Salle de conf\u00e9rence : signification et sp\u00e9cificit\u00e9s"},"content":{"rendered":"<p><span style=\"font-size: 18pt;\">Qu\u2019est-ce qu\u2019une <strong>salle de conf\u00e9rence<\/strong>\u00a0? Que permet-elle\u00a0? Comment trouver une <a href=\"https:\/\/le-lodge.fr\/offres\/types\/location-salles-reunions-espace-reception-bureaux\/\">salle de conf\u00e9rence<\/a> adapt\u00e9e \u00e0 vos <strong>r\u00e9unions professionnelles<\/strong>\u00a0? Si vous \u00eates en train de vous poser toutes ces questions vous \u00eates au bon endroit. Vous souhaitez r\u00e9unir les <strong>collaborateurs <\/strong>de votre entreprise pour r\u00e9aliser un \u00e9v\u00e9nement important ? Vous \u00eates une association \u00e0 la recherche d\u2019un espace pour organiser une journ\u00e9e de sensibilisation ? Qu\u2019importent les raisons, il existe une salle qui pourra vous accueillir ! D\u00e9couvrez gr\u00e2ce au <a href=\"https:\/\/le-lodge.fr\/conseil\/\">Guide du Lodge<\/a> ce que r\u00e9servent les salles de conf\u00e9rences.<\/span><\/p>\n\n<div class=\"su-youtube su-u-responsive-media-yes\"><iframe loading=\"lazy\" width=\"600\" height=\"400\" src=\"https:\/\/www.youtube.com\/embed\/KrmA2DMc7yQ?\" frameborder=\"0\" allowfullscreen allow=\"autoplay; encrypted-media; picture-in-picture\" title=\"\"><\/iframe><\/div>\n<h2>Qu\u2019est-ce qu\u2019une salle de conf\u00e9rence\u00a0?<\/h2>\n<p>Une <strong>salle de conf\u00e9rence<\/strong> ou un <strong>centre de conf\u00e9rence<\/strong> se distingue d\u2019une salle de r\u00e9union au sein d\u2019une micro-entreprise. La <strong>salle de r\u00e9union<\/strong> est bien <strong>plus petite<\/strong> et peut exister dans de nombreux lieux ou \u00e9tablissements (espaces sp\u00e9cialis\u00e9es, entreprises, h\u00f4tels etc.), cependant il n\u2019est pas fr\u00e9quent de trouver une salle de conf\u00e9rence au sein d\u2019une industrie, ce sont des espaces cr\u00e9\u00e9s dans des <strong>lieux adapt\u00e9s et \u00e9quip\u00e9s<\/strong>. Il faut disposer d\u2019une <strong>superficie importante<\/strong> pour pouvoir accueillir un certain nombre de personnes sans aucune difficult\u00e9.<\/p>\n<p>Une salle de conf\u00e9rence est donc un lieu qui permet <strong>d\u2019accueillir des \u00e9v\u00e9nements sp\u00e9cifiques <\/strong>tels que des r\u00e9unions professionnelles, des s\u00e9minaires, des formations, la pr\u00e9sentation du nouveau produit d\u2019une enseigne ou le lancement d\u2019une nouvelle marque d\u00e9velopp\u00e9e par exemple. Ainsi, ces lieux permettent aux participants de <strong>se r\u00e9unir<\/strong> le temps d\u2019une journ\u00e9e, d\u2019une demi-journ\u00e9e ou encore d\u2019un week-end et d\u2019\u00e9changer, d\u2019\u00e9tudier, de r\u00e9fl\u00e9chir, de partager, de se challenger, de sensibiliser, de f\u00e9liciter et d\u2019\u00e9couter etc. Ce sont des moments d\u00e9di\u00e9s \u00e0 la <strong>collaboration et l\u2019intelligence collective<\/strong>. Vous souhaitez savoir <a href=\"https:\/\/le-lodge.fr\/conseil\/salle-conference\/amenager\/\">comment am\u00e9nager une salle de conf\u00e9rence<\/a> ? Nous avons r\u00e9alis\u00e9 un article \u00e0 ce sujet pour vous aider \u00e0 agencer efficacement votre espace de travail.<\/p>\n<p style=\"text-align: center; font-size: 18pt;\"><b>Vous souhaitez louer un espace de travail adapt\u00e9 \u00e0 vos besoins ? Contactez le Lodge, votre centre d\u2019affaires \u00e0 Strasbourg !<\/b><\/p>\n<p style=\"text-align: center;\">Location de salles de r\u00e9union et bureaux avec ou sans domiciliation et espaces de r\u00e9ception.<\/p>\n<p style=\"text-align: center;\"><div class=\"su-button-center\"><span data-atc=\"aHR0cHM6Ly93d3cubGUtbG9kZ2UuZnIvY29udGFjdGV6LW5vdXMv\" class=\"su-button su-button-style-flat atc pop\" style=\" cursor: pointer; color:#FFFFFF;background-color:#FF503D;border-color:;0px;\" target=\"_blank\" rel=\"noopener noreferrer\">\r\n\t\r\n\t\r\n\t<span style=\";padding:8px 26px;font-size:20px;line-height:30px;border-color:;border-radius:0px;-moz-border-radius:0px;-webkit-border-radius:0px;text-shadow:none;-moz-text-shadow:none;-webkit-text-shadow:none;background-color: #FF503D; color:#FFFFFF !important\"> <i class=\"sui sui-pencil-square-o\" style=\"\" aria-label=\"\"><\/i>Envoyer ma demande <\/span>\r\n\r\n<\/span><\/div>\n<p>\u00a0<\/p>\n<p><img loading=\"lazy\" decoding=\"async\" class=\"size-full wp-image-1114 aligncenter\" src=\"https:\/\/le-lodge.fr\/conseil\/wp-content\/uploads\/2021\/11\/confe%CC%81rence.jpg\" alt=\"R\u00e9union au sein d'une salle de conf\u00e9rence\" width=\"800\" height=\"353\"><\/p>\n<h2>O\u00f9 peut-on trouver une salle de conf\u00e9rence\u00a0?<\/h2>\n<p>Attention ces salles ne sont pas disponibles partout ! Vous avez peut-\u00eatre d\u00e9j\u00e0 pu voir des salles de conf\u00e9rences au sein de <strong>lieux culturels<\/strong> (cin\u00e9ma, th\u00e9\u00e2tre, salle de concert, parc des expositions etc.) ou encore dans des <strong>\u00e9tablissements publics<\/strong> comme des <strong>amphith\u00e9\u00e2tres <\/strong>au sein d\u2019universit\u00e9s mais aujourd\u2019hui il y en a de plus en plus qui ont \u00e9t\u00e9 cr\u00e9\u00e9s dans des <strong>h\u00f4tels<\/strong> et des <strong>restaurants <\/strong>ou des <strong>\u00e9tablissements d\u00e9di\u00e9s \u00e0 la location de salles <\/strong>pour organiser vos \u00e9v\u00e9nements. Le choix est tr\u00e8s vaste, il y a de nombreuses possibilit\u00e9s, ainsi vous pourrez choisir celle qu\u2019il vous faut en fonction de <strong>vos crit\u00e8res<\/strong>, c\u2019est-\u00e0-dire <strong>de vos besoins<\/strong> r\u00e9pondant \u00e0 la th\u00e9matique de votre rendez-vous.<\/p>\n<h2>Comment bien choisir sa salle de conf\u00e9rence\u00a0?<\/h2>\n<p>Il existe de <strong>nombreux crit\u00e8res<\/strong> qui permettent de bien choisir une salle de conf\u00e9rence. D\u00e9couvrez ci-dessous les \u00e9l\u00e9ments que vous devez prendre en compte pour d\u00e9nicher <strong>la salle qui correspond \u00e0 vos attentes<\/strong> et qui r\u00e9pondra parfaitement \u00e0 tous vos besoins pour r\u00e9aliser votre \u00e9v\u00e9nement sans encombre.<\/p>\n<p>Vous pourrez choisir votre salle en fonction\u00a0:<br>\n<div class=\"su-list\" style=\"margin-left:10px\">\n<ul>\n<li><i class=\"sui sui-minus\" style=\"color:#FF503D\"><\/i> <strong>Du nombre de participants <\/strong>: la salle doit pouvoir accueillir toutes les personnes sans difficult\u00e9 en respectant un espace personnel de 3m2 pour chacun, la <strong>capacit\u00e9 d\u2019accueil<\/strong> d\u2019un espace doit toujours \u00eatre respect\u00e9e<\/li>\n<li><i class=\"sui sui-minus\" style=\"color:#FF503D\"><\/i> <strong>Du lieu <\/strong>: nous vous recommandons de <strong>s\u00e9lectionner une ville<\/strong> o\u00f9 tous les invit\u00e9s peuvent se rendre facilement. Si vous \u00eates une enseigne disposant de plusieurs sites en France et que vous souhaitez r\u00e9unir tous vos collaborateurs au sein d\u2019un m\u00eame espace, il vous faudra trouver un lieu qui permettra de les rassembler sans encombre (centre de la France, Paris par exemple). Vous devrez penser au <strong>d\u00e9placement<\/strong> (bus, train, voiture) et v\u00e9rifier que l\u2019espace que vous avez lou\u00e9 est bien desservi surtout si les participants doivent venir par leurs propres moyens<\/li>\n<li><i class=\"sui sui-minus\" style=\"color:#FF503D\"><\/i> <strong>Du sujet de votre conf\u00e9rence <\/strong>: que vous organisez une formation, un s\u00e9minaire annuel ou une journ\u00e9e de team-building, vous devrez trouver une <strong>salle adapt\u00e9e<\/strong> \u00e0 votre \u00e9v\u00e9nement sp\u00e9cifique. Ainsi, il vous faudra choisir un espace qui offre une disposition sp\u00e9cifique (amphith\u00e9\u00e2tre, chaises et tables transportables, espace modulable etc.)<\/li>\n<li><i class=\"sui sui-minus\" style=\"color:#FF503D\"><\/i> <strong>De l\u2019\u00e9quipement n\u00e9cessaire <\/strong>: vous devrez obtenir un <strong>espace bien \u00e9quip\u00e9<\/strong> avec un <strong>mat\u00e9riel fonctionnel<\/strong> (sonorisation, vid\u00e9oprojecteur, connexion internet haut d\u00e9bit etc.) pour que votre rendez-vous professionnel se d\u00e9roule sans difficult\u00e9. Attention\u00a0: votre salle doit offrir un <strong>mobilier confortable<\/strong>, surtout si les participants sont assis toute la journ\u00e9e<\/li>\n<li><i class=\"sui sui-minus\" style=\"color:#FF503D\"><\/i> <strong>De votre budget <\/strong>: il y a des salles bien plus on\u00e9reuses que d\u2019autres, cela d\u00e9pendra de <strong>vos souhaits<\/strong>, du nombre de participants, des services suppl\u00e9mentaires qui peuvent vous int\u00e9resser etc. Ce sera \u00e0 vous d\u2019indiquer vos volont\u00e9s pour <strong>obtenir la salle id\u00e9ale<\/strong><\/li>\n<li><i class=\"sui sui-minus\" style=\"color:#FF503D\"><\/i> <strong>Du cadre\u00a0<\/strong>: il est possible que vous souhaitiez sortir de votre cadre <strong>habituel de travail<\/strong> pour r\u00e9aliser un \u00e9v\u00e9nement en vous rendant dans un lieu id\u00e9al, propice au bien-\u00eatre et \u00e0 la productivit\u00e9<\/li>\n<li><i class=\"sui sui-minus\" style=\"color:#FF503D\"><\/i> <strong>Des services propos\u00e9s <\/strong>: certains \u00e9tablissements vous permettent d\u2019acc\u00e9der \u00e0 certains services suppl\u00e9mentaires comme un <strong>repas<\/strong>, des <strong>boissons chaudes<\/strong> ou encore des<strong> viennoiseries<\/strong>.<\/li>\n<\/ul>\n<\/div><br>\nVous d\u00e9sirez en apprendre davantage sur les avantages de la location ? D\u00e9couvrez notre article qui vous pr\u00e9sentera toutes <a href=\"https:\/\/le-lodge.fr\/conseil\/salle-conference\/louer\/\">les raisons de louer une salle de conf\u00e9rence<\/a>.<\/p>\n<p><img loading=\"lazy\" decoding=\"async\" class=\"size-full wp-image-1115 aligncenter\" src=\"https:\/\/le-lodge.fr\/conseil\/wp-content\/uploads\/2021\/11\/salle-de-confe%CC%81rence-vide.jpg\" alt=\"salle de confe\u0301rence pour accueillir des r\u00e9unions professionnelles\" width=\"800\" height=\"523\"><\/p>\n<h2><span style=\"color: #FF503D;\">L\u2019essentiel \u00e0 retenir<\/span><\/h2>\n<div class=\"su-list\" style=\"margin-left:10px\">\n<ol>\n<li><i class=\"sui sui-star\" style=\"color:#FF503D\"><\/i> Nous esp\u00e9rons que notre article a pu r\u00e9pondre \u00e0 vos interrogations et ainsi vous permettre de d\u00e9nicher <strong>l\u2019espace adapt\u00e9<\/strong> \u00e0 votre futur \u00e9v\u00e9nement.<\/li>\n<li><i class=\"sui sui-star\" style=\"color:#FF503D\"><\/i> La <strong>salle de conf\u00e9rence<\/strong> est sans aucun doute le <strong>lieu id\u00e9al<\/strong> pour r\u00e9aliser un \u00e9v\u00e8nement de grande envergure. Elle permet de mettre au c\u0153ur la communication et la proximit\u00e9 qui cr\u00e9eront naturellement une <strong>nouvelle dynamique<\/strong>.<\/li>\n<li><i class=\"sui sui-star\" style=\"color:#FF503D\"><\/i> Il existe de nombreuses salles de conf\u00e9rence en France et il existe forc\u00e9ment quelque part celle qui <strong>correspond \u00e0 vos attentes<\/strong>.<\/li>\n<li><i class=\"sui sui-star\" style=\"color:#FF503D\"><\/i> Vous \u00eates d\u00e9sormais incollable sur ce qu\u2019est une salle de conf\u00e9rence et ce qu\u2019elle permet\u00a0! N\u2019attendez plus et cherchez<strong> la salle adapt\u00e9e \u00e0 vos besoins<\/strong> pour inviter vos participants \u00e0 profiter d\u2019un lieu qui les accueillera dans les meilleures conditions possibles.<\/li>\n<\/ol>\n<\/div>\n<\/p><div class=\"su-spacer\" style=\"height:100px\"><\/div><br>\n<div class=\"su-heading su-heading-style-line-blue su-heading-align-center\" id=\"\" style=\"font-size:16px;margin-bottom:0px\"><div class=\"su-heading-inner\">\n<h5><span class=\"su-highlight\" style=\"background:#FF503D;color:#ffffff\">&nbsp;<span style=\"font-weight: 400;\">Ces articles devraient aussi vous int\u00e9resser<\/span>&nbsp;<\/span><\/h5>\n<\/div><\/div><br>\n<div class=\"su-spacer\" style=\"height:50px\"><\/div><br>\n<ul class=\"cs-samelevel-posts\">\n\t\t\t<li><a href=\"https:\/\/le-lodge.fr\/conseil\/bien-choisir-centre-affaires-entreprise\/\"> Comment bien choisir un centre d'affaires pour son entreprise ?<\/a><\/li>\n\t\t\t<li><a href=\"https:\/\/le-lodge.fr\/conseil\/choisir-bureau-ideal-travailler-efficacement\/\"> Comment choisir le bureau id\u00e9al pour travailler efficacement ?<\/a><\/li>\n\t\t\t<li><a href=\"https:\/\/le-lodge.fr\/conseil\/centres-affaires-france\/\"> Notre liste des principaux centres d'affaires en France<\/a><\/li>\n\t\t\t<li><a href=\"https:\/\/le-lodge.fr\/conseil\/conditions-travail\/\"> Conditions de travail : qu'est-ce que c'est ? Le guide ultime sur la qualit\u00e9 de vie au travail<\/a><\/li>\n\t\t\t<li><a href=\"https:\/\/le-lodge.fr\/conseil\/zone-franche-urbaine\/\"> Les avantages professionnels d'une Zone Franche Urbaine (ZFU)<\/a><\/li>\n\t\t\t<li><a href=\"https:\/\/le-lodge.fr\/conseil\/entretien-embauche\/\"> Comment bien pr\u00e9parer un entretien d\u2019embauche ?<\/a><\/li>\n\t\t\t<li><a href=\"https:\/\/le-lodge.fr\/conseil\/creer-entreprise\/\"> Comment fonder sa bo\u00eete ou sa soci\u00e9t\u00e9 ? Le guide ultime pour tout savoir !<\/a><\/li>\n\t\t\t<li><a href=\"https:\/\/le-lodge.fr\/conseil\/open-space\/\"> Qu'est-ce qu'un Open space?<\/a><\/li>\n\t\t\t<li><a href=\"https:\/\/le-lodge.fr\/conseil\/salle-reunion\/\"> Le guide ultime de la salle de r\u00e9union efficace et cr\u00e9ative<\/a><\/li>\n\t\t\t<li><a href=\"https:\/\/le-lodge.fr\/conseil\/domiciliation-entreprise\/\"> Domiciliation de soci\u00e9t\u00e9 : qu\u2019est-ce que c\u2019est ? Le guide ultime de la domiciliation des entreprises<\/a><\/li>\n\t<\/ul>\n\n\n","protected":false},"excerpt":{"rendered":"<p>Qu\u2019est-ce qu\u2019une salle de conf\u00e9rence\u00a0? Que permet-elle\u00a0? Comment trouver une salle de conf\u00e9rence adapt\u00e9e \u00e0 vos r\u00e9unions professionnelles\u00a0? Si vous \u00eates en train de vous poser toutes ces questions vous \u00eates au bon endroit. Vous souhaitez r\u00e9unir les collaborateurs de votre entreprise pour r\u00e9aliser un \u00e9v\u00e9nement important ? Vous \u00eates une association \u00e0 la recherche [&hellip;]<\/p>\n","protected":false},"author":3,"featured_media":1113,"parent":0,"menu_order":6,"comment_status":"closed","ping_status":"closed","template":"","meta":{"_seopress_robots_primary_cat":"","_seopress_titles_title":"Qu\u2019est-ce qu\u2019une salle de conf\u00e9rence ?","_seopress_titles_desc":"Vous souhaitez conna\u00eetre la diff\u00e9rence entre une salle de r\u00e9union et une salle de conf\u00e9rences ? On vous explique tout au travers de cet article. ","_seopress_robots_index":"","footnotes":""},"_links":{"self":[{"href":"https:\/\/le-lodge.fr\/conseil\/wp-json\/wp\/v2\/pages\/1111"}],"collection":[{"href":"https:\/\/le-lodge.fr\/conseil\/wp-json\/wp\/v2\/pages"}],"about":[{"href":"https:\/\/le-lodge.fr\/conseil\/wp-json\/wp\/v2\/types\/page"}],"author":[{"embeddable":true,"href":"https:\/\/le-lodge.fr\/conseil\/wp-json\/wp\/v2\/users\/3"}],"replies":[{"embeddable":true,"href":"https:\/\/le-lodge.fr\/conseil\/wp-json\/wp\/v2\/comments?post=1111"}],"version-history":[{"count":21,"href":"https:\/\/le-lodge.fr\/conseil\/wp-json\/wp\/v2\/pages\/1111\/revisions"}],"predecessor-version":[{"id":2873,"href":"https:\/\/le-lodge.fr\/conseil\/wp-json\/wp\/v2\/pages\/1111\/revisions\/2873"}],"wp:featuredmedia":[{"embeddable":true,"href":"https:\/\/le-lodge.fr\/conseil\/wp-json\/wp\/v2\/media\/1113"}],"wp:attachment":[{"href":"https:\/\/le-lodge.fr\/conseil\/wp-json\/wp\/v2\/media?parent=1111"}],"curies":[{"name":"wp","href":"https:\/\/api.w.org\/{rel}","templated":true}]}}