{"id":1100,"date":"2021-11-26T16:00:35","date_gmt":"2021-11-26T15:00:35","guid":{"rendered":"https:\/\/le-lodge.fr\/conseil\/?page_id=1100"},"modified":"2024-08-07T15:28:53","modified_gmt":"2024-08-07T13:28:53","slug":"compte-rendu","status":"publish","type":"page","link":"https:\/\/le-lodge.fr\/conseil\/salle-reunion\/organiser\/preparer\/compte-rendu\/","title":{"rendered":"Compte rendu de r\u00e9union : les \u00e9tapes pour le r\u00e9aliser parfaitement !"},"content":{"rendered":"<p><span style=\"font-size: 18pt;\">Vous venez d\u2019achever une <strong>\u00e9ni\u00e8me r\u00e9union<\/strong> et \u00eates charg\u00e9 de r\u00e9aliser son rapport mais vous ignorez comment bien r\u00e9aliser un <strong>compte rendu de r\u00e9union\u00a0<\/strong>? Vous souhaitez bien faire mais ne savez pas par o\u00f9 commencer\u00a0? Pas de panique, nous allons vous pr\u00e9senter les <strong>\u00e9tapes essentielles<\/strong> \u00e0 respecter pour \u00eatre un <strong>r\u00e9dacteur <\/strong>parfait lors de vos prochains points professionnels.<br>\nVous devez prochainement animer un point professionnel avec votre \u00e9quipe mais vous ne savez pas r\u00e9ellement <a href=\"https:\/\/le-lodge.fr\/conseil\/salle-reunion\/organiser\/preparer\/\">comment bien pr\u00e9parer une r\u00e9union<\/a>\u00a0? D\u00e9couvrez notre article \u00e0 ce sujet et ainsi d\u00e9velopper vos comp\u00e9tences de manager.<br>\n<\/span><br>\n\n<div class=\"su-youtube su-u-responsive-media-yes\"><iframe loading=\"lazy\" width=\"600\" height=\"400\" src=\"https:\/\/www.youtube.com\/embed\/VwXSraq3Bts?\" frameborder=\"0\" allowfullscreen allow=\"autoplay; encrypted-media; picture-in-picture\" title=\"\"><\/iframe><\/div>\n<h2>Qu\u2019est-ce qu\u2019un compte rendu de r\u00e9union\u00a0?<\/h2>\n<p>Le compte rendu de r\u00e9union correspond \u00e0 une <strong>prise de notes<\/strong> des \u00e9l\u00e9ments essentiels d\u2019une <strong>r\u00e9union professionnelle<\/strong>. Les informations importantes sont r\u00e9sum\u00e9es au sein d\u2019un document qui servira de r\u00e9f\u00e9rence. Le compte rendu sera r\u00e9dig\u00e9 par une personne d\u00e9sign\u00e9e au pr\u00e9alable, il sera le <strong>rapporteur<\/strong> charg\u00e9 de transmettre les \u00e9l\u00e9ments cl\u00e9s \u00e9voqu\u00e9s.<\/p>\n<h2>Quels sont ses objectifs ?<\/h2>\n<p>Votre r\u00e9union s\u2019ach\u00e8ve et vous devez \u00e9tablir un rapport de celle-ci. Ce document est indispensable pour tous les participants, il jouera un <strong>r\u00f4le primordial<\/strong> par la suite.<br>\n<div class=\"su-list\" style=\"margin-left:10px\">\n<ul>\n<li><i class=\"sui sui-minus\" style=\"color:#FF503D\"><\/i> Il permet de faire un r\u00e9sum\u00e9 du point aux participants ainsi qu\u2019aux absents<\/li>\n<li><i class=\"sui sui-minus\" style=\"color:#FF503D\"><\/i> Il r\u00e9sume les discussions et les th\u00e9matiques importantes abord\u00e9es<\/li>\n<li><i class=\"sui sui-minus\" style=\"color:#FF503D\"><\/i> Il conserve une trace fid\u00e8le des \u00e9changes (prise de parole et avis de chacun etc.)<\/li>\n<li><i class=\"sui sui-minus\" style=\"color:#FF503D\"><\/i> Il indique les nouveaux objectifs ou les d\u00e9cisions prises pour les prochains jours ou mois \u00e0 venir<\/li>\n<li><i class=\"sui sui-minus\" style=\"color:#FF503D\"><\/i> Il a pour vocation de pr\u00e9parer les prochains points concernant le m\u00eame sujet<\/li>\n<\/ul>\n<\/div>\n<div class=\"su-box su-box-style-default su_custom_zone\" id=\"\" style=\"border-color:#cc1d0a;border-radius:3px\"><div class=\"su-box-title\" style=\"background-color:#FF503D;color:#FFFFFF;border-top-left-radius:1px;border-top-right-radius:1px\">Attention<\/div><div class=\"su-box-content su-u-clearfix su-u-trim\" style=\"border-bottom-left-radius:1px;border-bottom-right-radius:1px\">retranscrire synth\u00e9tiquement ce qui a \u00e9t\u00e9 dit lors de la r\u00e9union (id\u00e9es, objectifs, d\u00e9cisions etc.). Celui-ci est purement <strong>informatif<\/strong>, il n\u2019a pas pour objectif d\u2019exprimer votre opinion. Il devra \u00e9galement \u00eatre le plus <strong>clair et pr\u00e9cis<\/strong> pour que tous les lecteurs puissent le comprendre sans difficult\u00e9.<\/div><\/div>\n<p>Il est essentiel de r\u00e9sumer une r\u00e9union qui a eu lieu pour garder une trace des \u00e9changes effectu\u00e9s et ainsi pouvoir consulter un document \u00e9crit \u00e0 n\u2019importe quel moment. Cela peut \u00e9viter des conflits, des incompr\u00e9hensions voire des oublis.<\/p>\n<h2>Les \u00e9tapes \u00e0 suivre pour r\u00e9diger un compte rendu de r\u00e9union<\/h2>\n<p>D\u00e9couvrez les <strong>\u00e9tapes essentielles<\/strong> pour r\u00e9aliser un compte rendu de r\u00e9union efficace lors de vos prochains \u00e9changes professionnels.<\/p>\n<p><img loading=\"lazy\" decoding=\"async\" class=\"size-full wp-image-1105 aligncenter\" src=\"https:\/\/le-lodge.fr\/conseil\/wp-content\/uploads\/2021\/11\/prise-de-note.jpg\" alt=\"les \u00e9tapes pour r\u00e9aliser un compte rendu\" width=\"800\" height=\"533\" srcset=\"https:\/\/le-lodge.fr\/conseil\/wp-content\/uploads\/2021\/11\/prise-de-note.jpg 800w, https:\/\/le-lodge.fr\/conseil\/wp-content\/uploads\/2021\/11\/prise-de-note-768x512.jpg 768w, https:\/\/le-lodge.fr\/conseil\/wp-content\/uploads\/2021\/11\/prise-de-note-736x491.jpg 736w\" sizes=\"(max-width: 800px) 100vw, 800px\" \/><\/p>\n<h3>\u00c9tape 1 : Enregistrer la r\u00e9union et prenez des notes synth\u00e9tiques<\/h3>\n<p>Pour vous faciliter la t\u00e2che lors de la r\u00e9union, nous vous conseillons de l\u2019<strong>enregistrer<\/strong>. Il est possible que vous passiez \u00e0 c\u00f4t\u00e9 d\u2019une information importante \u00e0 un moment donn\u00e9, surtout si le rendez-vous s\u2019\u00e9ternise. Ainsi, vous pourrez vous munir d\u2019un <strong>t\u00e9l\u00e9phone<\/strong> ou encore d\u2019un <strong>dictaphone<\/strong> pour pouvoir r\u00e9\u00e9couter \u00e0 tout moment les \u00e9changes et affiner votre rapport. \u00c0 c\u00f4t\u00e9 de cela, <strong>prenez des notes<\/strong>, vous pourrez fonctionner par liste \u00e0 puce en inscrivant chaque point ou remarque importante pour que le document professionnel soit le plus pr\u00e9cis et r\u00e9el. Nous favorisons la prise de notes par <strong>ordinateur <\/strong>pour gagner du temps et modifier plus facilement vos id\u00e9es.<\/p>\n<h3>\u00c9tape 2 : R\u00e9diger le compte rendu apr\u00e8s la r\u00e9union<\/h3>\n<p>La r\u00e9union vient de s\u2019achever et vous avez pris avec vous toutes vos notes. Il est pr\u00e9f\u00e9rable et bien plus pratique pour vous de <strong>r\u00e9diger votre compte rendu directement apr\u00e8s votre fameuse r\u00e9union<\/strong>. Pourquoi\u00a0? Vous ma\u00eetrisez le sujet \u00e0 la perfection, vous vous souvenez des diff\u00e9rentes conversations et des th\u00e9matiques importantes abord\u00e9es. Ainsi, en le r\u00e9digeant imm\u00e9diatement celui-ci sera le plus <strong>pr\u00e9cis <\/strong>possible car vous avez encore tout \u00e0 l\u2019esprit. Il est d\u00e9conseill\u00e9 de l\u2019\u00e9crire quelques jours apr\u00e8s car vos souvenirs ne seront plus les m\u00eames et vous risquez de vous retrouver devant certaines notes qui n\u2019auront plus le m\u00eame sens pour vous.<\/p>\n<p><img loading=\"lazy\" decoding=\"async\" class=\"size-full wp-image-1106 aligncenter\" src=\"https:\/\/le-lodge.fr\/conseil\/wp-content\/uploads\/2021\/11\/re%CC%81daction-apre%CC%80s-re%CC%81union.jpg\" alt=\"re\u0301daction du compte rendu apre\u0300s une re\u0301union\" width=\"800\" height=\"285\"><\/p>\n<h3>\u00c9tape 3 : Cr\u00e9er un mod\u00e8le de compte rendu sp\u00e9cifique<\/h3>\n<p>Si vous \u00eates amen\u00e9 \u00e0 r\u00e9diger fr\u00e9quemment des comptes rendus, nous vous conseillons de mettre en place un <strong>mod\u00e8le sp\u00e9cifique<\/strong> pour gagner du temps et \u00eatre encore plus <strong>efficace<\/strong>. Vous pourrez cr\u00e9er <strong>une trame<\/strong> en vous basant sur les \u00e9l\u00e9ments essentiels qui doivent appara\u00eetre dans le rapport (date, ordre du jour, etc.). De plus, vous pourrez remplir ce document en amont de la r\u00e9union si vous disposez d\u00e9j\u00e0 de quelques \u00e9l\u00e9ments.<\/p>\n<h3>\u00c9tape 4 : R\u00e9aliser le plan de votre compte rendu<\/h3>\n<p>Vous avez vos notes ainsi que votre trame, maintenant il faut <strong>construire votre plan<\/strong> pour que celui-ci soit coh\u00e9rent, concis et facile \u00e0 lire. Nous vous recommandons de r\u00e9aliser plusieurs paragraphes pour que celui-ci soit le plus <strong>lisible<\/strong> possible et que les id\u00e9es les plus importantes ressortent sans peine.<\/p>\n<p>Vous pourrez proc\u00e9der de la mani\u00e8re suivante\u00a0:<br>\n<div class=\"su-list\" style=\"margin-left:10px\">\n<ul>\n<li><i class=\"sui sui-minus\" style=\"color:#FF503D\"><\/i> <strong>Une introduction<\/strong> <strong>ou un chap\u00f4<\/strong> reprenant la th\u00e9matique de la r\u00e9union et ses objectifs<\/li>\n<li><i class=\"sui sui-minus\" style=\"color:#FF503D\"><\/i> <strong>Un d\u00e9veloppement<\/strong> structur\u00e9 en plusieurs parties si cela est n\u00e9cessaire. \u00c0 l\u2019int\u00e9rieur de celui-ci vous pourrez \u00e9voquer les discussions ainsi que les missions qui doivent \u00eatre r\u00e9alis\u00e9es par la suite.<\/li>\n<li><i class=\"sui sui-minus\" style=\"color:#FF503D\"><\/i> <strong>Une conclusion<\/strong> faisant le bilan de ce qui a \u00e9t\u00e9 dit et de ce qui devra \u00eatre fait par la suite.<\/li>\n<\/ul>\n<\/div><br>\n<img loading=\"lazy\" decoding=\"async\" class=\"size-full wp-image-1107 aligncenter\" src=\"https:\/\/le-lodge.fr\/conseil\/wp-content\/uploads\/2021\/11\/plan.jpg\" alt=\"r\u00e9aliser un plan pour le compte rendu\" width=\"800\" height=\"533\" srcset=\"https:\/\/le-lodge.fr\/conseil\/wp-content\/uploads\/2021\/11\/plan.jpg 800w, https:\/\/le-lodge.fr\/conseil\/wp-content\/uploads\/2021\/11\/plan-768x512.jpg 768w, https:\/\/le-lodge.fr\/conseil\/wp-content\/uploads\/2021\/11\/plan-736x491.jpg 736w\" sizes=\"(max-width: 800px) 100vw, 800px\" \/><\/p>\n<h3>\u00c9tape 5\u00a0: Indiquer les \u00e9l\u00e9ments qui doivent obligatoirement appara\u00eetre<\/h3>\n<p>Votre compte rendu doit <strong>respecter certaines consignes<\/strong>, en effet certaines informations doivent \u00eatre imp\u00e9rativement indiqu\u00e9es sur votre document\u00a0:<br>\n<div class=\"su-list\" style=\"margin-left:10px\">\n<ul>\n<li><i class=\"sui sui-minus\" style=\"color:#FF503D\"><\/i> La date ainsi que le lieu de la r\u00e9union<\/li>\n<li><i class=\"sui sui-minus\" style=\"color:#FF503D\"><\/i> Le nom du rapporteur<\/li>\n<li><i class=\"sui sui-minus\" style=\"color:#FF503D\"><\/i> L\u2019ordre du jour<\/li>\n<li><i class=\"sui sui-minus\" style=\"color:#FF503D\"><\/i> Le programme de la r\u00e9union<\/li>\n<li><i class=\"sui sui-minus\" style=\"color:#FF503D\"><\/i> La liste des personnes pr\u00e9sentes ainsi que des absents<\/li>\n<li><i class=\"sui sui-minus\" style=\"color:#FF503D\"><\/i> Les d\u00e9cisions prises \u00e0 la fin<\/li>\n<li><i class=\"sui sui-minus\" style=\"color:#FF503D\"><\/i> La date de la prochaine r\u00e9union s\u2019il y en a une<\/li>\n<\/ul>\n<\/div>\n<h3>\u00c9tape 6\u00a0: Relecture du document<\/h3>\n<p>Vous avez r\u00e9dig\u00e9 votre compte rendu de la mani\u00e8re la plus pr\u00e9cise possible et \u00eates content de l\u2019avoir achev\u00e9. Prenez le temps de bien<strong> relire<\/strong> celui-ci pour \u00eatre certain qu\u2019il ne manque pas un \u00e9l\u00e9ment ou qu\u2019il n\u2019y a pas de coquille apparente dans votre r\u00e9sum\u00e9. Si vous avez un doute sur celui-ci, n\u2019h\u00e9sitez pas \u00e0 le transmettre \u00e0 un coll\u00e8gue qui a particip\u00e9 \u00e0 la r\u00e9union pour qu\u2019il puisse vous <strong>faire un retour<\/strong> et vous indiquer si des \u00e9l\u00e9ments ne correspondent pas ou s\u2019il y a un manque de coh\u00e9rence.<\/p>\n<h3>\u00c9tape 7\u00a0: Transmettre le compte rendu<\/h3>\n<p>Vous arrivez enfin \u00e0 la derni\u00e8re \u00e9tape, celle de l\u2019<strong>envoi de votre document<\/strong>. Il est recommand\u00e9 de le transmettre au <strong>maximum 3 jours apr\u00e8s la r\u00e9union<\/strong> \u00e0 toutes les personnes concern\u00e9es (participants et absents). Ainsi, tout le monde disposera d\u2019un support reprenant les \u00e9l\u00e9ments essentiels \u00e9voqu\u00e9s lors de cette r\u00e9union.<\/p>\n<p>\u00a0<\/p>\n<p style=\"text-align: center; font-size: 18pt;\"><b>Vous souhaitez louer une salle de r\u00e9union adapt\u00e9e \u00e0 vos besoins ? Contactez le Lodge, votre centre d\u2019affaires \u00e0 Strasbourg !<\/b><\/p>\n<p style=\"text-align: center;\">Location de salles de r\u00e9union et bureaux avec ou sans domiciliation et espaces de r\u00e9ception.<\/p>\n<p style=\"text-align: center;\"><div class=\"su-button-center\"><span data-atc=\"aHR0cHM6Ly93d3cubGUtbG9kZ2UuZnIvY29udGFjdGV6LW5vdXMv\" class=\"su-button su-button-style-flat atc pop\" style=\" cursor: pointer; color:#FFFFFF;background-color:#FF503D;border-color:;0px;\" target=\"_blank\" rel=\"noopener noreferrer\">\r\n\t\r\n\t\r\n\t<span style=\";padding:8px 26px;font-size:20px;line-height:30px;border-color:;border-radius:0px;-moz-border-radius:0px;-webkit-border-radius:0px;text-shadow:none;-moz-text-shadow:none;-webkit-text-shadow:none;background-color: #FF503D; color:#FFFFFF !important\"> <i class=\"sui sui-pencil-square-o\" style=\"\" aria-label=\"\"><\/i>Envoyer ma demande <\/span>\r\n\r\n<\/span><\/div>\n<h2><img loading=\"lazy\" decoding=\"async\" class=\"size-full wp-image-1108 aligncenter\" src=\"https:\/\/le-lodge.fr\/conseil\/wp-content\/uploads\/2021\/11\/transmettre-compte-rendu-.jpg\" alt=\"Envoi d'un compte rendu\" width=\"800\" height=\"435\" srcset=\"https:\/\/le-lodge.fr\/conseil\/wp-content\/uploads\/2021\/11\/transmettre-compte-rendu-.jpg 800w, https:\/\/le-lodge.fr\/conseil\/wp-content\/uploads\/2021\/11\/transmettre-compte-rendu--768x418.jpg 768w\" sizes=\"(max-width: 800px) 100vw, 800px\" \/><br>\n<span style=\"color: #ff503d;\">L\u2019essentiel \u00e0 retenir<\/span><\/h2>\n<div class=\"su-list\" style=\"margin-left:10px\">\n<ol>\n<li><i class=\"sui sui-star\" style=\"color:#FF503D\"><\/i> Nous esp\u00e9rons que notre article vous a \u00e9clair\u00e9 pour que vous puissiez <strong>r\u00e9diger vos futurs comptes rendus de r\u00e9union <\/strong>sans difficult\u00e9.<\/li>\n<li><i class=\"sui sui-star\" style=\"color:#FF503D\"><\/i> N\u2019h\u00e9sitez pas \u00e0 suivre nos \u00e9tapes une par une pour ne rien oublier et ainsi apporter \u00e0 tous vos collaborateurs un <strong>r\u00e9sum\u00e9 pr\u00e9cis et fid\u00e8le<\/strong> de la r\u00e9union \u00e0 laquelle ils ont pu participer ou non.<\/li>\n<li><i class=\"sui sui-star\" style=\"color:#FF503D\"><\/i> Vous jouez un r\u00f4le important, vous \u00eates le rapporteur qui fournira les \u00e9changes cl\u00e9s qui ont eu lieu en r\u00e9union et qui seront ensuite mis \u00e0 profit alors ne n\u00e9gligez pas votre mission.<\/li>\n<\/ol>\n<\/div>\n<\/p><div class=\"su-spacer\" style=\"height:100px\"><\/div><br>\n<div class=\"su-heading su-heading-style-line-blue su-heading-align-center\" id=\"\" style=\"font-size:16px;margin-bottom:0px\"><div class=\"su-heading-inner\">\n<h5><span class=\"su-highlight\" style=\"background:#FF503D;color:#ffffff\">&nbsp;<span style=\"font-weight: 400;\">Ces articles devraient aussi vous int\u00e9resser<\/span>&nbsp;<\/span><\/h5>\n<\/div><\/div><br>\n<div class=\"su-spacer\" style=\"height:50px\"><\/div><br>\n<ul class=\"cs-samelevel-posts\">\n\t\t\t<li><a href=\"https:\/\/le-lodge.fr\/conseil\/salle-reunion\/organiser\/preparer\/conclure\/\"> Nos astuces pour conclure d\u2019une main de ma\u00eetre votre r\u00e9union<\/a><\/li>\n\t\t\t<li><a href=\"https:\/\/le-lodge.fr\/conseil\/salle-reunion\/organiser\/preparer\/crise\/\"> Nos conseils pour g\u00e9rer une r\u00e9union de crise efficacement<\/a><\/li>\n\t\t\t<li><a href=\"https:\/\/le-lodge.fr\/conseil\/salle-reunion\/organiser\/preparer\/en-ligne\/\"> Le guide pour tout savoir sur les r\u00e9unions en ligne. Fonctionnement, avantages, logiciels !<\/a><\/li>\n\t\t\t<li><a href=\"https:\/\/le-lodge.fr\/conseil\/salle-reunion\/organiser\/preparer\/prendre-parole-public\/\"> Quelques conseils pratiques pour prendre la parole en public et \u00eatre \u00e0 l\u2019aise !<\/a><\/li>\n\t\t\t<li><a href=\"https:\/\/le-lodge.fr\/conseil\/salle-reunion\/organiser\/preparer\/shabiller-reunion\/\"> Comment s\u2019habiller pour une r\u00e9union de travail ? Quelques r\u00e8gles basiques \u00e0 suivre !<\/a><\/li>\n\t\t\t<li><a href=\"https:\/\/le-lodge.fr\/conseil\/salle-reunion\/organiser\/preparer\/indispensable\/\"> R\u00e9unions : les 3 grandes raisons qui la rendent indispensable !<\/a><\/li>\n\t\t\t<li><a href=\"https:\/\/le-lodge.fr\/conseil\/salle-reunion\/organiser\/preparer\/conseils-commencer-reunion\/\"> 6 conseils pour commencer efficacement votre r\u00e9union de travail !<\/a><\/li>\n\t\t\t<li><a href=\"https:\/\/le-lodge.fr\/conseil\/salle-reunion\/organiser\/preparer\/supports\/\"> Les 7 supports indispensables pour bien r\u00e9aliser une r\u00e9union !<\/a><\/li>\n\t<\/ul>\n\n\n","protected":false},"excerpt":{"rendered":"<p>Vous venez d\u2019achever une \u00e9ni\u00e8me r\u00e9union et \u00eates charg\u00e9 de r\u00e9aliser son rapport mais vous ignorez comment bien r\u00e9aliser un compte rendu de r\u00e9union\u00a0? Vous souhaitez bien faire mais ne savez pas par o\u00f9 commencer\u00a0? Pas de panique, nous allons vous pr\u00e9senter les \u00e9tapes essentielles \u00e0 respecter pour \u00eatre un r\u00e9dacteur parfait lors de vos [&hellip;]<\/p>\n","protected":false},"author":3,"featured_media":1104,"parent":1091,"menu_order":1,"comment_status":"closed","ping_status":"closed","template":"","meta":{"_seopress_robots_primary_cat":"","_seopress_titles_title":"Comment bien faire un compte rendu de r\u00e9union ?","_seopress_titles_desc":"Vous venez d&#039;achever votre r\u00e9union et ne savez pas comment faire un compte rendu con\u00e7is ? Nos conseils et astuces dans cet article. ","_seopress_robots_index":"","footnotes":""},"_links":{"self":[{"href":"https:\/\/le-lodge.fr\/conseil\/wp-json\/wp\/v2\/pages\/1100"}],"collection":[{"href":"https:\/\/le-lodge.fr\/conseil\/wp-json\/wp\/v2\/pages"}],"about":[{"href":"https:\/\/le-lodge.fr\/conseil\/wp-json\/wp\/v2\/types\/page"}],"author":[{"embeddable":true,"href":"https:\/\/le-lodge.fr\/conseil\/wp-json\/wp\/v2\/users\/3"}],"replies":[{"embeddable":true,"href":"https:\/\/le-lodge.fr\/conseil\/wp-json\/wp\/v2\/comments?post=1100"}],"version-history":[{"count":15,"href":"https:\/\/le-lodge.fr\/conseil\/wp-json\/wp\/v2\/pages\/1100\/revisions"}],"predecessor-version":[{"id":3577,"href":"https:\/\/le-lodge.fr\/conseil\/wp-json\/wp\/v2\/pages\/1100\/revisions\/3577"}],"up":[{"embeddable":true,"href":"https:\/\/le-lodge.fr\/conseil\/wp-json\/wp\/v2\/pages\/1091"}],"wp:featuredmedia":[{"embeddable":true,"href":"https:\/\/le-lodge.fr\/conseil\/wp-json\/wp\/v2\/media\/1104"}],"wp:attachment":[{"href":"https:\/\/le-lodge.fr\/conseil\/wp-json\/wp\/v2\/media?parent=1100"}],"curies":[{"name":"wp","href":"https:\/\/api.w.org\/{rel}","templated":true}]}}