{"id":109,"date":"2021-03-10T11:30:31","date_gmt":"2021-03-10T10:30:31","guid":{"rendered":"https:\/\/le-lodge.fr\/conseil\/?page_id=109"},"modified":"2024-07-01T08:01:21","modified_gmt":"2024-07-01T06:01:21","slug":"open-space","status":"publish","type":"page","link":"https:\/\/le-lodge.fr\/conseil\/open-space\/","title":{"rendered":"Qu&rsquo;est-ce qu&rsquo;un Open space?"},"content":{"rendered":"<p><span style=\"font-size: 18pt;\">Comme le savent tous les entrepreneurs, les locaux d\u2019une entreprise jouent un r\u00f4le majeur dans sa productivit\u00e9. Un cadre de travail agr\u00e9able est un facteur d\u00e9terminant sur le moral des troupes et l\u2019image de l\u2019entreprise vis-\u00e0-vis de ses clients. Si vous vous demandez quel endroit choisir pour votre entreprise, on vous a s\u00fbrement sugg\u00e9r\u00e9 de choisir un <a href=\"https:\/\/le-lodge.fr\/offres\/types\/bureaux-coworking\/\">Open space<\/a>. Mais concr\u00e8tement, <strong>qu\u2019est-ce qu\u2019un Open space<\/strong> ? Quels sont ses avantages et ses inconv\u00e9nients ? Quelles sont les solutions qui s\u2019offrent \u00e0 vous actuellement en mati\u00e8re d\u2019Open space ? Vous trouverez les r\u00e9ponses \u00e0 ces questions dans le <a href=\"https:\/\/le-lodge.fr\/conseil\/\">guide du Lodge<\/a>.<\/span><\/p>\n\n<p class=\"p1\"><div class=\"su-youtube su-u-responsive-media-yes\"><iframe loading=\"lazy\" width=\"600\" height=\"400\" src=\"https:\/\/www.youtube.com\/embed\/q_NVe3U_KoA?\" frameborder=\"0\" allowfullscreen allow=\"autoplay; encrypted-media; picture-in-picture\" title=\"\"><\/iframe><\/div>\n<h2>D\u00e9finition d\u2019un Open space<\/h2>\n<p>Un Open space est un anglicisme signifiant un <strong>plateau ouvert<\/strong>. Il s\u2019agit en fait d\u2019un d\u2019am\u00e9nagement de l\u2019espace de travail sous forme de <strong>coworking<\/strong> tr\u00e8s r\u00e9pandu dans le monde. Il a vu le jour aux \u00e9tats unis au milieu des ann\u00e9es cinquante avec comme objectif d\u2019<strong>am\u00e9liorer la qualit\u00e9 de vie au travail<\/strong>. Il consiste \u00e0 cr\u00e9er un espace convivial en supprimant l\u2019isolement des bureaux classiques. Le partage ne se limite pas \u00e0 l\u2019espace mais \u00e9galement au mat\u00e9riel qui est le plus souvent mis en commun entre les salari\u00e9s.<\/p>\n<p>Bien entendu, l\u2019Open space n\u2019est plus ce qu\u2019il \u00e9tait il y a soixante-dix ans. Il a d\u2019ailleurs su abandonner le gris et les couleurs monotones pour adopter des styles plus modernes et mieux \u00e9tudi\u00e9s, pour le confort physique et mental des employ\u00e9s. M\u00eame si ce type d\u2019am\u00e9nagement a conquis l\u2019Europe depuis ces vingt derni\u00e8res ann\u00e9es, vous verrez dans cet article qu\u2019il ne fait tout de m\u00eame pas l\u2019unanimit\u00e9 pour diverses raisons. Avant de voir cela, explorons l\u2019Open space un peu plus en d\u00e9tail.<\/p>\n<h2>Le fonctionnement<\/h2>\n<p>Rien de plus simple que de cr\u00e9er un Open space. Pour cela, il suffit de suivre quelques principes de base comme la suppression de toutes les s\u00e9parations et l\u2019am\u00e9lioration de l\u2019organisation des bureaux afin de cr\u00e9er un espace de coworking. Cet am\u00e9nagement a plusieurs objectifs, en voici quelques-uns :<\/p>\n<h3>Pour une meilleure coh\u00e9sion<\/h3>\n<p>La cr\u00e9ation d\u2019un Open space est un enjeu social et \u00e9conomique pour l\u2019entreprise. En am\u00e9nageant l\u2019espace, on r\u00e9alise des<strong> \u00e9conomies d\u2019espace et de charges<\/strong> mais pas seulement.<\/p>\n<p>Une atmosph\u00e8re de travail plus d\u00e9tendue <strong>augmente significativement la productivit\u00e9<\/strong> des employ\u00e9s. L\u2019espace ouvert limite le temps perdu \u00e0 ne rien faire dans un bureau isol\u00e9 et att\u00e9nue la hi\u00e9rarchie verticale qui stresse beaucoup les collaborateurs.<\/p>\n<p>Une soci\u00e9t\u00e9 disposant d\u2019un espace de travail Open space diffuse \u00e9galement une <strong>image de modernit\u00e9<\/strong> et un style un peu plus cool que la concurrence. Ce point est important pour attirer des employ\u00e9s qualifi\u00e9s, car les candidats recevront un message clair : \u00ab\u00a0notre soci\u00e9t\u00e9 se pr\u00e9occupe du bien-\u00eatre de ses employ\u00e9s\u00a0\u00bb. Une communication simplifi\u00e9e et plus directe am\u00e9liore la coh\u00e9sion de l\u2019\u00e9quipe et l\u2019ambiance g\u00e9n\u00e9rale au sein de la soci\u00e9t\u00e9, les journ\u00e9es sont moins longues et les pauses beaucoup plus conviviales avec de nombreux \u00e9changes.<\/p>\n<h3><img loading=\"lazy\" decoding=\"async\" class=\" wp-image-113 aligncenter\" src=\"https:\/\/le-lodge.fr\/conseil\/wp-content\/uploads\/2021\/02\/article-qu-est-ce-un-open-space-800x553.jpg\" alt=\"Open Space vide\" width=\"728\" height=\"503\" srcset=\"https:\/\/le-lodge.fr\/conseil\/wp-content\/uploads\/2021\/02\/article-qu-est-ce-un-open-space-800x553.jpg 800w, https:\/\/le-lodge.fr\/conseil\/wp-content\/uploads\/2021\/02\/article-qu-est-ce-un-open-space-768x531.jpg 768w, https:\/\/le-lodge.fr\/conseil\/wp-content\/uploads\/2021\/02\/article-qu-est-ce-un-open-space.jpg 1012w\" sizes=\"(max-width: 728px) 100vw, 728px\" \/><\/h3>\n<h3>Comment l\u2019am\u00e9nager<\/h3>\n<p>Comme on le verra plus bas, l\u2019Open space a tout de m\u00eame quelques petits d\u00e9sagr\u00e9ments. Pour les \u00e9viter, il faut diminuer au maximum les sources de nuisance en mettant en place un <a href=\"https:\/\/le-lodge.fr\/conseil\/open-space\/amenager\/\">am\u00e9nagement du poste de travail<\/a>.<\/p>\n<p>Un point essentiel est d\u2019installer une salle de repos dot\u00e9e d\u2019un <strong>espace d\u00e9tente<\/strong>. Cette salle doit \u00eatre calme, bien \u00e9clair\u00e9e et bien a\u00e9r\u00e9e, elle servira de refuge \u00e0 vos employ\u00e9s pour d\u00e9compresser. Un Open space a tendance \u00e0 \u00eatre un endroit bruyant que certains ont du mal \u00e0 g\u00e9rer. Ils pourront alors faire des pauses dans un endroit plus calme et moins bond\u00e9 de monde.<\/p>\n<p>Dans cette m\u00eame pens\u00e9e, il faut \u00e9galement mettre \u00e0 disposition <strong>une salle de r\u00e9union<\/strong>. L\u2019ambiance y sera moins d\u00e9tendue et beaucoup plus formelle. De mani\u00e8re g\u00e9n\u00e9rale, l\u2019ambiance qui r\u00e8gne au niveau de votre Open space d\u00e9pendra de quelques petits d\u00e9tails de d\u00e9coration, comme les plantes vertes par exemple. Un r\u00e8glement int\u00e9rieur doit \u00eatre communiqu\u00e9 \u00e0 tous les employ\u00e9s et \u00eatre respect\u00e9, car la vie commune peut tr\u00e8s vite tourner \u00e0 l\u2019anarchie si personne ne fait r\u00e9gner l\u2019ordre.<\/p>\n<h2>Les points de comparaison<\/h2>\n<p>L\u2019Open space s\u2019est d\u00e9mocratis\u00e9 dans de nombreux pays, il a su se prouver efficace et a donc s\u00e9duit rapidement beaucoup d\u2019entreprises. Cependant, beaucoup l\u2019ont constat\u00e9 \u00e0 leurs d\u00e9pens, il ne fonctionne pas toujours comme on le souhaiterait. Voici maintenant quelques points \u00e0 conna\u00eetre avant de se lancer dans des bureaux Open space.<\/p>\n<h3>Les avantages<\/h3>\n<p>L\u2019avantage principal de l\u2019Open space est de gagner de l\u2019espace. <strong>\u00c9conomiser en m\u00e8tres carr\u00e9s<\/strong> est un s\u00e9rieux avantage pour les entreprises, surtout celles situ\u00e9es dans les grandes villes o\u00f9 le loyer est cons\u00e9quent. En plus de \u00e7a, l\u2019Open space augmente la productivit\u00e9 et la comp\u00e9titivit\u00e9 de l\u2019entreprise et am\u00e9liore le temps de r\u00e9action. Cela est possible par le biais d\u2019une meilleure communication entre les collaborateurs. La cons\u00e9quence ultime de cet agencement, s\u2019il est bien r\u00e9alis\u00e9, est de cr\u00e9er un espace accueillant pour le client. Lorsqu\u2019il sera dans vos locaux, il aura un acc\u00e8s direct \u00e0 votre espace de travail et se sentira bien pris en charge en voyant toute l\u2019\u00e9quipe pr\u00eate \u00e0 travailler pour lui.<\/p>\n<h3>Les inconv\u00e9nients<\/h3>\n<p>L\u2019Open space est donc b\u00e9n\u00e9fique pour l\u2019entreprise mais ce n\u2019est quand m\u00eame pas la perfection sur tous les points. Il n\u2019est pas toujours facile pour tout le monde de coexister dans un espace commun. Pr\u00e8s de la moiti\u00e9 des employ\u00e9s en Open space se plaignent de certains d\u00e9sagr\u00e9ments r\u00e9guli\u00e8rement. On peut citer notamment <strong>le bruit constant<\/strong>, des appels t\u00e9l\u00e9phoniques et des all\u00e9es et venues. La disparition de murs fixes et des cloisons fait aussi dispara\u00eetre<strong> l\u2019intimit\u00e9 des travailleurs<\/strong>. Certains vont m\u00eame jusqu\u2019\u00e0 se sentir surveill\u00e9s par le coll\u00e8gue et d\u00e9veloppent un sentiment de malaise au travail. Enfin, la concentration de certains employ\u00e9s prend un s\u00e9rieux coup avec tous les facteurs cit\u00e9s pr\u00e9c\u00e9demment, ce qui est loin d\u2019\u00eatre l\u2019effet escompt\u00e9 par cet am\u00e9nagement.<\/p>\n<p style=\"text-align: center; font-size: 18pt;\"><b>Vous souhaitez louer un espace de travail adapt\u00e9 \u00e0 vos besoins ? Contactez le Lodge, votre centre d\u2019affaires \u00e0 Strasbourg !<\/b><\/p>\n<p style=\"text-align: center;\">Location de salles de r\u00e9union et bureaux avec ou sans domiciliation et espaces de r\u00e9ception.<\/p>\n<p style=\"text-align: center;\"><div class=\"su-button-center\"><span data-atc=\"aHR0cHM6Ly9sZS1sb2RnZS5mci9jb250YWN0ZXotbm91cy8=\" class=\"su-button su-button-style-flat atc pop\" style=\" cursor: pointer; color:#FFFFFF;background-color:#FF503D;border-color:;0px;\" target=\"_blank\" rel=\"noopener noreferrer\">\r\n\t\r\n\t\r\n\t<span style=\";padding:8px 26px;font-size:20px;line-height:30px;border-color:;border-radius:0px;-moz-border-radius:0px;-webkit-border-radius:0px;text-shadow:none;-moz-text-shadow:none;-webkit-text-shadow:none;background-color: #FF503D; color:#FFFFFF !important\"> <i class=\"sui sui-pencil-square-o\" style=\"\" aria-label=\"\"><\/i>Envoyer ma demande <\/span>\r\n\r\n<\/span><\/div>\n<h2><span style=\"color: #ff503d;\">L\u2019essentiel \u00e0 retenir<\/span><\/h2>\n<p>L\u2019Open space est donc dans un \u00e9quilibre pr\u00e9caire entre les avantages et les inconv\u00e9nients. Toutefois, une bonne organisation et le respect de quelques r\u00e8gles de bon sens comme le respect de ses coll\u00e8gues et un peu de rangement suffisent \u00e0 faire de ce lieu de travail une r\u00e9ussite.<\/p>\n<div>\n<div class=\"font_preload\" style=\"opacity: 0;\"><\/div>\n<\/div>\n<div>\n<div class=\"font_preload\" style=\"opacity: 0;\"><\/div>\n<\/div>\n<div>\n<div class=\"font_preload\" style=\"opacity: 0;\"><\/div>\n<\/div>\n<div class=\"su-spacer\" style=\"height:100px\"><\/div><br>\n<div class=\"su-heading su-heading-style-line-blue su-heading-align-center\" id=\"\" style=\"font-size:16px;margin-bottom:0px\"><div class=\"su-heading-inner\">\n<h5><span class=\"su-highlight\" style=\"background:#FF503D;color:#ffffff\">&nbsp;<span style=\"font-weight: 400;\">Ces articles devraient aussi vous int\u00e9resser<\/span>&nbsp;<\/span><\/h5>\n<\/div><\/div><br>\n<div class=\"su-spacer\" style=\"height:50px\"><\/div>\n\n\n","protected":false},"excerpt":{"rendered":"<p>Comme le savent tous les entrepreneurs, les locaux d\u2019une entreprise jouent un r\u00f4le majeur dans sa productivit\u00e9. Un cadre de travail agr\u00e9able est un facteur d\u00e9terminant sur le moral des troupes et l\u2019image de l\u2019entreprise vis-\u00e0-vis de ses clients. Si vous vous demandez quel endroit choisir pour votre entreprise, on vous a s\u00fbrement sugg\u00e9r\u00e9 de [&hellip;]<\/p>\n","protected":false},"author":3,"featured_media":112,"parent":0,"menu_order":8,"comment_status":"open","ping_status":"closed","template":"","meta":{"_seopress_robots_primary_cat":"","_seopress_titles_title":"Comment fonctionne un Open Space ?","_seopress_titles_desc":"L&#039;Open Space permet d&#039;avoir un cadre de travail agr\u00e9able et productif pour les collaborateurs. D\u00e9couvrez dans cet article plus de d\u00e9tails sur l&#039;Open Space.","_seopress_robots_index":"","footnotes":""},"_links":{"self":[{"href":"https:\/\/le-lodge.fr\/conseil\/wp-json\/wp\/v2\/pages\/109"}],"collection":[{"href":"https:\/\/le-lodge.fr\/conseil\/wp-json\/wp\/v2\/pages"}],"about":[{"href":"https:\/\/le-lodge.fr\/conseil\/wp-json\/wp\/v2\/types\/page"}],"author":[{"embeddable":true,"href":"https:\/\/le-lodge.fr\/conseil\/wp-json\/wp\/v2\/users\/3"}],"replies":[{"embeddable":true,"href":"https:\/\/le-lodge.fr\/conseil\/wp-json\/wp\/v2\/comments?post=109"}],"version-history":[{"count":5,"href":"https:\/\/le-lodge.fr\/conseil\/wp-json\/wp\/v2\/pages\/109\/revisions"}],"predecessor-version":[{"id":3553,"href":"https:\/\/le-lodge.fr\/conseil\/wp-json\/wp\/v2\/pages\/109\/revisions\/3553"}],"wp:featuredmedia":[{"embeddable":true,"href":"https:\/\/le-lodge.fr\/conseil\/wp-json\/wp\/v2\/media\/112"}],"wp:attachment":[{"href":"https:\/\/le-lodge.fr\/conseil\/wp-json\/wp\/v2\/media?parent=109"}],"curies":[{"name":"wp","href":"https:\/\/api.w.org\/{rel}","templated":true}]}}