{"id":1070,"date":"2021-11-26T15:59:19","date_gmt":"2021-11-26T14:59:19","guid":{"rendered":"https:\/\/le-lodge.fr\/conseil\/?page_id=1070"},"modified":"2024-01-03T15:37:45","modified_gmt":"2024-01-03T14:37:45","slug":"choix-chaises","status":"publish","type":"page","link":"https:\/\/le-lodge.fr\/conseil\/salle-reunion\/amenager\/choix-chaises\/","title":{"rendered":"Salle de r\u00e9union : quels fauteuils privil\u00e9gier pour le bien-\u00eatre des participants ?"},"content":{"rendered":"<p><span style=\"font-size: 18pt;\">Vous \u00eates en train de construire ou de modifier votre <strong>salle de r\u00e9union<\/strong> et ignorez <strong>quelles chaises choisir<\/strong> pour rendre cet <strong>espace de travail agr\u00e9able et productif<\/strong> ? Cet article a \u00e9t\u00e9 cr\u00e9\u00e9 pour vous aider \u00e0 vous procurer <strong>les chaises id\u00e9ales<\/strong> et essentiellement confortables pour que vos collaborateurs puissent travailler sans rencontrer de difficult\u00e9s. Vous venez juste de finir l\u2019espace qui accueillera vos collaborateurs et souhaitez savoir <a href=\"https:\/\/le-lodge.fr\/conseil\/salle-reunion\/amenager\/\">comment am\u00e9nager une salle de r\u00e9union<\/a> pour que celle-ci soit optimale ? D\u00e9couvrez<strong> notre guide ultime<\/strong> qui vous r\u00e9v\u00e9lera tous les secrets \u00e0 ce sujet.<\/span><br>\n\n<div class=\"su-youtube su-u-responsive-media-yes\"><iframe loading=\"lazy\" width=\"600\" height=\"400\" src=\"https:\/\/www.youtube.com\/embed\/QJUpT1dIdA0?\" frameborder=\"0\" allowfullscreen allow=\"autoplay; encrypted-media; picture-in-picture\" title=\"\"><\/iframe><\/div>\n<h2>Pourquoi le choix de la chaise s\u2019av\u00e8re crucial ?<\/h2>\n<p>Cette mission est tr\u00e8s importante et n\u00e9cessite une attention particuli\u00e8re pour permettre \u00e0 vos visiteurs et collaborateurs de <strong>travailler dans les meilleures conditions<\/strong>. Les fauteuils dispos\u00e9s dans une salle de r\u00e9union doivent offrir un <strong>confort optimal<\/strong> <strong>et \u00eatre fonctionnels<\/strong> pour ne pas parasiter les rendez-vous professionnels.<br>\nVous ne souhaitez pas qu\u2019un visiteur puisse ressentir une g\u00eane voire une douleur au niveau du dos ou encore des jambes ? Suivez notre guide pour <strong>acqu\u00e9rir les chaises id\u00e9ales adapt\u00e9es<\/strong> \u00e0 votre espace de travail.<\/p>\n<h2>Pour une optimisation de l\u2019espace<\/h2>\n<p>Dans un premier temps, il est important que vous sachiez combien de personnes vous allez accueillir dans votre salle de r\u00e9union et que celle-ci soit capable de <strong>r\u00e9unir tout le monde sans difficult\u00e9<\/strong>. Si vous disposez d\u2019une petite salle plut\u00f4t \u00e9troite, nous vous conseillons de privil\u00e9gier des <strong>chaises qui n\u2019encombreront pas l\u2019espace<\/strong> ni le passage. Il existe de nombreuses <strong>chaises pliables et empilables<\/strong> pour <strong>optimiser votre salle de r\u00e9union<\/strong> et conserver un espace de travail ad\u00e9quat. Ces mod\u00e8les sont pratiques et ne prennent que peu de place, ils pourront \u00eatre rang\u00e9s dans un coin sp\u00e9cifique sans avoir d\u2019impact sur le lieu de r\u00e9union. Il existe les<strong> chaises coques et pliables<\/strong> qui sont tr\u00e8s r\u00e9pandues \u00e0 cause de leur aspect pratique et de leur l\u00e9g\u00e8ret\u00e9 \u00e0 l\u2019emploi. Celles-ci sont essentiellement compos\u00e9es de tubes d\u2019acier et d\u2019une assise ainsi que d\u2019un dossier en plastique. Un risque persiste cependant, ces mod\u00e8les ne sont pas reconnus pour proposer un confort extr\u00eame, ainsi n\u2019h\u00e9sitez pas \u00e0 <strong>privil\u00e9gier un autre mobilier pour des r\u00e9unions plus longues<\/strong> et fr\u00e9quentes.<\/p>\n<h2>Pour \u00eatre en accord avec la d\u00e9coration<\/h2>\n<p>Le choix des fauteuils peut aussi se faire en accord direct avec <strong>la d\u00e9coration de votre espace de travail<\/strong>. Vous avez d\u00e9j\u00e0 peint les murs, ajout\u00e9 des \u00e9l\u00e9ments de d\u00e9coration ? Si c\u2019est le cas, nous vous conseillons de s\u00e9lectionner vos assises en fonction de cela pour ne pas m\u00e9langer des couleurs qui ne se marient pas. Cette \u00e9tape n\u2019est pas forc\u00e9ment \u00e9vidente, cependant elle pourra transcrire une v\u00e9ritable \u00e9nergie si l\u2019espace est <strong>harmonieux<\/strong> gr\u00e2ce au choix de votre <a href=\"https:\/\/le-lodge.fr\/conseil\/salle-reunion\/amenager\/choisir-mobilier\/\">mobilier<\/a> et de ses couleurs. Vous avez opt\u00e9 pour un lieu tr\u00e8s color\u00e9 ? L\u2019id\u00e9al serait que votre <strong>mobilier soit en accord<\/strong> avec celui-ci ou que vous optiez pour des <strong>coloris neutres<\/strong> pour ne pas alourdir visuellement la pi\u00e8ce ou d\u00e9concentrer les personnes pr\u00e9sentes. Le risque qui peut survenir et que vous misez tout sur l\u2019esth\u00e9tisme de la chaise et que vous d\u00e9laissez le confort.<\/p>\n<p><img loading=\"lazy\" decoding=\"async\" class=\"size-full wp-image-1079 aligncenter\" src=\"https:\/\/le-lodge.fr\/conseil\/wp-content\/uploads\/2021\/11\/chaises-en-accord-avec-la-de%CC%81coration.jpg\" alt=\"chaises en accord avec la de\u0301coration\" width=\"800\" height=\"533\"><\/p>\n<p><strong>\u00c0 ne pas oublier :<\/strong> L\u2019id\u00e9al serait que votre <strong>espace de travail<\/strong> <strong>soit \u00e0 l\u2019image de votre entreprise<\/strong>, ainsi le choix du mobilier et son am\u00e9nagement prendront tout leur sens.<\/p>\n<h2>Opter pour la robustesse<\/h2>\n<p>La <strong>robustesse du mobilier<\/strong> est un point important, en choisissant une <strong>chaise tenace et fiable<\/strong>, vous \u00e9viterez de vous retrouver avec du mat\u00e9riel ab\u00eem\u00e9 qu\u2019il faudra remplacer fr\u00e9quemment. Ainsi, en optant pour des<strong> fauteuils de qualit\u00e9<\/strong>, l\u2019investissement sera plus important au d\u00e9part mais sera <strong>rentable \u00e0 long terme<\/strong>. Vous ne souhaitez pas vous ruiner dans l\u2019achat de simples chaises de bureau ? En s\u00e9lectionnant un<strong> mod\u00e8le robuste<\/strong>, en privil\u00e9giant des <strong>mat\u00e9riaux solides<\/strong>, vous ferez le bon choix car celui-ci durera dans le temps et vous \u00e9vitera bien des soucis. Renseignez-vous sur les chaises disposant d\u2019une <strong>structure en m\u00e9tal ou en cuir<\/strong> plut\u00f4t que de privil\u00e9gier le plastique.<\/p>\n<h2>Opter pour une mati\u00e8re sp\u00e9cifique<\/h2>\n<p>La <strong>mati\u00e8re du fauteuil<\/strong> est tout aussi importante, elle pourra \u00eatre guid\u00e9e par vos propres go\u00fbts mais ne devra pas \u00eatre n\u00e9glig\u00e9e. Privil\u00e9giez les <strong>mati\u00e8res qualitatives<\/strong> qui ont une <strong>usure faible<\/strong> dans le temps. Lesquelles favoriser ? Le <strong>polypropyl\u00e8ne<\/strong>, le <strong>velours<\/strong> ou encore l\u2019<strong>association du bois et de l\u2019acier<\/strong> pour profiter d\u2019une assise confortable et tenace.<\/p>\n<h2>L\u2019ultime requ\u00eate : opter pour le confort<\/h2>\n<p>Votre priorit\u00e9 restera <strong>le confort<\/strong>, il n\u2019y a rien de plus d\u00e9sagr\u00e9able que de travailler dans de mauvaises conditions \u00e0 cause d\u2019un mobilier non adapt\u00e9. Comment y rem\u00e9dier ? Il existe des <strong>fauteuils ergonomiques<\/strong> qui permettent de vous maintenir dans une <strong>posture correcte<\/strong> qui vous emp\u00eachera toute g\u00eane lors de longs entretiens par exemple. Ceux-ci sont sp\u00e9cialement con\u00e7us pour que vous puissiez r\u00e9aliser des r\u00e9unions de la mani\u00e8re la plus optimale possible. Un <strong>fauteuil adaptable<\/strong> en fonction de la taille de la personne, celle-ci pourra le r\u00e9gler en fonction de ses besoins (hauteur, inclinaison etc.) et ainsi se concentrer pleinement aux \u00e9changes de groupe.<br>\nLe confort est primordial pour permettre \u00e0 vos collaborateurs et visiteurs de<strong> travailler efficacement<\/strong> et de r\u00e9fl\u00e9chir dans une atmosph\u00e8re agr\u00e9able.<\/p>\n<p style=\"text-align: center; font-size: 18pt;\"><b>Vous souhaitez louer une salle de r\u00e9union adapt\u00e9e \u00e0 vos besoins ? Contactez le Lodge, votre centre d\u2019affaires \u00e0 Strasbourg !<\/b><\/p>\n<p style=\"text-align: center;\">Location de salles de r\u00e9union et bureaux avec ou sans domiciliation et espaces de r\u00e9ception.<\/p>\n<p style=\"text-align: center;\"><div class=\"su-button-center\"><span data-atc=\"aHR0cHM6Ly93d3cubGUtbG9kZ2UuZnIvY29udGFjdGV6LW5vdXMv\" class=\"su-button su-button-style-flat atc pop\" style=\" cursor: pointer; color:#FFFFFF;background-color:#FF503D;border-color:;0px;\" target=\"_blank\" rel=\"noopener noreferrer\">\r\n\t\r\n\t\r\n\t<span style=\";padding:8px 26px;font-size:20px;line-height:30px;border-color:;border-radius:0px;-moz-border-radius:0px;-webkit-border-radius:0px;text-shadow:none;-moz-text-shadow:none;-webkit-text-shadow:none;background-color: #FF503D; color:#FFFFFF !important\"> <i class=\"sui sui-pencil-square-o\" style=\"\" aria-label=\"\"><\/i>Envoyer ma demande <\/span>\r\n\r\n<\/span><\/div>\n<p>\u00a0<\/p>\n<p><img loading=\"lazy\" decoding=\"async\" class=\"size-full wp-image-1080 aligncenter\" src=\"https:\/\/le-lodge.fr\/conseil\/wp-content\/uploads\/2021\/11\/chaise-ergonomique.jpg\" alt=\"chaise ergonomique pour optimiser le confort\" width=\"800\" height=\"533\" srcset=\"https:\/\/le-lodge.fr\/conseil\/wp-content\/uploads\/2021\/11\/chaise-ergonomique.jpg 800w, https:\/\/le-lodge.fr\/conseil\/wp-content\/uploads\/2021\/11\/chaise-ergonomique-768x512.jpg 768w, https:\/\/le-lodge.fr\/conseil\/wp-content\/uploads\/2021\/11\/chaise-ergonomique-736x491.jpg 736w\" sizes=\"(max-width: 800px) 100vw, 800px\" \/><\/p>\n<div class=\"sue-panel\" data-url=\"\" data-target=\"self\" style=\"background-color:#ffffff;color:#FF503D;border-radius:3px;-moz-border-radius:3px;-webkit-border-radius:3px;box-shadow:0px 1px 2px #eeeeee;-moz-box-shadow:0px 1px 2px #eeeeee;-webkit-box-shadow:0px 1px 2px #eeeeee;border:1px solid #FF503D\"><div class=\"sue-panel-content sue-content-wrap\" style=\"padding:15px;text-align:center\"><strong>Notre ultime conseil : <\/strong>Privil\u00e9giez des chaises r\u00e9glables de qualit\u00e9 disposant d\u2019une assise confortable, d\u2019accoudoirs, d\u2019un appuie-t\u00eate ainsi que de roulettes pour pouvoir vous d\u00e9placer sans difficult\u00e9 et faciliter leur transport. \u00c9vitez les tabourets ou encore les mod\u00e8les non rembourr\u00e9s.<\/div><\/div>\n<h2><span style=\"color: #FF503D;\">L\u2019essentiel \u00e0 retenir<\/span><\/h2>\n<div class=\"su-list\" style=\"margin-left:10px\">\n<ol>\n<li><i class=\"sui sui-star\" style=\"color:#FF503D\"><\/i> Nous esp\u00e9rons que notre guide vous a aiguill\u00e9 dans le choix de <strong>vos futures chaises pour votre salle de r\u00e9union<\/strong>.<\/li>\n<li><i class=\"sui sui-star\" style=\"color:#FF503D\"><\/i> En fonction de votre espace et de vos besoins, vous pourrez privil\u00e9gier certains aspects plus que d\u2019autres, cependant il y en a UN que vous devez toujours garder \u00e0 l\u2019esprit :<strong> le confort<\/strong> !<\/li>\n<li><i class=\"sui sui-star\" style=\"color:#FF503D\"><\/i> Celui-ci conditionnera toutes vos r\u00e9unions, <strong>si vous le d\u00e9laissez vous perdrez en productivit\u00e9<\/strong>. Optez pour un <strong>mobilier fiable<\/strong>, durable et r\u00e9alis\u00e9 avec des <strong>mat\u00e9riaux gages de bien-\u00eatre<\/strong>.<\/li>\n<\/ol>\n<\/div>\n<\/p><div class=\"su-spacer\" style=\"height:100px\"><\/div><br>\n<div class=\"su-heading su-heading-style-line-blue su-heading-align-center\" id=\"\" style=\"font-size:16px;margin-bottom:0px\"><div class=\"su-heading-inner\">\n<span class=\"su-highlight\" style=\"background:#FF503D;color:#ffffff\">&nbsp;Ces articles devraient aussi vous int\u00e9resser&nbsp;<\/span>\n<\/div><\/div><br>\n<div class=\"su-spacer\" style=\"height:50px\"><\/div><br>\n<ul class=\"cs-samelevel-posts\">\n\t\t\t<li><a href=\"https:\/\/le-lodge.fr\/conseil\/salle-reunion\/amenager\/equipements\/\"> Salle de r\u00e9union : les \u00e9quipements indispensables \u00e0 vous procurer !<\/a><\/li>\n\t\t\t<li><a href=\"https:\/\/le-lodge.fr\/conseil\/salle-reunion\/amenager\/couleur\/\"> Salle de r\u00e9union : Quels coloris privil\u00e9gier ?<\/a><\/li>\n\t\t\t<li><a href=\"https:\/\/le-lodge.fr\/conseil\/salle-reunion\/amenager\/surface-minimum\/\"> Surface d'une salle de r\u00e9union : comment la d\u00e9terminer ?<\/a><\/li>\n\t\t\t<li><a href=\"https:\/\/le-lodge.fr\/conseil\/salle-reunion\/amenager\/trouver-noms\/\"> Salles de r\u00e9union : quelles appellations originales leur donner ?<\/a><\/li>\n\t\t\t<li><a href=\"https:\/\/le-lodge.fr\/conseil\/salle-reunion\/amenager\/insonorisation\/\"> Conseils et astuces pour insonoriser efficacement une salle de r\u00e9union<\/a><\/li>\n\t\t\t<li><a href=\"https:\/\/le-lodge.fr\/conseil\/salle-reunion\/amenager\/ecran\/\"> \u00c9cran de salle de r\u00e9union : les crit\u00e8res \u00e0 prendre en compte pour choisir le bon !<\/a><\/li>\n\t\t\t<li><a href=\"https:\/\/le-lodge.fr\/conseil\/salle-reunion\/amenager\/choisir-mobilier\/\"> Nos conseils pour bien choisir son mobilier afin d\u2019am\u00e9nager une salle de r\u00e9union<\/a><\/li>\n\t<\/ul>\n\n\n","protected":false},"excerpt":{"rendered":"<p>Vous \u00eates en train de construire ou de modifier votre salle de r\u00e9union et ignorez quelles chaises choisir pour rendre cet espace de travail agr\u00e9able et productif ? Cet article a \u00e9t\u00e9 cr\u00e9\u00e9 pour vous aider \u00e0 vous procurer les chaises id\u00e9ales et essentiellement confortables pour que vos collaborateurs puissent travailler sans rencontrer de difficult\u00e9s. [&hellip;]<\/p>\n","protected":false},"author":3,"featured_media":1077,"parent":926,"menu_order":0,"comment_status":"closed","ping_status":"closed","template":"","meta":{"_seopress_robots_primary_cat":"","_seopress_titles_title":"Comment choisir les chaises pour une salle de r\u00e9union ?","_seopress_titles_desc":"Vous souhaitez am\u00e9liorer votre salle de r\u00e9union et ne savez pas quels types de chaises choisir ? Nous vous aidons dans cette d\u00e9marche avec cet article ","_seopress_robots_index":"","footnotes":""},"_links":{"self":[{"href":"https:\/\/le-lodge.fr\/conseil\/wp-json\/wp\/v2\/pages\/1070"}],"collection":[{"href":"https:\/\/le-lodge.fr\/conseil\/wp-json\/wp\/v2\/pages"}],"about":[{"href":"https:\/\/le-lodge.fr\/conseil\/wp-json\/wp\/v2\/types\/page"}],"author":[{"embeddable":true,"href":"https:\/\/le-lodge.fr\/conseil\/wp-json\/wp\/v2\/users\/3"}],"replies":[{"embeddable":true,"href":"https:\/\/le-lodge.fr\/conseil\/wp-json\/wp\/v2\/comments?post=1070"}],"version-history":[{"count":15,"href":"https:\/\/le-lodge.fr\/conseil\/wp-json\/wp\/v2\/pages\/1070\/revisions"}],"predecessor-version":[{"id":3298,"href":"https:\/\/le-lodge.fr\/conseil\/wp-json\/wp\/v2\/pages\/1070\/revisions\/3298"}],"up":[{"embeddable":true,"href":"https:\/\/le-lodge.fr\/conseil\/wp-json\/wp\/v2\/pages\/926"}],"wp:featuredmedia":[{"embeddable":true,"href":"https:\/\/le-lodge.fr\/conseil\/wp-json\/wp\/v2\/media\/1077"}],"wp:attachment":[{"href":"https:\/\/le-lodge.fr\/conseil\/wp-json\/wp\/v2\/media?parent=1070"}],"curies":[{"name":"wp","href":"https:\/\/api.w.org\/{rel}","templated":true}]}}